{"id":526,"date":"2018-09-06T16:28:09","date_gmt":"2018-09-06T14:28:09","guid":{"rendered":"http:\/\/agora.xtec.cat\/cfagirona\/?page_id=526"},"modified":"2025-07-09T14:09:31","modified_gmt":"2025-07-09T12:09:31","slug":"revista-entreaules","status":"publish","type":"page","link":"https:\/\/agora.xtec.cat\/cfagirona\/revista-entreaules\/","title":{"rendered":"Revista entr[eA]ules"},"content":{"rendered":"<h2>La nostra revista:<\/h2>\n<p><img loading=\"lazy\" decoding=\"async\" class=\"alignnone wp-image-1004\" src=\"https:\/\/agora.xtec.cat\/cfagirona\/wp-content\/uploads\/usu1847\/2019\/01\/entreAules-logo-1024x209.jpg\" alt=\"\" width=\"799\" height=\"163\" srcset=\"https:\/\/agora.xtec.cat\/cfagirona\/wp-content\/uploads\/usu1847\/2019\/01\/entreAules-logo-1024x209.jpg 1024w, https:\/\/agora.xtec.cat\/cfagirona\/wp-content\/uploads\/usu1847\/2019\/01\/entreAules-logo-300x61.jpg 300w, https:\/\/agora.xtec.cat\/cfagirona\/wp-content\/uploads\/usu1847\/2019\/01\/entreAules-logo-768x157.jpg 768w, https:\/\/agora.xtec.cat\/cfagirona\/wp-content\/uploads\/usu1847\/2019\/01\/entreAules-logo.jpg 1117w\" sizes=\"auto, (max-width: 799px) 100vw, 799px\" \/><\/p>\n<h3><span style=\"color: #000000;\">Podeu col\u00b7laborar amb la revista entr[eA]ules enviant un correu a <span style=\"color: #0000ff;\">entreaules<span class=\"\">@cfagirona.cat<\/span><\/span><\/span><\/h3>\n<p>&nbsp;<\/p>\n<ul>\n<li>\n<h3><a href=\"https:\/\/drive.google.com\/file\/d\/1dqHPt_zrRUf0IN03v5w2XJlyOpXD0uj7\/view?usp=drive_link\" target=\"_blank\" rel=\"noopener noreferrer\">Curs 2024-2025: entr[eA]ules n\u00famero 20<\/a><\/h3>\n<\/li>\n<li>\n<h4><a href=\"https:\/\/drive.google.com\/file\/d\/19pczPR1rm0mu9ndoLncGBnItbWoH4la_\/view\" target=\"_blank\" rel=\"noopener noreferrer\">Curs 2023-2024: entr[eA]ules n\u00famero 19<\/a><\/h4>\n<\/li>\n<li>\n<h4><a href=\"https:\/\/drive.google.com\/file\/d\/1AwjxuZt0iX-dhksaR9lJDLSrcD-i5T2-\/view?usp=sharing\" target=\"_blank\" rel=\"noopener noreferrer\">Curs 2022-2023: entr[eA]ules n\u00famero 18<\/a><\/h4>\n<\/li>\n<li>\n<h4><a href=\"https:\/\/drive.google.com\/file\/d\/1I4dX_TDR28xpE7PTXWCmHrhChvmpn_gV\/view\" target=\"_blank\" rel=\"noopener noreferrer\">Curs 2021-2022: entr[eA]ules n\u00famero 17<\/a><\/h4>\n<\/li>\n<li>\n<h5><a href=\"https:\/\/drive.google.com\/file\/d\/1-ks0PJy0JeaZOXNuBWBTKhJilN1NhPyY\/view?usp=sharing\" target=\"_blank\" rel=\"noopener noreferrer\">Curs 2020-2021: entr[eA]ules n\u00famero 16<\/a><\/h5>\n<\/li>\n<li>\n<h5><a href=\"https:\/\/drive.google.com\/file\/d\/1plc6NWD9EiFbmj3JpzmshQbrEY-0Nser\/view?usp=sharing\" target=\"_blank\" rel=\"noopener noreferrer\">Curs 2019-2020: entr[eA]ules n\u00famero 15<\/a><\/h5>\n<\/li>\n<li>\n<h5><a href=\"https:\/\/drive.google.com\/file\/d\/1mWviWDEIBe4oMFxuZzWxIhDlStAh4bBe\/view?usp=sharing\" target=\"_blank\" rel=\"noopener noreferrer\">Curs 2018-2019: entr[eA]ules n\u00famero 14<\/a><\/h5>\n<\/li>\n<li>\n<h5><a href=\"https:\/\/drive.google.com\/file\/d\/1rhEbDxs0fwODjkWJazGUfk8vAqKbDRWo\/view?usp=sharing\" target=\"_blank\" rel=\"noopener noreferrer\">Curs 2017-2018: entr[eA]ules n\u00famero 13<\/a><\/h5>\n<\/li>\n<li>\n<h5><a href=\"https:\/\/drive.google.com\/file\/d\/12pqTUBcoeZ4Y0IXMqWIoE2zpiAMWIha2\/view?usp=sharing\" target=\"_blank\" rel=\"noopener noreferrer\">Curs 2016-2017: entr[eA]ules n\u00famero 12<\/a><\/h5>\n<\/li>\n<li>\n<h5><a href=\"https:\/\/drive.google.com\/file\/d\/1n1PPDT8sFuWbkCkGtFXh8WbNrIuEpT05\/view?usp=sharing\" target=\"_blank\" rel=\"noopener noreferrer\">Curs 2015-2016: entr[eA]ules n\u00famero 11<\/a><\/h5>\n<\/li>\n<li>\n<h5><a href=\"https:\/\/drive.google.com\/open?id=1w28xVY2iMaZwhRApDSazjn0NL3duEzpv\" target=\"_blank\" rel=\"noopener noreferrer\">Curs 2014-2015: entr[eA]ules n\u00famero 10<\/a><\/h5>\n<\/li>\n<li>\n<h5><a href=\"https:\/\/drive.google.com\/file\/d\/1lfziwMmjHWnZ7fF390mYRblUdVe5jSUk\/view?usp=sharing\" target=\"_blank\" rel=\"noopener noreferrer\">Curs 2013-2014: entr[eA]ules n\u00famero 9<\/a><\/h5>\n<\/li>\n<li>\n<h5><a href=\"https:\/\/drive.google.com\/file\/d\/1sLKQrY2SESHXTZlEZm6Z3knhEW4zflQ9\/view?usp=sharing\" target=\"_blank\" rel=\"noopener noreferrer\">Curs 2012-2013: entr[eA]ules n\u00famero 8<\/a><\/h5>\n<\/li>\n<li>\n<h5><a href=\"https:\/\/drive.google.com\/file\/d\/1qk_y3TF6Suu1yfZvoZd6Y6kx8sqIfyDM\/view?usp=sharing\" target=\"_blank\" rel=\"noopener noreferrer\">Curs 2011-2012: entr[eA]ules n\u00famero 7<\/a><\/h5>\n<\/li>\n<li>\n<h5><a href=\"https:\/\/drive.google.com\/file\/d\/15GlumDmJaeuZzLZRTCbVMEaoSQ8qfu9r\/view?usp=sharing\" target=\"_blank\" rel=\"noopener noreferrer\">Curs 2010-2011: entr[eA]ules n\u00famero 6<\/a><\/h5>\n<\/li>\n<li>\n<h5><a href=\"https:\/\/drive.google.com\/file\/d\/17cx01n2PP0mDB8j3PVEooFq8of8lw41x\/view?usp=sharing\" target=\"_blank\" rel=\"noopener noreferrer\">Curs 2009-2010: entr[eA]ules n\u00famero 5<\/a><\/h5>\n<\/li>\n<li>\n<h5><a href=\"https:\/\/drive.google.com\/file\/d\/19FhvlxNMb_PO9urpx2tVH2ynpN4Z1NkZ\/view?usp=sharing\" target=\"_blank\" rel=\"noopener noreferrer\">Curs 2008-2009: entr[eA]ules n\u00famero 4<\/a><\/h5>\n<\/li>\n<li>\n<h5><a href=\"https:\/\/drive.google.com\/file\/d\/1DuFD2G_ep0_g03K-oYJLxAjSYtmBBPpx\/view?usp=sharing\" target=\"_blank\" rel=\"noopener noreferrer\">Curs 2007-2008: entr[eA]ules n\u00famero 3<\/a><\/h5>\n<\/li>\n<li>\n<h5><a href=\"https:\/\/drive.google.com\/file\/d\/1CrD1QWnPusJ03udgafbmJue5odTg83jG\/view?usp=sharing\" target=\"_blank\" rel=\"noopener noreferrer\">Curs 2006-2007: entr[eA]ules n\u00famero 2<\/a><\/h5>\n<\/li>\n<li>\n<h5><a href=\"https:\/\/drive.google.com\/file\/d\/1gR4KyXmIJM_WxD5j36YRngw3eYGGsKCD\/view?usp=sharing\" target=\"_blank\" rel=\"noopener noreferrer\">Curs 2005-2006: entr[eA]ules n\u00famero 1<\/a><\/h5>\n<\/li>\n<\/ul>\n","protected":false},"excerpt":{"rendered":"<p>La nostra revista: Podeu col\u00b7laborar amb la revista entr[eA]ules enviant un correu a entreaules@cfagirona.cat &nbsp; Curs 2024-2025: entr[eA]ules n\u00famero 20 Curs 2023-2024: entr[eA]ules n\u00famero 19 Curs 2022-2023: entr[eA]ules n\u00famero 18 Curs 2021-2022: entr[eA]ules n\u00famero 17 Curs 2020-2021: entr[eA]ules n\u00famero 16 Curs 2019-2020: entr[eA]ules n\u00famero 15 Curs 2018-2019: entr[eA]ules n\u00famero 14 Curs 2017-2018: entr[eA]ules n\u00famero 13 [&hellip;]<\/p>\n","protected":false},"author":1,"featured_media":0,"parent":0,"menu_order":0,"comment_status":"closed","ping_status":"closed","template":"","meta":{"_bbp_topic_count":0,"_bbp_reply_count":0,"_bbp_total_topic_count":0,"_bbp_total_reply_count":0,"_bbp_voice_count":0,"_bbp_anonymous_reply_count":0,"_bbp_topic_count_hidden":0,"_bbp_reply_count_hidden":0,"_bbp_forum_subforum_count":0,"site-sidebar-layout":"default","site-content-layout":"","ast-site-content-layout":"default","site-content-style":"default","site-sidebar-style":"default","ast-global-header-display":"","ast-banner-title-visibility":"","ast-main-header-display":"","ast-hfb-above-header-display":"","ast-hfb-below-header-display":"","ast-hfb-mobile-header-display":"","site-post-title":"","ast-breadcrumbs-content":"","ast-featured-img":"","footer-sml-layout":"","theme-transparent-header-meta":"default","adv-header-id-meta":"","stick-header-meta":"","header-above-stick-meta":"","header-main-stick-meta":"","header-below-stick-meta":"","astra-migrate-meta-layouts":"set","ast-page-background-enabled":"default","ast-page-background-meta":{"desktop":{"background-color":"var(--ast-global-color-4)","background-image":"","background-repeat":"repeat","background-position":"center center","background-size":"auto","background-attachment":"scroll","background-type":"","background-media":"","overlay-type":"","overlay-color":"","overlay-opacity":"","overlay-gradient":""},"tablet":{"background-color":"","background-image":"","background-repeat":"repeat","background-position":"center center","background-size":"auto","background-attachment":"scroll","background-type":"","background-media":"","overlay-type":"","overlay-color":"","overlay-opacity":"","overlay-gradient":""},"mobile":{"background-color":"","background-image":"","background-repeat":"repeat","background-position":"center center","background-size":"auto","background-attachment":"scroll","background-type":"","background-media":"","overlay-type":"","overlay-color":"","overlay-opacity":"","overlay-gradient":""}},"ast-content-background-meta":{"desktop":{"background-color":"var(--ast-global-color-5)","background-image":"","background-repeat":"repeat","background-position":"center center","background-size":"auto","background-attachment":"scroll","background-type":"","background-media":"","overlay-type":"","overlay-color":"","overlay-opacity":"","overlay-gradient":""},"tablet":{"background-color":"var(--ast-global-color-5)","background-image":"","background-repeat":"repeat","background-position":"center center","background-size":"auto","background-attachment":"scroll","background-type":"","background-media":"","overlay-type":"","overlay-color":"","overlay-opacity":"","overlay-gradient":""},"mobile":{"background-color":"var(--ast-global-color-5)","background-image":"","background-repeat":"repeat","background-position":"center center","background-size":"auto","background-attachment":"scroll","background-type":"","background-media":"","overlay-type":"","overlay-color":"","overlay-opacity":"","overlay-gradient":""}},"footnotes":""},"class_list":["post-526","page","type-page","status-publish","hentry"],"post_mailing_queue_ids":[],"_links":{"self":[{"href":"https:\/\/agora.xtec.cat\/cfagirona\/wp-json\/wp\/v2\/pages\/526","targetHints":{"allow":["GET"]}}],"collection":[{"href":"https:\/\/agora.xtec.cat\/cfagirona\/wp-json\/wp\/v2\/pages"}],"about":[{"href":"https:\/\/agora.xtec.cat\/cfagirona\/wp-json\/wp\/v2\/types\/page"}],"author":[{"embeddable":true,"href":"https:\/\/agora.xtec.cat\/cfagirona\/wp-json\/wp\/v2\/users\/1"}],"replies":[{"embeddable":true,"href":"https:\/\/agora.xtec.cat\/cfagirona\/wp-json\/wp\/v2\/comments?post=526"}],"version-history":[{"count":7,"href":"https:\/\/agora.xtec.cat\/cfagirona\/wp-json\/wp\/v2\/pages\/526\/revisions"}],"predecessor-version":[{"id":4190,"href":"https:\/\/agora.xtec.cat\/cfagirona\/wp-json\/wp\/v2\/pages\/526\/revisions\/4190"}],"wp:attachment":[{"href":"https:\/\/agora.xtec.cat\/cfagirona\/wp-json\/wp\/v2\/media?parent=526"}],"curies":[{"name":"wp","href":"https:\/\/api.w.org\/{rel}","templated":true}]}}