{"id":52,"date":"2014-09-17T16:58:07","date_gmt":"2014-09-17T16:58:07","guid":{"rendered":"http:\/\/agora.xtec.cat\/cfagirona\/?page_id=52"},"modified":"2025-09-17T13:44:45","modified_gmt":"2025-09-17T11:44:45","slug":"calendari-del-curs","status":"publish","type":"page","link":"https:\/\/agora.xtec.cat\/cfagirona\/el-centre\/calendari-del-curs\/","title":{"rendered":"Calendari del curs i horaris generals"},"content":{"rendered":"<h2>Calendari general &#8211; Curs 2025-2026<\/h2>\n<ul>\n<li><strong>Inici de curs:<\/strong> 22 de setembre<\/li>\n<li><strong>Dies festius de lliure disposici\u00f3: <\/strong>30 i 31 d\u2019octubre, 13 i 16 de febrer, 1 i 4 de maig<\/li>\n<li><strong>Vacances de Nadal:<\/strong> del 22 de desembre\u00a0 al 7 de gener<\/li>\n<li><strong>Vacances de Setmana Santa:<\/strong> del 30 de mar\u00e7 al 6 d&#8217;abril<\/li>\n<li><strong>Fi de curs:<\/strong> 19 de juny<\/li>\n<\/ul>\n<h3>Per\u00edodes de matriculaci\u00f3:<\/h3>\n<p><strong>1r Per\u00edode:<\/strong> Del 2 al 9 de setembre<\/p>\n<p><strong>2n Per\u00edode:<\/strong> Del 27 al 29 de gener<\/p>\n<h3>Horari lectiu de centre:<\/h3>\n<p>Durant el curs el centre est\u00e0 obert des de les 9.00 del mat\u00ed fins a les 21.30 del vespre (excepte els divendres que es tanca a les 14.00).<\/p>\n<p><strong>Secretaria:<\/strong> Fora dels per\u00edodes d\u2019inscripci\u00f3 hi ha atenci\u00f3 al p\u00fablic, des de Secretaria, cada dimecres de 12.00 a 14.00 del mat\u00ed i de 18.00 a 20.00 del vespre.<\/p>\n<h3><a href=\"https:\/\/docs.google.com\/document\/d\/1Lfnuoc0b7kci7UA-2kZDDbmf-2tfxYLUii7u0UTHZbk\/edit?tab=t.0\" target=\"_blank\" rel=\"noopener noreferrer\">Calendari per descarregar<\/a> <a href=\"https:\/\/docs.google.com\/document\/d\/1Lfnuoc0b7kci7UA-2kZDDbmf-2tfxYLUii7u0UTHZbk\/edit?tab=t.0\" target=\"_blank\" rel=\"noopener\"><img loading=\"lazy\" decoding=\"async\" class=\"alignnone wp-image-2361\" src=\"https:\/\/agora.xtec.cat\/cfagirona\/wp-content\/uploads\/usu1847\/2022\/03\/enlace.png\" alt=\"\" width=\"20\" height=\"20\" srcset=\"https:\/\/agora.xtec.cat\/cfagirona\/wp-content\/uploads\/usu1847\/2022\/03\/enlace.png 512w, https:\/\/agora.xtec.cat\/cfagirona\/wp-content\/uploads\/usu1847\/2022\/03\/enlace-300x300.png 300w, https:\/\/agora.xtec.cat\/cfagirona\/wp-content\/uploads\/usu1847\/2022\/03\/enlace-150x150.png 150w\" sizes=\"auto, (max-width: 20px) 100vw, 20px\" \/><\/a><\/h3>\n","protected":false},"excerpt":{"rendered":"<p>Calendari general &#8211; Curs 2025-2026 Inici de curs: 22 de setembre Dies festius de lliure disposici\u00f3: 30 i 31 d\u2019octubre, 13 i 16 de febrer, 1 i 4 de maig Vacances de Nadal: del 22 de desembre\u00a0 al 7 de gener Vacances de Setmana Santa: del 30 de mar\u00e7 al 6 d&#8217;abril Fi de curs: [&hellip;]<\/p>\n","protected":false},"author":1,"featured_media":0,"parent":261,"menu_order":50,"comment_status":"closed","ping_status":"closed","template":"","meta":{"_bbp_topic_count":0,"_bbp_reply_count":0,"_bbp_total_topic_count":0,"_bbp_total_reply_count":0,"_bbp_voice_count":0,"_bbp_anonymous_reply_count":0,"_bbp_topic_count_hidden":0,"_bbp_reply_count_hidden":0,"_bbp_forum_subforum_count":0,"site-sidebar-layout":"default","site-content-layout":"","ast-site-content-layout":"default","site-content-style":"default","site-sidebar-style":"default","ast-global-header-display":"","ast-banner-title-visibility":"","ast-main-header-display":"","ast-hfb-above-header-display":"","ast-hfb-below-header-display":"","ast-hfb-mobile-header-display":"","site-post-title":"","ast-breadcrumbs-content":"","ast-featured-img":"","footer-sml-layout":"","theme-transparent-header-meta":"default","adv-header-id-meta":"","stick-header-meta":"","header-above-stick-meta":"","header-main-stick-meta":"","header-below-stick-meta":"","astra-migrate-meta-layouts":"set","ast-page-background-enabled":"default","ast-page-background-meta":{"desktop":{"background-color":"var(--ast-global-color-4)","background-image":"","background-repeat":"repeat","background-position":"center center","background-size":"auto","background-attachment":"scroll","background-type":"","background-media":"","overlay-type":"","overlay-color":"","overlay-opacity":"","overlay-gradient":""},"tablet":{"background-color":"","background-image":"","background-repeat":"repeat","background-position":"center center","background-size":"auto","background-attachment":"scroll","background-type":"","background-media":"","overlay-type":"","overlay-color":"","overlay-opacity":"","overlay-gradient":""},"mobile":{"background-color":"","background-image":"","background-repeat":"repeat","background-position":"center center","background-size":"auto","background-attachment":"scroll","background-type":"","background-media":"","overlay-type":"","overlay-color":"","overlay-opacity":"","overlay-gradient":""}},"ast-content-background-meta":{"desktop":{"background-color":"var(--ast-global-color-5)","background-image":"","background-repeat":"repeat","background-position":"center center","background-size":"auto","background-attachment":"scroll","background-type":"","background-media":"","overlay-type":"","overlay-color":"","overlay-opacity":"","overlay-gradient":""},"tablet":{"background-color":"var(--ast-global-color-5)","background-image":"","background-repeat":"repeat","background-position":"center center","background-size":"auto","background-attachment":"scroll","background-type":"","background-media":"","overlay-type":"","overlay-color":"","overlay-opacity":"","overlay-gradient":""},"mobile":{"background-color":"var(--ast-global-color-5)","background-image":"","background-repeat":"repeat","background-position":"center center","background-size":"auto","background-attachment":"scroll","background-type":"","background-media":"","overlay-type":"","overlay-color":"","overlay-opacity":"","overlay-gradient":""}},"footnotes":""},"class_list":["post-52","page","type-page","status-publish","hentry"],"post_mailing_queue_ids":[],"_links":{"self":[{"href":"https:\/\/agora.xtec.cat\/cfagirona\/wp-json\/wp\/v2\/pages\/52","targetHints":{"allow":["GET"]}}],"collection":[{"href":"https:\/\/agora.xtec.cat\/cfagirona\/wp-json\/wp\/v2\/pages"}],"about":[{"href":"https:\/\/agora.xtec.cat\/cfagirona\/wp-json\/wp\/v2\/types\/page"}],"author":[{"embeddable":true,"href":"https:\/\/agora.xtec.cat\/cfagirona\/wp-json\/wp\/v2\/users\/1"}],"replies":[{"embeddable":true,"href":"https:\/\/agora.xtec.cat\/cfagirona\/wp-json\/wp\/v2\/comments?post=52"}],"version-history":[{"count":7,"href":"https:\/\/agora.xtec.cat\/cfagirona\/wp-json\/wp\/v2\/pages\/52\/revisions"}],"predecessor-version":[{"id":4247,"href":"https:\/\/agora.xtec.cat\/cfagirona\/wp-json\/wp\/v2\/pages\/52\/revisions\/4247"}],"up":[{"embeddable":true,"href":"https:\/\/agora.xtec.cat\/cfagirona\/wp-json\/wp\/v2\/pages\/261"}],"wp:attachment":[{"href":"https:\/\/agora.xtec.cat\/cfagirona\/wp-json\/wp\/v2\/media?parent=52"}],"curies":[{"name":"wp","href":"https:\/\/api.w.org\/{rel}","templated":true}]}}