{"id":316,"date":"2015-01-28T11:33:51","date_gmt":"2015-01-28T10:33:51","guid":{"rendered":"http:\/\/agora.xtec.cat\/cfagirona\/?page_id=316"},"modified":"2025-09-05T12:22:08","modified_gmt":"2025-09-05T10:22:08","slug":"competencia-digital-competic","status":"publish","type":"page","link":"https:\/\/agora.xtec.cat\/cfagirona\/ensenyaments\/ensenyaments-transprofessionals\/competencia-digital-competic\/","title":{"rendered":"Compet\u00e8ncia digital COMPETIC"},"content":{"rendered":"<h6 style=\"text-align: left;\" align=\"center\">El CFA Girona ofereix cursos d\u2019Inform\u00e0tica- <strong>COMPETIC (1, 2 i 3)<\/strong> que s\u00f3n equiparables als certificats <strong>ACTIC\u00a0<\/strong>(Acreditaci\u00f3 de compet\u00e8ncies en tecnologies de la informaci\u00f3 i la comunicaci\u00f3).<\/h6>\n<p style=\"text-align: left;\" align=\"center\"><strong>El nostre centre tamb\u00e9 \u00e9s centre examinador <a href=\"http:\/\/actic.gencat.cat\/es\/actic_informacio\/actic_que_es_l_actic_\/\" target=\"_blank\" rel=\"noopener noreferrer\"><span style=\"color: #0000ff;\">ACTIC<\/span><\/a><\/strong> (es convoquen proves un cop al mes).<\/p>\n<p style=\"text-align: left;\">Els ensenyaments d\u2019inform\u00e0tica a l\u2019educaci\u00f3 d\u2019adults \u2014<span style=\"color: #0000ff;\"><a style=\"color: #0000ff;\" href=\"https:\/\/projectes.xtec.cat\/xarxadults\/nivells\/\" target=\"_blank\" rel=\"noopener noreferrer\"><strong>COMPETIC<\/strong><\/a><\/span>\u2014 tenen per objectiu facilitar l\u2019adquisici\u00f3 de la compet\u00e8ncia digital, entesa com la combinaci\u00f3 de coneixements, habilitats i actituds en l\u2019\u00e0mbit de les tecnologies de la informaci\u00f3 i la comunicaci\u00f3 (TIC) per desenvolupar-se en la societat actual.<\/p>\n<p style=\"text-align: left;\"><span style=\"text-decoration: underline;\">Les compet\u00e8ncies que s\u2019hi treballen s\u00f3n les seg\u00fcents:<\/span><\/p>\n<p style=\"text-align: left;\">C1: Cultura, participaci\u00f3 i civisme digital.<br \/>\nC2: Tecnologia digital, \u00fas de l\u2019ordinador i del sistema operatiu.<br \/>\nC3: Navegaci\u00f3 i comunicaci\u00f3 en el m\u00f3n digital.<br \/>\nC4: Tractament de la informaci\u00f3 escrita.<br \/>\nC5: Tractament de la informaci\u00f3 gr\u00e0fica, sonora i de la imatge en moviment.<br \/>\nC6: Tractament de la informaci\u00f3 num\u00e8rica.<br \/>\nC7: Tractament de les dades.<br \/>\nC8: Presentaci\u00f3 de continguts.<\/p>\n<hr \/>\n<h6 style=\"text-align: left;\">Aquests ensenyaments s\u2019estructuren en quatre cursos, als quals s\u2019hi treballen les diferents compet\u00e8ncies d\u2019acord amb la distribuci\u00f3 seg\u00fcent:<\/h6>\n<h6><strong><a href=\"https:\/\/projectes.xtec.cat\/xarxadults\/nivells\/propostes-pedagogiques-i-orientacions\/competic-inicial\/\" target=\"_blank\" rel=\"noopener noreferrer\">COMPETIC Inicial<\/a><\/strong><\/h6>\n<p style=\"text-align: left;\" align=\"center\">El nivell inicial d&#8217;inform\u00e0tica (COMPETIC inicial) s&#8217;adre\u00e7a a persones que volen assolir un domini b\u00e0sic de les tecnologies de la informaci\u00f3 i la comunicaci\u00f3 (TIC).<\/p>\n<p style=\"text-align: left;\" align=\"center\">Recull tres de les sis compet\u00e8ncies del nivell b\u00e0sic de l&#8217;acreditaci\u00f3 de compet\u00e8ncies en tecnologies de la informaci\u00f3 i la comunicaci\u00f3 (ACTIC):<\/p>\n<p style=\"padding-left: 80px; text-align: left;\" align=\"center\">C2 Tecnologia digital, \u00fas de l&#8217;ordinador i del sistema operatiu.<\/p>\n<p style=\"padding-left: 80px; text-align: left;\" align=\"center\">C4 Tractament de la informaci\u00f3 escrita.<\/p>\n<p style=\"padding-left: 80px; text-align: left;\" align=\"center\">C3 Navegaci\u00f3 i comunicaci\u00f3 en el m\u00f3n digital.<\/p>\n<p style=\"text-align: left;\" align=\"center\">El nivell de COMPETIC Inicial t\u00e9 una durada de 105 hores (3 hores setmanals).<\/p>\n<h5><strong><a href=\"https:\/\/projectes.xtec.cat\/xarxadults\/nivells\/propostes-pedagogiques-i-orientacions\/competic-1\/\" target=\"_blank\" rel=\"noopener noreferrer\">COMPETIC 1 (equival a certificat ACTIC B\u00e0sic)<\/a><\/strong><\/h5>\n<p style=\"text-align: left;\" align=\"center\">Recull les tres compet\u00e8ncies del nivell b\u00e0sic de l&#8217;acreditaci\u00f3 de compet\u00e8ncies en tecnologies de la informaci\u00f3 i la comunicaci\u00f3 (ACTIC-B\u00e0sic). No recollides a la formaci\u00f3 Competic Inicial:<\/p>\n<p style=\"padding-left: 80px; text-align: left;\" align=\"center\">C6 Tractament de la informaci\u00f3 num\u00e8rica.<\/p>\n<p style=\"padding-left: 80px; text-align: left;\" align=\"center\">C5 Tractament de la informaci\u00f3 gr\u00e0fica, sonora i de la imatge en moviment.<\/p>\n<p style=\"padding-left: 80px; text-align: left;\" align=\"center\">C1 Cultura, participaci\u00f3 i civisme digital.<\/p>\n<p style=\"text-align: left;\" align=\"center\">El nivell de COMPETIC 1 t\u00e9 una durada de 105 hores (3 hores setmanals).<\/p>\n<h5 style=\"text-align: left;\" align=\"center\"><a href=\"https:\/\/projectes.xtec.cat\/xarxadults\/nivells\/propostes-pedagogiques-i-orientacions\/competic-2\/\" target=\"_blank\" rel=\"noopener noreferrer\">COMPETIC 2 (equival a certificat ACTIC Mitj\u00e0)<\/a><\/h5>\n<p style=\"text-align: left;\" align=\"center\">Recull les vuit compet\u00e8ncies del nivell mitj\u00e0 de l&#8217;acreditaci\u00f3 de compet\u00e8ncies en tecnologies de la informaci\u00f3 i la comunicaci\u00f3 (ACTIC- Mitj\u00e0): compet\u00e8ncia de l&#8217;1 a la 8.<\/p>\n<p style=\"text-align: left;\" align=\"center\">El nivell de COMPETIC 2 t\u00e9 una durada de 140 hores (4 hores setmanals). Cal distribuir-les de forma equitativa entre les vuit compet\u00e8ncies que s\u2019hi treballen. Aix\u00f2 vol dir que s\u2019ha de procurar que al llarg del curs cal treballar tots els continguts assenyalats al curr\u00edculum per a cada compet\u00e8ncia de forma proporcional, ja que el treball espec\u00edfic de les compet\u00e8ncies C4, C5, C6, C7 i C8 a COMPETIC 3 est\u00e0 basat en el domini que s\u2019assoleix amb la superaci\u00f3 d\u2019aquest nivell.<\/p>\n<h5><strong><a href=\"https:\/\/projectes.xtec.cat\/xarxadults\/nivells\/propostes-pedagogiques-i-orientacions\/competic-3\/\" target=\"_blank\" rel=\"noopener noreferrer\">COMPETIC 3 (equival a certificat ACTIC Avan\u00e7at)<\/a><\/strong><\/h5>\n<p style=\"text-align: left;\" align=\"center\">Recull les cinc compet\u00e8ncies del nivell avan\u00e7at de l&#8217;acreditaci\u00f3 de compet\u00e8ncies en tecnologies de la informaci\u00f3 i la comunicaci\u00f3 (ACTIC- Avan\u00e7at):<\/p>\n<p style=\"padding-left: 80px; text-align: left;\" align=\"center\"><strong>C4 Tractament de la informaci\u00f3 escrita.<\/strong><\/p>\n<p style=\"padding-left: 80px; text-align: left;\" align=\"center\">C5 Tractament de la informaci\u00f3 gr\u00e0fica, sonora i de la imatge en moviment.<\/p>\n<p style=\"padding-left: 80px; text-align: left;\" align=\"center\"><strong>C6 Tractament de la informaci\u00f3 num\u00e8rica.<\/strong><\/p>\n<p style=\"padding-left: 80px; text-align: left;\" align=\"center\">C7 Tractament de les dades.<\/p>\n<p style=\"padding-left: 80px; text-align: left;\" align=\"center\"><strong>C8 Presentaci\u00f3 de continguts.<\/strong><\/p>\n<p style=\"text-align: left;\" align=\"center\"><em><strong>Actualment el centre ofereix la C4 Tractament de la informaci\u00f3 escrita el primer trimestre, la C6 Tractament de la informaci\u00f3 num\u00e8rica el segon trimestre i la C8 Presentaci\u00f3 de continguts el tercer trimestre.<\/strong><br \/>\n<\/em><\/p>\n<p style=\"text-align: left;\" align=\"center\">Per tal d\u2019obtenir el certificat de COMPETIC cal assolir com a m\u00ednim dues de les cinc compet\u00e8ncies establertes.<\/p>\n<hr \/>\n<p style=\"text-align: left;\" align=\"center\">Tots els nivells s\u2019avaluen mitjan\u00e7ant una avaluaci\u00f3 continuada (60%) i un projecte final (40%) que es realitza a final de curs.<\/p>\n<p style=\"text-align: left;\" align=\"center\">La superaci\u00f3 del curs comporta l\u2019obtenci\u00f3 de la titulaci\u00f3 COMPETIC que es convalida amb la titulaci\u00f3 ACTIC (Acreditaci\u00f3 de compet\u00e8ncies en tecnologies de la informaci\u00f3 i la comunicaci\u00f3) equivalent.<\/p>\n<p style=\"text-align: left;\" align=\"center\">Per tal de situar cada persona al nivell adequat per assegurar-nos que podr\u00e0 seguir i superar el curs caldr\u00e0:<\/p>\n<p style=\"text-align: left;\" align=\"center\">\u2022 Fer una entrevista pr\u00e8via per tal de descobrir les necessitats formatives de cadasc\u00fa.<br \/>\n\u2022 Fer una prova de nivell.<\/p>\n<p style=\"text-align: left;\" align=\"center\"><span style=\"text-decoration: underline;\">M\u00e9s informaci\u00f3:<\/span><\/p>\n<p style=\"text-align: left;\"><a href=\"https:\/\/projectes.xtec.cat\/xarxadults\/ensenyaments\/nivells\/\" target=\"_blank\" rel=\"noopener noreferrer\">https:\/\/projectes.xtec.cat\/xarxadults\/nivells\/<\/a><\/p>\n","protected":false},"excerpt":{"rendered":"<p>El CFA Girona ofereix cursos d\u2019Inform\u00e0tica- COMPETIC (1, 2 i 3) que s\u00f3n equiparables als certificats ACTIC\u00a0(Acreditaci\u00f3 de compet\u00e8ncies en tecnologies de la informaci\u00f3 i la comunicaci\u00f3). El nostre centre tamb\u00e9 \u00e9s centre examinador ACTIC (es convoquen proves un cop al mes). Els ensenyaments d\u2019inform\u00e0tica a l\u2019educaci\u00f3 d\u2019adults \u2014COMPETIC\u2014 tenen per objectiu facilitar l\u2019adquisici\u00f3 de [&hellip;]<\/p>\n","protected":false},"author":1,"featured_media":0,"parent":286,"menu_order":0,"comment_status":"closed","ping_status":"closed","template":"","meta":{"_bbp_topic_count":0,"_bbp_reply_count":0,"_bbp_total_topic_count":0,"_bbp_total_reply_count":0,"_bbp_voice_count":0,"_bbp_anonymous_reply_count":0,"_bbp_topic_count_hidden":0,"_bbp_reply_count_hidden":0,"_bbp_forum_subforum_count":0,"site-sidebar-layout":"default","site-content-layout":"","ast-site-content-layout":"default","site-content-style":"default","site-sidebar-style":"default","ast-global-header-display":"","ast-banner-title-visibility":"","ast-main-header-display":"","ast-hfb-above-header-display":"","ast-hfb-below-header-display":"","ast-hfb-mobile-header-display":"","site-post-title":"","ast-breadcrumbs-content":"","ast-featured-img":"","footer-sml-layout":"","theme-transparent-header-meta":"default","adv-header-id-meta":"","stick-header-meta":"","header-above-stick-meta":"","header-main-stick-meta":"","header-below-stick-meta":"","astra-migrate-meta-layouts":"set","ast-page-background-enabled":"default","ast-page-background-meta":{"desktop":{"background-color":"var(--ast-global-color-4)","background-image":"","background-repeat":"repeat","background-position":"center center","background-size":"auto","background-attachment":"scroll","background-type":"","background-media":"","overlay-type":"","overlay-color":"","overlay-opacity":"","overlay-gradient":""},"tablet":{"background-color":"","background-image":"","background-repeat":"repeat","background-position":"center center","background-size":"auto","background-attachment":"scroll","background-type":"","background-media":"","overlay-type":"","overlay-color":"","overlay-opacity":"","overlay-gradient":""},"mobile":{"background-color":"","background-image":"","background-repeat":"repeat","background-position":"center center","background-size":"auto","background-attachment":"scroll","background-type":"","background-media":"","overlay-type":"","overlay-color":"","overlay-opacity":"","overlay-gradient":""}},"ast-content-background-meta":{"desktop":{"background-color":"var(--ast-global-color-5)","background-image":"","background-repeat":"repeat","background-position":"center center","background-size":"auto","background-attachment":"scroll","background-type":"","background-media":"","overlay-type":"","overlay-color":"","overlay-opacity":"","overlay-gradient":""},"tablet":{"background-color":"var(--ast-global-color-5)","background-image":"","background-repeat":"repeat","background-position":"center center","background-size":"auto","background-attachment":"scroll","background-type":"","background-media":"","overlay-type":"","overlay-color":"","overlay-opacity":"","overlay-gradient":""},"mobile":{"background-color":"var(--ast-global-color-5)","background-image":"","background-repeat":"repeat","background-position":"center center","background-size":"auto","background-attachment":"scroll","background-type":"","background-media":"","overlay-type":"","overlay-color":"","overlay-opacity":"","overlay-gradient":""}},"footnotes":""},"class_list":["post-316","page","type-page","status-publish","hentry"],"post_mailing_queue_ids":[],"_links":{"self":[{"href":"https:\/\/agora.xtec.cat\/cfagirona\/wp-json\/wp\/v2\/pages\/316","targetHints":{"allow":["GET"]}}],"collection":[{"href":"https:\/\/agora.xtec.cat\/cfagirona\/wp-json\/wp\/v2\/pages"}],"about":[{"href":"https:\/\/agora.xtec.cat\/cfagirona\/wp-json\/wp\/v2\/types\/page"}],"author":[{"embeddable":true,"href":"https:\/\/agora.xtec.cat\/cfagirona\/wp-json\/wp\/v2\/users\/1"}],"replies":[{"embeddable":true,"href":"https:\/\/agora.xtec.cat\/cfagirona\/wp-json\/wp\/v2\/comments?post=316"}],"version-history":[{"count":7,"href":"https:\/\/agora.xtec.cat\/cfagirona\/wp-json\/wp\/v2\/pages\/316\/revisions"}],"predecessor-version":[{"id":4235,"href":"https:\/\/agora.xtec.cat\/cfagirona\/wp-json\/wp\/v2\/pages\/316\/revisions\/4235"}],"up":[{"embeddable":true,"href":"https:\/\/agora.xtec.cat\/cfagirona\/wp-json\/wp\/v2\/pages\/286"}],"wp:attachment":[{"href":"https:\/\/agora.xtec.cat\/cfagirona\/wp-json\/wp\/v2\/media?parent=316"}],"curies":[{"name":"wp","href":"https:\/\/api.w.org\/{rel}","templated":true}]}}