{"id":312,"date":"2015-01-28T11:32:38","date_gmt":"2015-01-28T10:32:38","guid":{"rendered":"http:\/\/agora.xtec.cat\/cfagirona\/?page_id=312"},"modified":"2025-09-15T12:57:50","modified_gmt":"2025-09-15T10:57:50","slug":"llengua-anglesa","status":"publish","type":"page","link":"https:\/\/agora.xtec.cat\/cfagirona\/ensenyaments\/ensenyaments-transprofessionals\/llengua-anglesa\/","title":{"rendered":"Llengua anglesa"},"content":{"rendered":"<p>La llengua anglesa \u00e9s la llengua estrangera que s\u2019imparteix amb car\u00e0cter prioritari dins dels ensenyaments transprofessionals.<\/p>\n<h4>Nivell 1<\/h4>\n<ul>\n<li>L\u2019ensenyament inicial de les lleng\u00fces anglesa i francesa s\u2019adscriu dins del nivell A1 d\u2019usuari b\u00e0sic*, de domini de la llengua d\u2019acord amb el Marc Europeu Com\u00fa de Refer\u00e8ncia per a les lleng\u00fces. Se centra en les compet\u00e8ncies de la llengua oral, tot i incorporar objectius comunicatius m\u00ednims de la llengua escrita.<\/li>\n<li>L\u2019usuari de nivell A1 pot comprendre i utilitzar expressions quotidianes i familiars i frases molt senzilles encaminades a satisfer les primeres necessitats. Pot presentar-se i presentar una tercera persona i pot formular i respondre preguntes sobre detalls personals com ara on viu, la gent que coneix i les coses que t\u00e9. Pot interactuar d\u2019una manera senzilla a condici\u00f3 que l\u2019altra persona parli a poc a poc i amb claredat i que estigui disposada a ajudar.<\/li>\n<li>S\u2019adre\u00e7a a persones majors de 18 anys amb desconeixement d\u2019aquestes lleng\u00fces. El programa pret\u00e9n oferir unes nocions de les lleng\u00fces anglesa o francesa com a eines d\u2019intercanvi i comunicaci\u00f3 potenciant la llengua oral mitjan\u00e7ant situacions comunicatives reals i quotidianes.<\/li>\n<li>La superaci\u00f3 del curs corresponent donar\u00e0 acc\u00e9s a un certificat de 105 h d\u2019assist\u00e8ncia.<\/li>\n<li>El curs s&#8217;inicia al setembre i finalitza al juny. S\u00f3n 105 hores de formaci\u00f3 repartides en 2 sessions setmanals d&#8217;una hora i mitja cadascuna.<\/li>\n<\/ul>\n<h4>Nivell 2<\/h4>\n<ul>\n<li>L\u2019ensenyament de la llengua anglesa i francesa de nivell 2 s\u2019adscriu dins del nivell A2.1 d\u2019usuari b\u00e0sic, de domini de la llengua d\u2019acord amb el Marc Europeu Com\u00fa de Refer\u00e8ncia per a les lleng\u00fces. Al llarg d\u2019aquest curs es consoliden els continguts del nivell A1 (inicial) i s\u2019introdueixen els de segon nivell b\u00e0sic d\u2019usuari (A2.1).<\/li>\n<li>La finalitat d\u2019aquest curs \u00e9s refor\u00e7ar els coneixements adquirits en el primer nivell i iniciar-se en l\u2019aprenentatge orientat i assistit de les habilitats de la llengua oral i escrita.<\/li>\n<li>S\u2019adre\u00e7a a persones majors de 18 anys que han superat el nivell inicial o que disposen dels coneixements corresponents per a poder-los seguir.<\/li>\n<li>La superaci\u00f3 del curs corresponent donar\u00e0 acc\u00e9s a un certificat de 140 hores d\u2019assist\u00e8ncia.<\/li>\n<li>El curs s&#8217;inicia al setembre i finalitza al juny. S\u00f3n 140 hores de formaci\u00f3 repartides en 2 sessions setmanals d&#8217;una hora i mitja cadascuna.<\/li>\n<\/ul>\n<h4>Nivell 3<\/h4>\n<ul>\n<li>L\u2019ensenyament de la llengua anglesa de nivell 3 s\u2019adscriu dins del nivell A2.2 d\u2019usuari b\u00e0sic*, de domini de la llengua d\u2019acord amb el Marc Europeu Com\u00fa de Refer\u00e8ncia per a les lleng\u00fces, i per tant al llarg d\u2019aquest curs es consoliden els continguts del nivell A2.<\/li>\n<li>La finalitat d\u2019aquest curs \u00e9s refor\u00e7ar els coneixements adquirits en el segon nivell i consolidar l\u2019aprenentatge orientat a adquirir les compet\u00e8ncies pr\u00f2pies de l\u2019usuari b\u00e0sic.<\/li>\n<li>L\u2019usuari de nivell A2 pot comprendre frases i expressions utilitzades habitualment relacionades amb temes d\u2019import\u00e0ncia immediata (per exemple, informacions personals b\u00e0siques, informacions familiars, compres, geografia local, ocupaci\u00f3). L\u2019usuari pot comunicar-se en situacions senzilles i habituals que exigeixin un intercanvi simple i directe informaci\u00f3 sobre temes familiars i habituals. Pot descriure, de manera senzilla, aspectes de la seva experi\u00e8ncia o bagatge personal, aspectes de l\u2019entorn immediat i assumptes relacionats amb necessitats immediates.<\/li>\n<li>S\u2019adre\u00e7a a persones majors de 18 anys que han superat el segon nivell o que disposen dels coneixements corresponents per a poder-los seguir.<\/li>\n<li>La superaci\u00f3 del curs corresponent donar\u00e0 acc\u00e9s a un certificat de 140 hores d\u2019assist\u00e8ncia i a la titulaci\u00f3 del nivell A2 del Marc Europeu Com\u00fa de Refer\u00e8ncia per a les lleng\u00fces.<\/li>\n<li>El curs s&#8217;inicia al setembre i finalitza al juny. S\u00f3n 140 hores de formaci\u00f3 repartides en 2 sessions setmanals de 2 hores cadascuna.<\/li>\n<\/ul>\n<p>&nbsp;<\/p>\n<h4><span style=\"color: #993366;\">Nivells 1, 2 i 3:<\/span><\/h4>\n<p><strong>1. CONTINGUT:<\/strong><\/p>\n<p>\u2013 Comprensi\u00f3 oral i comprensi\u00f3 lectora<br \/>\n\u2013 Expressi\u00f3 oral i escrita<br \/>\n\u2013 Aspectes gramaticals b\u00e0sics<\/p>\n<p><strong>2. HORARIS: <\/strong><\/p>\n<p>Hi ha torns de mat\u00ed, tarda i vespre<\/p>\n<p><strong>3. GRATU\u00cfTAT: <\/strong><\/p>\n<p>La matr\u00edcula \u00e9s gratu\u00efta. Nom\u00e9s cal pagar pel llibre i pel material complementari que el centre mateix<br \/>\nposa a disposici\u00f3 de l\u2019alumnat.<\/p>\n","protected":false},"excerpt":{"rendered":"<p>La llengua anglesa \u00e9s la llengua estrangera que s\u2019imparteix amb car\u00e0cter prioritari dins dels ensenyaments transprofessionals. Nivell 1 L\u2019ensenyament inicial de les lleng\u00fces anglesa i francesa s\u2019adscriu dins del nivell A1 d\u2019usuari b\u00e0sic*, de domini de la llengua d\u2019acord amb el Marc Europeu Com\u00fa de Refer\u00e8ncia per a les lleng\u00fces. Se centra en les compet\u00e8ncies [&hellip;]<\/p>\n","protected":false},"author":1,"featured_media":0,"parent":286,"menu_order":0,"comment_status":"closed","ping_status":"closed","template":"","meta":{"_bbp_topic_count":0,"_bbp_reply_count":0,"_bbp_total_topic_count":0,"_bbp_total_reply_count":0,"_bbp_voice_count":0,"_bbp_anonymous_reply_count":0,"_bbp_topic_count_hidden":0,"_bbp_reply_count_hidden":0,"_bbp_forum_subforum_count":0,"site-sidebar-layout":"default","site-content-layout":"","ast-site-content-layout":"default","site-content-style":"default","site-sidebar-style":"default","ast-global-header-display":"","ast-banner-title-visibility":"","ast-main-header-display":"","ast-hfb-above-header-display":"","ast-hfb-below-header-display":"","ast-hfb-mobile-header-display":"","site-post-title":"","ast-breadcrumbs-content":"","ast-featured-img":"","footer-sml-layout":"","theme-transparent-header-meta":"default","adv-header-id-meta":"","stick-header-meta":"","header-above-stick-meta":"","header-main-stick-meta":"","header-below-stick-meta":"","astra-migrate-meta-layouts":"set","ast-page-background-enabled":"default","ast-page-background-meta":{"desktop":{"background-color":"var(--ast-global-color-4)","background-image":"","background-repeat":"repeat","background-position":"center center","background-size":"auto","background-attachment":"scroll","background-type":"","background-media":"","overlay-type":"","overlay-color":"","overlay-opacity":"","overlay-gradient":""},"tablet":{"background-color":"","background-image":"","background-repeat":"repeat","background-position":"center center","background-size":"auto","background-attachment":"scroll","background-type":"","background-media":"","overlay-type":"","overlay-color":"","overlay-opacity":"","overlay-gradient":""},"mobile":{"background-color":"","background-image":"","background-repeat":"repeat","background-position":"center center","background-size":"auto","background-attachment":"scroll","background-type":"","background-media":"","overlay-type":"","overlay-color":"","overlay-opacity":"","overlay-gradient":""}},"ast-content-background-meta":{"desktop":{"background-color":"var(--ast-global-color-5)","background-image":"","background-repeat":"repeat","background-position":"center center","background-size":"auto","background-attachment":"scroll","background-type":"","background-media":"","overlay-type":"","overlay-color":"","overlay-opacity":"","overlay-gradient":""},"tablet":{"background-color":"var(--ast-global-color-5)","background-image":"","background-repeat":"repeat","background-position":"center center","background-size":"auto","background-attachment":"scroll","background-type":"","background-media":"","overlay-type":"","overlay-color":"","overlay-opacity":"","overlay-gradient":""},"mobile":{"background-color":"var(--ast-global-color-5)","background-image":"","background-repeat":"repeat","background-position":"center center","background-size":"auto","background-attachment":"scroll","background-type":"","background-media":"","overlay-type":"","overlay-color":"","overlay-opacity":"","overlay-gradient":""}},"footnotes":""},"class_list":["post-312","page","type-page","status-publish","hentry"],"post_mailing_queue_ids":[],"_links":{"self":[{"href":"https:\/\/agora.xtec.cat\/cfagirona\/wp-json\/wp\/v2\/pages\/312","targetHints":{"allow":["GET"]}}],"collection":[{"href":"https:\/\/agora.xtec.cat\/cfagirona\/wp-json\/wp\/v2\/pages"}],"about":[{"href":"https:\/\/agora.xtec.cat\/cfagirona\/wp-json\/wp\/v2\/types\/page"}],"author":[{"embeddable":true,"href":"https:\/\/agora.xtec.cat\/cfagirona\/wp-json\/wp\/v2\/users\/1"}],"replies":[{"embeddable":true,"href":"https:\/\/agora.xtec.cat\/cfagirona\/wp-json\/wp\/v2\/comments?post=312"}],"version-history":[{"count":4,"href":"https:\/\/agora.xtec.cat\/cfagirona\/wp-json\/wp\/v2\/pages\/312\/revisions"}],"predecessor-version":[{"id":4241,"href":"https:\/\/agora.xtec.cat\/cfagirona\/wp-json\/wp\/v2\/pages\/312\/revisions\/4241"}],"up":[{"embeddable":true,"href":"https:\/\/agora.xtec.cat\/cfagirona\/wp-json\/wp\/v2\/pages\/286"}],"wp:attachment":[{"href":"https:\/\/agora.xtec.cat\/cfagirona\/wp-json\/wp\/v2\/media?parent=312"}],"curies":[{"name":"wp","href":"https:\/\/api.w.org\/{rel}","templated":true}]}}