{"id":301,"date":"2015-01-28T11:21:46","date_gmt":"2015-01-28T10:21:46","guid":{"rendered":"http:\/\/agora.xtec.cat\/cfagirona\/?page_id=301"},"modified":"2025-09-05T12:05:26","modified_gmt":"2025-09-05T10:05:26","slug":"formacio-instrumental","status":"publish","type":"page","link":"https:\/\/agora.xtec.cat\/cfagirona\/ensenyaments\/ensenyaments-inicials-i-formacio-basica\/formacio-instrumental\/","title":{"rendered":"Formaci\u00f3 instrumental"},"content":{"rendered":"<p>L&#8217;objectiu dels estudis de Formaci\u00f3 Instrumental \u00e9s que les persones adultes aprenguin a llegir, escriure i fer c\u00e0lculs elementals. La superaci\u00f3 d&#8217;aquests estudis permet l&#8217;obtenci\u00f3 del certificat de formaci\u00f3 instrumental.<\/p>\n<p>Els continguts d&#8217;aquesta formaci\u00f3 s&#8217;organitzen en tres nivells:<\/p>\n<p style=\"padding-left: 40px;\">Primer nivell (N1), en qu\u00e8 l&#8217;aprenentatge se centra en l&#8217;adquisici\u00f3 dels mecanismes fonamentals de lectura i escriptura i de c\u00e0lcul, a m\u00e9s de nocions elementals sobre l&#8217;entorn social i natural.<\/p>\n<p style=\"padding-left: 40px;\">Segon nivell (N2), en qu\u00e8 l&#8217;objectiu central \u00e9s consolidar aquests mecanismes i els coneixements que expliquen l&#8217;entorn.<\/p>\n<p style=\"padding-left: 40px;\">Tercer nivell (N3), en el qual s&#8217;amplien els coneixements anteriors fins a assolir els objectius generals del cicle.<\/p>\n<p>Cada nivell inclou tres \u00e0rees de coneixement: llengua, matem\u00e0tiques i ci\u00e8ncies socials i naturals.<\/p>\n<p>La durada aproximada d&#8217;aquesta formaci\u00f3 \u00e9s de 1.100 hores. Aix\u00f2 no obstant, segons els coneixements previs, les necessitats formatives, i els ritmes d&#8217;aprenentatge de l&#8217;alumnat, la durada pot ser m\u00e9s llarga o menys.<\/p>\n<p>Al CFA Girona la formaci\u00f3 instrumental es basa en un m\u00e8tode propi d\u2019alfabetitzaci\u00f3 i es duu a terme en llengua catalana.<\/p>\n<p>L&#8217;ensenyament es porta a terme tant en els barris com a la seu central de l&#8217;escola.<\/p>\n","protected":false},"excerpt":{"rendered":"<p>L&#8217;objectiu dels estudis de Formaci\u00f3 Instrumental \u00e9s que les persones adultes aprenguin a llegir, escriure i fer c\u00e0lculs elementals. La superaci\u00f3 d&#8217;aquests estudis permet l&#8217;obtenci\u00f3 del certificat de formaci\u00f3 instrumental. Els continguts d&#8217;aquesta formaci\u00f3 s&#8217;organitzen en tres nivells: Primer nivell (N1), en qu\u00e8 l&#8217;aprenentatge se centra en l&#8217;adquisici\u00f3 dels mecanismes fonamentals de lectura i escriptura [&hellip;]<\/p>\n","protected":false},"author":1,"featured_media":0,"parent":283,"menu_order":0,"comment_status":"closed","ping_status":"closed","template":"","meta":{"_bbp_topic_count":0,"_bbp_reply_count":0,"_bbp_total_topic_count":0,"_bbp_total_reply_count":0,"_bbp_voice_count":0,"_bbp_anonymous_reply_count":0,"_bbp_topic_count_hidden":0,"_bbp_reply_count_hidden":0,"_bbp_forum_subforum_count":0,"site-sidebar-layout":"default","site-content-layout":"","ast-site-content-layout":"default","site-content-style":"default","site-sidebar-style":"default","ast-global-header-display":"","ast-banner-title-visibility":"","ast-main-header-display":"","ast-hfb-above-header-display":"","ast-hfb-below-header-display":"","ast-hfb-mobile-header-display":"","site-post-title":"","ast-breadcrumbs-content":"","ast-featured-img":"","footer-sml-layout":"","theme-transparent-header-meta":"default","adv-header-id-meta":"","stick-header-meta":"","header-above-stick-meta":"","header-main-stick-meta":"","header-below-stick-meta":"","astra-migrate-meta-layouts":"set","ast-page-background-enabled":"default","ast-page-background-meta":{"desktop":{"background-color":"var(--ast-global-color-4)","background-image":"","background-repeat":"repeat","background-position":"center center","background-size":"auto","background-attachment":"scroll","background-type":"","background-media":"","overlay-type":"","overlay-color":"","overlay-opacity":"","overlay-gradient":""},"tablet":{"background-color":"","background-image":"","background-repeat":"repeat","background-position":"center center","background-size":"auto","background-attachment":"scroll","background-type":"","background-media":"","overlay-type":"","overlay-color":"","overlay-opacity":"","overlay-gradient":""},"mobile":{"background-color":"","background-image":"","background-repeat":"repeat","background-position":"center center","background-size":"auto","background-attachment":"scroll","background-type":"","background-media":"","overlay-type":"","overlay-color":"","overlay-opacity":"","overlay-gradient":""}},"ast-content-background-meta":{"desktop":{"background-color":"var(--ast-global-color-5)","background-image":"","background-repeat":"repeat","background-position":"center center","background-size":"auto","background-attachment":"scroll","background-type":"","background-media":"","overlay-type":"","overlay-color":"","overlay-opacity":"","overlay-gradient":""},"tablet":{"background-color":"var(--ast-global-color-5)","background-image":"","background-repeat":"repeat","background-position":"center center","background-size":"auto","background-attachment":"scroll","background-type":"","background-media":"","overlay-type":"","overlay-color":"","overlay-opacity":"","overlay-gradient":""},"mobile":{"background-color":"var(--ast-global-color-5)","background-image":"","background-repeat":"repeat","background-position":"center center","background-size":"auto","background-attachment":"scroll","background-type":"","background-media":"","overlay-type":"","overlay-color":"","overlay-opacity":"","overlay-gradient":""}},"footnotes":""},"class_list":["post-301","page","type-page","status-publish","hentry"],"post_mailing_queue_ids":[],"_links":{"self":[{"href":"https:\/\/agora.xtec.cat\/cfagirona\/wp-json\/wp\/v2\/pages\/301","targetHints":{"allow":["GET"]}}],"collection":[{"href":"https:\/\/agora.xtec.cat\/cfagirona\/wp-json\/wp\/v2\/pages"}],"about":[{"href":"https:\/\/agora.xtec.cat\/cfagirona\/wp-json\/wp\/v2\/types\/page"}],"author":[{"embeddable":true,"href":"https:\/\/agora.xtec.cat\/cfagirona\/wp-json\/wp\/v2\/users\/1"}],"replies":[{"embeddable":true,"href":"https:\/\/agora.xtec.cat\/cfagirona\/wp-json\/wp\/v2\/comments?post=301"}],"version-history":[{"count":5,"href":"https:\/\/agora.xtec.cat\/cfagirona\/wp-json\/wp\/v2\/pages\/301\/revisions"}],"predecessor-version":[{"id":4230,"href":"https:\/\/agora.xtec.cat\/cfagirona\/wp-json\/wp\/v2\/pages\/301\/revisions\/4230"}],"up":[{"embeddable":true,"href":"https:\/\/agora.xtec.cat\/cfagirona\/wp-json\/wp\/v2\/pages\/283"}],"wp:attachment":[{"href":"https:\/\/agora.xtec.cat\/cfagirona\/wp-json\/wp\/v2\/media?parent=301"}],"curies":[{"name":"wp","href":"https:\/\/api.w.org\/{rel}","templated":true}]}}