{"id":265,"date":"2015-01-27T17:28:56","date_gmt":"2015-01-27T16:28:56","guid":{"rendered":"http:\/\/agora.xtec.cat\/cfagirona\/?page_id=265"},"modified":"2025-09-20T19:37:22","modified_gmt":"2025-09-20T17:37:22","slug":"organitzacio-interna","status":"publish","type":"page","link":"https:\/\/agora.xtec.cat\/cfagirona\/el-centre\/organitzacio-interna\/","title":{"rendered":"Organitzaci\u00f3 interna"},"content":{"rendered":"<h2>La nostra escola est\u00e0 formada per les seg\u00fcents persones:<\/h2>\n<h3>Equip Directiu<\/h3>\n<div>\n<p><strong>Director: <\/strong>Eduard Pi\u00f1ero<br \/>\n<strong>Cap d&#8217;estudis: <\/strong>Marina Mu\u00f1oz<br \/>\n<strong>Secret\u00e0ria:<\/strong> Nuri Figa<\/p>\n<\/div>\n<div>\n<h3>Consell de Centre<\/h3>\n<div id=\"_mcePaste\">El Consell de Centre \u00e9s l\u2019\u00f2rgan consultiu del Centre i est\u00e0 constitu\u00eft per les seg\u00fcents persones:<\/div>\n<div><\/div>\n<ul>\n<li><strong>Representants del professorat:\u00a0<\/strong> Xavier Sibecas, Montserrat Surroca, Hafsa Biyaala<\/li>\n<li><strong>Representants dels estudiants:<\/strong> Pendent<\/li>\n<li><strong>Representants del personal administratiu i serveis (PAS):<\/strong> Anna Serra<\/li>\n<li><strong>Representant de l\u2019Ajuntament:<\/strong> Regidora d\u2019Educaci\u00f3, Queralt Vila<\/li>\n<li><strong>L&#8217;Equip Directiu<\/strong><\/li>\n<\/ul>\n<h3>Equip de coordinaci\u00f3<\/h3>\n<\/div>\n<p>Cada programa compta amb la coordinaci\u00f3 d&#8217;un\/una o dos\/dues professors\/es que es responsabilitzen de la\u00a0din\u00e0mica global del programa i del seu desenvolupament:<\/p>\n<ul>\n<li><strong>Coordinadora d\u2019ensenyaments inicials (catal\u00e0 i castell\u00e0):<\/strong> Marina Mu\u00f1oz<\/li>\n<li><strong> Coordinadora d&#8217;ensenyaments instrumentals:\u00a0<\/strong> Hafsa Biyaala<\/li>\n<li><strong>Coordinadora de Formaci\u00f3 B\u00e0sica (GES): <\/strong>Montserrat Mola<\/li>\n<li><strong>Coordinadores de Proves Acc\u00e9s (Grau Superior i Universitat):<\/strong> Ester Feliu i Montserrat Surroca<\/li>\n<li><strong>Coordinador Digital (Competic):<\/strong> Gerard Ferrer<\/li>\n<li><strong>Coordinadora de Compet\u00e8ncies per la societat de la informaci\u00f3 (idiomes): <\/strong>Maria Adserias<\/li>\n<li><strong>Coordinador de llengua, interculturalitat i cohesi\u00f3 social i Revista: <\/strong>Xavier Sibecas<\/li>\n<li><strong>Coordinador de Prevenci\u00f3 i riscos laborals i ambientals: <\/strong>Andreu Turr\u00e0<\/li>\n<li><strong>Coordinadora de Coeducaci\u00f3, conviv\u00e8ncia i benestar de l&#8217;alumnat: <\/strong>Eug\u00e8nia Mascort<\/li>\n<li><strong>Coordinadora del Programa Erasmus+:<\/strong> Alba Boix<\/li>\n<\/ul>\n<h3>Tutories<\/h3>\n<p>Cada grup disposa d\u2019un tutor o d&#8217;una tutora (professor\/a) per informar, assessorar i orientar sobre el\u00a0seguiment i evoluci\u00f3 de cada estudiant.<\/p>\n<h3>Representants de curs:<\/h3>\n<p>Al llarg del primer mes del curs, cada grup classe ha d&#8217;escollir el seu representant, que far\u00e0 aportacions a les reunions de representants amb la finalitat que les activitats responguin a\u00a0les necessitats i interessos dels estudiants i millorin el funcionament del Centre i que les activitats responguin a les necessitats i interessos dels estudiants.<\/p>\n<div>\n<h3>Professorat<\/h3>\n<\/div>\n<p id=\"_mcePaste\">Maria Adserias, Hafsa Biyaala, Alba Boix, Eva Carrera, Ester Feliu, Gemma Fern\u00e1ndez, Gerard Ferrer, Nuri Figa, Alba Fraser, M. Eug\u00e8nia Mascort, Montserrat Mola, Marina Mu\u00f1oz, Maria Pe\u00f1arroya, Eduard Pi\u00f1ero, Carme Porsell, Sara Quintana, Norma, Ribot, Rosa Sancho, Xavier Sibecas, Andreu Sol\u00e9, Montserrat Surroca i Andreu Turr\u00e0.<\/p>\n<div>\n<h3>Personal d\u2019administraci\u00f3 i de serveis (PAS)<\/h3>\n<\/div>\n<section>\n<ul>\n<li><strong>Auxiliar administrativa:<\/strong>\u00a0Anna Serra<\/li>\n<li><strong>Consergeria: <\/strong>Joaquim Paneque i Marta Mas\u00f3<\/li>\n<\/ul>\n<h3><span style=\"color: #0000ff;\">I, sobretot, la nostra escola est\u00e0 formada pels i per les nostres alumnes.<\/span><\/h3>\n<p>&nbsp;<\/p>\n<\/section>\n","protected":false},"excerpt":{"rendered":"<p>La nostra escola est\u00e0 formada per les seg\u00fcents persones: Equip Directiu Director: Eduard Pi\u00f1ero Cap d&#8217;estudis: Marina Mu\u00f1oz Secret\u00e0ria: Nuri Figa Consell de Centre El Consell de Centre \u00e9s l\u2019\u00f2rgan consultiu del Centre i est\u00e0 constitu\u00eft per les seg\u00fcents persones: Representants del professorat:\u00a0 Xavier Sibecas, Montserrat Surroca, Hafsa Biyaala Representants dels estudiants: Pendent Representants del [&hellip;]<\/p>\n","protected":false},"author":1,"featured_media":0,"parent":261,"menu_order":40,"comment_status":"closed","ping_status":"closed","template":"","meta":{"_bbp_topic_count":0,"_bbp_reply_count":0,"_bbp_total_topic_count":0,"_bbp_total_reply_count":0,"_bbp_voice_count":0,"_bbp_anonymous_reply_count":0,"_bbp_topic_count_hidden":0,"_bbp_reply_count_hidden":0,"_bbp_forum_subforum_count":0,"site-sidebar-layout":"default","site-content-layout":"","ast-site-content-layout":"default","site-content-style":"default","site-sidebar-style":"default","ast-global-header-display":"","ast-banner-title-visibility":"","ast-main-header-display":"","ast-hfb-above-header-display":"","ast-hfb-below-header-display":"","ast-hfb-mobile-header-display":"","site-post-title":"","ast-breadcrumbs-content":"","ast-featured-img":"","footer-sml-layout":"","theme-transparent-header-meta":"default","adv-header-id-meta":"","stick-header-meta":"","header-above-stick-meta":"","header-main-stick-meta":"","header-below-stick-meta":"","astra-migrate-meta-layouts":"set","ast-page-background-enabled":"default","ast-page-background-meta":{"desktop":{"background-color":"var(--ast-global-color-4)","background-image":"","background-repeat":"repeat","background-position":"center center","background-size":"auto","background-attachment":"scroll","background-type":"","background-media":"","overlay-type":"","overlay-color":"","overlay-opacity":"","overlay-gradient":""},"tablet":{"background-color":"","background-image":"","background-repeat":"repeat","background-position":"center center","background-size":"auto","background-attachment":"scroll","background-type":"","background-media":"","overlay-type":"","overlay-color":"","overlay-opacity":"","overlay-gradient":""},"mobile":{"background-color":"","background-image":"","background-repeat":"repeat","background-position":"center center","background-size":"auto","background-attachment":"scroll","background-type":"","background-media":"","overlay-type":"","overlay-color":"","overlay-opacity":"","overlay-gradient":""}},"ast-content-background-meta":{"desktop":{"background-color":"var(--ast-global-color-5)","background-image":"","background-repeat":"repeat","background-position":"center center","background-size":"auto","background-attachment":"scroll","background-type":"","background-media":"","overlay-type":"","overlay-color":"","overlay-opacity":"","overlay-gradient":""},"tablet":{"background-color":"var(--ast-global-color-5)","background-image":"","background-repeat":"repeat","background-position":"center center","background-size":"auto","background-attachment":"scroll","background-type":"","background-media":"","overlay-type":"","overlay-color":"","overlay-opacity":"","overlay-gradient":""},"mobile":{"background-color":"var(--ast-global-color-5)","background-image":"","background-repeat":"repeat","background-position":"center center","background-size":"auto","background-attachment":"scroll","background-type":"","background-media":"","overlay-type":"","overlay-color":"","overlay-opacity":"","overlay-gradient":""}},"footnotes":""},"class_list":["post-265","page","type-page","status-publish","hentry"],"post_mailing_queue_ids":[],"_links":{"self":[{"href":"https:\/\/agora.xtec.cat\/cfagirona\/wp-json\/wp\/v2\/pages\/265","targetHints":{"allow":["GET"]}}],"collection":[{"href":"https:\/\/agora.xtec.cat\/cfagirona\/wp-json\/wp\/v2\/pages"}],"about":[{"href":"https:\/\/agora.xtec.cat\/cfagirona\/wp-json\/wp\/v2\/types\/page"}],"author":[{"embeddable":true,"href":"https:\/\/agora.xtec.cat\/cfagirona\/wp-json\/wp\/v2\/users\/1"}],"replies":[{"embeddable":true,"href":"https:\/\/agora.xtec.cat\/cfagirona\/wp-json\/wp\/v2\/comments?post=265"}],"version-history":[{"count":7,"href":"https:\/\/agora.xtec.cat\/cfagirona\/wp-json\/wp\/v2\/pages\/265\/revisions"}],"predecessor-version":[{"id":4259,"href":"https:\/\/agora.xtec.cat\/cfagirona\/wp-json\/wp\/v2\/pages\/265\/revisions\/4259"}],"up":[{"embeddable":true,"href":"https:\/\/agora.xtec.cat\/cfagirona\/wp-json\/wp\/v2\/pages\/261"}],"wp:attachment":[{"href":"https:\/\/agora.xtec.cat\/cfagirona\/wp-json\/wp\/v2\/media?parent=265"}],"curies":[{"name":"wp","href":"https:\/\/api.w.org\/{rel}","templated":true}]}}