{"id":9,"date":"2014-09-12T10:15:01","date_gmt":"2014-09-12T10:15:01","guid":{"rendered":"http:\/\/agora.xtec.cat\/cfafreire\/?page_id=9"},"modified":"2024-05-07T10:25:31","modified_gmt":"2024-05-07T08:25:31","slug":"pagina-dinici-buida","status":"publish","type":"page","link":"https:\/\/agora.xtec.cat\/cfafreire\/","title":{"rendered":"Inici"},"content":{"rendered":"<h3><strong>AQUESTA P\u00c0GINA EST\u00c0 EN CONSTRUCCI\u00d3<\/strong><br \/>\nLa informaci\u00f3 dels men\u00fas encara no est\u00e0 disponible, per\u00f2 podeu trobar les darreres informacions a sota d&#8217;aquest missatge.<br \/>\n&nbsp;<\/p>\n<p><a href=\"https:\/\/agora.xtec.cat\/cfafreire\/wp-content\/up<a href=\"https:\/\/agora.xtec.cat\/cfafreire\/wp-content\/uploads\/usu2937\/2023\/11\/pexels-photo-117602-scaled.jpeg\"><img loading=\"lazy\" decoding=\"async\" src=\"https:\/\/agora.xtec.cat\/cfafreire\/wp-content\/uploads\/usu2937\/2023\/11\/pexels-photo-117602-300x199.jpeg\" alt=\"\" width=\"300\" height=\"199\" class=\"alignnone size-medium wp-image-448\" srcset=\"https:\/\/agora.xtec.cat\/cfafreire\/wp-content\/uploads\/usu2937\/2023\/11\/pexels-photo-117602-300x199.jpeg 300w, https:\/\/agora.xtec.cat\/cfafreire\/wp-content\/uploads\/usu2937\/2023\/11\/pexels-photo-117602-1024x680.jpeg 1024w, https:\/\/agora.xtec.cat\/cfafreire\/wp-content\/uploads\/usu2937\/2023\/11\/pexels-photo-117602-768x510.jpeg 768w, https:\/\/agora.xtec.cat\/cfafreire\/wp-content\/uploads\/usu2937\/2023\/11\/pexels-photo-117602-1536x1020.jpeg 1536w, https:\/\/agora.xtec.cat\/cfafreire\/wp-content\/uploads\/usu2937\/2023\/11\/pexels-photo-117602-2048x1360.jpeg 2048w\" sizes=\"auto, (max-width: 300px) 100vw, 300px\" \/><\/a><\/p>\n","protected":false},"excerpt":{"rendered":"<p>AQUESTA P\u00c0GINA EST\u00c0 EN CONSTRUCCI\u00d3<br \/>\nLa informaci\u00f3 dels men\u00fas encara no est\u00e0 disponible, per\u00f2 podeu trobar les darreres informacions a sota d&#8217;aquest missatge.<br \/>\n&nbsp;<\/p>\n","protected":false},"author":1,"featured_media":0,"parent":7,"menu_order":0,"comment_status":"closed","ping_status":"closed","template":"page-templates\/front-page.php","meta":{"_bbp_topic_count":0,"_bbp_reply_count":0,"_bbp_total_topic_count":0,"_bbp_total_reply_count":0,"_bbp_voice_count":0,"_bbp_anonymous_reply_count":0,"_bbp_topic_count_hidden":0,"_bbp_reply_count_hidden":0,"_bbp_forum_subforum_count":0,"footnotes":""},"class_list":["post-9","page","type-page","status-publish","hentry"],"post_mailing_queue_ids":[],"_links":{"self":[{"href":"https:\/\/agora.xtec.cat\/cfafreire\/wp-json\/wp\/v2\/pages\/9","targetHints":{"allow":["GET"]}}],"collection":[{"href":"https:\/\/agora.xtec.cat\/cfafreire\/wp-json\/wp\/v2\/pages"}],"about":[{"href":"https:\/\/agora.xtec.cat\/cfafreire\/wp-json\/wp\/v2\/types\/page"}],"author":[{"embeddable":true,"href":"https:\/\/agora.xtec.cat\/cfafreire\/wp-json\/wp\/v2\/users\/1"}],"replies":[{"embeddable":true,"href":"https:\/\/agora.xtec.cat\/cfafreire\/wp-json\/wp\/v2\/comments?post=9"}],"version-history":[{"count":5,"href":"https:\/\/agora.xtec.cat\/cfafreire\/wp-json\/wp\/v2\/pages\/9\/revisions"}],"predecessor-version":[{"id":482,"href":"https:\/\/agora.xtec.cat\/cfafreire\/wp-json\/wp\/v2\/pages\/9\/revisions\/482"}],"up":[{"embeddable":true,"href":"https:\/\/agora.xtec.cat\/cfafreire\/wp-json\/wp\/v2\/pages\/7"}],"wp:attachment":[{"href":"https:\/\/agora.xtec.cat\/cfafreire\/wp-json\/wp\/v2\/media?parent=9"}],"curies":[{"name":"wp","href":"https:\/\/api.w.org\/{rel}","templated":true}]}}