{"id":316,"date":"2015-01-28T11:33:51","date_gmt":"2015-01-28T10:33:51","guid":{"rendered":"http:\/\/agora.xtec.cat\/cfaescolamartamata\/?page_id=316"},"modified":"2026-05-13T10:00:43","modified_gmt":"2026-05-13T08:00:43","slug":"competencia-digital-competic","status":"publish","type":"page","link":"https:\/\/agora.xtec.cat\/cfaescolamartamata\/ensenyaments\/ensenyaments-transprofessionals\/competencia-digital-competic\/","title":{"rendered":"Compet\u00e8ncia digital COMPETIC"},"content":{"rendered":"\n<p class=\"has-white-color has-luminous-vivid-amber-background-color has-text-color has-background has-link-color has-medium-font-size wp-elements-ae808521e2c28b303a130d341cd99962\" style=\"border-radius:15px\"><strong>Descripci\u00f3<\/strong><\/p>\n\n\n\n<p style=\"padding-right:var(--wp--preset--spacing--40);padding-left:var(--wp--preset--spacing--40)\">Els ensenyaments d\u2019inform\u00e0tica a l\u2019educaci\u00f3 d\u2019adults COMPETIC tenen com objectiu facilitar l\u2019adquisici\u00f3 de la compet\u00e8ncia digital, entesa com la combinaci\u00f3 de coneixements, habilitats i actituds en l\u2019\u00e0mbit de les tecnologies de la informaci\u00f3 i la comunicaci\u00f3 (TIC) per desenvolupar-se en la societat actual. Les compet\u00e8ncies que s\u2019hi treballen s\u00f3n les seg\u00fcents:<\/p>\n\n\n\n<ul class=\"wp-block-list\">\n<li>C1: Cultura, participaci\u00f3 i civisme digital.<\/li>\n\n\n\n<li style=\"padding-top:0;padding-right:0;padding-bottom:0;padding-left:0\">C2: Tecnologia digital, \u00fas de l\u2019ordinador i del sistema operatiu.<\/li>\n\n\n\n<li>C3: Navegaci\u00f3 i comunicaci\u00f3 en el m\u00f3n digital.<\/li>\n\n\n\n<li>C4: Tractament de la informaci\u00f3 escrita.<\/li>\n\n\n\n<li>C5: Tractament de la informaci\u00f3 gr\u00e0fica, sonora i de la imatge en moviment.<\/li>\n\n\n\n<li>C6: Tractament de la informaci\u00f3 num\u00e8rica.<\/li>\n\n\n\n<li>C7: Tractament de les dades.<\/li>\n\n\n\n<li>C8: Presentaci\u00f3 de continguts.<\/li>\n<\/ul>\n\n\n\n<p style=\"padding-right:var(--wp--preset--spacing--40);padding-left:var(--wp--preset--spacing--40)\">Aquests ensenyaments s\u2019estructuren en <strong>quatre cursos<\/strong>, als quals s\u2019hi treballen les diferents compet\u00e8ncies d\u2019acord amb la distribuci\u00f3 seg\u00fcent:<\/p>\n\n\n\n<figure class=\"wp-block-table is-style-stripes\" style=\"margin-top:0;margin-right:0;margin-bottom:0;margin-left:0;padding-top:0;padding-right:var(--wp--preset--spacing--50);padding-bottom:0;padding-left:var(--wp--preset--spacing--50)\"><table><tbody><tr><td>&nbsp;<\/td><td class=\"has-text-align-center\" data-align=\"center\"><strong>C1<\/strong><\/td><td class=\"has-text-align-center\" data-align=\"center\"><strong>C2<\/strong><\/td><td class=\"has-text-align-center\" data-align=\"center\"><strong>C3<\/strong><\/td><td class=\"has-text-align-center\" data-align=\"center\"><strong>C4<\/strong><\/td><td class=\"has-text-align-center\" data-align=\"center\"><strong>C5<\/strong><\/td><td class=\"has-text-align-center\" data-align=\"center\"><strong>C6<\/strong><\/td><td class=\"has-text-align-center\" data-align=\"center\"><strong>C7<\/strong><\/td><td class=\"has-text-align-center\" data-align=\"center\"><strong>C8<\/strong><\/td><\/tr><tr><td><strong>COMPETIC Inicial<\/strong><\/td><td class=\"has-text-align-center\" data-align=\"center\">&nbsp;<\/td><td class=\"has-text-align-center\" data-align=\"center\">X<\/td><td class=\"has-text-align-center\" data-align=\"center\">X<\/td><td class=\"has-text-align-center\" data-align=\"center\">X<\/td><td class=\"has-text-align-center\" data-align=\"center\">&nbsp;<\/td><td class=\"has-text-align-center\" data-align=\"center\">&nbsp;<\/td><td class=\"has-text-align-center\" data-align=\"center\">&nbsp;<\/td><td class=\"has-text-align-center\" data-align=\"center\">&nbsp;<\/td><\/tr><tr><td><strong>COMPETIC 1<\/strong><\/td><td class=\"has-text-align-center\" data-align=\"center\">X<\/td><td class=\"has-text-align-center\" data-align=\"center\">&nbsp;<\/td><td class=\"has-text-align-center\" data-align=\"center\">&nbsp;<\/td><td class=\"has-text-align-center\" data-align=\"center\">&nbsp;<\/td><td class=\"has-text-align-center\" data-align=\"center\">X<\/td><td class=\"has-text-align-center\" data-align=\"center\">X<\/td><td class=\"has-text-align-center\" data-align=\"center\">&nbsp;<\/td><td class=\"has-text-align-center\" data-align=\"center\">&nbsp;<\/td><\/tr><tr><td><strong>COMPETIC 2<\/strong><\/td><td class=\"has-text-align-center\" data-align=\"center\">X<\/td><td class=\"has-text-align-center\" data-align=\"center\">X<\/td><td class=\"has-text-align-center\" data-align=\"center\">X<\/td><td class=\"has-text-align-center\" data-align=\"center\">X<\/td><td class=\"has-text-align-center\" data-align=\"center\">X<\/td><td class=\"has-text-align-center\" data-align=\"center\">X<\/td><td class=\"has-text-align-center\" data-align=\"center\">X<\/td><td class=\"has-text-align-center\" data-align=\"center\">X<\/td><\/tr><tr><td><strong>COMPETIC 3<\/strong><\/td><td class=\"has-text-align-center\" data-align=\"center\">&nbsp;<\/td><td class=\"has-text-align-center\" data-align=\"center\">&nbsp;<\/td><td class=\"has-text-align-center\" data-align=\"center\">&nbsp;<\/td><td class=\"has-text-align-center\" data-align=\"center\">X<\/td><td class=\"has-text-align-center\" data-align=\"center\">X<\/td><td class=\"has-text-align-center\" data-align=\"center\">X<\/td><td class=\"has-text-align-center\" data-align=\"center\">X<\/td><td class=\"has-text-align-center\" data-align=\"center\">X<\/td><\/tr><\/tbody><\/table><\/figure>\n\n\n\n<p class=\"has-white-color has-luminous-vivid-orange-background-color has-text-color has-background has-link-color has-medium-font-size wp-elements-a93d98dfd0702ba35d745318f640b144\" style=\"border-radius:15px\"><strong>Durada<\/strong><\/p>\n\n\n\n<ul class=\"wp-block-list\">\n<li>COMPETIC Inicial (105h): adre\u00e7at a persones que no han tingut mai cap mena de contacte amb les TIC.<\/li>\n\n\n\n<li>COMPETIC 1 (105h): aquest nivell complementa les compet\u00e8ncies adquirides al llarg del curs COMPETIC Inicial. L&#8217;alumne ha de disposar d&#8217;un domini elemental de les compet\u00e8ncies C2, C3 i C4.<\/li>\n\n\n\n<li>COMPETIC 2 (140h): aquest nivell  complementa les compet\u00e8ncies adquirides al llarg del curs COMPETIC 1. L&#8217;alumne ha de disposar d&#8217;un domini elemental de les compet\u00e8ncies C1, C2, C3, C4, C5 i C6.<\/li>\n\n\n\n<li>COMPETIC 3 (105h): per a fer aquest curs, l&#8217;alumnat ha d\u2019haver superat pr\u00e8viament el curs de COMPETIC 2 o acreditar-lo mitjan\u00e7ant el certificat ACTIC de nivell mitj\u00e0. Durant el curs es treballaran 3 de les 5 compet\u00e8ncies i per tal d\u2019acreditar el nivell de COMPETIC 3, l&#8217;alumne haur\u00e0 de superar, almenys, dues de les compet\u00e8ncies treballades.<\/li>\n<\/ul>\n\n\n\n<p class=\"has-white-color has-ast-global-color-1-background-color has-text-color has-background has-link-color has-medium-font-size wp-elements-959bcb3d948e5ef5997c8cde0641071f\" style=\"border-radius:15px\"><strong>Acc\u00e9s<\/strong><\/p>\n\n\n\n<p style=\"padding-right:var(--wp--preset--spacing--40);padding-left:var(--wp--preset--spacing--40)\">Tenir 18 anys complerts l&#8217;any d&#8217;inici del curs.<\/p>\n\n\n\n<p class=\"has-white-color has-ast-global-color-0-background-color has-text-color has-background has-link-color has-medium-font-size wp-elements-342feab5908f77f8e2e070c58ec01c04\" style=\"border-radius:15px\"><strong>Normativa<\/strong><\/p>\n\n\n\n<p style=\"padding-right:var(--wp--preset--spacing--40);padding-left:var(--wp--preset--spacing--40)\"><a href=\"https:\/\/documents.espai.educacio.gencat.cat\/IPCNormativa\/DisposicionsInternes\/Resolucio_competic.pdf\" target=\"_blank\" rel=\"noopener\"><strong>Resoluci\u00f3 de 14 de juny de 2016<\/strong><\/a>, de modificaci\u00f3 de la Resoluci\u00f3 de 19 de juny de 2012, per la qual s&#8217;estableixen els curr\u00edculums dels ensenyaments d&#8217;inform\u00e0tica d&#8217;aplicaci\u00f3 a la xarxa de centres i aules de formaci\u00f3 de persones adultes dependents del Departament d&#8217;Ensenyament i els centres municipals autoritzats pel Departament.<\/p>\n\n\n\n<p style=\"padding-right:var(--wp--preset--spacing--40);padding-left:var(--wp--preset--spacing--40)\"><strong><a href=\"https:\/\/dogc.gencat.cat\/ca\/document-del-dogc\/?documentId=796541\" target=\"_blank\" rel=\"noopener\"><strong>Ordre PRE\/206\/2017<\/strong><\/a><\/strong>, de 4 de setembre, de reconeixement de l&#8217;equival\u00e8ncia entre els certificats de compet\u00e8ncia digital de l&#8217;educaci\u00f3 de persones adultes (COMPETIC) i els certificats d&#8217;acreditaci\u00f3 de compet\u00e8ncies en tecnologies de la informaci\u00f3 i la comunicaci\u00f3 (ACTIC) (DOGC n\u00fam. 7450A, de 7.9.2017)<\/p>\n","protected":false},"excerpt":{"rendered":"<p>Descripci\u00f3 Els ensenyaments d\u2019inform\u00e0tica a l\u2019educaci\u00f3 d\u2019adults COMPETIC tenen com objectiu facilitar l\u2019adquisici\u00f3 de la compet\u00e8ncia digital, entesa com la combinaci\u00f3 de coneixements, habilitats i actituds en l\u2019\u00e0mbit de les tecnologies de la informaci\u00f3 i la comunicaci\u00f3 (TIC) per desenvolupar-se en la societat actual. Les compet\u00e8ncies que s\u2019hi treballen s\u00f3n les seg\u00fcents: Aquests ensenyaments s\u2019estructuren [&hellip;]<\/p>\n","protected":false},"author":1,"featured_media":0,"parent":286,"menu_order":0,"comment_status":"closed","ping_status":"closed","template":"","meta":{"_bbp_topic_count":0,"_bbp_reply_count":0,"_bbp_total_topic_count":0,"_bbp_total_reply_count":0,"_bbp_voice_count":0,"_bbp_anonymous_reply_count":0,"_bbp_topic_count_hidden":0,"_bbp_reply_count_hidden":0,"_bbp_forum_subforum_count":0,"site-sidebar-layout":"default","site-content-layout":"","ast-site-content-layout":"default","site-content-style":"default","site-sidebar-style":"default","ast-global-header-display":"","ast-banner-title-visibility":"","ast-main-header-display":"","ast-hfb-above-header-display":"","ast-hfb-below-header-display":"","ast-hfb-mobile-header-display":"","site-post-title":"","ast-breadcrumbs-content":"","ast-featured-img":"","footer-sml-layout":"","theme-transparent-header-meta":"","adv-header-id-meta":"","stick-header-meta":"","header-above-stick-meta":"","header-main-stick-meta":"","header-below-stick-meta":"","astra-migrate-meta-layouts":"set","ast-page-background-enabled":"default","ast-page-background-meta":{"desktop":{"background-color":"var(--ast-global-color-4)","background-image":"","background-repeat":"repeat","background-position":"center center","background-size":"auto","background-attachment":"scroll","background-type":"","background-media":"","overlay-type":"","overlay-color":"","overlay-opacity":"","overlay-gradient":""},"tablet":{"background-color":"","background-image":"","background-repeat":"repeat","background-position":"center center","background-size":"auto","background-attachment":"scroll","background-type":"","background-media":"","overlay-type":"","overlay-color":"","overlay-opacity":"","overlay-gradient":""},"mobile":{"background-color":"","background-image":"","background-repeat":"repeat","background-position":"center center","background-size":"auto","background-attachment":"scroll","background-type":"","background-media":"","overlay-type":"","overlay-color":"","overlay-opacity":"","overlay-gradient":""}},"ast-content-background-meta":{"desktop":{"background-color":"var(--ast-global-color-5)","background-image":"","background-repeat":"repeat","background-position":"center center","background-size":"auto","background-attachment":"scroll","background-type":"","background-media":"","overlay-type":"","overlay-color":"","overlay-opacity":"","overlay-gradient":""},"tablet":{"background-color":"var(--ast-global-color-5)","background-image":"","background-repeat":"repeat","background-position":"center center","background-size":"auto","background-attachment":"scroll","background-type":"","background-media":"","overlay-type":"","overlay-color":"","overlay-opacity":"","overlay-gradient":""},"mobile":{"background-color":"var(--ast-global-color-5)","background-image":"","background-repeat":"repeat","background-position":"center center","background-size":"auto","background-attachment":"scroll","background-type":"","background-media":"","overlay-type":"","overlay-color":"","overlay-opacity":"","overlay-gradient":""}},"footnotes":""},"class_list":["post-316","page","type-page","status-publish","hentry"],"post_mailing_queue_ids":[],"_links":{"self":[{"href":"https:\/\/agora.xtec.cat\/cfaescolamartamata\/wp-json\/wp\/v2\/pages\/316","targetHints":{"allow":["GET"]}}],"collection":[{"href":"https:\/\/agora.xtec.cat\/cfaescolamartamata\/wp-json\/wp\/v2\/pages"}],"about":[{"href":"https:\/\/agora.xtec.cat\/cfaescolamartamata\/wp-json\/wp\/v2\/types\/page"}],"author":[{"embeddable":true,"href":"https:\/\/agora.xtec.cat\/cfaescolamartamata\/wp-json\/wp\/v2\/users\/1"}],"replies":[{"embeddable":true,"href":"https:\/\/agora.xtec.cat\/cfaescolamartamata\/wp-json\/wp\/v2\/comments?post=316"}],"version-history":[{"count":6,"href":"https:\/\/agora.xtec.cat\/cfaescolamartamata\/wp-json\/wp\/v2\/pages\/316\/revisions"}],"predecessor-version":[{"id":3913,"href":"https:\/\/agora.xtec.cat\/cfaescolamartamata\/wp-json\/wp\/v2\/pages\/316\/revisions\/3913"}],"up":[{"embeddable":true,"href":"https:\/\/agora.xtec.cat\/cfaescolamartamata\/wp-json\/wp\/v2\/pages\/286"}],"wp:attachment":[{"href":"https:\/\/agora.xtec.cat\/cfaescolamartamata\/wp-json\/wp\/v2\/media?parent=316"}],"curies":[{"name":"wp","href":"https:\/\/api.w.org\/{rel}","templated":true}]}}