{"id":27,"date":"2014-09-17T16:24:03","date_gmt":"2014-09-17T16:24:03","guid":{"rendered":"http:\/\/agora.xtec.cat\/cfaescolamartamata\/?page_id=27"},"modified":"2025-07-02T07:38:55","modified_gmt":"2025-07-02T05:38:55","slug":"historia","status":"publish","type":"page","link":"https:\/\/agora.xtec.cat\/cfaescolamartamata\/el-centre\/historia\/","title":{"rendered":"Hist\u00f2ria"},"content":{"rendered":"\n<p>L\u2019any 1980 l\u2019Ajuntament de Reus va desenvolupar programes de formaci\u00f3, en virtut dels quals es realitzaven campanyes d\u2019alfabetitzaci\u00f3 i preparaci\u00f3 per a l\u2019obtenci\u00f3 del graduat escolar en diverses aules distribu\u00efdes en locals d\u2019\u00fas social als barris.<\/p>\n\n\n\n<p>L\u2019any 1990 es redacta el Pla Local de Formaci\u00f3 d\u2019Adults de Reus, en que es recullen entre d\u2019altres els objectius de la formaci\u00f3 de persones adultes a la ciutat.<\/p>\n\n\n\n<p>Al setembre de 1992 neix l\u2019Institut Municipal de Formaci\u00f3 (IMF), organisme aut\u00f2nom amb personalitat jur\u00eddica pr\u00f2pia de l\u2019Ajuntament de Reus, potenciant un model integral de formaci\u00f3 permanent recollint tota l\u2019experi\u00e8ncia anterior i amb l\u2019objectiu d\u2019oferir serveis formatius per atendre les necessitats educatives de la poblaci\u00f3 adulta i del mercat de treball.<\/p>\n\n\n\n<p>El juliol de 1993 es constitueix la Comissi\u00f3 de Seguiment del Pla Local de Formaci\u00f3 d\u2019Adults de Reus. En la primera reuni\u00f3 de la comissi\u00f3 s\u2019aprova el trasllat de les Aules d\u2019Adults de Fruits Secs al Mas Carandell. Fins aquest moment no existeix un centre com a tal ja que sempre es parla d\u2019Aules de Formaci\u00f3 d\u2019Adults de Reus, amb la plantilla compartida Ajuntament\/Generalitat.<\/p>\n\n\n\n<p>L\u2019any 1994, per tal de donar atenci\u00f3 al sector productiu i, particularment, a les PIMES, l\u2019IMF passa a anomenar-se Institut Municipal de Formaci\u00f3 i Empresa (IMFE). \u00c9s un fet que aquest Institut ha anat creixent fins a l\u2019actualitat i s\u2019ha anat adaptant a les noves necessitats, tant amb el nombre de cursos com en els nous programes i serveis.<\/p>\n\n\n\n<p>El curs 96-97 les dues escoles de persones adultes de Reus ja treballen separades i es creen els dos centres d\u2019adults CFA Mas Pellicer, de titularitat de la Generalitat de Catalunya i el CFA Escola Marta Mata, de titularitat municipal.<\/p>\n\n\n\n<p>El juny de 1997 surt publicat al DOGC l\u2019autoritzaci\u00f3 per part del Departament de Benestar Social de la Generalitat de Catalunya de l\u2019obertura de l\u2019Escola Municipal Marta Mata i el 2003 s\u2019autoritza a impartir els ensenyaments de la formaci\u00f3 b\u00e0sica de les persones adultes, que inclou el cicle de formaci\u00f3 instrumental i el Graduat en Educaci\u00f3 Secund\u00e0ria (GES).<\/p>\n\n\n\n<p>Fins a l\u2019actualitat el nombre d\u2019alumnes i l\u2019oferta formativa del CFA no ha parat de cr\u00e9ixer adaptant-se a les necessitats de la ciutadania de cara a enriquir els coneixements i destreses de les persones adultes, millorant les seves compet\u00e8ncies t\u00e8cniques i professionals i, en definitiva, eixamplant les seves expectatives de cara a la reincorporaci\u00f3 o adaptaci\u00f3 al m\u00f3n laboral, i assolint aix\u00ed un enriquiment a nivell personal. Amb aquestes pol\u00edtiques es permet mantenir l\u2019equilibri de la societat catalana i pal\u00b7liar els riscos de fractura social, presents a la situaci\u00f3 socioecon\u00f2mica que hi ha.<\/p>\n","protected":false},"excerpt":{"rendered":"<p>L\u2019any 1980 l\u2019Ajuntament de Reus va desenvolupar programes de formaci\u00f3, en virtut dels quals es realitzaven campanyes d\u2019alfabetitzaci\u00f3 i preparaci\u00f3 per a l\u2019obtenci\u00f3 del graduat escolar en diverses aules distribu\u00efdes en locals d\u2019\u00fas social als barris. L\u2019any 1990 es redacta el Pla Local de Formaci\u00f3 d\u2019Adults de Reus, en que es recullen entre d\u2019altres els [&hellip;]<\/p>\n","protected":false},"author":1,"featured_media":0,"parent":261,"menu_order":2,"comment_status":"closed","ping_status":"closed","template":"","meta":{"_bbp_topic_count":0,"_bbp_reply_count":0,"_bbp_total_topic_count":0,"_bbp_total_reply_count":0,"_bbp_voice_count":0,"_bbp_anonymous_reply_count":0,"_bbp_topic_count_hidden":0,"_bbp_reply_count_hidden":0,"_bbp_forum_subforum_count":0,"site-sidebar-layout":"default","site-content-layout":"","ast-site-content-layout":"default","site-content-style":"default","site-sidebar-style":"default","ast-global-header-display":"","ast-banner-title-visibility":"","ast-main-header-display":"","ast-hfb-above-header-display":"","ast-hfb-below-header-display":"","ast-hfb-mobile-header-display":"","site-post-title":"","ast-breadcrumbs-content":"","ast-featured-img":"","footer-sml-layout":"","theme-transparent-header-meta":"","adv-header-id-meta":"","stick-header-meta":"","header-above-stick-meta":"","header-main-stick-meta":"","header-below-stick-meta":"","astra-migrate-meta-layouts":"set","ast-page-background-enabled":"default","ast-page-background-meta":{"desktop":{"background-color":"var(--ast-global-color-4)","background-image":"","background-repeat":"repeat","background-position":"center center","background-size":"auto","background-attachment":"scroll","background-type":"","background-media":"","overlay-type":"","overlay-color":"","overlay-opacity":"","overlay-gradient":""},"tablet":{"background-color":"","background-image":"","background-repeat":"repeat","background-position":"center center","background-size":"auto","background-attachment":"scroll","background-type":"","background-media":"","overlay-type":"","overlay-color":"","overlay-opacity":"","overlay-gradient":""},"mobile":{"background-color":"","background-image":"","background-repeat":"repeat","background-position":"center center","background-size":"auto","background-attachment":"scroll","background-type":"","background-media":"","overlay-type":"","overlay-color":"","overlay-opacity":"","overlay-gradient":""}},"ast-content-background-meta":{"desktop":{"background-color":"var(--ast-global-color-5)","background-image":"","background-repeat":"repeat","background-position":"center center","background-size":"auto","background-attachment":"scroll","background-type":"","background-media":"","overlay-type":"","overlay-color":"","overlay-opacity":"","overlay-gradient":""},"tablet":{"background-color":"var(--ast-global-color-5)","background-image":"","background-repeat":"repeat","background-position":"center center","background-size":"auto","background-attachment":"scroll","background-type":"","background-media":"","overlay-type":"","overlay-color":"","overlay-opacity":"","overlay-gradient":""},"mobile":{"background-color":"var(--ast-global-color-5)","background-image":"","background-repeat":"repeat","background-position":"center center","background-size":"auto","background-attachment":"scroll","background-type":"","background-media":"","overlay-type":"","overlay-color":"","overlay-opacity":"","overlay-gradient":""}},"footnotes":""},"class_list":["post-27","page","type-page","status-publish","hentry"],"post_mailing_queue_ids":[],"_links":{"self":[{"href":"https:\/\/agora.xtec.cat\/cfaescolamartamata\/wp-json\/wp\/v2\/pages\/27","targetHints":{"allow":["GET"]}}],"collection":[{"href":"https:\/\/agora.xtec.cat\/cfaescolamartamata\/wp-json\/wp\/v2\/pages"}],"about":[{"href":"https:\/\/agora.xtec.cat\/cfaescolamartamata\/wp-json\/wp\/v2\/types\/page"}],"author":[{"embeddable":true,"href":"https:\/\/agora.xtec.cat\/cfaescolamartamata\/wp-json\/wp\/v2\/users\/1"}],"replies":[{"embeddable":true,"href":"https:\/\/agora.xtec.cat\/cfaescolamartamata\/wp-json\/wp\/v2\/comments?post=27"}],"version-history":[{"count":3,"href":"https:\/\/agora.xtec.cat\/cfaescolamartamata\/wp-json\/wp\/v2\/pages\/27\/revisions"}],"predecessor-version":[{"id":3327,"href":"https:\/\/agora.xtec.cat\/cfaescolamartamata\/wp-json\/wp\/v2\/pages\/27\/revisions\/3327"}],"up":[{"embeddable":true,"href":"https:\/\/agora.xtec.cat\/cfaescolamartamata\/wp-json\/wp\/v2\/pages\/261"}],"wp:attachment":[{"href":"https:\/\/agora.xtec.cat\/cfaescolamartamata\/wp-json\/wp\/v2\/media?parent=27"}],"curies":[{"name":"wp","href":"https:\/\/api.w.org\/{rel}","templated":true}]}}