{"id":1794,"date":"2021-09-01T13:47:08","date_gmt":"2021-09-01T11:47:08","guid":{"rendered":"https:\/\/agora.xtec.cat\/cfaescolamartamata\/?page_id=1794"},"modified":"2025-06-17T13:21:53","modified_gmt":"2025-06-17T11:21:53","slug":"llengua-catalana-i-llengua-castellana","status":"publish","type":"page","link":"https:\/\/agora.xtec.cat\/cfaescolamartamata\/ensenyaments\/ensenyaments-inicials-i-formacio-basica\/llengua-catalana-i-llengua-castellana\/","title":{"rendered":"Llengua catalana i llengua castellana"},"content":{"rendered":"\n<p class=\"has-white-color has-luminous-vivid-amber-background-color has-text-color has-background has-link-color has-medium-font-size wp-elements-ae808521e2c28b303a130d341cd99962\" style=\"border-radius:15px\"><strong>Descripci\u00f3<\/strong><\/p>\n\n\n\n<p style=\"padding-right:var(--wp--preset--spacing--40);padding-left:var(--wp--preset--spacing--40)\">Aquests estudis tenen com a objectiu que les persones adultes assoleixin un grau de compet\u00e8ncia b\u00e0sica per a comunicar-se en llengua castellana i s&#8217;imparteixen en tres nivells: llengua catalana\/castellana nivell 1, 2 i 3, que corresponen als nivells A1, A2 i B1 del MECR (Marc europeu com\u00fa de refer\u00e8ncia per a les lleng\u00fces).<\/p>\n\n\n\n<p class=\"has-white-color has-luminous-vivid-orange-background-color has-text-color has-background has-link-color has-medium-font-size wp-elements-a93d98dfd0702ba35d745318f640b144\" style=\"border-radius:15px\"><strong>Durada<\/strong><\/p>\n\n\n\n<ul class=\"wp-block-list\">\n<li>Nivell 1: 105 hores<\/li>\n\n\n\n<li>Nivell 2: 140 hores<\/li>\n\n\n\n<li>Nivell 3: 140 hores<\/li>\n<\/ul>\n\n\n\n<p class=\"has-white-color has-ast-global-color-1-background-color has-text-color has-background has-link-color has-medium-font-size wp-elements-959bcb3d948e5ef5997c8cde0641071f\" style=\"border-radius:15px\"><strong>Acc\u00e9s<\/strong><\/p>\n\n\n\n<p style=\"padding-right:var(--wp--preset--spacing--40);padding-left:var(--wp--preset--spacing--40)\">Tenir 18 anys complerts l&#8217;any d&#8217;inici del curs.<\/p>\n\n\n\n<p class=\"has-white-color has-ast-global-color-0-background-color has-text-color has-background has-link-color has-medium-font-size wp-elements-ae86d5a28be14282b04a5a105d998b49\" style=\"border-radius:15px\"><b><strong>Normativa<\/strong><\/b><\/p>\n\n\n\n<p style=\"padding-right:var(--wp--preset--spacing--40);padding-left:var(--wp--preset--spacing--40)\"><a href=\"https:\/\/triaeducativa.gencat.cat\/web\/.content\/al-llarg-vida\/normativa\/resolucio-curriculums-llengues-cfa.pdf\" target=\"_blank\" rel=\"noopener\"><b>Resoluci\u00f3 de 10 de maig de 2013<\/b><\/a><span style=\"font-weight: 400;\">, per la qual s&#8217;estableixen els curr\u00edculums dels ensenyaments corresponents a llengua catalana i castellana, llengua occitana, denominada aran\u00e8s a l&#8217;Aran, i a les lleng\u00fces estrangeres, d&#8217;aplicaci\u00f3 als centres de formaci\u00f3 d&#8217;adults que depenen del Departament d&#8217;Ensenyament.<\/span><\/p>\n\n\n\n<p><\/p>\n","protected":false},"excerpt":{"rendered":"<p>Descripci\u00f3 Aquests estudis tenen com a objectiu que les persones adultes assoleixin un grau de compet\u00e8ncia b\u00e0sica per a comunicar-se en llengua castellana i s&#8217;imparteixen en tres nivells: llengua catalana\/castellana nivell 1, 2 i 3, que corresponen als nivells A1, A2 i B1 del MECR (Marc europeu com\u00fa de refer\u00e8ncia per a les lleng\u00fces). Durada [&hellip;]<\/p>\n","protected":false},"author":3,"featured_media":0,"parent":283,"menu_order":1,"comment_status":"closed","ping_status":"closed","template":"","meta":{"_bbp_topic_count":0,"_bbp_reply_count":0,"_bbp_total_topic_count":0,"_bbp_total_reply_count":0,"_bbp_voice_count":0,"_bbp_anonymous_reply_count":0,"_bbp_topic_count_hidden":0,"_bbp_reply_count_hidden":0,"_bbp_forum_subforum_count":0,"site-sidebar-layout":"default","site-content-layout":"","ast-site-content-layout":"default","site-content-style":"default","site-sidebar-style":"default","ast-global-header-display":"","ast-banner-title-visibility":"","ast-main-header-display":"","ast-hfb-above-header-display":"","ast-hfb-below-header-display":"","ast-hfb-mobile-header-display":"","site-post-title":"","ast-breadcrumbs-content":"","ast-featured-img":"","footer-sml-layout":"","theme-transparent-header-meta":"","adv-header-id-meta":"","stick-header-meta":"","header-above-stick-meta":"","header-main-stick-meta":"","header-below-stick-meta":"","astra-migrate-meta-layouts":"set","ast-page-background-enabled":"default","ast-page-background-meta":{"desktop":{"background-color":"var(--ast-global-color-4)","background-image":"","background-repeat":"repeat","background-position":"center center","background-size":"auto","background-attachment":"scroll","background-type":"","background-media":"","overlay-type":"","overlay-color":"","overlay-opacity":"","overlay-gradient":""},"tablet":{"background-color":"","background-image":"","background-repeat":"repeat","background-position":"center center","background-size":"auto","background-attachment":"scroll","background-type":"","background-media":"","overlay-type":"","overlay-color":"","overlay-opacity":"","overlay-gradient":""},"mobile":{"background-color":"","background-image":"","background-repeat":"repeat","background-position":"center center","background-size":"auto","background-attachment":"scroll","background-type":"","background-media":"","overlay-type":"","overlay-color":"","overlay-opacity":"","overlay-gradient":""}},"ast-content-background-meta":{"desktop":{"background-color":"var(--ast-global-color-5)","background-image":"","background-repeat":"repeat","background-position":"center center","background-size":"auto","background-attachment":"scroll","background-type":"","background-media":"","overlay-type":"","overlay-color":"","overlay-opacity":"","overlay-gradient":""},"tablet":{"background-color":"var(--ast-global-color-5)","background-image":"","background-repeat":"repeat","background-position":"center center","background-size":"auto","background-attachment":"scroll","background-type":"","background-media":"","overlay-type":"","overlay-color":"","overlay-opacity":"","overlay-gradient":""},"mobile":{"background-color":"var(--ast-global-color-5)","background-image":"","background-repeat":"repeat","background-position":"center center","background-size":"auto","background-attachment":"scroll","background-type":"","background-media":"","overlay-type":"","overlay-color":"","overlay-opacity":"","overlay-gradient":""}},"footnotes":""},"class_list":["post-1794","page","type-page","status-publish","hentry"],"post_mailing_queue_ids":[],"_links":{"self":[{"href":"https:\/\/agora.xtec.cat\/cfaescolamartamata\/wp-json\/wp\/v2\/pages\/1794","targetHints":{"allow":["GET"]}}],"collection":[{"href":"https:\/\/agora.xtec.cat\/cfaescolamartamata\/wp-json\/wp\/v2\/pages"}],"about":[{"href":"https:\/\/agora.xtec.cat\/cfaescolamartamata\/wp-json\/wp\/v2\/types\/page"}],"author":[{"embeddable":true,"href":"https:\/\/agora.xtec.cat\/cfaescolamartamata\/wp-json\/wp\/v2\/users\/3"}],"replies":[{"embeddable":true,"href":"https:\/\/agora.xtec.cat\/cfaescolamartamata\/wp-json\/wp\/v2\/comments?post=1794"}],"version-history":[{"count":6,"href":"https:\/\/agora.xtec.cat\/cfaescolamartamata\/wp-json\/wp\/v2\/pages\/1794\/revisions"}],"predecessor-version":[{"id":3344,"href":"https:\/\/agora.xtec.cat\/cfaescolamartamata\/wp-json\/wp\/v2\/pages\/1794\/revisions\/3344"}],"up":[{"embeddable":true,"href":"https:\/\/agora.xtec.cat\/cfaescolamartamata\/wp-json\/wp\/v2\/pages\/283"}],"wp:attachment":[{"href":"https:\/\/agora.xtec.cat\/cfaescolamartamata\/wp-json\/wp\/v2\/media?parent=1794"}],"curies":[{"name":"wp","href":"https:\/\/api.w.org\/{rel}","templated":true}]}}