{"id":2344,"date":"2025-12-13T14:43:23","date_gmt":"2025-12-13T13:43:23","guid":{"rendered":"https:\/\/agora.xtec.cat\/cfaelcarmel\/?page_id=2344"},"modified":"2025-12-15T12:46:12","modified_gmt":"2025-12-15T11:46:12","slug":"carta-de-compromis","status":"publish","type":"page","link":"https:\/\/agora.xtec.cat\/cfaelcarmel\/alumnat\/carta-de-compromis\/","title":{"rendered":"Carta de comprom\u00eds"},"content":{"rendered":"<p>La Carta de comprom\u00eds educatiu del CFA El Carmel \u00e9s el document que estableix els compromisos compartits entre el centre, l\u2019alumnat i, si escau, les fam\u00edlies, amb l\u2019objectiu de garantir una formaci\u00f3 basada en el respecte, la responsabilitat i la conviv\u00e8ncia. Aquest document recull els drets i deures de totes les parts i afavoreix un entorn educatiu positiu i de qualitat. La podeu consultar <a href=\"https:\/\/docs.google.com\/document\/d\/1Ko9hsfIJCjczto4iQcu_rPapp5vC-5my\/edit?usp=sharing&amp;ouid=113135727900673995327&amp;rtpof=true&amp;sd=true\">aqu\u00ed\u00a0<\/a><\/p>\n","protected":false},"excerpt":{"rendered":"<p>La Carta de comprom\u00eds educatiu del CFA El Carmel \u00e9s el document que estableix els compromisos compartits entre el centre, l\u2019alumnat i, si escau, les fam\u00edlies, amb l\u2019objectiu de garantir una formaci\u00f3 basada en el respecte, la responsabilitat i la conviv\u00e8ncia. Aquest document recull els drets i deures de totes les parts i afavoreix un [&hellip;]<\/p>\n","protected":false},"author":1,"featured_media":0,"parent":2096,"menu_order":1,"comment_status":"closed","ping_status":"closed","template":"","meta":{"_bbp_topic_count":0,"_bbp_reply_count":0,"_bbp_total_topic_count":0,"_bbp_total_reply_count":0,"_bbp_voice_count":0,"_bbp_anonymous_reply_count":0,"_bbp_topic_count_hidden":0,"_bbp_reply_count_hidden":0,"_bbp_forum_subforum_count":0,"site-sidebar-layout":"default","site-content-layout":"","ast-site-content-layout":"default","site-content-style":"default","site-sidebar-style":"default","ast-global-header-display":"","ast-banner-title-visibility":"","ast-main-header-display":"","ast-hfb-above-header-display":"","ast-hfb-below-header-display":"","ast-hfb-mobile-header-display":"","site-post-title":"","ast-breadcrumbs-content":"","ast-featured-img":"","footer-sml-layout":"","theme-transparent-header-meta":"default","adv-header-id-meta":"","stick-header-meta":"","header-above-stick-meta":"","header-main-stick-meta":"","header-below-stick-meta":"","astra-migrate-meta-layouts":"set","ast-page-background-enabled":"default","ast-page-background-meta":{"desktop":{"background-color":"var(--ast-global-color-4)","background-image":"","background-repeat":"repeat","background-position":"center center","background-size":"auto","background-attachment":"scroll","background-type":"","background-media":"","overlay-type":"","overlay-color":"","overlay-opacity":"","overlay-gradient":""},"tablet":{"background-color":"","background-image":"","background-repeat":"repeat","background-position":"center center","background-size":"auto","background-attachment":"scroll","background-type":"","background-media":"","overlay-type":"","overlay-color":"","overlay-opacity":"","overlay-gradient":""},"mobile":{"background-color":"","background-image":"","background-repeat":"repeat","background-position":"center center","background-size":"auto","background-attachment":"scroll","background-type":"","background-media":"","overlay-type":"","overlay-color":"","overlay-opacity":"","overlay-gradient":""}},"ast-content-background-meta":{"desktop":{"background-color":"var(--ast-global-color-5)","background-image":"","background-repeat":"repeat","background-position":"center center","background-size":"auto","background-attachment":"scroll","background-type":"","background-media":"","overlay-type":"","overlay-color":"","overlay-opacity":"","overlay-gradient":""},"tablet":{"background-color":"var(--ast-global-color-5)","background-image":"","background-repeat":"repeat","background-position":"center center","background-size":"auto","background-attachment":"scroll","background-type":"","background-media":"","overlay-type":"","overlay-color":"","overlay-opacity":"","overlay-gradient":""},"mobile":{"background-color":"var(--ast-global-color-5)","background-image":"","background-repeat":"repeat","background-position":"center center","background-size":"auto","background-attachment":"scroll","background-type":"","background-media":"","overlay-type":"","overlay-color":"","overlay-opacity":"","overlay-gradient":""}},"footnotes":""},"class_list":["post-2344","page","type-page","status-publish","hentry"],"post_mailing_queue_ids":[],"_links":{"self":[{"href":"https:\/\/agora.xtec.cat\/cfaelcarmel\/wp-json\/wp\/v2\/pages\/2344","targetHints":{"allow":["GET"]}}],"collection":[{"href":"https:\/\/agora.xtec.cat\/cfaelcarmel\/wp-json\/wp\/v2\/pages"}],"about":[{"href":"https:\/\/agora.xtec.cat\/cfaelcarmel\/wp-json\/wp\/v2\/types\/page"}],"author":[{"embeddable":true,"href":"https:\/\/agora.xtec.cat\/cfaelcarmel\/wp-json\/wp\/v2\/users\/1"}],"replies":[{"embeddable":true,"href":"https:\/\/agora.xtec.cat\/cfaelcarmel\/wp-json\/wp\/v2\/comments?post=2344"}],"version-history":[{"count":2,"href":"https:\/\/agora.xtec.cat\/cfaelcarmel\/wp-json\/wp\/v2\/pages\/2344\/revisions"}],"predecessor-version":[{"id":2451,"href":"https:\/\/agora.xtec.cat\/cfaelcarmel\/wp-json\/wp\/v2\/pages\/2344\/revisions\/2451"}],"up":[{"embeddable":true,"href":"https:\/\/agora.xtec.cat\/cfaelcarmel\/wp-json\/wp\/v2\/pages\/2096"}],"wp:attachment":[{"href":"https:\/\/agora.xtec.cat\/cfaelcarmel\/wp-json\/wp\/v2\/media?parent=2344"}],"curies":[{"name":"wp","href":"https:\/\/api.w.org\/{rel}","templated":true}]}}