{"id":2342,"date":"2025-12-13T14:42:18","date_gmt":"2025-12-13T13:42:18","guid":{"rendered":"https:\/\/agora.xtec.cat\/cfaelcarmel\/?page_id=2342"},"modified":"2025-12-13T15:32:52","modified_gmt":"2025-12-13T14:32:52","slug":"eines","status":"publish","type":"page","link":"https:\/\/agora.xtec.cat\/cfaelcarmel\/alumnat\/eines\/","title":{"rendered":"Eines per treballar"},"content":{"rendered":"<p>Les eines que fem servir a l&#8217;escola s\u00f3n:<\/p>\n<table style=\"border-collapse: collapse; width: 100%; height: 20px;\">\n<tbody>\n<tr style=\"height: 140px;\">\n<td style=\"width: 20%; height: 10px; text-align: center;\"><a href=\"https:\/\/accounts.google.com\/v3\/signin\/accountchooser?continue=https%3A%2F%2Fmail.google.com%2Fmail%2F&amp;ec=asw-gmail-globalnav-signin&amp;flowEntry=AccountChooser&amp;flowName=GlifWebSignIn&amp;service=mail&amp;dsh=S1528988839%3A1765634544683145\"><img loading=\"lazy\" decoding=\"async\" class=\"alignleft size-full wp-image-2367\" src=\"https:\/\/agora.xtec.cat\/cfaelcarmel\/wp-content\/uploads\/usu53\/2025\/12\/Disseny-sense-titol-1.png\" alt=\"\" width=\"292\" height=\"253\" \/><\/a><\/td>\n<td style=\"width: 21.1096%; height: 10px; text-align: center;\"><a href=\"https:\/\/accounts.google.com\/ServiceLogin?continue=https%3A%2F%2Fclassroom.google.com&amp;passive=true\"><img loading=\"lazy\" decoding=\"async\" class=\"alignleft size-full wp-image-2368\" src=\"https:\/\/agora.xtec.cat\/cfaelcarmel\/wp-content\/uploads\/usu53\/2025\/12\/Disseny-sense-titol-2.png\" alt=\"\" width=\"292\" height=\"253\" \/><\/a><\/td>\n<td style=\"width: 18.8904%; height: 10px; text-align: center;\"><a href=\"https:\/\/englishfile4e-pen-test.np.oxfordonlinepractice.com\/app\/\"><img loading=\"lazy\" decoding=\"async\" class=\"alignleft size-full wp-image-2369\" src=\"https:\/\/agora.xtec.cat\/cfaelcarmel\/wp-content\/uploads\/usu53\/2025\/12\/Disseny-sense-titol-3.png\" alt=\"\" width=\"292\" height=\"253\" \/><\/a><\/td>\n<td style=\"width: 20%; height: 10px; text-align: center;\"><a href=\"https:\/\/www.canva.com\/ca_es\/\"><img loading=\"lazy\" decoding=\"async\" class=\"alignleft size-full wp-image-2370\" src=\"https:\/\/agora.xtec.cat\/cfaelcarmel\/wp-content\/uploads\/usu53\/2025\/12\/Disseny-sense-titol-4.png\" alt=\"\" width=\"292\" height=\"253\" \/><\/a><\/td>\n<\/tr>\n<tr style=\"height: 10px;\">\n<td style=\"width: 20%; height: 10px; text-align: center;\"><a style=\"font-size: 16px; font-family: inherit; background-color: #ffffff;\" href=\"https:\/\/accounts.google.com\/v3\/signin\/accountchooser?continue=https%3A%2F%2Fmail.google.com%2Fmail%2F&amp;ec=asw-gmail-globalnav-signin&amp;flowEntry=AccountChooser&amp;flowName=GlifWebSignIn&amp;service=mail&amp;dsh=S1528988839%3A1765634544683145\">Correu electr\u00f2nic<\/a><\/td>\n<td style=\"width: 21.1096%; height: 10px; text-align: center;\"><a href=\"https:\/\/accounts.google.com\/ServiceLogin?continue=https%3A%2F%2Fclassroom.google.com&amp;passive=true\">Google Classroom<\/a><\/td>\n<td style=\"width: 18.8904%; height: 10px; text-align: center;\"><a href=\"https:\/\/englishfile4e-pen-test.np.oxfordonlinepractice.com\/app\/\">Plataforma llibre <\/a>(Angl\u00e8s I, II i III)<\/td>\n<td style=\"width: 20%; height: 10px; text-align: center;\"><a href=\"https:\/\/www.canva.com\/ca_es\/\">Canva <\/a>(Competic i MEIJN)<\/td>\n<\/tr>\n<\/tbody>\n<\/table>\n<table style=\"border-collapse: collapse; width: 100%; height: 20px;\">\n<tbody>\n<tr style=\"height: 140px;\">\n<td style=\"width: 20%; height: 10px; text-align: center;\"><a href=\"https:\/\/ca.libreoffice.org\/\"><img loading=\"lazy\" decoding=\"async\" class=\"alignleft size-full wp-image-2371\" src=\"https:\/\/agora.xtec.cat\/cfaelcarmel\/wp-content\/uploads\/usu53\/2025\/12\/Disseny-sense-titol-5.png\" alt=\"\" width=\"292\" height=\"253\" \/><\/a><\/td>\n<td style=\"width: 21.1096%; height: 10px; text-align: center;\"><img loading=\"lazy\" decoding=\"async\" class=\"alignleft size-full wp-image-2372\" src=\"https:\/\/agora.xtec.cat\/cfaelcarmel\/wp-content\/uploads\/usu53\/2025\/12\/Disseny-sense-titol-6.png\" alt=\"\" width=\"292\" height=\"253\" \/><\/td>\n<td style=\"width: 18.8904%; height: 10px; text-align: center;\"><\/td>\n<td style=\"width: 20%; height: 10px; text-align: center;\"><\/td>\n<\/tr>\n<tr style=\"height: 10px;\">\n<td style=\"width: 20%; height: 10px; text-align: center;\"><a href=\"https:\/\/ca.libreoffice.org\/\">LibreOffice <\/a>(Competic i MEIJN)<\/td>\n<td style=\"width: 21.1096%; height: 10px; text-align: center;\">Microsoft Office 2016 (Competic i MEIJN)<\/td>\n<td style=\"width: 18.8904%; height: 10px; text-align: center;\"><\/td>\n<td style=\"width: 20%; height: 10px; text-align: center;\"><\/td>\n<\/tr>\n<\/tbody>\n<\/table>\n<p>&nbsp;<\/p>\n<p>g<\/p>\n","protected":false},"excerpt":{"rendered":"<p>Les eines que fem servir a l&#8217;escola s\u00f3n: Correu electr\u00f2nic Google Classroom Plataforma llibre (Angl\u00e8s I, II i III) Canva (Competic i MEIJN) LibreOffice (Competic i MEIJN) Microsoft Office 2016 (Competic i MEIJN) &nbsp; g<\/p>\n","protected":false},"author":1,"featured_media":0,"parent":2096,"menu_order":3,"comment_status":"closed","ping_status":"closed","template":"","meta":{"_bbp_topic_count":0,"_bbp_reply_count":0,"_bbp_total_topic_count":0,"_bbp_total_reply_count":0,"_bbp_voice_count":0,"_bbp_anonymous_reply_count":0,"_bbp_topic_count_hidden":0,"_bbp_reply_count_hidden":0,"_bbp_forum_subforum_count":0,"site-sidebar-layout":"default","site-content-layout":"","ast-site-content-layout":"default","site-content-style":"default","site-sidebar-style":"default","ast-global-header-display":"","ast-banner-title-visibility":"","ast-main-header-display":"","ast-hfb-above-header-display":"","ast-hfb-below-header-display":"","ast-hfb-mobile-header-display":"","site-post-title":"","ast-breadcrumbs-content":"","ast-featured-img":"","footer-sml-layout":"","theme-transparent-header-meta":"default","adv-header-id-meta":"","stick-header-meta":"","header-above-stick-meta":"","header-main-stick-meta":"","header-below-stick-meta":"","astra-migrate-meta-layouts":"set","ast-page-background-enabled":"default","ast-page-background-meta":{"desktop":{"background-color":"var(--ast-global-color-4)","background-image":"","background-repeat":"repeat","background-position":"center center","background-size":"auto","background-attachment":"scroll","background-type":"","background-media":"","overlay-type":"","overlay-color":"","overlay-opacity":"","overlay-gradient":""},"tablet":{"background-color":"","background-image":"","background-repeat":"repeat","background-position":"center center","background-size":"auto","background-attachment":"scroll","background-type":"","background-media":"","overlay-type":"","overlay-color":"","overlay-opacity":"","overlay-gradient":""},"mobile":{"background-color":"","background-image":"","background-repeat":"repeat","background-position":"center center","background-size":"auto","background-attachment":"scroll","background-type":"","background-media":"","overlay-type":"","overlay-color":"","overlay-opacity":"","overlay-gradient":""}},"ast-content-background-meta":{"desktop":{"background-color":"var(--ast-global-color-5)","background-image":"","background-repeat":"repeat","background-position":"center center","background-size":"auto","background-attachment":"scroll","background-type":"","background-media":"","overlay-type":"","overlay-color":"","overlay-opacity":"","overlay-gradient":""},"tablet":{"background-color":"var(--ast-global-color-5)","background-image":"","background-repeat":"repeat","background-position":"center center","background-size":"auto","background-attachment":"scroll","background-type":"","background-media":"","overlay-type":"","overlay-color":"","overlay-opacity":"","overlay-gradient":""},"mobile":{"background-color":"var(--ast-global-color-5)","background-image":"","background-repeat":"repeat","background-position":"center center","background-size":"auto","background-attachment":"scroll","background-type":"","background-media":"","overlay-type":"","overlay-color":"","overlay-opacity":"","overlay-gradient":""}},"footnotes":""},"class_list":["post-2342","page","type-page","status-publish","hentry"],"post_mailing_queue_ids":[],"_links":{"self":[{"href":"https:\/\/agora.xtec.cat\/cfaelcarmel\/wp-json\/wp\/v2\/pages\/2342","targetHints":{"allow":["GET"]}}],"collection":[{"href":"https:\/\/agora.xtec.cat\/cfaelcarmel\/wp-json\/wp\/v2\/pages"}],"about":[{"href":"https:\/\/agora.xtec.cat\/cfaelcarmel\/wp-json\/wp\/v2\/types\/page"}],"author":[{"embeddable":true,"href":"https:\/\/agora.xtec.cat\/cfaelcarmel\/wp-json\/wp\/v2\/users\/1"}],"replies":[{"embeddable":true,"href":"https:\/\/agora.xtec.cat\/cfaelcarmel\/wp-json\/wp\/v2\/comments?post=2342"}],"version-history":[{"count":7,"href":"https:\/\/agora.xtec.cat\/cfaelcarmel\/wp-json\/wp\/v2\/pages\/2342\/revisions"}],"predecessor-version":[{"id":2380,"href":"https:\/\/agora.xtec.cat\/cfaelcarmel\/wp-json\/wp\/v2\/pages\/2342\/revisions\/2380"}],"up":[{"embeddable":true,"href":"https:\/\/agora.xtec.cat\/cfaelcarmel\/wp-json\/wp\/v2\/pages\/2096"}],"wp:attachment":[{"href":"https:\/\/agora.xtec.cat\/cfaelcarmel\/wp-json\/wp\/v2\/media?parent=2342"}],"curies":[{"name":"wp","href":"https:\/\/api.w.org\/{rel}","templated":true}]}}