{"id":2176,"date":"2025-12-12T19:31:55","date_gmt":"2025-12-12T18:31:55","guid":{"rendered":"https:\/\/agora.xtec.cat\/cfaelcarmel\/?page_id=2176"},"modified":"2025-12-12T21:19:48","modified_gmt":"2025-12-12T20:19:48","slug":"estudia-amb-nosaltres-4","status":"publish","type":"page","link":"https:\/\/agora.xtec.cat\/cfaelcarmel\/estudia-amb-nosaltres-4\/","title":{"rendered":"Estudia amb nosaltres"},"content":{"rendered":"<p data-start=\"125\" data-end=\"318\">Per a informaci\u00f3 sobre els nostres ensenyaments: Formaci\u00f3 Instrumental, Formaci\u00f3 B\u00e0sica, Catal\u00e0, Castell\u00e0, Angl\u00e8s, MEIJN i COMPETIC (Inform\u00e0tica), podeu contactar amb <strong data-start=\"290\" data-end=\"317\"><a class=\"decorated-link cursor-pointer\" rel=\"noopener\" data-start=\"292\" data-end=\"315\">orientacio@eacarmel.cat<\/a><\/strong>.<\/p>\n<p data-start=\"320\" data-end=\"477\">A trav\u00e9s d\u2019aquest correu podreu sol\u00b7licitar les <strong data-start=\"368\" data-end=\"386\">places vacants<\/strong> i tamb\u00e9 inscriure-us a la <strong data-start=\"413\" data-end=\"432\">llista d\u2019espera<\/strong>, que s\u2019assignar\u00e0 per <strong data-start=\"454\" data-end=\"476\">ordre d\u2019inscripci\u00f3<\/strong>.<\/p>\n","protected":false},"excerpt":{"rendered":"<p>Per a informaci\u00f3 sobre els nostres ensenyaments: Formaci\u00f3 Instrumental, Formaci\u00f3 B\u00e0sica, Catal\u00e0, Castell\u00e0, Angl\u00e8s, MEIJN i COMPETIC (Inform\u00e0tica), podeu contactar amb orientacio@eacarmel.cat. A trav\u00e9s d\u2019aquest correu podreu sol\u00b7licitar les places vacants i tamb\u00e9 inscriure-us a la llista d\u2019espera, que s\u2019assignar\u00e0 per ordre d\u2019inscripci\u00f3.<\/p>\n","protected":false},"author":1,"featured_media":0,"parent":0,"menu_order":0,"comment_status":"closed","ping_status":"closed","template":"","meta":{"_bbp_topic_count":0,"_bbp_reply_count":0,"_bbp_total_topic_count":0,"_bbp_total_reply_count":0,"_bbp_voice_count":0,"_bbp_anonymous_reply_count":0,"_bbp_topic_count_hidden":0,"_bbp_reply_count_hidden":0,"_bbp_forum_subforum_count":0,"site-sidebar-layout":"no-sidebar","site-content-layout":"","ast-site-content-layout":"default","site-content-style":"default","site-sidebar-style":"default","ast-global-header-display":"","ast-banner-title-visibility":"","ast-main-header-display":"","ast-hfb-above-header-display":"","ast-hfb-below-header-display":"","ast-hfb-mobile-header-display":"","site-post-title":"","ast-breadcrumbs-content":"","ast-featured-img":"","footer-sml-layout":"","theme-transparent-header-meta":"default","adv-header-id-meta":"","stick-header-meta":"","header-above-stick-meta":"","header-main-stick-meta":"","header-below-stick-meta":"","astra-migrate-meta-layouts":"set","ast-page-background-enabled":"default","ast-page-background-meta":{"desktop":{"background-color":"var(--ast-global-color-4)","background-image":"","background-repeat":"repeat","background-position":"center center","background-size":"auto","background-attachment":"scroll","background-type":"","background-media":"","overlay-type":"","overlay-color":"","overlay-opacity":"","overlay-gradient":""},"tablet":{"background-color":"","background-image":"","background-repeat":"repeat","background-position":"center center","background-size":"auto","background-attachment":"scroll","background-type":"","background-media":"","overlay-type":"","overlay-color":"","overlay-opacity":"","overlay-gradient":""},"mobile":{"background-color":"","background-image":"","background-repeat":"repeat","background-position":"center center","background-size":"auto","background-attachment":"scroll","background-type":"","background-media":"","overlay-type":"","overlay-color":"","overlay-opacity":"","overlay-gradient":""}},"ast-content-background-meta":{"desktop":{"background-color":"var(--ast-global-color-5)","background-image":"","background-repeat":"repeat","background-position":"center center","background-size":"auto","background-attachment":"scroll","background-type":"","background-media":"","overlay-type":"","overlay-color":"","overlay-opacity":"","overlay-gradient":""},"tablet":{"background-color":"var(--ast-global-color-5)","background-image":"","background-repeat":"repeat","background-position":"center center","background-size":"auto","background-attachment":"scroll","background-type":"","background-media":"","overlay-type":"","overlay-color":"","overlay-opacity":"","overlay-gradient":""},"mobile":{"background-color":"var(--ast-global-color-5)","background-image":"","background-repeat":"repeat","background-position":"center center","background-size":"auto","background-attachment":"scroll","background-type":"","background-media":"","overlay-type":"","overlay-color":"","overlay-opacity":"","overlay-gradient":""}},"footnotes":""},"class_list":["post-2176","page","type-page","status-publish","hentry"],"post_mailing_queue_ids":[],"_links":{"self":[{"href":"https:\/\/agora.xtec.cat\/cfaelcarmel\/wp-json\/wp\/v2\/pages\/2176","targetHints":{"allow":["GET"]}}],"collection":[{"href":"https:\/\/agora.xtec.cat\/cfaelcarmel\/wp-json\/wp\/v2\/pages"}],"about":[{"href":"https:\/\/agora.xtec.cat\/cfaelcarmel\/wp-json\/wp\/v2\/types\/page"}],"author":[{"embeddable":true,"href":"https:\/\/agora.xtec.cat\/cfaelcarmel\/wp-json\/wp\/v2\/users\/1"}],"replies":[{"embeddable":true,"href":"https:\/\/agora.xtec.cat\/cfaelcarmel\/wp-json\/wp\/v2\/comments?post=2176"}],"version-history":[{"count":4,"href":"https:\/\/agora.xtec.cat\/cfaelcarmel\/wp-json\/wp\/v2\/pages\/2176\/revisions"}],"predecessor-version":[{"id":2287,"href":"https:\/\/agora.xtec.cat\/cfaelcarmel\/wp-json\/wp\/v2\/pages\/2176\/revisions\/2287"}],"wp:attachment":[{"href":"https:\/\/agora.xtec.cat\/cfaelcarmel\/wp-json\/wp\/v2\/media?parent=2176"}],"curies":[{"name":"wp","href":"https:\/\/api.w.org\/{rel}","templated":true}]}}