{"id":2130,"date":"2025-12-12T19:24:57","date_gmt":"2025-12-12T18:24:57","guid":{"rendered":"https:\/\/agora.xtec.cat\/cfaelcarmel\/?page_id=2130"},"modified":"2026-01-03T12:23:40","modified_gmt":"2026-01-03T11:23:40","slug":"llengues","status":"publish","type":"page","link":"https:\/\/agora.xtec.cat\/cfaelcarmel\/oferta-formativa-2\/llengues\/","title":{"rendered":"Lleng\u00fces"},"content":{"rendered":"<p><img loading=\"lazy\" decoding=\"async\" class=\"wp-image-2562 alignright\" src=\"https:\/\/agora.xtec.cat\/cfaelcarmel\/wp-content\/uploads\/usu53\/2025\/12\/Cursos_cat_cast_CAT_1.jpg\" alt=\"\" width=\"260\" height=\"368\" srcset=\"https:\/\/agora.xtec.cat\/cfaelcarmel\/wp-content\/uploads\/usu53\/2025\/12\/Cursos_cat_cast_CAT_1.jpg 1750w, https:\/\/agora.xtec.cat\/cfaelcarmel\/wp-content\/uploads\/usu53\/2025\/12\/Cursos_cat_cast_CAT_1-212x300.jpg 212w, https:\/\/agora.xtec.cat\/cfaelcarmel\/wp-content\/uploads\/usu53\/2025\/12\/Cursos_cat_cast_CAT_1-722x1024.jpg 722w, https:\/\/agora.xtec.cat\/cfaelcarmel\/wp-content\/uploads\/usu53\/2025\/12\/Cursos_cat_cast_CAT_1-768x1089.jpg 768w, https:\/\/agora.xtec.cat\/cfaelcarmel\/wp-content\/uploads\/usu53\/2025\/12\/Cursos_cat_cast_CAT_1-1083x1536.jpg 1083w, https:\/\/agora.xtec.cat\/cfaelcarmel\/wp-content\/uploads\/usu53\/2025\/12\/Cursos_cat_cast_CAT_1-1445x2048.jpg 1445w\" sizes=\"auto, (max-width: 260px) 100vw, 260px\" \/>El nostre centre ofereix ensenyaments de lleng\u00fces d\u2019acord amb els nivells del Marc Europeu Com\u00fa de Refer\u00e8ncia per a les Lleng\u00fces (MECR):<\/p>\n<ul>\n<li><a href=\"https:\/\/agora.xtec.cat\/cfaelcarmel\/oferta-formativa-2\/llengues\/catala\/\">Llengua catalana<\/a>: nivells 1 i 2<\/li>\n<li><a href=\"https:\/\/agora.xtec.cat\/cfaelcarmel\/oferta-formativa-2\/llengues\/castella\/\">Llengua castellana<\/a>: nivells 1, 2 i 3<\/li>\n<li><a href=\"https:\/\/agora.xtec.cat\/cfaelcarmel\/oferta-formativa-2\/llengues\/angles\/\">Llengua anglesa<\/a> (English): nivells 1, 2 i 3<\/li>\n<\/ul>\n<p>Aquests ensenyaments tenen com a finalitat l\u2019adquisici\u00f3 de la compet\u00e8ncia comunicativa ling\u00fc\u00edstica, amb l\u2019objectiu de formar parlants capa\u00e7os de comunicar-se amb suficient flu\u00efdesa per resoldre la major part de situacions de la vida quotidiana, tant en l\u2019expressi\u00f3 com en la comprensi\u00f3, oral i escrita.<\/p>\n<p>L\u2019objectiu principal \u00e9s que l\u2019alumnat assoleixi un grau d\u2019autonomia que li permeti respondre a les seves necessitats personals i professionals.<\/p>\n","protected":false},"excerpt":{"rendered":"<p>El nostre centre ofereix ensenyaments de lleng\u00fces d\u2019acord amb els nivells del Marc Europeu Com\u00fa de Refer\u00e8ncia per a les Lleng\u00fces (MECR): Llengua catalana: nivells 1 i 2 Llengua castellana: nivells 1, 2 i 3 Llengua anglesa (English): nivells 1, 2 i 3 Aquests ensenyaments tenen com a finalitat l\u2019adquisici\u00f3 de la compet\u00e8ncia comunicativa ling\u00fc\u00edstica, [&hellip;]<\/p>\n","protected":false},"author":1,"featured_media":0,"parent":2093,"menu_order":3,"comment_status":"closed","ping_status":"closed","template":"","meta":{"_bbp_topic_count":0,"_bbp_reply_count":0,"_bbp_total_topic_count":0,"_bbp_total_reply_count":0,"_bbp_voice_count":0,"_bbp_anonymous_reply_count":0,"_bbp_topic_count_hidden":0,"_bbp_reply_count_hidden":0,"_bbp_forum_subforum_count":0,"site-sidebar-layout":"default","site-content-layout":"","ast-site-content-layout":"default","site-content-style":"default","site-sidebar-style":"default","ast-global-header-display":"","ast-banner-title-visibility":"","ast-main-header-display":"","ast-hfb-above-header-display":"","ast-hfb-below-header-display":"","ast-hfb-mobile-header-display":"","site-post-title":"","ast-breadcrumbs-content":"","ast-featured-img":"","footer-sml-layout":"","theme-transparent-header-meta":"default","adv-header-id-meta":"","stick-header-meta":"","header-above-stick-meta":"","header-main-stick-meta":"","header-below-stick-meta":"","astra-migrate-meta-layouts":"set","ast-page-background-enabled":"default","ast-page-background-meta":{"desktop":{"background-color":"var(--ast-global-color-4)","background-image":"","background-repeat":"repeat","background-position":"center center","background-size":"auto","background-attachment":"scroll","background-type":"","background-media":"","overlay-type":"","overlay-color":"","overlay-opacity":"","overlay-gradient":""},"tablet":{"background-color":"","background-image":"","background-repeat":"repeat","background-position":"center center","background-size":"auto","background-attachment":"scroll","background-type":"","background-media":"","overlay-type":"","overlay-color":"","overlay-opacity":"","overlay-gradient":""},"mobile":{"background-color":"","background-image":"","background-repeat":"repeat","background-position":"center center","background-size":"auto","background-attachment":"scroll","background-type":"","background-media":"","overlay-type":"","overlay-color":"","overlay-opacity":"","overlay-gradient":""}},"ast-content-background-meta":{"desktop":{"background-color":"var(--ast-global-color-5)","background-image":"","background-repeat":"repeat","background-position":"center center","background-size":"auto","background-attachment":"scroll","background-type":"","background-media":"","overlay-type":"","overlay-color":"","overlay-opacity":"","overlay-gradient":""},"tablet":{"background-color":"var(--ast-global-color-5)","background-image":"","background-repeat":"repeat","background-position":"center center","background-size":"auto","background-attachment":"scroll","background-type":"","background-media":"","overlay-type":"","overlay-color":"","overlay-opacity":"","overlay-gradient":""},"mobile":{"background-color":"var(--ast-global-color-5)","background-image":"","background-repeat":"repeat","background-position":"center center","background-size":"auto","background-attachment":"scroll","background-type":"","background-media":"","overlay-type":"","overlay-color":"","overlay-opacity":"","overlay-gradient":""}},"footnotes":""},"class_list":["post-2130","page","type-page","status-publish","hentry"],"post_mailing_queue_ids":[],"_links":{"self":[{"href":"https:\/\/agora.xtec.cat\/cfaelcarmel\/wp-json\/wp\/v2\/pages\/2130","targetHints":{"allow":["GET"]}}],"collection":[{"href":"https:\/\/agora.xtec.cat\/cfaelcarmel\/wp-json\/wp\/v2\/pages"}],"about":[{"href":"https:\/\/agora.xtec.cat\/cfaelcarmel\/wp-json\/wp\/v2\/types\/page"}],"author":[{"embeddable":true,"href":"https:\/\/agora.xtec.cat\/cfaelcarmel\/wp-json\/wp\/v2\/users\/1"}],"replies":[{"embeddable":true,"href":"https:\/\/agora.xtec.cat\/cfaelcarmel\/wp-json\/wp\/v2\/comments?post=2130"}],"version-history":[{"count":6,"href":"https:\/\/agora.xtec.cat\/cfaelcarmel\/wp-json\/wp\/v2\/pages\/2130\/revisions"}],"predecessor-version":[{"id":2620,"href":"https:\/\/agora.xtec.cat\/cfaelcarmel\/wp-json\/wp\/v2\/pages\/2130\/revisions\/2620"}],"up":[{"embeddable":true,"href":"https:\/\/agora.xtec.cat\/cfaelcarmel\/wp-json\/wp\/v2\/pages\/2093"}],"wp:attachment":[{"href":"https:\/\/agora.xtec.cat\/cfaelcarmel\/wp-json\/wp\/v2\/media?parent=2130"}],"curies":[{"name":"wp","href":"https:\/\/api.w.org\/{rel}","templated":true}]}}