{"id":2128,"date":"2025-12-12T19:24:57","date_gmt":"2025-12-12T18:24:57","guid":{"rendered":"https:\/\/agora.xtec.cat\/cfaelcarmel\/?page_id=2128"},"modified":"2026-02-04T10:33:06","modified_gmt":"2026-02-04T09:33:06","slug":"estrategia-digital-del-centre-edc","status":"publish","type":"page","link":"https:\/\/agora.xtec.cat\/cfaelcarmel\/lescola\/estrategia-digital-del-centre-edc\/","title":{"rendered":"Estrat\u00e8gia Digital del Centre (EDC)"},"content":{"rendered":"<p data-start=\"130\" data-end=\"526\">L\u2019Estrat\u00e8gia Digital de Centre (EDC) estableix el marc d\u2019actuaci\u00f3 per a la integraci\u00f3 pedag\u00f2gica, organitzativa i tecnol\u00f2gica de les eines digitals al nostre centre educatiu. El seu objectiu principal \u00e9s millorar els processos d\u2019ensenyament i aprenentatge, potenciar la compet\u00e8ncia digital de l\u2019alumnat i del professorat, i promoure un \u00fas responsable, segur i inclusiu de la tecnologia.<\/p>\n<p data-start=\"528\" data-end=\"770\">Aquesta estrat\u00e8gia s\u2019alinea amb el Projecte Educatiu de Centre i amb les directrius del Departament d\u2019Educaci\u00f3, i es revisa peri\u00f2dicament per donar resposta a les necessitats de la comunitat educativa i als reptes de la transformaci\u00f3 digital.<\/p>\n<p data-start=\"772\" data-end=\"873\">Podeu consultar el document complet de l\u2019Estrat\u00e8gia Digital de Centre a l\u2019enlla\u00e7 seg\u00fcent:<\/p>\n<p data-start=\"772\" data-end=\"873\"><a href=\"https:\/\/sites.google.com\/eacarmel.cat\/edccfaelcarmel\/inici\">https:\/\/sites.google.com\/eacarmel.cat\/edccfaelcarmel\/inici<\/a><\/p>\n","protected":false},"excerpt":{"rendered":"<p>L\u2019Estrat\u00e8gia Digital de Centre (EDC) estableix el marc d\u2019actuaci\u00f3 per a la integraci\u00f3 pedag\u00f2gica, organitzativa i tecnol\u00f2gica de les eines digitals al nostre centre educatiu. El seu objectiu principal \u00e9s millorar els processos d\u2019ensenyament i aprenentatge, potenciar la compet\u00e8ncia digital de l\u2019alumnat i del professorat, i promoure un \u00fas responsable, segur i inclusiu de la [&hellip;]<\/p>\n","protected":false},"author":1,"featured_media":0,"parent":2092,"menu_order":9,"comment_status":"closed","ping_status":"closed","template":"","meta":{"_bbp_topic_count":0,"_bbp_reply_count":0,"_bbp_total_topic_count":0,"_bbp_total_reply_count":0,"_bbp_voice_count":0,"_bbp_anonymous_reply_count":0,"_bbp_topic_count_hidden":0,"_bbp_reply_count_hidden":0,"_bbp_forum_subforum_count":0,"site-sidebar-layout":"default","site-content-layout":"","ast-site-content-layout":"default","site-content-style":"default","site-sidebar-style":"default","ast-global-header-display":"","ast-banner-title-visibility":"","ast-main-header-display":"","ast-hfb-above-header-display":"","ast-hfb-below-header-display":"","ast-hfb-mobile-header-display":"","site-post-title":"","ast-breadcrumbs-content":"","ast-featured-img":"","footer-sml-layout":"","theme-transparent-header-meta":"default","adv-header-id-meta":"","stick-header-meta":"","header-above-stick-meta":"","header-main-stick-meta":"","header-below-stick-meta":"","astra-migrate-meta-layouts":"set","ast-page-background-enabled":"default","ast-page-background-meta":{"desktop":{"background-color":"var(--ast-global-color-4)","background-image":"","background-repeat":"repeat","background-position":"center center","background-size":"auto","background-attachment":"scroll","background-type":"","background-media":"","overlay-type":"","overlay-color":"","overlay-opacity":"","overlay-gradient":""},"tablet":{"background-color":"","background-image":"","background-repeat":"repeat","background-position":"center center","background-size":"auto","background-attachment":"scroll","background-type":"","background-media":"","overlay-type":"","overlay-color":"","overlay-opacity":"","overlay-gradient":""},"mobile":{"background-color":"","background-image":"","background-repeat":"repeat","background-position":"center center","background-size":"auto","background-attachment":"scroll","background-type":"","background-media":"","overlay-type":"","overlay-color":"","overlay-opacity":"","overlay-gradient":""}},"ast-content-background-meta":{"desktop":{"background-color":"var(--ast-global-color-5)","background-image":"","background-repeat":"repeat","background-position":"center center","background-size":"auto","background-attachment":"scroll","background-type":"","background-media":"","overlay-type":"","overlay-color":"","overlay-opacity":"","overlay-gradient":""},"tablet":{"background-color":"var(--ast-global-color-5)","background-image":"","background-repeat":"repeat","background-position":"center center","background-size":"auto","background-attachment":"scroll","background-type":"","background-media":"","overlay-type":"","overlay-color":"","overlay-opacity":"","overlay-gradient":""},"mobile":{"background-color":"var(--ast-global-color-5)","background-image":"","background-repeat":"repeat","background-position":"center center","background-size":"auto","background-attachment":"scroll","background-type":"","background-media":"","overlay-type":"","overlay-color":"","overlay-opacity":"","overlay-gradient":""}},"footnotes":""},"class_list":["post-2128","page","type-page","status-publish","hentry"],"post_mailing_queue_ids":[],"_links":{"self":[{"href":"https:\/\/agora.xtec.cat\/cfaelcarmel\/wp-json\/wp\/v2\/pages\/2128","targetHints":{"allow":["GET"]}}],"collection":[{"href":"https:\/\/agora.xtec.cat\/cfaelcarmel\/wp-json\/wp\/v2\/pages"}],"about":[{"href":"https:\/\/agora.xtec.cat\/cfaelcarmel\/wp-json\/wp\/v2\/types\/page"}],"author":[{"embeddable":true,"href":"https:\/\/agora.xtec.cat\/cfaelcarmel\/wp-json\/wp\/v2\/users\/1"}],"replies":[{"embeddable":true,"href":"https:\/\/agora.xtec.cat\/cfaelcarmel\/wp-json\/wp\/v2\/comments?post=2128"}],"version-history":[{"count":3,"href":"https:\/\/agora.xtec.cat\/cfaelcarmel\/wp-json\/wp\/v2\/pages\/2128\/revisions"}],"predecessor-version":[{"id":2688,"href":"https:\/\/agora.xtec.cat\/cfaelcarmel\/wp-json\/wp\/v2\/pages\/2128\/revisions\/2688"}],"up":[{"embeddable":true,"href":"https:\/\/agora.xtec.cat\/cfaelcarmel\/wp-json\/wp\/v2\/pages\/2092"}],"wp:attachment":[{"href":"https:\/\/agora.xtec.cat\/cfaelcarmel\/wp-json\/wp\/v2\/media?parent=2128"}],"curies":[{"name":"wp","href":"https:\/\/api.w.org\/{rel}","templated":true}]}}