{"id":2124,"date":"2025-12-12T19:24:56","date_gmt":"2025-12-12T18:24:56","guid":{"rendered":"https:\/\/agora.xtec.cat\/cfaelcarmel\/?page_id=2124"},"modified":"2026-01-21T12:44:38","modified_gmt":"2026-01-21T11:44:38","slug":"don-venim","status":"publish","type":"page","link":"https:\/\/agora.xtec.cat\/cfaelcarmel\/lescola\/don-venim\/","title":{"rendered":"D&#8217;on venim?"},"content":{"rendered":"<p>El CFA El Carmel t\u00e9 els seus or\u00edgens en l\u2019educaci\u00f3 popular i en el comprom\u00eds social amb la formaci\u00f3 de les persones adultes del barri. L\u2019any 1978, el centre va iniciar la seva activitat com a escola popular en un context de grans mancances materials, per\u00f2 amb una forta implicaci\u00f3 comunit\u00e0ria.<\/p>\n<p><img loading=\"lazy\" decoding=\"async\" class=\"aligncenter\" src=\"https:\/\/www.lavanguardia.com\/files\/og_thumbnail\/uploads\/2011\/11\/09\/5f9af03a06788.jpeg\" alt=\"Barracas de Barcelona: memorias contrastadas\" width=\"336\" height=\"189\" \/><\/p>\n<p data-path-to-node=\"2\">Aquesta realitat va forjar la identitat del que amb orgull coneixem com <b data-path-to-node=\"2\" data-index-in-node=\"72\">l\u2019escola n\u00f2mada<\/b>, un tret distintiu que ha marcat profundament la seva hist\u00f2ria i el seu car\u00e0cter. M\u00e9s que una simple successi\u00f3 de seus o canvis administratius, aquesta condici\u00f3 n\u00f2mada explica la inesgotable capacitat de resist\u00e8ncia del centre, que ha obert les portes en m\u00e9s de 15 ubicacions diferents. No es tractava nom\u00e9s de moure mobles i llibres, sin\u00f3 de reivindicar, a cada trasllat, el dret a una educaci\u00f3 digna al barri.<\/p>\n<p data-path-to-node=\"3\">El periple va comen\u00e7ar en la precarietat de la barraca de la Mamanch\u00f3n, enmig del grup de barraques del Carmel, quan el barri encara estava per fer i els ve\u00efns i ve\u00efnes sortien al carrer per exigir serveis b\u00e0sics com enllumenat i clavegueram. Des d\u2019aquell inici humil, l\u2019escola va transitar per una diversitat d\u2019espais que reflectien la vida del barri: des de les seus de l\u2019Associaci\u00f3 de Ve\u00efns del Carmel i del Coll fins a acad\u00e8mies privades, antics edificis escolars i espais cedits pel Districte. Fins i tot es van habitar llocs ins\u00f2lits, com els locals provisionals sobre el mercat del Carmel o aules d\u2019escoles infantils ocupades fora de l\u2019horari lectiu.<\/p>\n<p data-path-to-node=\"4\">Un dels cap\u00edtols m\u00e9s significatius d&#8217;aquesta itiner\u00e0ncia va ser l&#8217;impacte de l&#8217;esvoranc de la l\u00ednia 5 del metro al carrer Pedrell, un fet traum\u00e0tic que va obligar a un nou desallotjament i va posar a prova, un cop m\u00e9s, la fortalesa de la comunitat educativa. Malgrat les adversitats i la provisionalitat constant, o potser gr\u00e0cies a elles, aquest pelegrinatge va convertir l&#8217;escola en una veritable construcci\u00f3 col\u00b7lectiva. Va unir professorat i alumnat en un fort sentiment de pertinen\u00e7a que transcendia les parets de l&#8217;aula: l&#8217;escola no era l&#8217;edifici, sin\u00f3 la gent que la mantenia viva. Aix\u00ed, l&#8217;escola n\u00f2mada es va erigir com un s\u00edmbol de futur nascut de la lluita persistent del passat.<\/p>\n<p style=\"text-align: center;\" data-path-to-node=\"4\">\r\n\t<div class=\"slideshow_container slideshow_container_style-light\" style=\"height: 300px; \" data-slideshow-id=\"2701\" data-style-name=\"style-light\" data-style-version=\"2.3.1\" >\r\n\r\n\t\t\t\t\t<div class=\"slideshow_loading_icon\"><\/div>\r\n\t\t\r\n\t\t<div class=\"slideshow_content\" style=\"display: none;\">\r\n\r\n\t\t\t<div class=\"slideshow_view\">\r\n\t\t\t\t<div class=\"slideshow_slide slideshow_slide_image\">\r\n\t\t\t\t\t\t\t\t\t\t\t<img src=\"https:\/\/agora.xtec.cat\/cfaelcarmel\/wp-content\/uploads\/usu53\/2026\/01\/tumblr_48d9cac4983ca770b890c9a142aebf1c_f449352b_500.png\" alt=\"tumblr_48d9cac4983ca770b890c9a142aebf1c_f449352b_500\" width=\"500\" height=\"705\" \/>\r\n\t\t\t\t\t\t\t\t\t\t<div class=\"slideshow_description_box slideshow_transparent\">\r\n\t\t\t\t\t\t<div class=\"slideshow_title\">tumblr_48d9cac4983ca770b890c9a142aebf1c_f449352b_500<\/div>\t\t\t\t\t\t\t\t\t\t\t<\/div>\r\n\t\t\t\t<\/div>\r\n\r\n\t\t\t\t\t\t<div style=\"clear: both;\"><\/div><\/div><div class=\"slideshow_view\">\r\n\t\t\t\t<div class=\"slideshow_slide slideshow_slide_image\">\r\n\t\t\t\t\t\t\t\t\t\t\t<img src=\"https:\/\/agora.xtec.cat\/cfaelcarmel\/wp-content\/uploads\/usu53\/2026\/01\/4.jpg\" alt=\"4\" width=\"500\" height=\"315\" \/>\r\n\t\t\t\t\t\t\t\t\t\t<div class=\"slideshow_description_box slideshow_transparent\">\r\n\t\t\t\t\t\t<div class=\"slideshow_title\">4<\/div>\t\t\t\t\t\t\t\t\t\t\t<\/div>\r\n\t\t\t\t<\/div>\r\n\r\n\t\t\t\t\t\t<div style=\"clear: both;\"><\/div><\/div><div class=\"slideshow_view\">\r\n\t\t\t\t<div class=\"slideshow_slide slideshow_slide_image\">\r\n\t\t\t\t\t\t\t\t\t\t\t<img src=\"https:\/\/agora.xtec.cat\/cfaelcarmel\/wp-content\/uploads\/usu53\/2026\/01\/3.jpg\" alt=\"3\" width=\"500\" height=\"500\" \/>\r\n\t\t\t\t\t\t\t\t\t\t<div class=\"slideshow_description_box slideshow_transparent\">\r\n\t\t\t\t\t\t<div class=\"slideshow_title\">3<\/div>\t\t\t\t\t\t\t\t\t\t\t<\/div>\r\n\t\t\t\t<\/div>\r\n\r\n\t\t\t\t\t\t<div style=\"clear: both;\"><\/div><\/div><div class=\"slideshow_view\">\r\n\t\t\t\t<div class=\"slideshow_slide slideshow_slide_image\">\r\n\t\t\t\t\t\t\t\t\t\t\t<img src=\"https:\/\/agora.xtec.cat\/cfaelcarmel\/wp-content\/uploads\/usu53\/2026\/01\/2.jpg\" alt=\"2\" width=\"500\" height=\"356\" \/>\r\n\t\t\t\t\t\t\t\t\t\t<div class=\"slideshow_description_box slideshow_transparent\">\r\n\t\t\t\t\t\t<div class=\"slideshow_title\">2<\/div>\t\t\t\t\t\t\t\t\t\t\t<\/div>\r\n\t\t\t\t<\/div>\r\n\r\n\t\t\t\t\t\t<div style=\"clear: both;\"><\/div><\/div><div class=\"slideshow_view\">\r\n\t\t\t\t<div class=\"slideshow_slide slideshow_slide_image\">\r\n\t\t\t\t\t\t\t\t\t\t\t<img src=\"https:\/\/agora.xtec.cat\/cfaelcarmel\/wp-content\/uploads\/usu53\/2026\/01\/tumblr_2cd5df9b317663be322e3dc0d693a476_ebc8850f_500.jpg\" alt=\"tumblr_2cd5df9b317663be322e3dc0d693a476_ebc8850f_500\" width=\"500\" height=\"362\" \/>\r\n\t\t\t\t\t\t\t\t\t\t<div class=\"slideshow_description_box slideshow_transparent\">\r\n\t\t\t\t\t\t<div class=\"slideshow_title\">tumblr_2cd5df9b317663be322e3dc0d693a476_ebc8850f_500<\/div>\t\t\t\t\t\t\t\t\t\t\t<\/div>\r\n\t\t\t\t<\/div>\r\n\r\n\t\t\t\t\t\t<div style=\"clear: both;\"><\/div><\/div><div class=\"slideshow_view\">\r\n\t\t\t\t<div class=\"slideshow_slide slideshow_slide_image\">\r\n\t\t\t\t\t\t\t\t\t\t\t<img src=\"https:\/\/agora.xtec.cat\/cfaelcarmel\/wp-content\/uploads\/usu53\/2026\/01\/tumblr_0fc7940511a85c36d4621d9d68aae8ae_6f01f6f9_500.jpg\" alt=\"tumblr_0fc7940511a85c36d4621d9d68aae8ae_6f01f6f9_500\" width=\"500\" height=\"318\" \/>\r\n\t\t\t\t\t\t\t\t\t\t<div class=\"slideshow_description_box slideshow_transparent\">\r\n\t\t\t\t\t\t<div class=\"slideshow_title\">tumblr_0fc7940511a85c36d4621d9d68aae8ae_6f01f6f9_500<\/div>\t\t\t\t\t\t\t\t\t\t\t<\/div>\r\n\t\t\t\t<\/div>\r\n\r\n\t\t\t\t\t\t<div style=\"clear: both;\"><\/div><\/div><div class=\"slideshow_view\">\r\n\t\t\t\t<div class=\"slideshow_slide slideshow_slide_image\">\r\n\t\t\t\t\t\t\t\t\t\t\t<img src=\"https:\/\/agora.xtec.cat\/cfaelcarmel\/wp-content\/uploads\/usu53\/2026\/01\/tumblr_82336118914d86da8313d660f886a4e6_7d943111_500.jpg\" alt=\"tumblr_82336118914d86da8313d660f886a4e6_7d943111_500\" width=\"500\" height=\"375\" \/>\r\n\t\t\t\t\t\t\t\t\t\t<div class=\"slideshow_description_box slideshow_transparent\">\r\n\t\t\t\t\t\t<div class=\"slideshow_title\">tumblr_82336118914d86da8313d660f886a4e6_7d943111_500<\/div>\t\t\t\t\t\t\t\t\t\t\t<\/div>\r\n\t\t\t\t<\/div>\r\n\r\n\t\t\t\t\t\t<div style=\"clear: both;\"><\/div><\/div>\r\n\t\t<\/div>\r\n\r\n\t\t<div class=\"slideshow_controlPanel slideshow_transparent\" style=\"display: none;\"><ul><li class=\"slideshow_togglePlay\" data-play-text=\"Visualitza\" data-pause-text=\"Pausa\"><\/li><\/ul><\/div>\r\n\r\n\t\t<div class=\"slideshow_button slideshow_previous slideshow_transparent\" role=\"button\" data-previous-text=\"Anterior\" style=\"display: none;\"><\/div>\r\n\t\t<div class=\"slideshow_button slideshow_next slideshow_transparent\" role=\"button\" data-next-text=\"Seg\u00fcent\" style=\"display: none;\"><\/div>\r\n\r\n\t\t<div class=\"slideshow_pagination\" style=\"display: none;\" data-go-to-text=\"V\u00e9s a la diapositiva\"><div class=\"slideshow_pagination_center\"><\/div><\/div>\r\n\r\n\t\t<!-- WordPress Slideshow Version 2.3.1 -->\r\n\r\n\t\t\t<\/div>\r\n\r\n<\/p>\n<p>En els primers anys d\u2019oficialitat, el centre va funcionar sovint amb pocs recursos, per\u00f2 amb molta iniciativa i capacitat d\u2019adaptaci\u00f3. Paral\u00b7lelament, es va anar definint una identitat pr\u00f2pia, combinant l\u2019esperit transformador de l\u2019educaci\u00f3 popular amb la progressiva consolidaci\u00f3 com a centre p\u00fablic de formaci\u00f3 de persones adultes.<\/p>\n<p>A m\u00e9s de l\u2019alfabetitzaci\u00f3 i l\u2019obtenci\u00f3 de titulacions b\u00e0siques, el CFA El Carmel va ampliar l\u2019oferta formativa amb tallers culturals i formatius diversos, aix\u00ed com amb orientaci\u00f3 personal, social i acad\u00e8mica, sempre en resposta a les necessitats del barri i del seu entorn.<\/p>\n<p>Aquesta traject\u00f2ria explica el present del CFA El Carmel: un centre arrelat al territori, comprom\u00e8s amb l\u2019educaci\u00f3 al llarg de la vida i amb la voluntat de continuar oferint oportunitats formatives a totes les persones adultes.<\/p>\n<p style=\"text-align: center;\">\r\n\t<div class=\"slideshow_container slideshow_container_style-light\" style=\"height: 300px; \" data-slideshow-id=\"2639\" data-style-name=\"style-light\" data-style-version=\"2.3.1\" >\r\n\r\n\t\t\t\t\t<div class=\"slideshow_loading_icon\"><\/div>\r\n\t\t\r\n\t\t<div class=\"slideshow_content\" style=\"display: none;\">\r\n\r\n\t\t\t<div class=\"slideshow_view\">\r\n\t\t\t\t<div class=\"slideshow_slide slideshow_slide_image\">\r\n\t\t\t\t\t\t\t\t\t\t\t<img src=\"https:\/\/agora.xtec.cat\/cfaelcarmel\/wp-content\/uploads\/usu53\/2026\/01\/Carmel4.png\" alt=\"Carmel4\" width=\"852\" height=\"559\" \/>\r\n\t\t\t\t\t\t\t\t\t\t<div class=\"slideshow_description_box slideshow_transparent\">\r\n\t\t\t\t\t\t<div class=\"slideshow_title\">Carmel4<\/div>\t\t\t\t\t\t\t\t\t\t\t<\/div>\r\n\t\t\t\t<\/div>\r\n\r\n\t\t\t\t\t\t<div style=\"clear: both;\"><\/div><\/div><div class=\"slideshow_view\">\r\n\t\t\t\t<div class=\"slideshow_slide slideshow_slide_image\">\r\n\t\t\t\t\t\t\t\t\t\t\t<img src=\"https:\/\/agora.xtec.cat\/cfaelcarmel\/wp-content\/uploads\/usu53\/2026\/01\/carmel-6.png\" alt=\"carmel 6\" width=\"861\" height=\"571\" \/>\r\n\t\t\t\t\t\t\t\t\t\t<div class=\"slideshow_description_box slideshow_transparent\">\r\n\t\t\t\t\t\t<div class=\"slideshow_title\">carmel 6<\/div>\t\t\t\t\t\t\t\t\t\t\t<\/div>\r\n\t\t\t\t<\/div>\r\n\r\n\t\t\t\t\t\t<div style=\"clear: both;\"><\/div><\/div><div class=\"slideshow_view\">\r\n\t\t\t\t<div class=\"slideshow_slide slideshow_slide_image\">\r\n\t\t\t\t\t\t\t\t\t\t\t<img src=\"https:\/\/agora.xtec.cat\/cfaelcarmel\/wp-content\/uploads\/usu53\/2026\/01\/carmel-5.png\" alt=\"carmel 5\" width=\"876\" height=\"553\" \/>\r\n\t\t\t\t\t\t\t\t\t\t<div class=\"slideshow_description_box slideshow_transparent\">\r\n\t\t\t\t\t\t<div class=\"slideshow_title\">carmel 5<\/div>\t\t\t\t\t\t\t\t\t\t\t<\/div>\r\n\t\t\t\t<\/div>\r\n\r\n\t\t\t\t\t\t<div style=\"clear: both;\"><\/div><\/div><div class=\"slideshow_view\">\r\n\t\t\t\t<div class=\"slideshow_slide slideshow_slide_image\">\r\n\t\t\t\t\t\t\t\t\t\t\t<img src=\"https:\/\/agora.xtec.cat\/cfaelcarmel\/wp-content\/uploads\/usu53\/2026\/01\/Carmel-3.png\" alt=\"Carmel 3\" width=\"868\" height=\"568\" \/>\r\n\t\t\t\t\t\t\t\t\t\t<div class=\"slideshow_description_box slideshow_transparent\">\r\n\t\t\t\t\t\t<div class=\"slideshow_title\">Carmel 3<\/div>\t\t\t\t\t\t\t\t\t\t\t<\/div>\r\n\t\t\t\t<\/div>\r\n\r\n\t\t\t\t\t\t<div style=\"clear: both;\"><\/div><\/div><div class=\"slideshow_view\">\r\n\t\t\t\t<div class=\"slideshow_slide slideshow_slide_image\">\r\n\t\t\t\t\t\t\t\t\t\t\t<img src=\"https:\/\/agora.xtec.cat\/cfaelcarmel\/wp-content\/uploads\/usu53\/2026\/01\/carmel-2-1.png\" alt=\"carmel 2\" width=\"715\" height=\"499\" \/>\r\n\t\t\t\t\t\t\t\t\t\t<div class=\"slideshow_description_box slideshow_transparent\">\r\n\t\t\t\t\t\t<div class=\"slideshow_title\">carmel 2<\/div>\t\t\t\t\t\t\t\t\t\t\t<\/div>\r\n\t\t\t\t<\/div>\r\n\r\n\t\t\t\t\t\t<div style=\"clear: both;\"><\/div><\/div><div class=\"slideshow_view\">\r\n\t\t\t\t<div class=\"slideshow_slide slideshow_slide_image\">\r\n\t\t\t\t\t\t\t\t\t\t\t<img src=\"https:\/\/agora.xtec.cat\/cfaelcarmel\/wp-content\/uploads\/usu53\/2026\/01\/carmel-1.png\" alt=\"carmel 1\" width=\"697\" height=\"511\" \/>\r\n\t\t\t\t\t\t\t\t\t\t<div class=\"slideshow_description_box slideshow_transparent\">\r\n\t\t\t\t\t\t<div class=\"slideshow_title\">carmel 1<\/div>\t\t\t\t\t\t\t\t\t\t\t<\/div>\r\n\t\t\t\t<\/div>\r\n\r\n\t\t\t\t\t\t<div style=\"clear: both;\"><\/div><\/div>\r\n\t\t<\/div>\r\n\r\n\t\t<div class=\"slideshow_controlPanel slideshow_transparent\" style=\"display: none;\"><ul><li class=\"slideshow_togglePlay\" data-play-text=\"Visualitza\" data-pause-text=\"Pausa\"><\/li><\/ul><\/div>\r\n\r\n\t\t<div class=\"slideshow_button slideshow_previous slideshow_transparent\" role=\"button\" data-previous-text=\"Anterior\" style=\"display: none;\"><\/div>\r\n\t\t<div class=\"slideshow_button slideshow_next slideshow_transparent\" role=\"button\" data-next-text=\"Seg\u00fcent\" style=\"display: none;\"><\/div>\r\n\r\n\t\t<div class=\"slideshow_pagination\" style=\"display: none;\" data-go-to-text=\"V\u00e9s a la diapositiva\"><div class=\"slideshow_pagination_center\"><\/div><\/div>\r\n\r\n\t\t<!-- WordPress Slideshow Version 2.3.1 -->\r\n\r\n\t\t\t<\/div>\r\n\r\n<\/p>\n<p>Podeu consultar el seg\u00fcent article on parla del centre:<\/p>\n<p>Formariz Poza, Alfons (2022). Escoles de persones adultes de Catalunya: 50 anys d&#8217;hist\u00f2ria.<a href=\"https:\/\/celh.cat\/sites\/default\/files\/publicacions\/pdf\/15-58.pdf\">https:\/\/celh.cat\/sites\/default\/files\/publicacions\/pdf\/15-58.pdf\u00a0<\/a><\/p>\n<p>Lo Relacional (2021). L&#8217;Escola N\u00f2mada. <a href=\"https:\/\/soundcloud.com\/user-662012440\/lescola-nomada\">https:\/\/soundcloud.com\/user-662012440\/lescola-nomada<\/a><\/p>\n<p>Lo Relacional (2021). Escola El Carmel Carrer Pedrell 192. <a href=\"https:\/\/soundcloud.com\/user-662012440\/escola-el-carmel-carrer-pedrell-192\">https:\/\/soundcloud.com\/user-662012440\/escola-el-carmel-carrer-pedrell-192<\/a><\/p>\n<p>Lo Racional (2019). Llegeix el teu barri, intervenci\u00f3 a la Pla\u00e7a Pastrana [V\u00eddeo YouTube]. <a href=\"https:\/\/www.youtube.com\/watch?v=tyx25dsn7y0\">https:\/\/www.youtube.com\/watch?v=tyx25dsn7y0<\/a><\/p>\n<p>Lo Racional (2018). Regalar [Se] El Carmel #02 fase [V\u00eddeo YouTube]. <a href=\"https:\/\/www.youtube.com\/watch?v=ZhxKs0OCiAs\">https:\/\/www.youtube.com\/watch?v=ZhxKs0OCiAs<\/a><\/p>\n","protected":false},"excerpt":{"rendered":"<p>El CFA El Carmel t\u00e9 els seus or\u00edgens en l\u2019educaci\u00f3 popular i en el comprom\u00eds social amb la formaci\u00f3 de les persones adultes del barri. L\u2019any 1978, el centre va iniciar la seva activitat com a escola popular en un context de grans mancances materials, per\u00f2 amb una forta implicaci\u00f3 comunit\u00e0ria. Aquesta realitat va forjar [&hellip;]<\/p>\n","protected":false},"author":1,"featured_media":0,"parent":2092,"menu_order":3,"comment_status":"closed","ping_status":"closed","template":"","meta":{"_bbp_topic_count":0,"_bbp_reply_count":0,"_bbp_total_topic_count":0,"_bbp_total_reply_count":0,"_bbp_voice_count":0,"_bbp_anonymous_reply_count":0,"_bbp_topic_count_hidden":0,"_bbp_reply_count_hidden":0,"_bbp_forum_subforum_count":0,"site-sidebar-layout":"default","site-content-layout":"","ast-site-content-layout":"default","site-content-style":"default","site-sidebar-style":"default","ast-global-header-display":"","ast-banner-title-visibility":"","ast-main-header-display":"","ast-hfb-above-header-display":"","ast-hfb-below-header-display":"","ast-hfb-mobile-header-display":"","site-post-title":"","ast-breadcrumbs-content":"","ast-featured-img":"","footer-sml-layout":"","theme-transparent-header-meta":"default","adv-header-id-meta":"","stick-header-meta":"","header-above-stick-meta":"","header-main-stick-meta":"","header-below-stick-meta":"","astra-migrate-meta-layouts":"set","ast-page-background-enabled":"default","ast-page-background-meta":{"desktop":{"background-color":"var(--ast-global-color-4)","background-image":"","background-repeat":"repeat","background-position":"center center","background-size":"auto","background-attachment":"scroll","background-type":"","background-media":"","overlay-type":"","overlay-color":"","overlay-opacity":"","overlay-gradient":""},"tablet":{"background-color":"","background-image":"","background-repeat":"repeat","background-position":"center center","background-size":"auto","background-attachment":"scroll","background-type":"","background-media":"","overlay-type":"","overlay-color":"","overlay-opacity":"","overlay-gradient":""},"mobile":{"background-color":"","background-image":"","background-repeat":"repeat","background-position":"center center","background-size":"auto","background-attachment":"scroll","background-type":"","background-media":"","overlay-type":"","overlay-color":"","overlay-opacity":"","overlay-gradient":""}},"ast-content-background-meta":{"desktop":{"background-color":"var(--ast-global-color-5)","background-image":"","background-repeat":"repeat","background-position":"center center","background-size":"auto","background-attachment":"scroll","background-type":"","background-media":"","overlay-type":"","overlay-color":"","overlay-opacity":"","overlay-gradient":""},"tablet":{"background-color":"var(--ast-global-color-5)","background-image":"","background-repeat":"repeat","background-position":"center center","background-size":"auto","background-attachment":"scroll","background-type":"","background-media":"","overlay-type":"","overlay-color":"","overlay-opacity":"","overlay-gradient":""},"mobile":{"background-color":"var(--ast-global-color-5)","background-image":"","background-repeat":"repeat","background-position":"center center","background-size":"auto","background-attachment":"scroll","background-type":"","background-media":"","overlay-type":"","overlay-color":"","overlay-opacity":"","overlay-gradient":""}},"footnotes":""},"class_list":["post-2124","page","type-page","status-publish","hentry"],"post_mailing_queue_ids":[],"_links":{"self":[{"href":"https:\/\/agora.xtec.cat\/cfaelcarmel\/wp-json\/wp\/v2\/pages\/2124","targetHints":{"allow":["GET"]}}],"collection":[{"href":"https:\/\/agora.xtec.cat\/cfaelcarmel\/wp-json\/wp\/v2\/pages"}],"about":[{"href":"https:\/\/agora.xtec.cat\/cfaelcarmel\/wp-json\/wp\/v2\/types\/page"}],"author":[{"embeddable":true,"href":"https:\/\/agora.xtec.cat\/cfaelcarmel\/wp-json\/wp\/v2\/users\/1"}],"replies":[{"embeddable":true,"href":"https:\/\/agora.xtec.cat\/cfaelcarmel\/wp-json\/wp\/v2\/comments?post=2124"}],"version-history":[{"count":6,"href":"https:\/\/agora.xtec.cat\/cfaelcarmel\/wp-json\/wp\/v2\/pages\/2124\/revisions"}],"predecessor-version":[{"id":2712,"href":"https:\/\/agora.xtec.cat\/cfaelcarmel\/wp-json\/wp\/v2\/pages\/2124\/revisions\/2712"}],"up":[{"embeddable":true,"href":"https:\/\/agora.xtec.cat\/cfaelcarmel\/wp-json\/wp\/v2\/pages\/2092"}],"wp:attachment":[{"href":"https:\/\/agora.xtec.cat\/cfaelcarmel\/wp-json\/wp\/v2\/media?parent=2124"}],"curies":[{"name":"wp","href":"https:\/\/api.w.org\/{rel}","templated":true}]}}