{"id":2123,"date":"2025-12-12T19:24:56","date_gmt":"2025-12-12T18:24:56","guid":{"rendered":"https:\/\/agora.xtec.cat\/cfaelcarmel\/?page_id=2123"},"modified":"2026-01-22T09:59:34","modified_gmt":"2026-01-22T08:59:34","slug":"on-som","status":"publish","type":"page","link":"https:\/\/agora.xtec.cat\/cfaelcarmel\/lescola\/on-som\/","title":{"rendered":"On som?"},"content":{"rendered":"<table style=\"border-collapse: collapse; width: 100%; height: 313px;\">\n<tbody>\n<tr style=\"height: 313px;\">\n<td style=\"width: 50%; height: 313px;\">\n<p style=\"color: #666666;\"><span style=\"color: #000000;\"><strong>CFA El Carmel<\/strong><\/span><br \/>\n<span style=\"color: #000000;\">Farn\u00e9s, 54<\/span><br \/>\n<span style=\"color: #000000;\">08032 Barcelona<\/span><\/p>\n<p style=\"color: #666666;\"><span style=\"color: #000000;\">Tel. 934 200 268<\/span><\/p>\n<p style=\"color: #666666;\"><span style=\"color: #000000;\">Informaci\u00f3 acad\u00e8mica: orientacio<span class=\"\">@eacarmel.c<\/span>at<\/span><\/p>\n<p><span style=\"color: #000000;\">Consultes administratives: administracio@eacarmel.cat<\/span><\/p>\n<p>Contacte amb el centre: cfaelcarmel@xtec.cat<\/td>\n<td style=\"width: 50%; height: 313px;\"><img loading=\"lazy\" decoding=\"async\" class=\"alignright wp-image-2764 size-full\" src=\"https:\/\/agora.xtec.cat\/cfaelcarmel\/wp-content\/uploads\/usu53\/2026\/01\/IMG_9411-1-scaled-e1769071883553.jpeg\" alt=\"\" width=\"1856\" height=\"1800\" srcset=\"https:\/\/agora.xtec.cat\/cfaelcarmel\/wp-content\/uploads\/usu53\/2026\/01\/IMG_9411-1-scaled-e1769071883553.jpeg 1856w, https:\/\/agora.xtec.cat\/cfaelcarmel\/wp-content\/uploads\/usu53\/2026\/01\/IMG_9411-1-scaled-e1769071883553-300x291.jpeg 300w, https:\/\/agora.xtec.cat\/cfaelcarmel\/wp-content\/uploads\/usu53\/2026\/01\/IMG_9411-1-scaled-e1769071883553-1024x993.jpeg 1024w, https:\/\/agora.xtec.cat\/cfaelcarmel\/wp-content\/uploads\/usu53\/2026\/01\/IMG_9411-1-scaled-e1769071883553-768x745.jpeg 768w, https:\/\/agora.xtec.cat\/cfaelcarmel\/wp-content\/uploads\/usu53\/2026\/01\/IMG_9411-1-scaled-e1769071883553-1536x1490.jpeg 1536w\" sizes=\"auto, (max-width: 1856px) 100vw, 1856px\" \/><\/td>\n<\/tr>\n<tr>\n<td style=\"width: 50%;\">\n<p style=\"color: #666666;\"><span style=\"color: #000000;\"><strong>\u00a0<\/strong><\/span><\/p>\n<p><span style=\"color: #000000;\">Com arribar-hi:<\/span><\/p>\n<p><iframe loading=\"lazy\" style=\"border: 0;\" src=\"https:\/\/www.google.com\/maps\/embed?pb=!1m14!1m8!1m3!1d11966.325778899178!2d2.1535726!3d41.4266037!3m2!1i1024!2i768!4f13.1!3m3!1m2!1s0x0%3A0x48f4338bf11c0ddc!2sCfa+Public+El+Carmel!5e0!3m2!1sca!2ses!4v1516110121350\" width=\"600\" height=\"450\" frameborder=\"0\" allowfullscreen=\"allowfullscreen\"><\/iframe><\/td>\n<td style=\"width: 50%;\">&nbsp;<\/p>\n<p>Transport p\u00fablic:<\/p>\n<ul>\n<li><strong>Metro:\u00a0<\/strong>Metro L5 &#8211; El Carmel<\/li>\n<li><strong>Bus TMB:\u00a0<\/strong>19, H2, V21<\/li>\n<li><strong>Altres busos:\u00a0<\/strong>86, 87.<\/li>\n<\/ul>\n<\/td>\n<\/tr>\n<\/tbody>\n<\/table>\n<p>&nbsp;<\/p>\n<p>&nbsp;<\/p>\n<p>&nbsp;<\/p>\n","protected":false},"excerpt":{"rendered":"<p>CFA El Carmel Farn\u00e9s, 54 08032 Barcelona Tel. 934 200 268 Informaci\u00f3 acad\u00e8mica: orientacio@eacarmel.cat Consultes administratives: administracio@eacarmel.cat Contacte amb el centre: cfaelcarmel@xtec.cat \u00a0 Com arribar-hi: &nbsp; Transport p\u00fablic: Metro:\u00a0Metro L5 &#8211; El Carmel Bus TMB:\u00a019, H2, V21 Altres busos:\u00a086, 87. &nbsp; &nbsp; &nbsp;<\/p>\n","protected":false},"author":1,"featured_media":0,"parent":2092,"menu_order":2,"comment_status":"closed","ping_status":"closed","template":"","meta":{"_bbp_topic_count":0,"_bbp_reply_count":0,"_bbp_total_topic_count":0,"_bbp_total_reply_count":0,"_bbp_voice_count":0,"_bbp_anonymous_reply_count":0,"_bbp_topic_count_hidden":0,"_bbp_reply_count_hidden":0,"_bbp_forum_subforum_count":0,"site-sidebar-layout":"default","site-content-layout":"","ast-site-content-layout":"default","site-content-style":"default","site-sidebar-style":"default","ast-global-header-display":"","ast-banner-title-visibility":"","ast-main-header-display":"","ast-hfb-above-header-display":"","ast-hfb-below-header-display":"","ast-hfb-mobile-header-display":"","site-post-title":"","ast-breadcrumbs-content":"","ast-featured-img":"","footer-sml-layout":"","theme-transparent-header-meta":"default","adv-header-id-meta":"","stick-header-meta":"","header-above-stick-meta":"","header-main-stick-meta":"","header-below-stick-meta":"","astra-migrate-meta-layouts":"set","ast-page-background-enabled":"default","ast-page-background-meta":{"desktop":{"background-color":"var(--ast-global-color-4)","background-image":"","background-repeat":"repeat","background-position":"center center","background-size":"auto","background-attachment":"scroll","background-type":"","background-media":"","overlay-type":"","overlay-color":"","overlay-opacity":"","overlay-gradient":""},"tablet":{"background-color":"","background-image":"","background-repeat":"repeat","background-position":"center center","background-size":"auto","background-attachment":"scroll","background-type":"","background-media":"","overlay-type":"","overlay-color":"","overlay-opacity":"","overlay-gradient":""},"mobile":{"background-color":"","background-image":"","background-repeat":"repeat","background-position":"center center","background-size":"auto","background-attachment":"scroll","background-type":"","background-media":"","overlay-type":"","overlay-color":"","overlay-opacity":"","overlay-gradient":""}},"ast-content-background-meta":{"desktop":{"background-color":"var(--ast-global-color-5)","background-image":"","background-repeat":"repeat","background-position":"center center","background-size":"auto","background-attachment":"scroll","background-type":"","background-media":"","overlay-type":"","overlay-color":"","overlay-opacity":"","overlay-gradient":""},"tablet":{"background-color":"var(--ast-global-color-5)","background-image":"","background-repeat":"repeat","background-position":"center center","background-size":"auto","background-attachment":"scroll","background-type":"","background-media":"","overlay-type":"","overlay-color":"","overlay-opacity":"","overlay-gradient":""},"mobile":{"background-color":"var(--ast-global-color-5)","background-image":"","background-repeat":"repeat","background-position":"center center","background-size":"auto","background-attachment":"scroll","background-type":"","background-media":"","overlay-type":"","overlay-color":"","overlay-opacity":"","overlay-gradient":""}},"footnotes":""},"class_list":["post-2123","page","type-page","status-publish","hentry"],"post_mailing_queue_ids":[],"_links":{"self":[{"href":"https:\/\/agora.xtec.cat\/cfaelcarmel\/wp-json\/wp\/v2\/pages\/2123","targetHints":{"allow":["GET"]}}],"collection":[{"href":"https:\/\/agora.xtec.cat\/cfaelcarmel\/wp-json\/wp\/v2\/pages"}],"about":[{"href":"https:\/\/agora.xtec.cat\/cfaelcarmel\/wp-json\/wp\/v2\/types\/page"}],"author":[{"embeddable":true,"href":"https:\/\/agora.xtec.cat\/cfaelcarmel\/wp-json\/wp\/v2\/users\/1"}],"replies":[{"embeddable":true,"href":"https:\/\/agora.xtec.cat\/cfaelcarmel\/wp-json\/wp\/v2\/comments?post=2123"}],"version-history":[{"count":7,"href":"https:\/\/agora.xtec.cat\/cfaelcarmel\/wp-json\/wp\/v2\/pages\/2123\/revisions"}],"predecessor-version":[{"id":2771,"href":"https:\/\/agora.xtec.cat\/cfaelcarmel\/wp-json\/wp\/v2\/pages\/2123\/revisions\/2771"}],"up":[{"embeddable":true,"href":"https:\/\/agora.xtec.cat\/cfaelcarmel\/wp-json\/wp\/v2\/pages\/2092"}],"wp:attachment":[{"href":"https:\/\/agora.xtec.cat\/cfaelcarmel\/wp-json\/wp\/v2\/media?parent=2123"}],"curies":[{"name":"wp","href":"https:\/\/api.w.org\/{rel}","templated":true}]}}