{"id":2122,"date":"2025-12-12T19:24:56","date_gmt":"2025-12-12T18:24:56","guid":{"rendered":"https:\/\/agora.xtec.cat\/cfaelcarmel\/?page_id=2122"},"modified":"2026-01-29T10:40:55","modified_gmt":"2026-01-29T09:40:55","slug":"qui-som","status":"publish","type":"page","link":"https:\/\/agora.xtec.cat\/cfaelcarmel\/lescola\/qui-som\/","title":{"rendered":"Qui som?"},"content":{"rendered":"<table style=\"border-collapse: collapse; width: 100%;\">\n<tbody>\n<tr>\n<td style=\"width: 65.8114%;\">\n<p data-start=\"161\" data-end=\"547\">El Centre de Formaci\u00f3 de Persones Adultes El Carmel \u00e9s un centre p\u00fablic del Consorci d\u2019Educaci\u00f3 de Barcelona dedicat a l\u2019educaci\u00f3 per a persones adultes i situat al barri del Carmel. La seva missi\u00f3 principal \u00e9s oferir oportunitats d\u2019aprenentatge al llarg de la vida, ajudant als i les ciutadanes a completar la seva educaci\u00f3 formal, ampliar les seves compet\u00e8ncies i adquirir noves habilitats per al desenvolupament personal i professional.<\/p>\n<p data-start=\"549\" data-end=\"720\">El centre es troba al carrer Farn\u00e9s, 54, al districte d\u2019Horta\u2011Guinard\u00f3, i est\u00e0 equipat per ser accessible per a tots els alumnes.<\/p>\n<p data-start=\"722\" data-end=\"975\">Al CFA El Carmel hi podeu accedir per fer cursos de llengua catalana, llengua castellana i llengua anglesa, formaci\u00f3 b\u00e0sica (instrumental i secund\u00e0ria), certificacions i altres ensenyaments que us ajudin a cr\u00e9ixer personal i professionalment. Tamb\u00e9 disposem d\u2019un equip de professionals que us acompanyen en tot el proc\u00e9s formatiu.<\/p>\n<\/td>\n<td style=\"width: 34.1886%;\">&nbsp;<\/p>\n<p><img loading=\"lazy\" decoding=\"async\" class=\"alignleft size-full wp-image-1866\" src=\"https:\/\/agora.xtec.cat\/cfaelcarmel\/wp-content\/uploads\/usu53\/2025\/06\/a.png\" alt=\"\" width=\"396\" height=\"303\" srcset=\"https:\/\/agora.xtec.cat\/cfaelcarmel\/wp-content\/uploads\/usu53\/2025\/06\/a.png 396w, https:\/\/agora.xtec.cat\/cfaelcarmel\/wp-content\/uploads\/usu53\/2025\/06\/a-300x230.png 300w\" sizes=\"auto, (max-width: 396px) 100vw, 396px\" \/><\/td>\n<\/tr>\n<\/tbody>\n<\/table>\n<h2 class=\"wp-block-heading has-ast-global-color-0-color has-text-color has-link-color wp-elements-3e21b24ed44f0a1519be2c23e15b5106\"><span style=\"color: #ff6600;\">El nostre equip<\/span><\/h2>\n<h3 class=\"wp-block-heading has-luminous-vivid-amber-color has-text-color has-link-color wp-elements-c10fa46c6e63877cf7532d7f444dbebd\"><span style=\"color: #00ccff;\">Equip docent<\/span><\/h3>\n<ul class=\"wp-block-list\">\n<li>Marc (Director): marcmc@eacarmel.cat<\/li>\n<li>Emilio (Cap d\u2019Estudis): emilioir@eacarmel.cat<\/li>\n<li>Eva (Secret\u00e0ria): evasm<span class=\"\">@eacarmel.cat<\/span><\/li>\n<li>Alba (Coordinadora de Formaci\u00f3 B\u00e0sica): albaac@eacarmel.cat<\/li>\n<li>Arnau: arnauvb@eacarmel.cat<\/li>\n<li>B\u00e0rbara (COCOBE): barbarasa@eacarmel.cat<\/li>\n<li>Esther (Coordinadora de lleng\u00fces): esthersb@eacarmel.cat<\/li>\n<li>Isidoro (Coordinador ling\u00fc\u00edstic): isidorocv@eacarmel.cat<\/li>\n<li>Juanma (Coordinador TIC): juanmarr@eacarmel.cat<\/li>\n<li>Marta: martagp@eacarmel.cat<\/li>\n<li>Pere Pau (Orientador): orientacio@eacarmel.cat<\/li>\n<\/ul>\n<h3 class=\"wp-block-heading has-luminous-vivid-amber-color has-text-color has-link-color wp-elements-874e3b696d6418896a77ecedcc2d4e30\"><span style=\"color: #00ccff;\">Personal d\u2019Administraci\u00f3 i Serveis<\/span><\/h3>\n<ul class=\"wp-block-list\">\n<li>Sofia (Administrativa): administracio@eacarmel.cat<\/li>\n<li>Vicent (Subalterna): consergeria@eacarmel.cat<\/li>\n<\/ul>\n","protected":false},"excerpt":{"rendered":"<p>El Centre de Formaci\u00f3 de Persones Adultes El Carmel \u00e9s un centre p\u00fablic del Consorci d\u2019Educaci\u00f3 de Barcelona dedicat a l\u2019educaci\u00f3 per a persones adultes i situat al barri del Carmel. La seva missi\u00f3 principal \u00e9s oferir oportunitats d\u2019aprenentatge al llarg de la vida, ajudant als i les ciutadanes a completar la seva educaci\u00f3 formal, [&hellip;]<\/p>\n","protected":false},"author":1,"featured_media":0,"parent":2092,"menu_order":1,"comment_status":"closed","ping_status":"closed","template":"","meta":{"_bbp_topic_count":0,"_bbp_reply_count":0,"_bbp_total_topic_count":0,"_bbp_total_reply_count":0,"_bbp_voice_count":0,"_bbp_anonymous_reply_count":0,"_bbp_topic_count_hidden":0,"_bbp_reply_count_hidden":0,"_bbp_forum_subforum_count":0,"site-sidebar-layout":"left-sidebar","site-content-layout":"","ast-site-content-layout":"default","site-content-style":"default","site-sidebar-style":"unboxed","ast-global-header-display":"","ast-banner-title-visibility":"","ast-main-header-display":"","ast-hfb-above-header-display":"","ast-hfb-below-header-display":"","ast-hfb-mobile-header-display":"","site-post-title":"","ast-breadcrumbs-content":"","ast-featured-img":"","footer-sml-layout":"","theme-transparent-header-meta":"default","adv-header-id-meta":"","stick-header-meta":"","header-above-stick-meta":"","header-main-stick-meta":"","header-below-stick-meta":"","astra-migrate-meta-layouts":"set","ast-page-background-enabled":"default","ast-page-background-meta":{"desktop":{"background-color":"var(--ast-global-color-4)","background-image":"","background-repeat":"repeat","background-position":"center center","background-size":"auto","background-attachment":"scroll","background-type":"","background-media":"","overlay-type":"","overlay-color":"","overlay-opacity":"","overlay-gradient":""},"tablet":{"background-color":"","background-image":"","background-repeat":"repeat","background-position":"center center","background-size":"auto","background-attachment":"scroll","background-type":"","background-media":"","overlay-type":"","overlay-color":"","overlay-opacity":"","overlay-gradient":""},"mobile":{"background-color":"","background-image":"","background-repeat":"repeat","background-position":"center center","background-size":"auto","background-attachment":"scroll","background-type":"","background-media":"","overlay-type":"","overlay-color":"","overlay-opacity":"","overlay-gradient":""}},"ast-content-background-meta":{"desktop":{"background-color":"var(--ast-global-color-5)","background-image":"","background-repeat":"repeat","background-position":"center center","background-size":"auto","background-attachment":"scroll","background-type":"","background-media":"","overlay-type":"","overlay-color":"","overlay-opacity":"","overlay-gradient":""},"tablet":{"background-color":"var(--ast-global-color-5)","background-image":"","background-repeat":"repeat","background-position":"center center","background-size":"auto","background-attachment":"scroll","background-type":"","background-media":"","overlay-type":"","overlay-color":"","overlay-opacity":"","overlay-gradient":""},"mobile":{"background-color":"var(--ast-global-color-5)","background-image":"","background-repeat":"repeat","background-position":"center center","background-size":"auto","background-attachment":"scroll","background-type":"","background-media":"","overlay-type":"","overlay-color":"","overlay-opacity":"","overlay-gradient":""}},"footnotes":""},"class_list":["post-2122","page","type-page","status-publish","hentry"],"post_mailing_queue_ids":[],"_links":{"self":[{"href":"https:\/\/agora.xtec.cat\/cfaelcarmel\/wp-json\/wp\/v2\/pages\/2122","targetHints":{"allow":["GET"]}}],"collection":[{"href":"https:\/\/agora.xtec.cat\/cfaelcarmel\/wp-json\/wp\/v2\/pages"}],"about":[{"href":"https:\/\/agora.xtec.cat\/cfaelcarmel\/wp-json\/wp\/v2\/types\/page"}],"author":[{"embeddable":true,"href":"https:\/\/agora.xtec.cat\/cfaelcarmel\/wp-json\/wp\/v2\/users\/1"}],"replies":[{"embeddable":true,"href":"https:\/\/agora.xtec.cat\/cfaelcarmel\/wp-json\/wp\/v2\/comments?post=2122"}],"version-history":[{"count":6,"href":"https:\/\/agora.xtec.cat\/cfaelcarmel\/wp-json\/wp\/v2\/pages\/2122\/revisions"}],"predecessor-version":[{"id":2777,"href":"https:\/\/agora.xtec.cat\/cfaelcarmel\/wp-json\/wp\/v2\/pages\/2122\/revisions\/2777"}],"up":[{"embeddable":true,"href":"https:\/\/agora.xtec.cat\/cfaelcarmel\/wp-json\/wp\/v2\/pages\/2092"}],"wp:attachment":[{"href":"https:\/\/agora.xtec.cat\/cfaelcarmel\/wp-json\/wp\/v2\/media?parent=2122"}],"curies":[{"name":"wp","href":"https:\/\/api.w.org\/{rel}","templated":true}]}}