{"id":2096,"date":"2025-12-12T13:29:03","date_gmt":"2025-12-12T12:29:03","guid":{"rendered":"https:\/\/agora.xtec.cat\/cfaelcarmel\/?page_id=2096"},"modified":"2026-01-21T12:50:29","modified_gmt":"2026-01-21T11:50:29","slug":"alumnat","status":"publish","type":"page","link":"https:\/\/agora.xtec.cat\/cfaelcarmel\/alumnat\/","title":{"rendered":"Alumnat"},"content":{"rendered":"<p><a href=\"https:\/\/www.instagram.com\/cfaelcarmel\/\"><img loading=\"lazy\" decoding=\"async\" class=\"alignright wp-image-2681 size-full\" style=\"font-weight: inherit;\" src=\"https:\/\/agora.xtec.cat\/cfaelcarmel\/wp-content\/uploads\/usu53\/2026\/01\/spirit-night-300x300-1.jpg\" alt=\"\" width=\"300\" height=\"300\" srcset=\"https:\/\/agora.xtec.cat\/cfaelcarmel\/wp-content\/uploads\/usu53\/2026\/01\/spirit-night-300x300-1.jpg 300w, https:\/\/agora.xtec.cat\/cfaelcarmel\/wp-content\/uploads\/usu53\/2026\/01\/spirit-night-300x300-1-150x150.jpg 150w\" sizes=\"auto, (max-width: 300px) 100vw, 300px\" \/><\/a><span style=\"font-size: 16px;\">Aquest espai recull la informaci\u00f3 i els recursos adre\u00e7ats a l\u2019alumnat del centre. Hi trobar\u00e0s documentaci\u00f3 \u00fatil, materials de suport i informaci\u00f3 per continuar vinculada o vinculat al centre un cop finalitzats els e<\/span><span style=\"font-size: 16px;\">studis.<\/span><\/p>\n<ul>\n<li><a href=\"https:\/\/agora.xtec.cat\/cfaelcarmel\/alumnat\/carta-de-compromis\/\">Carta de comprom\u00eds<\/a><\/li>\n<li><a href=\"https:\/\/agora.xtec.cat\/cfaelcarmel\/alumnat\/dossier-de-lalumnat\/\">Dossier de l\u2019alumnat<\/a><\/li>\n<li><a href=\"https:\/\/agora.xtec.cat\/cfaelcarmel\/alumnat\/eines\/\">Eines per treballar<\/a><\/li>\n<li><a href=\"https:\/\/agora.xtec.cat\/cfaelcarmel\/alumnat\/antic-alumnat\/\">Antic alumnat<\/a><\/li>\n<li><a href=\"https:\/\/agora.xtec.cat\/cfaelcarmel\/alumnat\/suport-a-lalumnat\/\">Suport a l&#8217;alumnat<\/a><\/li>\n<\/ul>\n<p>&nbsp;<\/p>\n","protected":false},"excerpt":{"rendered":"<p>Aquest espai recull la informaci\u00f3 i els recursos adre\u00e7ats a l\u2019alumnat del centre. Hi trobar\u00e0s documentaci\u00f3 \u00fatil, materials de suport i informaci\u00f3 per continuar vinculada o vinculat al centre un cop finalitzats els estudis. Carta de comprom\u00eds Dossier de l\u2019alumnat Eines per treballar Antic alumnat Suport a l&#8217;alumnat &nbsp;<\/p>\n","protected":false},"author":1,"featured_media":0,"parent":0,"menu_order":0,"comment_status":"closed","ping_status":"closed","template":"","meta":{"_bbp_topic_count":0,"_bbp_reply_count":0,"_bbp_total_topic_count":0,"_bbp_total_reply_count":0,"_bbp_voice_count":0,"_bbp_anonymous_reply_count":0,"_bbp_topic_count_hidden":0,"_bbp_reply_count_hidden":0,"_bbp_forum_subforum_count":0,"site-sidebar-layout":"default","site-content-layout":"","ast-site-content-layout":"default","site-content-style":"default","site-sidebar-style":"default","ast-global-header-display":"","ast-banner-title-visibility":"","ast-main-header-display":"","ast-hfb-above-header-display":"","ast-hfb-below-header-display":"","ast-hfb-mobile-header-display":"","site-post-title":"","ast-breadcrumbs-content":"","ast-featured-img":"","footer-sml-layout":"","theme-transparent-header-meta":"default","adv-header-id-meta":"","stick-header-meta":"","header-above-stick-meta":"","header-main-stick-meta":"","header-below-stick-meta":"","astra-migrate-meta-layouts":"set","ast-page-background-enabled":"default","ast-page-background-meta":{"desktop":{"background-color":"var(--ast-global-color-4)","background-image":"","background-repeat":"repeat","background-position":"center center","background-size":"auto","background-attachment":"scroll","background-type":"","background-media":"","overlay-type":"","overlay-color":"","overlay-opacity":"","overlay-gradient":""},"tablet":{"background-color":"","background-image":"","background-repeat":"repeat","background-position":"center center","background-size":"auto","background-attachment":"scroll","background-type":"","background-media":"","overlay-type":"","overlay-color":"","overlay-opacity":"","overlay-gradient":""},"mobile":{"background-color":"","background-image":"","background-repeat":"repeat","background-position":"center center","background-size":"auto","background-attachment":"scroll","background-type":"","background-media":"","overlay-type":"","overlay-color":"","overlay-opacity":"","overlay-gradient":""}},"ast-content-background-meta":{"desktop":{"background-color":"var(--ast-global-color-5)","background-image":"","background-repeat":"repeat","background-position":"center center","background-size":"auto","background-attachment":"scroll","background-type":"","background-media":"","overlay-type":"","overlay-color":"","overlay-opacity":"","overlay-gradient":""},"tablet":{"background-color":"var(--ast-global-color-5)","background-image":"","background-repeat":"repeat","background-position":"center center","background-size":"auto","background-attachment":"scroll","background-type":"","background-media":"","overlay-type":"","overlay-color":"","overlay-opacity":"","overlay-gradient":""},"mobile":{"background-color":"var(--ast-global-color-5)","background-image":"","background-repeat":"repeat","background-position":"center center","background-size":"auto","background-attachment":"scroll","background-type":"","background-media":"","overlay-type":"","overlay-color":"","overlay-opacity":"","overlay-gradient":""}},"footnotes":""},"class_list":["post-2096","page","type-page","status-publish","hentry"],"post_mailing_queue_ids":[],"_links":{"self":[{"href":"https:\/\/agora.xtec.cat\/cfaelcarmel\/wp-json\/wp\/v2\/pages\/2096","targetHints":{"allow":["GET"]}}],"collection":[{"href":"https:\/\/agora.xtec.cat\/cfaelcarmel\/wp-json\/wp\/v2\/pages"}],"about":[{"href":"https:\/\/agora.xtec.cat\/cfaelcarmel\/wp-json\/wp\/v2\/types\/page"}],"author":[{"embeddable":true,"href":"https:\/\/agora.xtec.cat\/cfaelcarmel\/wp-json\/wp\/v2\/users\/1"}],"replies":[{"embeddable":true,"href":"https:\/\/agora.xtec.cat\/cfaelcarmel\/wp-json\/wp\/v2\/comments?post=2096"}],"version-history":[{"count":6,"href":"https:\/\/agora.xtec.cat\/cfaelcarmel\/wp-json\/wp\/v2\/pages\/2096\/revisions"}],"predecessor-version":[{"id":2715,"href":"https:\/\/agora.xtec.cat\/cfaelcarmel\/wp-json\/wp\/v2\/pages\/2096\/revisions\/2715"}],"wp:attachment":[{"href":"https:\/\/agora.xtec.cat\/cfaelcarmel\/wp-json\/wp\/v2\/media?parent=2096"}],"curies":[{"name":"wp","href":"https:\/\/api.w.org\/{rel}","templated":true}]}}