{"id":1939,"date":"2025-06-15T17:35:04","date_gmt":"2025-06-15T15:35:04","guid":{"rendered":"https:\/\/agora.xtec.cat\/cfaelcarmel\/?page_id=1939"},"modified":"2025-10-02T14:09:44","modified_gmt":"2025-10-02T12:09:44","slug":"horaris-datencio","status":"publish","type":"page","link":"https:\/\/agora.xtec.cat\/cfaelcarmel\/horaris-datencio\/","title":{"rendered":"Horaris d&#8217;atenci\u00f3"},"content":{"rendered":"<section class=\"home-cfa\">\n<div class=\"horaris-grid\">\n<div class=\"bloc-info\">\n<ul class=\"llista-contactes\">\n<li><strong>Formaci\u00f3 b\u00e0sica (ESO):<\/strong><br \/>\n<a href=\"mailto:formaciobasica@eacarmel.cat\">formaciobasica@eacarmel.cat<\/a><\/li>\n<li><strong>Angl\u00e8s:<\/strong><br \/>\n<a href=\"mailto:angles@eacarmel.cat\">angles@eacarmel.cat<\/a><\/li>\n<li><strong>Castell\u00e0 i Catal\u00e0:<\/strong><br \/>\n<a href=\"mailto:llengues@eacarmel.cat\">llengues@eacarmel.cat<\/a><\/li>\n<li><strong>COMPETIC:<\/strong><br \/>\n<a href=\"mailto:competic@eacarmel.cat\">competic@eacarmel.cat<\/a><\/li>\n<li><strong>MEIJN:<\/strong><br \/>\n<a href=\"mailto:meijn@eacarmel.cat\">meijn@eacarmel.cat<\/a><\/li>\n<\/ul>\n<\/div>\n<p><!-- Bloc Dreta: Secretaria --><\/p>\n<div class=\"bloc-secretaria\">\n<div class=\"recomanacions\">\n<section class=\"home-cfa\">\n<div class=\"horaris-grid\">\n<div class=\"bloc-secretaria\">\n<div class=\"recomanacions\">\n<ul>\n<li>\u2714\ufe0f Per correu electr\u00f2nic<\/li>\n<li>\ud83d\udcde Trucant en horari de secretaria<\/li>\n<\/ul>\n<\/div>\n<div class=\"caixa-secretaria\"><strong>SECRETARIA-PAS:<\/strong><br \/>\nMatins: 09:30 a 13:30<br \/>\nTardes: 16:00 a 19:00Tlf: 934200268<br \/>\n<a href=\"mailto:administracio@eacarmel.cat\"><strong>administracio@eacarmel.cat<\/strong><\/a><br \/>\n<a href=\"mailto:secretaria@eacarmel.cat\"><strong>secretaria@eacarmel.cat<\/strong><\/a><\/div>\n<\/div>\n<\/div>\n<\/section>\n<style>\n  .horaris-grid {<br \/>    display: flex;<br \/>    flex-wrap: wrap;<br \/>    gap: 2rem;<br \/>    justify-content: center;<br \/>    align-items: flex-start;<br \/>    margin-top: 2rem;<br \/>  }<\/p>\n<p>  .bloc-info, .bloc-secretaria {<br \/>    flex: 1 1 300px;<br \/>    max-width: 500px;<br \/>  }<\/p>\n<p>  .subtitol-horari {<br \/>    font-size: 1.5rem;<br \/>    color: #8B2D00; \/* Marr\u00f3 fosc institucional *\/<br \/>    margin-bottom: 1rem;<br \/>  }<\/p>\n<p>  .llista-contactes {<br \/>    list-style: none;<br \/>    padding-left: 0;<br \/>  }<\/p>\n<p>  .llista-contactes li {<br \/>    margin-bottom: 1.5rem;<br \/>    font-size: 1rem;<br \/>    line-height: 1.4;<br \/>  }<\/p>\n<p>  .llista-contactes a {<br \/>    color: #003366;<br \/>    text-decoration: none;<br \/>  }<\/p>\n<p>  .llista-contactes a:hover {<br \/>    text-decoration: underline;<br \/>  }<\/p>\n<p>  .recomanacions ul {<br \/>    list-style: none;<br \/>    background-color: #003f63;<br \/>    color: #fff;<br \/>    padding: 1rem;<br \/>    border-radius: 6px;<br \/>    font-size: 1rem;<br \/>    margin-bottom: 1rem;<br \/>  }<\/p>\n<p>  .recomanacions li {<br \/>    margin-bottom: 0.5rem;<br \/>  }<\/p>\n<p>  .caixa-secretaria {<br \/>    background-color: #f4a471;<br \/>    padding: 1rem;<br \/>    border-radius: 6px;<br \/>    font-weight: bold;<br \/>    color: #3a2b1c;<br \/>  }<\/p>\n<p>  .caixa-secretaria a {<br \/>    color: #3a2b1c;<br \/>    text-decoration: none;<br \/>  }<\/p>\n<p>  .caixa-secretaria a:hover {<br \/>    text-decoration: underline;<br \/>  }<\/p>\n<p>  @media (max-width: 768px) {<br \/>    .horaris-grid {<br \/>      flex-direction: column;<br \/>    }<br \/>  }<br \/><\/style>\n<\/div>\n<\/div>\n<\/div>\n<\/section>\n","protected":false},"excerpt":{"rendered":"<p>Formaci\u00f3 b\u00e0sica (ESO): formaciobasica@eacarmel.cat Angl\u00e8s: angles@eacarmel.cat Castell\u00e0 i Catal\u00e0: llengues@eacarmel.cat COMPETIC: competic@eacarmel.cat MEIJN: meijn@eacarmel.cat \u2714\ufe0f Per correu electr\u00f2nic \ud83d\udcde Trucant en horari de secretaria SECRETARIA-PAS: Matins: 09:30 a 13:30 Tardes: 16:00 a 19:00Tlf: 934200268 administracio@eacarmel.cat secretaria@eacarmel.cat<\/p>\n","protected":false},"author":1,"featured_media":0,"parent":0,"menu_order":0,"comment_status":"closed","ping_status":"closed","template":"","meta":{"_bbp_topic_count":0,"_bbp_reply_count":0,"_bbp_total_topic_count":0,"_bbp_total_reply_count":0,"_bbp_voice_count":0,"_bbp_anonymous_reply_count":0,"_bbp_topic_count_hidden":0,"_bbp_reply_count_hidden":0,"_bbp_forum_subforum_count":0,"site-sidebar-layout":"default","site-content-layout":"","ast-site-content-layout":"","site-content-style":"default","site-sidebar-style":"default","ast-global-header-display":"","ast-banner-title-visibility":"","ast-main-header-display":"","ast-hfb-above-header-display":"","ast-hfb-below-header-display":"","ast-hfb-mobile-header-display":"","site-post-title":"","ast-breadcrumbs-content":"","ast-featured-img":"","footer-sml-layout":"","theme-transparent-header-meta":"","adv-header-id-meta":"","stick-header-meta":"","header-above-stick-meta":"","header-main-stick-meta":"","header-below-stick-meta":"","astra-migrate-meta-layouts":"default","ast-page-background-enabled":"default","ast-page-background-meta":{"desktop":{"background-color":"var(--ast-global-color-4)","background-image":"","background-repeat":"repeat","background-position":"center center","background-size":"auto","background-attachment":"scroll","background-type":"","background-media":"","overlay-type":"","overlay-color":"","overlay-opacity":"","overlay-gradient":""},"tablet":{"background-color":"","background-image":"","background-repeat":"repeat","background-position":"center center","background-size":"auto","background-attachment":"scroll","background-type":"","background-media":"","overlay-type":"","overlay-color":"","overlay-opacity":"","overlay-gradient":""},"mobile":{"background-color":"","background-image":"","background-repeat":"repeat","background-position":"center center","background-size":"auto","background-attachment":"scroll","background-type":"","background-media":"","overlay-type":"","overlay-color":"","overlay-opacity":"","overlay-gradient":""}},"ast-content-background-meta":{"desktop":{"background-color":"var(--ast-global-color-5)","background-image":"","background-repeat":"repeat","background-position":"center center","background-size":"auto","background-attachment":"scroll","background-type":"","background-media":"","overlay-type":"","overlay-color":"","overlay-opacity":"","overlay-gradient":""},"tablet":{"background-color":"var(--ast-global-color-5)","background-image":"","background-repeat":"repeat","background-position":"center center","background-size":"auto","background-attachment":"scroll","background-type":"","background-media":"","overlay-type":"","overlay-color":"","overlay-opacity":"","overlay-gradient":""},"mobile":{"background-color":"var(--ast-global-color-5)","background-image":"","background-repeat":"repeat","background-position":"center center","background-size":"auto","background-attachment":"scroll","background-type":"","background-media":"","overlay-type":"","overlay-color":"","overlay-opacity":"","overlay-gradient":""}},"footnotes":""},"class_list":["post-1939","page","type-page","status-publish","hentry"],"post_mailing_queue_ids":[],"_links":{"self":[{"href":"https:\/\/agora.xtec.cat\/cfaelcarmel\/wp-json\/wp\/v2\/pages\/1939","targetHints":{"allow":["GET"]}}],"collection":[{"href":"https:\/\/agora.xtec.cat\/cfaelcarmel\/wp-json\/wp\/v2\/pages"}],"about":[{"href":"https:\/\/agora.xtec.cat\/cfaelcarmel\/wp-json\/wp\/v2\/types\/page"}],"author":[{"embeddable":true,"href":"https:\/\/agora.xtec.cat\/cfaelcarmel\/wp-json\/wp\/v2\/users\/1"}],"replies":[{"embeddable":true,"href":"https:\/\/agora.xtec.cat\/cfaelcarmel\/wp-json\/wp\/v2\/comments?post=1939"}],"version-history":[{"count":7,"href":"https:\/\/agora.xtec.cat\/cfaelcarmel\/wp-json\/wp\/v2\/pages\/1939\/revisions"}],"predecessor-version":[{"id":2051,"href":"https:\/\/agora.xtec.cat\/cfaelcarmel\/wp-json\/wp\/v2\/pages\/1939\/revisions\/2051"}],"wp:attachment":[{"href":"https:\/\/agora.xtec.cat\/cfaelcarmel\/wp-json\/wp\/v2\/media?parent=1939"}],"curies":[{"name":"wp","href":"https:\/\/api.w.org\/{rel}","templated":true}]}}