{"id":822,"date":"2018-02-02T13:32:37","date_gmt":"2018-02-02T12:32:37","guid":{"rendered":"http:\/\/agora.xtec.cat\/cfaegara\/?page_id=822"},"modified":"2024-06-20T13:20:09","modified_gmt":"2024-06-20T11:20:09","slug":"projecte-linguistic","status":"publish","type":"page","link":"https:\/\/agora.xtec.cat\/cfaegara\/projecte-educatiu\/projecte-linguistic\/","title":{"rendered":"Projecte ling\u00fc\u00edstic"},"content":{"rendered":"<p>El Projecte Ling\u00fc\u00edstic de Centre \u00e9s el recull organitzat de les actuacions que la nostra comunitat educativa es proposa dur a terme per a l\u2019ensenyament i l\u2019aprenentatge de les lleng\u00fces i la comunicaci\u00f3.<\/p>\n<p>Amb aquest document volem sistematitzar l\u2019\u00fas de les lleng\u00fces dins la realitat quotidiana del centre. Ha de ser el punt de refer\u00e8ncia per a tota la comunitat educativa, davant els canvis que es van produint a la nostra societat.<\/p>\n<p>A continuaci\u00f3, podeu consultar el document del projecte ling\u00fc\u00edstic: <a href=\"https:\/\/drive.google.com\/open?id=1lmFPwVj22s7-XyowwOXtQ7zmgRZeXt-N\" target=\"_blank\" rel=\"noopener noreferrer\">PLC<\/a><\/p>\n<p><img loading=\"lazy\" decoding=\"async\" class=\"aligncenter size-medium wp-image-4051\" src=\"https:\/\/agora.xtec.cat\/cfaegara\/wp-content\/uploads\/usu1042\/2024\/06\/Captura-de-pantalla-2024-06-20-131949-300x234.png\" alt=\"\" width=\"300\" height=\"234\" srcset=\"https:\/\/agora.xtec.cat\/cfaegara\/wp-content\/uploads\/usu1042\/2024\/06\/Captura-de-pantalla-2024-06-20-131949-300x234.png 300w, https:\/\/agora.xtec.cat\/cfaegara\/wp-content\/uploads\/usu1042\/2024\/06\/Captura-de-pantalla-2024-06-20-131949-768x599.png 768w, https:\/\/agora.xtec.cat\/cfaegara\/wp-content\/uploads\/usu1042\/2024\/06\/Captura-de-pantalla-2024-06-20-131949.png 871w\" sizes=\"auto, (max-width: 300px) 100vw, 300px\" \/><\/p>\n","protected":false},"excerpt":{"rendered":"<p>El Projecte Ling\u00fc\u00edstic de Centre \u00e9s el recull organitzat de les actuacions que la nostra comunitat educativa es proposa dur a terme per a l\u2019ensenyament i l\u2019aprenentatge de les lleng\u00fces i la comunicaci\u00f3.<br \/>\nAmb aquest document volem sistematitzar l\u2019\u00fas de les lleng\u00fces dins la realitat quotidiana&hellip;  <a href=\"https:\/\/agora.xtec.cat\/cfaegara\/projecte-educatiu\/projecte-linguistic\/\" title=\"Read Projecte ling\u00fc\u00edstic\">Llegeix m\u00e9s\u00bb<\/a><\/p>\n","protected":false},"author":1,"featured_media":0,"parent":57,"menu_order":0,"comment_status":"closed","ping_status":"closed","template":"","meta":{"_bbp_topic_count":0,"_bbp_reply_count":0,"_bbp_total_topic_count":0,"_bbp_total_reply_count":0,"_bbp_voice_count":0,"_bbp_anonymous_reply_count":0,"_bbp_topic_count_hidden":0,"_bbp_reply_count_hidden":0,"_bbp_forum_subforum_count":0,"footnotes":""},"class_list":["post-822","page","type-page","status-publish","hentry"],"post_mailing_queue_ids":[],"_links":{"self":[{"href":"https:\/\/agora.xtec.cat\/cfaegara\/wp-json\/wp\/v2\/pages\/822","targetHints":{"allow":["GET"]}}],"collection":[{"href":"https:\/\/agora.xtec.cat\/cfaegara\/wp-json\/wp\/v2\/pages"}],"about":[{"href":"https:\/\/agora.xtec.cat\/cfaegara\/wp-json\/wp\/v2\/types\/page"}],"author":[{"embeddable":true,"href":"https:\/\/agora.xtec.cat\/cfaegara\/wp-json\/wp\/v2\/users\/1"}],"replies":[{"embeddable":true,"href":"https:\/\/agora.xtec.cat\/cfaegara\/wp-json\/wp\/v2\/comments?post=822"}],"version-history":[{"count":3,"href":"https:\/\/agora.xtec.cat\/cfaegara\/wp-json\/wp\/v2\/pages\/822\/revisions"}],"predecessor-version":[{"id":4052,"href":"https:\/\/agora.xtec.cat\/cfaegara\/wp-json\/wp\/v2\/pages\/822\/revisions\/4052"}],"up":[{"embeddable":true,"href":"https:\/\/agora.xtec.cat\/cfaegara\/wp-json\/wp\/v2\/pages\/57"}],"wp:attachment":[{"href":"https:\/\/agora.xtec.cat\/cfaegara\/wp-json\/wp\/v2\/media?parent=822"}],"curies":[{"name":"wp","href":"https:\/\/api.w.org\/{rel}","templated":true}]}}