{"id":4059,"date":"2024-06-20T13:46:43","date_gmt":"2024-06-20T11:46:43","guid":{"rendered":"https:\/\/agora.xtec.cat\/cfaegara\/?page_id=4059"},"modified":"2024-06-20T17:01:50","modified_gmt":"2024-06-20T15:01:50","slug":"ensenyament-de-llengues","status":"publish","type":"page","link":"https:\/\/agora.xtec.cat\/cfaegara\/ensenyaments\/ensenyament-de-llengues\/","title":{"rendered":"Ensenyament de lleng\u00fces"},"content":{"rendered":"<p>En la nostra oferta educativa trobem:<\/p>\n<ul>\n<li>L&#8217;ensenyament de la llengua <a href=\"https:\/\/agora.xtec.cat\/cfaegara\/ensenyaments\/ensenyament-de-llengues\/llengua-catalana\/\">catalana <\/a>i <a href=\"https:\/\/agora.xtec.cat\/cfaegara\/ensenyaments\/ensenyament-de-llengues\/llengua-castellana\/\">castellana<\/a>.<\/li>\n<li>L&#8217;ensenyament de lleng\u00fces estrangeres, com <a href=\"https:\/\/agora.xtec.cat\/cfaegara\/ensenyaments\/ensenyament-de-llengues\/llengua-anglesa\/\">l&#8217;angl\u00e8s<\/a> i el <a href=\"https:\/\/agora.xtec.cat\/cfaegara\/ensenyaments\/ensenyament-de-llengues\/llengua-francesa\/\">franc\u00e8s<\/a>.<\/li>\n<\/ul>\n<p>Entra als anteriors enlla\u00e7os per a m\u00e9s informaci\u00f3 d&#8217;aquests estudis. Inicia&#8217;t en una nova llengua o refor\u00e7a el que ja saps \ud83d\ude42<\/p>\n<p><img loading=\"lazy\" decoding=\"async\" class=\"aligncenter size-full wp-image-4076\" src=\"https:\/\/agora.xtec.cat\/cfaegara\/wp-content\/uploads\/usu1042\/2024\/06\/baixa-2.jpg\" alt=\"\" width=\"267\" height=\"189\" \/><\/p>\n","protected":false},"excerpt":{"rendered":"<p>En la nostra oferta educativa trobem:<\/p>\n<ul>\n<li>L&#8217;ensenyament de la llengua <a href=\"https:\/\/agora.xtec.cat\/cfaegara\/ensenyaments\/ensenyament-de-llengues\/llengua-catalana\/\">catalana <\/a>i <a href=\"https:\/\/agora.xtec.cat\/cfaegara\/ensenyaments\/ensenyament-de-llengues\/llengua-castellana\/\">castellana<\/a>.<\/li>\n<li>L&#8217;ensenyament de lleng\u00fces estrangeres, com <a href=\"https:\/\/agora.xtec.cat\/cfaegara\/ensenyaments\/ensenyament-de-llengues\/llengua-anglesa\/\">l&#8217;angl\u00e8s<\/a> i el <a href=\"https:\/\/agora.xtec.cat\/cfaegara\/ensenyaments\/ensenyament-de-llengues\/llengua-francesa\/\">franc\u00e8s<\/a>.<\/li>\n<\/ul>\n<p>Entra als anteriors enlla\u00e7os per a m\u00e9s informaci\u00f3 d&#8217;aquests estudis. Inicia&#8217;t en una nova llengua o refor\u00e7a el que ja saps \ud83d\ude42<\/p>\n","protected":false},"author":72,"featured_media":0,"parent":274,"menu_order":0,"comment_status":"closed","ping_status":"closed","template":"page-templates\/side-menu.php","meta":{"_bbp_topic_count":0,"_bbp_reply_count":0,"_bbp_total_topic_count":0,"_bbp_total_reply_count":0,"_bbp_voice_count":0,"_bbp_anonymous_reply_count":0,"_bbp_topic_count_hidden":0,"_bbp_reply_count_hidden":0,"_bbp_forum_subforum_count":0,"footnotes":""},"class_list":["post-4059","page","type-page","status-publish","hentry"],"post_mailing_queue_ids":[],"_links":{"self":[{"href":"https:\/\/agora.xtec.cat\/cfaegara\/wp-json\/wp\/v2\/pages\/4059","targetHints":{"allow":["GET"]}}],"collection":[{"href":"https:\/\/agora.xtec.cat\/cfaegara\/wp-json\/wp\/v2\/pages"}],"about":[{"href":"https:\/\/agora.xtec.cat\/cfaegara\/wp-json\/wp\/v2\/types\/page"}],"author":[{"embeddable":true,"href":"https:\/\/agora.xtec.cat\/cfaegara\/wp-json\/wp\/v2\/users\/72"}],"replies":[{"embeddable":true,"href":"https:\/\/agora.xtec.cat\/cfaegara\/wp-json\/wp\/v2\/comments?post=4059"}],"version-history":[{"count":3,"href":"https:\/\/agora.xtec.cat\/cfaegara\/wp-json\/wp\/v2\/pages\/4059\/revisions"}],"predecessor-version":[{"id":4077,"href":"https:\/\/agora.xtec.cat\/cfaegara\/wp-json\/wp\/v2\/pages\/4059\/revisions\/4077"}],"up":[{"embeddable":true,"href":"https:\/\/agora.xtec.cat\/cfaegara\/wp-json\/wp\/v2\/pages\/274"}],"wp:attachment":[{"href":"https:\/\/agora.xtec.cat\/cfaegara\/wp-json\/wp\/v2\/media?parent=4059"}],"curies":[{"name":"wp","href":"https:\/\/api.w.org\/{rel}","templated":true}]}}