{"id":316,"date":"2015-01-28T11:33:51","date_gmt":"2015-01-28T10:33:51","guid":{"rendered":"http:\/\/agora.xtec.cat\/cfaegara\/?page_id=316"},"modified":"2025-10-07T12:27:34","modified_gmt":"2025-10-07T10:27:34","slug":"competencia-digital-competic","status":"publish","type":"page","link":"https:\/\/agora.xtec.cat\/cfaegara\/ensenyaments\/competencia-digital-competic\/","title":{"rendered":"Compet\u00e8ncia digital COMPETIC"},"content":{"rendered":"<p>Els ensenyaments d\u2019inform\u00e0tica a l\u2019educaci\u00f3 d\u2019adults \u2014COMPETIC\u2014 tenen com a objectiu facilitar l\u2019adquisici\u00f3 de la compet\u00e8ncia digital, entesa com la combinaci\u00f3 de coneixements, habilitats i actituds en l\u2019\u00e0mbit de les tecnologies de la informaci\u00f3 i la comunicaci\u00f3 (TIC) per desenvolupar-se en la societat actual.<\/p>\n<ul>\n<li><strong>Nivells que oferim: \u00a0\u00a0 \u00a0\u00a0 \u00a0\u00a0 \u00a0\u00a0 \u00a0\u00a0 \u00a0\u00a0 \u00a0\u00a0 \u00a0\u00a0 \u00a0\u00a0 \u00a0\u00a0 \u00a0\u00a0 \u00a0\u00a0 \u00a0\u00a0 \u00a0\u00a0 \u00a0\u00a0 \u00a0\u00a0 \u00a0\u00a0 \u00a0\u00a0 \u00a0\u00a0 \u00a0\u00a0 \u00a0\u00a0 \u00a0\u00a0 \u00a0\u00a0 \u00a0\u00a0 \u00a0\u00a0 \u00a0\u00a0 \u00a0<\/strong>\n<ul>\n<li><a href=\"http:\/\/agora.xtec.cat\/cfaegara\/categoria\/competic\/competic-inicial\/\" target=\"_blank\" rel=\"noopener noreferrer\">COMPETIC inicial <\/a><\/li>\n<\/ul>\n<ul>\n<li><a href=\"http:\/\/agora.xtec.cat\/cfaegara\/categoria\/competic\/competic-1\/\" target=\"_blank\" rel=\"noopener noreferrer\">COMPETIC 1<\/a>, que equival a <a href=\"https:\/\/actic.gencat.cat\/ca\/actic_informacio\/actic_competencies_i_nivells\/\">l&#8217;ACTIC B\u00e0sic<\/a>.<\/li>\n<li><a href=\"http:\/\/agora.xtec.cat\/cfaegara\/categoria\/competic\/competic-2\/\" target=\"_blank\" rel=\"noopener noreferrer\">COMPETIC 2<\/a>, que equival a <a href=\"https:\/\/actic.gencat.cat\/ca\/actic_informacio\/actic_competencies_i_nivells\/\">l&#8217;ACTIC Mitj\u00e0<\/a>.<\/li>\n<li><a href=\"https:\/\/agora.xtec.cat\/cfaegara\/categoria\/competic\/competic-3\/\">COMPETIC 3<\/a> (presencial i semipresencial), que equival a l\u2019<a href=\"https:\/\/actic.gencat.cat\/ca\/actic_informacio\/actic_competencies_i_nivells\/\" target=\"_blank\" rel=\"noopener noreferrer\">ACTIC<\/a><a href=\"https:\/\/actic.gencat.cat\/ca\/actic_informacio\/actic_competencies_i_nivells\/\" target=\"_blank\" rel=\"noopener noreferrer\"> Avan\u00e7at<\/a>.<\/li>\n<\/ul>\n<\/li>\n<li><strong>Durada:\u00a0\u00a0 <\/strong>Tot el curs escolar<\/li>\n<li><strong>Lloc:\u00a0 \u00a0 \u00a0 \u00a0 <\/strong>Edifici Ca n&#8217;Anglada<\/li>\n<li><strong>Horari curs 2025-2026<\/strong><\/li>\n<\/ul>\n<table style=\"border-collapse: collapse; width: 100%; height: 320px;\">\n<tbody>\n<tr style=\"height: 32px;\">\n<td style=\"width: 20%; text-align: center; height: 32px;\"><strong>DILLUNS<\/strong><\/td>\n<td style=\"width: 20%; text-align: center; height: 32px;\"><strong>DIMARTS<\/strong><\/td>\n<td style=\"width: 20%; text-align: center; height: 32px;\"><strong>DIMECRES<\/strong><\/td>\n<td style=\"width: 20%; text-align: center; height: 32px;\"><strong>DIJOUS<\/strong><\/td>\n<\/tr>\n<tr style=\"height: 96px;\">\n<td style=\"width: 20%; text-align: center; height: 96px;\">COMPETIC 3<\/p>\n<p>(de 15:30h a 17:00h)<\/td>\n<td style=\"width: 20%; text-align: center; height: 96px;\">COMPETIC inicial<\/p>\n<p>(de 15\u202fh a 16.30\u202fh)<\/td>\n<td style=\"width: 20%; text-align: center; height: 96px;\">COMPETIC 3<\/p>\n<p>(de 15:30\u202fh a 17\u202fh)<\/td>\n<td style=\"width: 20%; text-align: center; height: 96px;\">COMPETIC inicial<\/p>\n<p>(de 15 h a 16.30 h)<\/td>\n<\/tr>\n<tr style=\"height: 96px;\">\n<td style=\"width: 20%; text-align: center; height: 96px;\"><\/td>\n<td style=\"width: 20%; text-align: center; height: 96px;\">COMPETIC 1<\/p>\n<p>(de 16.30\u202fh a 18.00\u202fh)<\/td>\n<td style=\"width: 20%; text-align: center; height: 96px;\"><\/td>\n<td style=\"width: 20%; text-align: center; height: 96px;\">COMPETIC 1<\/p>\n<p>(de 16:30 a 18.00 h)<\/td>\n<\/tr>\n<tr style=\"height: 96px;\">\n<td style=\"width: 20%; text-align: center; height: 96px;\"><\/td>\n<td style=\"width: 20%; text-align: center; height: 96px;\">COMPETIC 2<\/p>\n<p>(de 18:30\u202fh a 20:30\u202fh)<\/td>\n<td style=\"width: 20%; text-align: center; height: 96px;\"><\/td>\n<td style=\"width: 20%; text-align: center; height: 96px;\">COMPETIC 2<\/p>\n<p>(de 18:30 h a 20:30 h)<\/td>\n<\/tr>\n<\/tbody>\n<\/table>\n<ul>\n<li><strong>Curr\u00edculum:<\/strong>\n<ul>\n<li>Veure enlla\u00e7:<a href=\"https:\/\/projectes.xtec.cat\/xarxadults\/ensenyaments\/nivells\/propostes-pedagogiques-i-orientacions\/\"> https:\/\/sites.google.com\/a\/xtec.cat\/competic-fpa<\/a><\/li>\n<\/ul>\n<\/li>\n<li><strong>Avaluaci\u00f3<\/strong>: dependr\u00e0 del curs cursat.<\/li>\n<\/ul>\n<div id=\"SL_balloon_obj\" style=\"display: block;\">\n<div id=\"SL_button\" class=\"SL_ImTranslatorLogo\" style=\"background: rgba(0, 0, 0, 0) url('moz-extension:\/\/b761fae0-e20c-4ef3-9f7a-0c79ea2b6d7a\/content\/img\/util\/imtranslator-s.png') repeat scroll 0% 0%; display: none; opacity: 1; left: 1352px; top: 223px;\"><\/div>\n<div id=\"SL_shadow_translation_result2\" style=\"display: none;\"><\/div>\n<div id=\"SL_shadow_translator\" style=\"display: none;\">\n<div id=\"SL_planshet\">\n<div id=\"SL_arrow_up\" style=\"background: rgba(0, 0, 0, 0) url('moz-extension:\/\/b761fae0-e20c-4ef3-9f7a-0c79ea2b6d7a\/content\/img\/util\/up.png') repeat scroll 0% 0%;\"><\/div>\n<div id=\"SL_Bproviders\">\n<div id=\"SL_P0\" class=\"SL_BL_LABLE_ON\" title=\"Google\">G<\/div>\n<div id=\"SL_P1\" class=\"SL_BL_LABLE_ON\" title=\"Microsoft\">M<\/div>\n<div id=\"SL_P2\" class=\"SL_BL_LABLE_ON\" title=\"Translator\">T<\/div>\n<\/div>\n<div id=\"SL_alert_bbl\" style=\"display: none;\">\n<div id=\"SLHKclose\" style=\"background: rgba(0, 0, 0, 0) url('moz-extension:\/\/b761fae0-e20c-4ef3-9f7a-0c79ea2b6d7a\/content\/img\/util\/delete.png') repeat scroll 0% 0%;\"><\/div>\n<div id=\"SL_alert_cont\"><\/div>\n<\/div>\n<div id=\"SL_TB\">\n<table id=\"SL_tables\" cellspacing=\"1\">\n<tbody>\n<tr>\n<td class=\"SL_td\" align=\"right\" width=\"10%\"><input id=\"SL_locer\" title=\"Fijar idioma\" type=\"checkbox\" \/><\/td>\n<td class=\"SL_td\" align=\"left\" width=\"20%\"><select id=\"SL_lng_from\" style=\"background: #ffffff url('moz-extension:\/\/b761fae0-e20c-4ef3-9f7a-0c79ea2b6d7a\/content\/img\/util\/select.png') no-repeat scroll 100% 0px;\"><option value=\"auto\">Detectar idioma<\/option><option value=\"af\">Afrik\u00e1ans<\/option><option value=\"sq\">Alban\u00e9s<\/option><option value=\"de\">Alem\u00e1n<\/option><option value=\"am\">Amh\u00e1rico<\/option><option value=\"ar\">\u00c1rabe<\/option><option value=\"hy\">Armenio<\/option><option value=\"az\">Azer\u00ed<\/option><option value=\"bn\">Bengal\u00ed<\/option><option value=\"be\">Bielorruso<\/option><option value=\"my\">Birmano<\/option><option value=\"bs\">Bosnio<\/option><option value=\"bg\">B\u00falgaro<\/option><option value=\"km\">Camboyano<\/option><option value=\"kn\">Canar\u00e9s<\/option><option value=\"ca\">Catal\u00e1n<\/option><option value=\"ceb\">Cebuano<\/option><option value=\"cs\">Checo<\/option><option value=\"ny\">Chichewa<\/option><option value=\"zh-CN\">Chino simp<\/option><option value=\"zh-TW\">Chino trad<\/option><option value=\"si\">Cincal\u00e9s<\/option><option value=\"ko\">Coreano<\/option><option value=\"co\">Corso<\/option><option value=\"ht\">Criollo haitiano<\/option><option value=\"hr\">Croata<\/option><option value=\"da\">Dan\u00e9s<\/option><option value=\"sk\">Eslovaco<\/option><option value=\"sl\">Esloveno<\/option><option value=\"es\">Espa\u00f1ol<\/option><option value=\"eo\">Esperanto<\/option><option value=\"et\">Estonio<\/option><option value=\"eu\">Euskera<\/option><option value=\"fi\">Finland\u00e9s<\/option><option value=\"fr\">Franc\u00e9s<\/option><option value=\"fy\">Frisio<\/option><option value=\"gd\">Ga\u00e9lico escoc\u00e9s<\/option><option value=\"cy\">Gal\u00e9s<\/option><option value=\"gl\">Gallego<\/option><option value=\"ka\">Georgiano<\/option><option value=\"el\">Griego<\/option><option value=\"gu\">Gujarati<\/option><option value=\"ha\">Hausa<\/option><option value=\"haw\">Hawaiano<\/option><option value=\"iw\">Hebreo<\/option><option value=\"hi\">Hindi<\/option><option value=\"hmn\">Hmong<\/option><option value=\"nl\">Holand\u00e9s<\/option><option value=\"hu\">H\u00fangaro<\/option><option value=\"ig\">Igbo<\/option><option value=\"id\">Indonesio<\/option><option value=\"en\">Ingl\u00e9s<\/option><option value=\"ga\">Irland\u00e9s<\/option><option value=\"is\">Island\u00e9s<\/option><option value=\"it\">Italiano<\/option><option value=\"ja\">Japon\u00e9s<\/option><option value=\"jw\">Javan\u00e9s<\/option><option value=\"kk\">Kazajo<\/option><option value=\"ky\">Kirgu\u00eds<\/option><option value=\"ku\">Kurdo<\/option><option value=\"lo\">Lao<\/option><option value=\"la\">Lat\u00edn<\/option><option value=\"lv\">Let\u00f3n<\/option><option value=\"lt\">Lituano<\/option><option value=\"lb\">Luxemburgu\u00e9s<\/option><option value=\"mk\">Macedonio<\/option><option value=\"ml\">Malayalam<\/option><option value=\"ms\">Malayo<\/option><option value=\"mg\">Malgache<\/option><option value=\"mt\">Malt\u00e9s<\/option><option value=\"mi\">Maor\u00ed<\/option><option value=\"mr\">Marat\u00ed<\/option><option value=\"mn\">Mongol<\/option><option value=\"ne\">Nepal\u00ed<\/option><option value=\"no\">Noruego<\/option><option value=\"pa\">Panyab\u00ed<\/option><option value=\"ps\">Past\u00fan<\/option><option value=\"fa\">Persa<\/option><option value=\"pl\">Polaco<\/option><option value=\"pt\">Portugu\u00e9s<\/option><option value=\"ro\">Rumano<\/option><option value=\"ru\">Ruso<\/option><option value=\"sm\">Samoano<\/option><option value=\"sr\">Serbio<\/option><option value=\"st\">Sesoto<\/option><option value=\"sn\">Shona<\/option><option value=\"sd\">Sindhi<\/option><option value=\"so\">Somal\u00ed<\/option><option value=\"sw\">Suajili<\/option><option value=\"sv\">Sueco<\/option><option value=\"su\">Sundan\u00e9s<\/option><option value=\"tl\">Tagalo<\/option><option value=\"th\">Tailand\u00e9s<\/option><option value=\"ta\">Tamil<\/option><option value=\"tg\">Tayiko<\/option><option value=\"te\">Telugu<\/option><option value=\"tr\">Turco<\/option><option value=\"uk\">Ucraniano<\/option><option value=\"ur\">Urdu<\/option><option value=\"uz\">Uzbeco<\/option><option value=\"vi\">Vietnamita<\/option><option value=\"xh\">Xhosa<\/option><option value=\"yi\">Yidis<\/option><option value=\"yo\">Yoruba<\/option><option value=\"zu\">Zul\u00fa<\/option><\/select><\/td>\n<td class=\"SL_td\" align=\"center\" width=\"3\">\n<div id=\"SL_switch_b\" style=\"background: rgba(0, 0, 0, 0) url('moz-extension:\/\/b761fae0-e20c-4ef3-9f7a-0c79ea2b6d7a\/content\/img\/util\/switchb.png') repeat scroll 0% 0%;\" title=\"Cambiar idiomas\"><\/div>\n<\/td>\n<td class=\"SL_td\" align=\"left\" width=\"20%\"><select id=\"SL_lng_to\" style=\"background: #ffffff url('moz-extension:\/\/b761fae0-e20c-4ef3-9f7a-0c79ea2b6d7a\/content\/img\/util\/select.png') no-repeat scroll 100% 0px;\"><option value=\"af\">Afrik\u00e1ans<\/option><option value=\"sq\">Alban\u00e9s<\/option><option value=\"de\">Alem\u00e1n<\/option><option value=\"am\">Amh\u00e1rico<\/option><option value=\"ar\">\u00c1rabe<\/option><option value=\"hy\">Armenio<\/option><option value=\"az\">Azer\u00ed<\/option><option value=\"bn\">Bengal\u00ed<\/option><option value=\"be\">Bielorruso<\/option><option value=\"my\">Birmano<\/option><option value=\"bs\">Bosnio<\/option><option value=\"bg\">B\u00falgaro<\/option><option value=\"km\">Camboyano<\/option><option value=\"kn\">Canar\u00e9s<\/option><option value=\"ca\">Catal\u00e1n<\/option><option value=\"ceb\">Cebuano<\/option><option value=\"cs\">Checo<\/option><option value=\"ny\">Chichewa<\/option><option value=\"zh-CN\">Chino simp<\/option><option value=\"zh-TW\">Chino trad<\/option><option value=\"si\">Cincal\u00e9s<\/option><option value=\"ko\">Coreano<\/option><option value=\"co\">Corso<\/option><option value=\"ht\">Criollo haitiano<\/option><option value=\"hr\">Croata<\/option><option value=\"da\">Dan\u00e9s<\/option><option value=\"sk\">Eslovaco<\/option><option value=\"sl\">Esloveno<\/option><option selected=\"selected\" value=\"es\">Espa\u00f1ol<\/option><option value=\"eo\">Esperanto<\/option><option value=\"et\">Estonio<\/option><option value=\"eu\">Euskera<\/option><option value=\"fi\">Finland\u00e9s<\/option><option value=\"fr\">Franc\u00e9s<\/option><option value=\"fy\">Frisio<\/option><option value=\"gd\">Ga\u00e9lico escoc\u00e9s<\/option><option value=\"cy\">Gal\u00e9s<\/option><option value=\"gl\">Gallego<\/option><option value=\"ka\">Georgiano<\/option><option value=\"el\">Griego<\/option><option value=\"gu\">Gujarati<\/option><option value=\"ha\">Hausa<\/option><option value=\"haw\">Hawaiano<\/option><option value=\"iw\">Hebreo<\/option><option value=\"hi\">Hindi<\/option><option value=\"hmn\">Hmong<\/option><option value=\"nl\">Holand\u00e9s<\/option><option value=\"hu\">H\u00fangaro<\/option><option value=\"ig\">Igbo<\/option><option value=\"id\">Indonesio<\/option><option value=\"en\">Ingl\u00e9s<\/option><option value=\"ga\">Irland\u00e9s<\/option><option value=\"is\">Island\u00e9s<\/option><option value=\"it\">Italiano<\/option><option value=\"ja\">Japon\u00e9s<\/option><option value=\"jw\">Javan\u00e9s<\/option><option value=\"kk\">Kazajo<\/option><option value=\"ky\">Kirgu\u00eds<\/option><option value=\"ku\">Kurdo<\/option><option value=\"lo\">Lao<\/option><option value=\"la\">Lat\u00edn<\/option><option value=\"lv\">Let\u00f3n<\/option><option value=\"lt\">Lituano<\/option><option value=\"lb\">Luxemburgu\u00e9s<\/option><option value=\"mk\">Macedonio<\/option><option value=\"ml\">Malayalam<\/option><option value=\"ms\">Malayo<\/option><option value=\"mg\">Malgache<\/option><option value=\"mt\">Malt\u00e9s<\/option><option value=\"mi\">Maor\u00ed<\/option><option value=\"mr\">Marat\u00ed<\/option><option value=\"mn\">Mongol<\/option><option value=\"ne\">Nepal\u00ed<\/option><option value=\"no\">Noruego<\/option><option value=\"pa\">Panyab\u00ed<\/option><option value=\"ps\">Past\u00fan<\/option><option value=\"fa\">Persa<\/option><option value=\"pl\">Polaco<\/option><option value=\"pt\">Portugu\u00e9s<\/option><option value=\"ro\">Rumano<\/option><option value=\"ru\">Ruso<\/option><option value=\"sm\">Samoano<\/option><option value=\"sr\">Serbio<\/option><option value=\"st\">Sesoto<\/option><option value=\"sn\">Shona<\/option><option value=\"sd\">Sindhi<\/option><option value=\"so\">Somal\u00ed<\/option><option value=\"sw\">Suajili<\/option><option value=\"sv\">Sueco<\/option><option value=\"su\">Sundan\u00e9s<\/option><option value=\"tl\">Tagalo<\/option><option value=\"th\">Tailand\u00e9s<\/option><option value=\"ta\">Tamil<\/option><option value=\"tg\">Tayiko<\/option><option value=\"te\">Telugu<\/option><option value=\"tr\">Turco<\/option><option value=\"uk\">Ucraniano<\/option><option value=\"ur\">Urdu<\/option><option value=\"uz\">Uzbeco<\/option><option value=\"vi\">Vietnamita<\/option><option value=\"xh\">Xhosa<\/option><option value=\"yi\">Yidis<\/option><option value=\"yo\">Yoruba<\/option><option value=\"zu\">Zul\u00fa<\/option><\/select><\/td>\n<td class=\"SL_td\" align=\"center\" width=\"8%\">\n<div id=\"SL_TTS_voice\" style=\"background: rgba(0, 0, 0, 0) url('moz-extension:\/\/b761fae0-e20c-4ef3-9f7a-0c79ea2b6d7a\/content\/img\/util\/ttsvoice.png') repeat scroll 0% 0%;\" title=\"undefined\"><\/div>\n<\/td>\n<td class=\"SL_td\" align=\"center\" width=\"8%\">\n<div id=\"SL_copy\" class=\"SL_copy\" style=\"background: rgba(0, 0, 0, 0) url('moz-extension:\/\/b761fae0-e20c-4ef3-9f7a-0c79ea2b6d7a\/content\/img\/util\/copy.png') repeat scroll 0% 0%;\" title=\"Copiar\"><\/div>\n<\/td>\n<td class=\"SL_td\" align=\"center\" width=\"8%\">\n<div id=\"SL_bbl_font_patch\"><\/div>\n<div id=\"SL_bbl_font\" class=\"SL_bbl_font\" style=\"background: rgba(0, 0, 0, 0) url('moz-extension:\/\/b761fae0-e20c-4ef3-9f7a-0c79ea2b6d7a\/content\/img\/util\/font.png') repeat scroll 0% 0%;\" title=\"\u0422ama\u00f1o de fuente\"><\/div>\n<\/td>\n<td class=\"SL_td\" align=\"center\" width=\"8%\">\n<div id=\"SL_bbl_help\" style=\"background: rgba(0, 0, 0, 0) url('moz-extension:\/\/b761fae0-e20c-4ef3-9f7a-0c79ea2b6d7a\/content\/img\/util\/bhelp.png') repeat scroll 0% 0%;\" title=\"Ayuda\"><\/div>\n<\/td>\n<td class=\"SL_td\" align=\"right\" width=\"15%\">\n<div id=\"SL_pin\" class=\"SL_pin_off\" style=\"background: rgba(0, 0, 0, 0) url('moz-extension:\/\/b761fae0-e20c-4ef3-9f7a-0c79ea2b6d7a\/content\/img\/util\/pin-on.png') repeat scroll 0% 0%;\" title=\"Fijar la ventana de traducci\u00f3n\"><\/div>\n<\/td>\n<\/tr>\n<\/tbody>\n<\/table>\n<\/div>\n<\/div>\n<div id=\"SL_shadow_translation_result\" style=\"visibility: visible;\"><\/div>\n<div id=\"SL_loading\" class=\"SL_loading\" style=\"background: rgba(0, 0, 0, 0) url('moz-extension:\/\/b761fae0-e20c-4ef3-9f7a-0c79ea2b6d7a\/content\/img\/util\/loading.gif') repeat scroll 0% 0%;\"><\/div>\n<div id=\"SL_player2\"><\/div>\n<div id=\"SL_alert100\">La funci\u00f3n de sonido est\u00e1 limitada a 200 caracteres<\/div>\n<div id=\"SL_Balloon_options\" style=\"background: #ffffff url('moz-extension:\/\/b761fae0-e20c-4ef3-9f7a-0c79ea2b6d7a\/content\/img\/util\/bg3.png') repeat scroll 0% 0%;\">\n<div id=\"SL_arrow_down\" style=\"background: rgba(0, 0, 0, 0) url('moz-extension:\/\/b761fae0-e20c-4ef3-9f7a-0c79ea2b6d7a\/content\/img\/util\/down.png') repeat scroll 0% 0%;\"><\/div>\n<table id=\"SL_tbl_opt\" width=\"100%\">\n<tbody>\n<tr>\n<td align=\"center\" width=\"5%\"><input id=\"SL_BBL_locer\" title=\"Mostrar el bot\u00f3n ImTranslator 3 segundos\" checked=\"checked\" type=\"checkbox\" \/><\/td>\n<td align=\"left\" width=\"5%\">\n<div id=\"SL_BBL_IMG\" style=\"background: rgba(0, 0, 0, 0) url('moz-extension:\/\/b761fae0-e20c-4ef3-9f7a-0c79ea2b6d7a\/content\/img\/util\/bbl-logo.png') repeat scroll 0% 0%;\" title=\"Mostrar el bot\u00f3n ImTranslator 3 segundos\"><\/div>\n<\/td>\n<td align=\"center\" width=\"70%\"><a class=\"SL_options\" title=\"Mostrar opciones\" href=\"\/\/b761fae0-e20c-4ef3-9f7a-0c79ea2b6d7a\/content\/html\/options\/options.html?bbl\" target=\"_blank\" rel=\"noopener\">Opciones<\/a> : <a class=\"SL_options\" title=\"Historial de traducciones\" href=\"\/\/b761fae0-e20c-4ef3-9f7a-0c79ea2b6d7a\/content\/html\/options\/options.html?hist\" target=\"_blank\" rel=\"noopener\">Historia<\/a> : <a class=\"SL_options\" title=\"ImTranslator Feedback\" href=\"\/\/b761fae0-e20c-4ef3-9f7a-0c79ea2b6d7a\/content\/html\/options\/options.html?feed\" target=\"_blank\" rel=\"noopener\">Feedback<\/a> : <a class=\"SL_options\" title=\"Hacer una contribuci\u00f3n\" href=\"https:\/\/www.paypal.com\/cgi-bin\/webscr?cmd=_s-xclick&amp;hosted_button_id=GD9D8CPW8HFA2\" target=\"_blank\" rel=\"noopener\">Donate<\/a><\/td>\n<td align=\"right\" width=\"15%\"><span id=\"SL_Balloon_Close\" title=\"Cerrar\">Cerrar<\/span><\/td>\n<\/tr>\n<\/tbody>\n<\/table>\n<\/div>\n<\/div>\n<\/div>\n","protected":false},"excerpt":{"rendered":"<p>Els ensenyaments d\u2019inform\u00e0tica a l\u2019educaci\u00f3 d\u2019adults \u2014COMPETIC\u2014 tenen com a objectiu facilitar l\u2019adquisici\u00f3 de la compet\u00e8ncia digital, entesa com la combinaci\u00f3 de coneixements, habilitats i actituds en l\u2019\u00e0mbit de les tecnologies de la informaci\u00f3 i la comunicaci\u00f3 (TIC) per desenvolupar-se en la societat actual.<\/p>\n<ul>\n<li>Nivells que&hellip;  <a href=\"https:\/\/agora.xtec.cat\/cfaegara\/ensenyaments\/competencia-digital-competic\/\" title=\"Read Compet\u00e8ncia digital COMPETIC\">Llegeix m\u00e9s\u00bb<\/a><br \/>\n","protected":false},"author":1,"featured_media":0,"parent":274,"menu_order":3,"comment_status":"closed","ping_status":"closed","template":"page-templates\/side-menu.php","meta":{"_bbp_topic_count":0,"_bbp_reply_count":0,"_bbp_total_topic_count":0,"_bbp_total_reply_count":0,"_bbp_voice_count":0,"_bbp_anonymous_reply_count":0,"_bbp_topic_count_hidden":0,"_bbp_reply_count_hidden":0,"_bbp_forum_subforum_count":0,"footnotes":""},"class_list":["post-316","page","type-page","status-publish","hentry"],"post_mailing_queue_ids":[],"_links":{"self":[{"href":"https:\/\/agora.xtec.cat\/cfaegara\/wp-json\/wp\/v2\/pages\/316","targetHints":{"allow":["GET"]}}],"collection":[{"href":"https:\/\/agora.xtec.cat\/cfaegara\/wp-json\/wp\/v2\/pages"}],"about":[{"href":"https:\/\/agora.xtec.cat\/cfaegara\/wp-json\/wp\/v2\/types\/page"}],"author":[{"embeddable":true,"href":"https:\/\/agora.xtec.cat\/cfaegara\/wp-json\/wp\/v2\/users\/1"}],"replies":[{"embeddable":true,"href":"https:\/\/agora.xtec.cat\/cfaegara\/wp-json\/wp\/v2\/comments?post=316"}],"version-history":[{"count":9,"href":"https:\/\/agora.xtec.cat\/cfaegara\/wp-json\/wp\/v2\/pages\/316\/revisions"}],"predecessor-version":[{"id":4382,"href":"https:\/\/agora.xtec.cat\/cfaegara\/wp-json\/wp\/v2\/pages\/316\/revisions\/4382"}],"up":[{"embeddable":true,"href":"https:\/\/agora.xtec.cat\/cfaegara\/wp-json\/wp\/v2\/pages\/274"}],"wp:attachment":[{"href":"https:\/\/agora.xtec.cat\/cfaegara\/wp-json\/wp\/v2\/media?parent=316"}],"curies":[{"name":"wp","href":"https:\/\/api.w.org\/{rel}","templated":true}]}}