{"id":314,"date":"2015-01-28T11:33:13","date_gmt":"2015-01-28T10:33:13","guid":{"rendered":"http:\/\/agora.xtec.cat\/cfaegara\/?page_id=314"},"modified":"2024-06-25T18:58:43","modified_gmt":"2024-06-25T16:58:43","slug":"llengua-francesa","status":"publish","type":"page","link":"https:\/\/agora.xtec.cat\/cfaegara\/ensenyaments\/ensenyament-de-llengues\/llengua-francesa\/","title":{"rendered":"Llengua francesa"},"content":{"rendered":"<ul>\n<li>Nivells<\/li>\n<\/ul>\n<p>Aquests estudis tenen com a objectiu que les persones adultes assoleixin un grau de compet\u00e8ncia b\u00e0sica per a comunicar-se en llengua francesa i s&#8217;imparteixen en tres nivells: llengua francesa nivell 1, 2 i 3, que corresponen als nivells A1, A2.1 i A2.2 del MECR (Marc europeu com\u00fa de refer\u00e8ncia per a les lleng\u00fces).<\/p>\n<ul>\n<li>Durada<\/li>\n<\/ul>\n<p>La durada dels cursos van des del setembre fins al juny. Els <strong>horaris<\/strong> del curs<strong> 2024-2025<\/strong> s\u00f3n els seg\u00fcents:<\/p>\n<table style=\"border-collapse: collapse; width: 100%;\">\n<tbody>\n<tr>\n<td style=\"width: 20%; text-align: center;\"><strong>Hores<\/strong><\/td>\n<td style=\"width: 20%; text-align: center;\"><strong>Dilluns<\/strong><\/td>\n<td style=\"width: 20%; text-align: center;\"><strong>Dimarts<\/strong><\/td>\n<td style=\"width: 20%; text-align: center;\"><strong>Dimecres<\/strong><\/td>\n<td style=\"width: 20%; text-align: center;\"><strong>Dijous<\/strong><\/td>\n<\/tr>\n<tr>\n<td style=\"width: 20%; text-align: center;\">De 16:30h a 18:00h<\/td>\n<td style=\"width: 20%; text-align: center;\">Franc\u00e8s 1<\/td>\n<td style=\"width: 20%; text-align: center;\"><\/td>\n<td style=\"width: 20%; text-align: center;\">Franc\u00e8s 1<\/td>\n<td style=\"width: 20%; text-align: center;\"><\/td>\n<\/tr>\n<tr>\n<td style=\"width: 20%; text-align: center;\">De 18:00h a 20:00h<\/td>\n<td style=\"width: 20%; text-align: center;\">Franc\u00e8s 2<\/td>\n<td style=\"width: 20%; text-align: center;\"><\/td>\n<td style=\"width: 20%; text-align: center;\">Franc\u00e8s 2<\/td>\n<td style=\"width: 20%; text-align: center;\"><\/td>\n<\/tr>\n<tr>\n<td style=\"width: 20%; text-align: center;\">De 17:00h a 19:00h<\/td>\n<td style=\"width: 20%; text-align: center;\"><\/td>\n<td style=\"width: 20%; text-align: center;\">Franc\u00e8s 3<\/td>\n<td style=\"width: 20%; text-align: center;\"><\/td>\n<td style=\"width: 20%; text-align: center;\">Franc\u00e8s 3<\/td>\n<\/tr>\n<\/tbody>\n<\/table>\n<ul>\n<li>Curr\u00edculum<\/li>\n<\/ul>\n<p>Pots consultar la fitxa de l&#8217;estudi a continuaci\u00f3: <a href=\"https:\/\/www.gencat.cat\/ensenyament\/eac\/pdf\/FANR____LFRA_CA.pdf\">https:\/\/www.gencat.cat\/ensenyament\/eac\/pdf\/FANR____LFRA_CA.pdf<\/a><\/p>\n<ul>\n<li>Promoci\u00f3 de curs i\/o obtenci\u00f3 de certificaci\u00f3<\/li>\n<\/ul>\n<p>Un cop finalitzats aquests estudis, arribant al nivell 3 i havent superat l\u2019avaluaci\u00f3, l\u2019alumne\/a pot continuar la formaci\u00f3 en una escola oficial d&#8217;idiomes, accedint al nivell de 3r sense haver de superar una prova de nivell.<\/p>\n","protected":false},"excerpt":{"rendered":"<ul>\n<li>Nivells<\/li>\n<\/ul>\n<p>Aquests estudis tenen com a objectiu que les persones adultes assoleixin un grau de compet\u00e8ncia b\u00e0sica per a comunicar-se en llengua francesa i s&#8217;imparteixen en tres nivells: llengua francesa nivell 1, 2 i 3, que corresponen als nivells A1, A2.1 i A2.2 del MECR (Marc&hellip;  <a href=\"https:\/\/agora.xtec.cat\/cfaegara\/ensenyaments\/ensenyament-de-llengues\/llengua-francesa\/\" title=\"Read Llengua francesa\">Llegeix m\u00e9s\u00bb<\/a><\/p>\n","protected":false},"author":1,"featured_media":0,"parent":4059,"menu_order":0,"comment_status":"closed","ping_status":"closed","template":"page-templates\/side-menu.php","meta":{"_bbp_topic_count":0,"_bbp_reply_count":0,"_bbp_total_topic_count":0,"_bbp_total_reply_count":0,"_bbp_voice_count":0,"_bbp_anonymous_reply_count":0,"_bbp_topic_count_hidden":0,"_bbp_reply_count_hidden":0,"_bbp_forum_subforum_count":0,"footnotes":""},"class_list":["post-314","page","type-page","status-publish","hentry"],"post_mailing_queue_ids":[],"_links":{"self":[{"href":"https:\/\/agora.xtec.cat\/cfaegara\/wp-json\/wp\/v2\/pages\/314","targetHints":{"allow":["GET"]}}],"collection":[{"href":"https:\/\/agora.xtec.cat\/cfaegara\/wp-json\/wp\/v2\/pages"}],"about":[{"href":"https:\/\/agora.xtec.cat\/cfaegara\/wp-json\/wp\/v2\/types\/page"}],"author":[{"embeddable":true,"href":"https:\/\/agora.xtec.cat\/cfaegara\/wp-json\/wp\/v2\/users\/1"}],"replies":[{"embeddable":true,"href":"https:\/\/agora.xtec.cat\/cfaegara\/wp-json\/wp\/v2\/comments?post=314"}],"version-history":[{"count":4,"href":"https:\/\/agora.xtec.cat\/cfaegara\/wp-json\/wp\/v2\/pages\/314\/revisions"}],"predecessor-version":[{"id":4104,"href":"https:\/\/agora.xtec.cat\/cfaegara\/wp-json\/wp\/v2\/pages\/314\/revisions\/4104"}],"up":[{"embeddable":true,"href":"https:\/\/agora.xtec.cat\/cfaegara\/wp-json\/wp\/v2\/pages\/4059"}],"wp:attachment":[{"href":"https:\/\/agora.xtec.cat\/cfaegara\/wp-json\/wp\/v2\/media?parent=314"}],"curies":[{"name":"wp","href":"https:\/\/api.w.org\/{rel}","templated":true}]}}