{"id":312,"date":"2015-01-28T11:32:38","date_gmt":"2015-01-28T10:32:38","guid":{"rendered":"http:\/\/agora.xtec.cat\/cfaegara\/?page_id=312"},"modified":"2024-06-25T18:55:55","modified_gmt":"2024-06-25T16:55:55","slug":"llengua-anglesa","status":"publish","type":"page","link":"https:\/\/agora.xtec.cat\/cfaegara\/ensenyaments\/ensenyament-de-llengues\/llengua-anglesa\/","title":{"rendered":"Llengua anglesa"},"content":{"rendered":"<p style=\"text-align: justify;\">Aquest ensenyaments consten de <strong>tres nivells<\/strong> que permeten iniciar el proc\u00e9s d\u2019aprenentatge en llengua estrangera i tenen com a finalitat, <strong>en el primer nivell<\/strong>, formar parlants que siguin capa\u00e7os de comunicar-se en situacions quotidianes i familiars senzilles, encaminades a satisfer les primeres necessitats. En el nivells seg\u00fcents, <strong>2 i 3<\/strong>, l\u2019objectiu \u00e9s formar parlants que siguin capa\u00e7os de comunicar-se en situacions habituals que exigeixin un intercanvi d\u2019informaci\u00f3, comprendre i utilitzar expressions sobre temes i assumptes relacionats amb necessitats immediates i accedir al coneixement en un entorn multiling\u00fce i multicultural.<\/p>\n<ul>\n<li><strong>Lloc:<\/strong> edifici \u00c8gara (pla\u00e7a immaculada, 4)<\/li>\n<li><strong>Acreditaci\u00f3:<\/strong>\n<ul>\n<li><b>El nivell 1<\/b> correspon al nivell d\u2019usuari b\u00e0sic A1, d\u2019acord amb els nivells comuns de refer\u00e8ncia del Marc europeu com\u00fa de refer\u00e8ncia per a les lleng\u00fces (MECR).<\/li>\n<li><b>Els nivell 2 i 3 <\/b>corresponen al nivell d\u2019usuari b\u00e0sic A2.1 i al nivell d\u2019usuari b\u00e0sic A2.2, d\u2019acord amb els nivells comuns de refer\u00e8ncia del MECR. En finalitzar cadascun dels nivells d\u2019aprenentatge, l\u2019alumne ha d\u2019haver assolit els objectius que s\u2019estableixen en el curr\u00edculum corresponent. Els continguts s\u00f3n acumulatius i, per tant, els continguts del primer nivell s\u2019amplien en el segon nivell, i aix\u00ed successivament.<\/li>\n<\/ul>\n<\/li>\n<\/ul>\n<ul>\n<li><strong>Horaris 2024-2025:<br \/>\n<\/strong><\/li>\n<\/ul>\n<table style=\"border-collapse: collapse; width: 100%; height: 156px;\">\n<tbody>\n<tr style=\"height: 34px;\">\n<td style=\"width: 20%; height: 34px; text-align: center;\"><strong>Hores<\/strong><\/td>\n<td style=\"width: 20%; height: 34px; text-align: center;\"><strong>Dilluns<\/strong><\/td>\n<td style=\"width: 20%; height: 34px; text-align: center;\"><strong>Dimarts<\/strong><\/td>\n<td style=\"width: 20%; height: 34px; text-align: center;\"><strong>Dimecres<\/strong><\/td>\n<td style=\"width: 20%; height: 34px; text-align: center;\"><strong>Dijous<\/strong><\/td>\n<\/tr>\n<tr style=\"height: 32px;\">\n<td style=\"width: 20%; height: 32px; text-align: center;\">De 16:00h a 17:30h<\/td>\n<td style=\"width: 20%; height: 32px; text-align: center;\">Angl\u00e8s 1<\/td>\n<td style=\"width: 20%; height: 32px; text-align: center;\"><\/td>\n<td style=\"width: 20%; height: 32px; text-align: center;\">Angl\u00e8s 1<\/td>\n<td style=\"width: 20%; height: 32px; text-align: center;\"><\/td>\n<\/tr>\n<tr style=\"height: 32px;\">\n<td style=\"width: 20%; height: 32px; text-align: center;\">De 16:00h a 18:00h<\/td>\n<td style=\"width: 20%; height: 32px; text-align: center;\"><\/td>\n<td style=\"width: 20%; height: 32px; text-align: center;\">Angles 3.2<\/td>\n<td style=\"width: 20%; height: 32px; text-align: center;\"><\/td>\n<td style=\"width: 20%; height: 32px; text-align: center;\">Angl\u00e8s 3.2<\/td>\n<\/tr>\n<tr style=\"height: 26px;\">\n<td style=\"width: 20%; height: 26px; text-align: center;\">De 18:00h a 20:00h<\/td>\n<td style=\"width: 20%; height: 26px; text-align: center;\">Angl\u00e8s 2<\/td>\n<td style=\"width: 20%; height: 26px; text-align: center;\"><\/td>\n<td style=\"width: 20%; height: 26px; text-align: center;\">Angl\u00e8s 2<\/td>\n<td style=\"width: 20%; height: 26px; text-align: center;\"><\/td>\n<\/tr>\n<tr style=\"height: 32px;\">\n<td style=\"width: 20%; height: 32px; text-align: center;\">De 18:00h a 20:00h<\/td>\n<td style=\"width: 20%; height: 32px; text-align: center;\"><\/td>\n<td style=\"width: 20%; height: 32px; text-align: center;\">Angl\u00e8s 3.1<\/td>\n<td style=\"width: 20%; height: 32px; text-align: center;\"><\/td>\n<td style=\"width: 20%; height: 32px; text-align: center;\">Angl\u00e8s 3.1<\/td>\n<\/tr>\n<\/tbody>\n<\/table>\n","protected":false},"excerpt":{"rendered":"<p>Aquest ensenyaments consten de tres nivells que permeten iniciar el proc\u00e9s d\u2019aprenentatge en llengua estrangera i tenen com a finalitat, en el primer nivell, formar parlants que siguin capa\u00e7os de comunicar-se en situacions quotidianes i familiars senzilles, encaminades a satisfer les primeres necessitats. En el&hellip;  <a href=\"https:\/\/agora.xtec.cat\/cfaegara\/ensenyaments\/ensenyament-de-llengues\/llengua-anglesa\/\" title=\"Read Llengua anglesa\">Llegeix m\u00e9s\u00bb<\/a><\/p>\n","protected":false},"author":1,"featured_media":0,"parent":4059,"menu_order":0,"comment_status":"closed","ping_status":"closed","template":"page-templates\/side-menu.php","meta":{"_bbp_topic_count":0,"_bbp_reply_count":0,"_bbp_total_topic_count":0,"_bbp_total_reply_count":0,"_bbp_voice_count":0,"_bbp_anonymous_reply_count":0,"_bbp_topic_count_hidden":0,"_bbp_reply_count_hidden":0,"_bbp_forum_subforum_count":0,"footnotes":""},"class_list":["post-312","page","type-page","status-publish","hentry"],"post_mailing_queue_ids":[],"_links":{"self":[{"href":"https:\/\/agora.xtec.cat\/cfaegara\/wp-json\/wp\/v2\/pages\/312","targetHints":{"allow":["GET"]}}],"collection":[{"href":"https:\/\/agora.xtec.cat\/cfaegara\/wp-json\/wp\/v2\/pages"}],"about":[{"href":"https:\/\/agora.xtec.cat\/cfaegara\/wp-json\/wp\/v2\/types\/page"}],"author":[{"embeddable":true,"href":"https:\/\/agora.xtec.cat\/cfaegara\/wp-json\/wp\/v2\/users\/1"}],"replies":[{"embeddable":true,"href":"https:\/\/agora.xtec.cat\/cfaegara\/wp-json\/wp\/v2\/comments?post=312"}],"version-history":[{"count":6,"href":"https:\/\/agora.xtec.cat\/cfaegara\/wp-json\/wp\/v2\/pages\/312\/revisions"}],"predecessor-version":[{"id":4103,"href":"https:\/\/agora.xtec.cat\/cfaegara\/wp-json\/wp\/v2\/pages\/312\/revisions\/4103"}],"up":[{"embeddable":true,"href":"https:\/\/agora.xtec.cat\/cfaegara\/wp-json\/wp\/v2\/pages\/4059"}],"wp:attachment":[{"href":"https:\/\/agora.xtec.cat\/cfaegara\/wp-json\/wp\/v2\/media?parent=312"}],"curies":[{"name":"wp","href":"https:\/\/api.w.org\/{rel}","templated":true}]}}