{"id":299,"date":"2015-01-28T11:21:22","date_gmt":"2015-01-28T10:21:22","guid":{"rendered":"http:\/\/agora.xtec.cat\/cfaegara\/?page_id=299"},"modified":"2024-06-25T18:00:28","modified_gmt":"2024-06-25T16:00:28","slug":"llengua-castellana","status":"publish","type":"page","link":"https:\/\/agora.xtec.cat\/cfaegara\/ensenyaments\/ensenyament-de-llengues\/llengua-castellana\/","title":{"rendered":"Llengua castellana"},"content":{"rendered":"<div class=\"entry-content normal-entry-content\">\n<p style=\"text-align: justify;\">Els ensenyaments de llengua castellana a l\u2019educaci\u00f3 d\u2019adults tenen com a finalitat l\u2019adquisici\u00f3 de la compet\u00e8ncia comunicativa ling\u00fc\u00edstica per formar parlants que puguin comunicar-se amb suficient flu\u00efdesa per resoldre la major part de situacions de la vida quotidiana, tant pel que fa a l\u2019expressi\u00f3 com a la producci\u00f3, oral i escrita, en diferents suports i mitjan\u00e7ant tamb\u00e9 els llenguatges audiovisuals i, per tant, esdevinguin suficientment aut\u00f2noms per respondre a les seves necessitats personals, laborals, p\u00fabliques i educatives.<\/p>\n<ul style=\"text-align: justify;\">\n<li><strong>Lloc<\/strong>: edifici \u00c8gara (Pla\u00e7a Immaculada, 4)<\/li>\n<li><strong>Curr\u00edculum:<\/strong><\/li>\n<\/ul>\n<p style=\"text-align: justify;\">L\u2019ordenaci\u00f3 curricular dels ensenyaments de la llengua castellana per als adults tenen en compte les orientacions, les compet\u00e8ncies i els criteris establerts en el Marc europeu com\u00fa de refer\u00e8ncia (MECR).<\/p>\n<ul>\n<li style=\"list-style-type: none;\">\n<ul>\n<li style=\"text-align: justify;\">El <b>nivell 1<\/b> de llengua castellana, es correspon amb el nivell d\u2019usuari\/\u00e0ria b\u00e0sic\/a A1 d\u2019acord amb el MECR.<\/li>\n<li style=\"text-align: justify;\">El <b>nivell 2<\/b> de la llengua castellana, es correspon amb el nivell d\u2019usuari\/\u00e0ria b\u00e0sic\/a A2 d\u2019acord amb el MECR.<\/li>\n<li style=\"text-align: justify;\">El <b>nivell 3<\/b> de llengua castellana, es correspon amb el nivell d\u2019usuari\/\u00e0ria b\u00e0sic\/a independent B1 d\u2019acord amb el MECR.<\/li>\n<\/ul>\n<\/li>\n<li>Horaris del curs 2024-2025:<\/li>\n<li>\n<table style=\"border-collapse: collapse; width: 100%; height: 256px;\">\n<tbody>\n<tr style=\"height: 32px;\">\n<td style=\"width: 10%; text-align: center;\"><strong>\u00a0<\/strong><\/td>\n<td style=\"width: 10%; text-align: center; height: 32px;\"><strong>Hores<\/strong><\/td>\n<td style=\"width: 20%; text-align: center; height: 32px;\"><strong>Dilluns<\/strong><\/td>\n<td style=\"width: 20%; text-align: center; height: 32px;\"><strong>Dimarts<\/strong><\/td>\n<td style=\"width: 20%; text-align: center; height: 32px;\"><strong>Dimecres<\/strong><\/td>\n<td style=\"width: 20%; text-align: center; height: 32px;\"><strong>Dijous<\/strong><\/td>\n<\/tr>\n<tr style=\"height: 32px;\">\n<td style=\"width: 10%; text-align: center;\" rowspan=\"4\">Mat\u00ed<\/td>\n<td style=\"width: 10%; text-align: center; height: 32px;\">De 9:30h a 11:00h<\/td>\n<td style=\"width: 20%; text-align: center; height: 32px;\">Castell\u00e0 1.1<\/td>\n<td style=\"width: 20%; text-align: center; height: 32px;\"><\/td>\n<td style=\"width: 20%; text-align: center; height: 32px;\">Castell\u00e0 1.1<\/td>\n<td style=\"width: 20%; text-align: center; height: 32px;\"><\/td>\n<\/tr>\n<tr style=\"height: 32px;\">\n<td style=\"width: 10%; text-align: center; height: 32px;\">De 9:30h a 11:30h<\/td>\n<td style=\"width: 20%; text-align: center; height: 32px;\"><\/td>\n<td style=\"width: 20%; text-align: center; height: 32px;\">Castell\u00e0 3.1<\/td>\n<td style=\"width: 20%; text-align: center; height: 32px;\"><\/td>\n<td style=\"width: 20%; text-align: center; height: 32px;\">Castell\u00e0 3.1<\/td>\n<\/tr>\n<tr style=\"height: 32px;\">\n<td style=\"width: 10%; text-align: center; height: 32px;\">D&#8217;11:00h a 12:30h<\/td>\n<td style=\"width: 20%; text-align: center; height: 32px;\">Castell\u00e0 1.2<\/td>\n<td style=\"width: 20%; text-align: center; height: 32px;\"><\/td>\n<td style=\"width: 20%; text-align: center; height: 32px;\">Castell\u00e0 1.2<\/td>\n<td style=\"width: 20%; text-align: center; height: 32px;\"><\/td>\n<\/tr>\n<tr style=\"height: 32px;\">\n<td style=\"width: 10%; text-align: center; height: 32px;\">D&#8217;11:00h a 13:00h<\/td>\n<td style=\"width: 20%; text-align: center; height: 32px;\">Castell\u00e0 2.1<\/td>\n<td style=\"width: 20%; text-align: center; height: 32px;\"><\/td>\n<td style=\"width: 20%; text-align: center; height: 32px;\">Castell\u00e0 2.1<\/td>\n<td style=\"width: 20%; text-align: center; height: 32px;\"><\/td>\n<\/tr>\n<tr style=\"height: 32px;\">\n<td style=\"width: 10%; text-align: center;\" rowspan=\"3\">Tarda<\/td>\n<td style=\"width: 10%; text-align: center; height: 32px;\">De 15:00h a 17:00h<\/td>\n<td style=\"width: 20%; text-align: center; height: 32px;\">Castell\u00e0 3.2<\/td>\n<td style=\"width: 20%; text-align: center; height: 32px;\"><\/td>\n<td style=\"width: 20%; text-align: center; height: 32px;\">Castell\u00e0 3.2<\/td>\n<td style=\"width: 20%; text-align: center; height: 32px;\"><\/td>\n<\/tr>\n<tr style=\"height: 32px;\">\n<td style=\"width: 10%; text-align: center; height: 32px;\">De 17:00h a 19:00h<\/td>\n<td style=\"width: 20%; text-align: center; height: 32px;\">Castell\u00e0 2.2<\/td>\n<td style=\"width: 20%; text-align: center; height: 32px;\"><\/td>\n<td style=\"width: 20%; text-align: center; height: 32px;\">Castell\u00e0 2.2<\/td>\n<td style=\"width: 20%; text-align: center; height: 32px;\"><\/td>\n<\/tr>\n<tr style=\"height: 32px;\">\n<td style=\"width: 10%; text-align: center; height: 32px;\">De 19:00h a 20:30h<\/td>\n<td style=\"width: 20%; text-align: center; height: 32px;\"><\/td>\n<td style=\"width: 20%; text-align: center; height: 32px;\">Castell\u00e0 1.3<\/td>\n<td style=\"width: 20%; text-align: center; height: 32px;\">Castell\u00e0 1.3<\/td>\n<td style=\"width: 20%; text-align: center; height: 32px;\"><\/td>\n<\/tr>\n<\/tbody>\n<\/table>\n<\/li>\n<\/ul>\n<\/div>\n","protected":false},"excerpt":{"rendered":"<p>Els ensenyaments de llengua castellana a l\u2019educaci\u00f3 d\u2019adults tenen com a finalitat l\u2019adquisici\u00f3 de la compet\u00e8ncia comunicativa ling\u00fc\u00edstica per formar parlants que puguin comunicar-se amb suficient flu\u00efdesa per resoldre la major part de situacions de la vida quotidiana, tant pel que fa a l\u2019expressi\u00f3 com&hellip;  <a href=\"https:\/\/agora.xtec.cat\/cfaegara\/ensenyaments\/ensenyament-de-llengues\/llengua-castellana\/\" title=\"Read Llengua castellana\">Llegeix m\u00e9s\u00bb<\/a><\/p>\n","protected":false},"author":1,"featured_media":0,"parent":4059,"menu_order":0,"comment_status":"closed","ping_status":"closed","template":"page-templates\/side-menu.php","meta":{"_bbp_topic_count":0,"_bbp_reply_count":0,"_bbp_total_topic_count":0,"_bbp_total_reply_count":0,"_bbp_voice_count":0,"_bbp_anonymous_reply_count":0,"_bbp_topic_count_hidden":0,"_bbp_reply_count_hidden":0,"_bbp_forum_subforum_count":0,"footnotes":""},"class_list":["post-299","page","type-page","status-publish","hentry"],"post_mailing_queue_ids":[],"_links":{"self":[{"href":"https:\/\/agora.xtec.cat\/cfaegara\/wp-json\/wp\/v2\/pages\/299","targetHints":{"allow":["GET"]}}],"collection":[{"href":"https:\/\/agora.xtec.cat\/cfaegara\/wp-json\/wp\/v2\/pages"}],"about":[{"href":"https:\/\/agora.xtec.cat\/cfaegara\/wp-json\/wp\/v2\/types\/page"}],"author":[{"embeddable":true,"href":"https:\/\/agora.xtec.cat\/cfaegara\/wp-json\/wp\/v2\/users\/1"}],"replies":[{"embeddable":true,"href":"https:\/\/agora.xtec.cat\/cfaegara\/wp-json\/wp\/v2\/comments?post=299"}],"version-history":[{"count":6,"href":"https:\/\/agora.xtec.cat\/cfaegara\/wp-json\/wp\/v2\/pages\/299\/revisions"}],"predecessor-version":[{"id":4100,"href":"https:\/\/agora.xtec.cat\/cfaegara\/wp-json\/wp\/v2\/pages\/299\/revisions\/4100"}],"up":[{"embeddable":true,"href":"https:\/\/agora.xtec.cat\/cfaegara\/wp-json\/wp\/v2\/pages\/4059"}],"wp:attachment":[{"href":"https:\/\/agora.xtec.cat\/cfaegara\/wp-json\/wp\/v2\/media?parent=299"}],"curies":[{"name":"wp","href":"https:\/\/api.w.org\/{rel}","templated":true}]}}