{"id":296,"date":"2015-01-28T11:18:08","date_gmt":"2015-01-28T10:18:08","guid":{"rendered":"http:\/\/agora.xtec.cat\/cfaegara\/?page_id=296"},"modified":"2024-06-25T17:51:49","modified_gmt":"2024-06-25T15:51:49","slug":"llengua-catalana","status":"publish","type":"page","link":"https:\/\/agora.xtec.cat\/cfaegara\/ensenyaments\/ensenyament-de-llengues\/llengua-catalana\/","title":{"rendered":"Llengua catalana"},"content":{"rendered":"<div class=\"entry-content normal-entry-content\">\n<p>Els ensenyaments de llengua catalana a l\u2019educaci\u00f3 d\u2019adults tenen com a finalitat l\u2019adquisici\u00f3 de la compet\u00e8ncia comunicativa ling\u00fc\u00edstica per formar parlants que puguin comunicar-se amb suficient flu\u00efdesa per resoldre la major part de situacions de la vida quotidiana, tant pel que fa a l\u2019expressi\u00f3 com a la producci\u00f3, oral i escrita, en diferents suports i mitjan\u00e7ant tamb\u00e9 els llenguatges audiovisuals i, per tant, esdevinguin suficientment aut\u00f2noms per respondre a les seves necessitats personals, laborals, p\u00fabliques i educatives.<\/p>\n<ul>\n<li>Lloc: edifici \u00c8gara (pla\u00e7a immaculada, 4).<\/li>\n<li>Curr\u00edculum:<\/li>\n<\/ul>\n<p>L\u2019ordenaci\u00f3 curricular dels ensenyaments de la llengua catalana per als adults t\u00e9 en compte les orientacions, les compet\u00e8ncies i els criteris establerts en el Marc europeu com\u00fa de refer\u00e8ncia (MECR).<\/p>\n<ul>\n<li>El <strong>nivell 1<\/strong> de llengua catalana, es correspon amb el nivell d\u2019usuari\/\u00e0ria b\u00e0sic\/a A1 d\u2019acord amb el MECR.<\/li>\n<li>El <strong>nivell 2<\/strong> de la llengua catalana, es correspon amb el nivell d\u2019usuari\/\u00e0ria b\u00e0sic\/a A2 d\u2019acord amb el MECR.<\/li>\n<li>El <strong>nivell 3<\/strong> de llengua catalana, es correspon amb el nivell d\u2019usuari\/\u00e0ria b\u00e0sic\/a independent B1 d\u2019acord amb el MECR.<\/li>\n<li>Horaris del<strong> curs 2024-2025:<\/strong><\/li>\n<\/ul>\n<table style=\"border-collapse: collapse; width: 100%; height: 160px;\">\n<tbody>\n<tr style=\"height: 32px;\">\n<td style=\"width: 16.6667%; height: 32px; text-align: center;\">Hores<\/td>\n<td style=\"width: 16.6667%; height: 32px; text-align: center;\"><strong>Dilluns<\/strong><\/td>\n<td style=\"width: 16.6667%; height: 32px; text-align: center;\"><strong>Dimarts <\/strong><\/td>\n<td style=\"width: 16.6667%; height: 32px; text-align: center;\"><strong>Dimecres<\/strong><\/td>\n<td style=\"width: 16.6667%; height: 32px; text-align: center;\"><strong>Dijous<\/strong><\/td>\n<td style=\"width: 16.6667%; height: 32px; text-align: center;\"><strong>Divendres<\/strong><\/td>\n<\/tr>\n<tr style=\"height: 32px;\">\n<td style=\"width: 16.6667%; height: 32px; text-align: center;\">De 9:00h a 10:30h<\/td>\n<td style=\"width: 16.6667%; height: 32px; text-align: center;\"><\/td>\n<td style=\"width: 16.6667%; height: 32px; text-align: center;\"><\/td>\n<td style=\"width: 16.6667%; height: 32px; text-align: center;\">Catal\u00e0 1.1<\/td>\n<td style=\"width: 16.6667%; height: 32px; text-align: center;\"><\/td>\n<td style=\"width: 16.6667%; height: 32px; text-align: center;\">Catal\u00e0 1.1<\/td>\n<\/tr>\n<tr style=\"height: 32px;\">\n<td style=\"width: 16.6667%; height: 32px; text-align: center;\">De 9:30h a 11:30h<\/td>\n<td style=\"width: 16.6667%; height: 32px; text-align: center;\"><\/td>\n<td style=\"width: 16.6667%; height: 32px; text-align: center;\">Catal\u00e0 2<\/td>\n<td style=\"width: 16.6667%; height: 32px; text-align: center;\"><\/td>\n<td style=\"width: 16.6667%; height: 32px; text-align: center;\">Catal\u00e0 2<\/td>\n<td style=\"width: 16.6667%; height: 32px; text-align: center;\"><\/td>\n<\/tr>\n<tr style=\"height: 32px;\">\n<td style=\"width: 16.6667%; height: 32px; text-align: center;\">De 10:30h a 12:30h<\/td>\n<td style=\"width: 16.6667%; height: 32px; text-align: center;\">Catal\u00e0 3<\/td>\n<td style=\"width: 16.6667%; height: 32px; text-align: center;\"><\/td>\n<td style=\"width: 16.6667%; height: 32px; text-align: center;\">Catal\u00e0 3<\/td>\n<td style=\"width: 16.6667%; height: 32px; text-align: center;\"><\/td>\n<td style=\"width: 16.6667%; height: 32px; text-align: center;\"><\/td>\n<\/tr>\n<tr style=\"height: 32px;\">\n<td style=\"width: 16.6667%; height: 32px; text-align: center;\">De 17:00h a 18:30h<\/td>\n<td style=\"width: 16.6667%; height: 32px; text-align: center;\"><\/td>\n<td style=\"width: 16.6667%; height: 32px; text-align: center;\">Catal\u00e0 1.2<\/td>\n<td style=\"width: 16.6667%; height: 32px; text-align: center;\"><\/td>\n<td style=\"width: 16.6667%; height: 32px; text-align: center;\">Catal\u00e0 1.2<\/td>\n<td style=\"width: 16.6667%; height: 32px; text-align: center;\"><\/td>\n<\/tr>\n<\/tbody>\n<\/table>\n<\/div>\n","protected":false},"excerpt":{"rendered":"<p>Els ensenyaments de llengua catalana a l\u2019educaci\u00f3 d\u2019adults tenen com a finalitat l\u2019adquisici\u00f3 de la compet\u00e8ncia comunicativa ling\u00fc\u00edstica per formar parlants que puguin comunicar-se amb suficient flu\u00efdesa per resoldre la major part de situacions de la vida quotidiana, tant pel que fa a l\u2019expressi\u00f3 com&hellip;  <a href=\"https:\/\/agora.xtec.cat\/cfaegara\/ensenyaments\/ensenyament-de-llengues\/llengua-catalana\/\" title=\"Read Llengua catalana\">Llegeix m\u00e9s\u00bb<\/a><\/p>\n","protected":false},"author":1,"featured_media":0,"parent":4059,"menu_order":0,"comment_status":"closed","ping_status":"closed","template":"page-templates\/side-menu.php","meta":{"_bbp_topic_count":0,"_bbp_reply_count":0,"_bbp_total_topic_count":0,"_bbp_total_reply_count":0,"_bbp_voice_count":0,"_bbp_anonymous_reply_count":0,"_bbp_topic_count_hidden":0,"_bbp_reply_count_hidden":0,"_bbp_forum_subforum_count":0,"footnotes":""},"class_list":["post-296","page","type-page","status-publish","hentry"],"post_mailing_queue_ids":[],"_links":{"self":[{"href":"https:\/\/agora.xtec.cat\/cfaegara\/wp-json\/wp\/v2\/pages\/296","targetHints":{"allow":["GET"]}}],"collection":[{"href":"https:\/\/agora.xtec.cat\/cfaegara\/wp-json\/wp\/v2\/pages"}],"about":[{"href":"https:\/\/agora.xtec.cat\/cfaegara\/wp-json\/wp\/v2\/types\/page"}],"author":[{"embeddable":true,"href":"https:\/\/agora.xtec.cat\/cfaegara\/wp-json\/wp\/v2\/users\/1"}],"replies":[{"embeddable":true,"href":"https:\/\/agora.xtec.cat\/cfaegara\/wp-json\/wp\/v2\/comments?post=296"}],"version-history":[{"count":6,"href":"https:\/\/agora.xtec.cat\/cfaegara\/wp-json\/wp\/v2\/pages\/296\/revisions"}],"predecessor-version":[{"id":4097,"href":"https:\/\/agora.xtec.cat\/cfaegara\/wp-json\/wp\/v2\/pages\/296\/revisions\/4097"}],"up":[{"embeddable":true,"href":"https:\/\/agora.xtec.cat\/cfaegara\/wp-json\/wp\/v2\/pages\/4059"}],"wp:attachment":[{"href":"https:\/\/agora.xtec.cat\/cfaegara\/wp-json\/wp\/v2\/media?parent=296"}],"curies":[{"name":"wp","href":"https:\/\/api.w.org\/{rel}","templated":true}]}}