{"id":27,"date":"2014-09-17T16:24:03","date_gmt":"2014-09-17T16:24:03","guid":{"rendered":"http:\/\/agora.xtec.cat\/cfaegara\/?page_id=27"},"modified":"2021-05-16T13:23:48","modified_gmt":"2021-05-16T11:23:48","slug":"historia","status":"publish","type":"page","link":"https:\/\/agora.xtec.cat\/cfaegara\/el-centre\/historia\/","title":{"rendered":"Ideari del centre"},"content":{"rendered":"<p><a href=\"https:\/\/agora.xtec.cat\/cfaegara\/wp-content\/uploads\/usu1042\/2021\/05\/Logo-ok-transparent.png\"><img loading=\"lazy\" decoding=\"async\" class=\"alignnone wp-image-3449 \" src=\"https:\/\/agora.xtec.cat\/cfaegara\/wp-content\/uploads\/usu1042\/2021\/05\/Logo-ok-transparent.png\" alt=\"\" width=\"93\" height=\"112\" \/><\/a><\/p>\n<table>\n<tbody>\n<tr>\n<td style=\"width: 28.1333px;\">&gt;<\/td>\n<td style=\"width: 513.783px;\"><strong>Un servei p\u00fablic<\/strong><\/td>\n<\/tr>\n<tr>\n<td style=\"width: 28.1333px;\">&gt;<\/td>\n<td style=\"width: 513.783px;\">Un servei educatiu<\/td>\n<\/tr>\n<tr>\n<td style=\"width: 28.1333px;\">&gt;<\/td>\n<td style=\"width: 513.783px;\"><strong>Educaci\u00f3 integral<\/strong><\/td>\n<\/tr>\n<tr>\n<td style=\"width: 28.1333px;\">&gt;<\/td>\n<td style=\"width: 513.783px;\">L&#8217;educaci\u00f3, un medi al servei del desenvolupament hum\u00e0 de la poblaci\u00f3 adulta<\/td>\n<\/tr>\n<tr>\n<td style=\"width: 28.1333px;\">&gt;<\/td>\n<td style=\"width: 513.783px;\"><strong>Objectiu: la millora de la qualitat humana<\/strong><\/td>\n<\/tr>\n<tr>\n<td style=\"width: 28.1333px;\">&gt;<\/td>\n<td style=\"width: 513.783px;\">L&#8217;aprenent, el principal protagonista<\/td>\n<\/tr>\n<tr>\n<td style=\"width: 28.1333px;\">&gt;<\/td>\n<td style=\"width: 513.783px;\"><strong>Un centre al servei de la Formaci\u00f3 Permanent<\/strong><\/td>\n<\/tr>\n<tr>\n<td style=\"width: 28.1333px;\">&gt;<\/td>\n<td style=\"width: 513.783px;\">Centre participatiu, integrador, pluralista i de gesti\u00f3 democr\u00e0tica<\/td>\n<\/tr>\n<\/tbody>\n<\/table>\n","protected":false},"excerpt":{"rendered":"<p><a href=\"https:\/\/agora.xtec.cat\/cfaegara\/wp-content\/uploads\/usu1042\/2021\/05\/Logo-ok-transparent.png\"><\/a><\/p>\n<p>&gt;<br \/>\nUn servei p\u00fablic<\/p>\n<p>&gt;<br \/>\nUn servei educatiu<\/p>\n<p>&gt;<br \/>\nEducaci\u00f3 integral<\/p>\n<p>&gt;<br \/>\nL&#8217;educaci\u00f3, un medi al servei del desenvolupament hum\u00e0 de la poblaci\u00f3 adulta<\/p>\n<p>&gt;<br \/>\nObjectiu: la millora de la qualitat humana<\/p>\n<p>&gt;<br \/>\nL&#8217;aprenent, el principal protagonista<\/p>\n<p>&gt;<br \/>\nUn centre al servei de la Formaci\u00f3 Permanent<\/p>\n<p>&gt;<br \/>\nCentre participatiu, integrador, pluralista i de gesti\u00f3 democr\u00e0tica<\/p>\n","protected":false},"author":1,"featured_media":0,"parent":261,"menu_order":20,"comment_status":"closed","ping_status":"closed","template":"page-templates\/side-menu.php","meta":{"_bbp_topic_count":0,"_bbp_reply_count":0,"_bbp_total_topic_count":0,"_bbp_total_reply_count":0,"_bbp_voice_count":0,"_bbp_anonymous_reply_count":0,"_bbp_topic_count_hidden":0,"_bbp_reply_count_hidden":0,"_bbp_forum_subforum_count":0,"footnotes":""},"class_list":["post-27","page","type-page","status-publish","hentry"],"post_mailing_queue_ids":[],"_links":{"self":[{"href":"https:\/\/agora.xtec.cat\/cfaegara\/wp-json\/wp\/v2\/pages\/27","targetHints":{"allow":["GET"]}}],"collection":[{"href":"https:\/\/agora.xtec.cat\/cfaegara\/wp-json\/wp\/v2\/pages"}],"about":[{"href":"https:\/\/agora.xtec.cat\/cfaegara\/wp-json\/wp\/v2\/types\/page"}],"author":[{"embeddable":true,"href":"https:\/\/agora.xtec.cat\/cfaegara\/wp-json\/wp\/v2\/users\/1"}],"replies":[{"embeddable":true,"href":"https:\/\/agora.xtec.cat\/cfaegara\/wp-json\/wp\/v2\/comments?post=27"}],"version-history":[{"count":3,"href":"https:\/\/agora.xtec.cat\/cfaegara\/wp-json\/wp\/v2\/pages\/27\/revisions"}],"predecessor-version":[{"id":3453,"href":"https:\/\/agora.xtec.cat\/cfaegara\/wp-json\/wp\/v2\/pages\/27\/revisions\/3453"}],"up":[{"embeddable":true,"href":"https:\/\/agora.xtec.cat\/cfaegara\/wp-json\/wp\/v2\/pages\/261"}],"wp:attachment":[{"href":"https:\/\/agora.xtec.cat\/cfaegara\/wp-json\/wp\/v2\/media?parent=27"}],"curies":[{"name":"wp","href":"https:\/\/api.w.org\/{rel}","templated":true}]}}