{"id":753,"date":"2020-06-12T17:06:10","date_gmt":"2020-06-12T15:06:10","guid":{"rendered":"https:\/\/agora.xtec.cat\/cfaedeliahernandez\/?page_id=753"},"modified":"2020-08-28T14:05:09","modified_gmt":"2020-08-28T12:05:09","slug":"viatges-destudis","status":"publish","type":"page","link":"https:\/\/agora.xtec.cat\/cfaedeliahernandez\/el-centre\/viatges-destudis\/","title":{"rendered":"Viatge d&#8217;estudis"},"content":{"rendered":"<p>&nbsp;<\/p>\n<p>El CFA Edelia Hern\u00e1ndez des de l&#8217;any 1991 porta organitzant viatges culturals arreu del continent europeu amb l&#8217;objectiu de con\u00e8ixer els costums, la cultura i les tradicions de les ciutats que es visiten. Durant el curs el centre prepara el viatge, des de la recerca d&#8217;informaci\u00f3 de la ciutat que es va a visitar; museus, palaus, catedrals, monuments, passejades, etc. aix\u00ed com la recerca de guies aut\u00f2ctones per ensenyar la seva ciutat. A llarg del curs tamb\u00e9 es van fent de dues a tres reunions informatives per a que la gent interessada vagi sabent com s&#8217;organitza i com es prepara l&#8217;itinerari i tot el que comporta.<br \/>\nEl viatge est\u00e0 obert a tothom que desitgi viatjar en grup i de forma cultural. Normalment el grup sol ser entre quaranta i cinquanta persones aproximadament, encara que el nombre pot variar segons l&#8217;any. El viatge es fa cap al mes de maig que fa millor temps all\u00e0 on es viatja i la durada s\u00f3n de sis o set dies com a m\u00e0xim.<br \/>\nDurant el viatge, el grup s&#8217;acostumbra a moure en transport p\u00fablic; en tren, tramvia, metro, autob\u00fas, o b\u00e9 caminant i donant passejades per la ciutat. S&#8217;aprofita al m\u00e0xim el dia per veure els llocs d&#8217;inter\u00e8s, per aix\u00f2 cal matinar i portar cal\u00e7at i roba c\u00f2moda. Els \u00e0pats es fan durant l&#8217;itinerari; al migdia es sol dinar un entrep\u00e0 per no perdre massa temps i per sopar cadasc\u00fa es busca algun lloc m\u00e9s tranquil.<br \/>\nA continuaci\u00f3 es mostra un mapa d&#8217;Europa amb els pa\u00efsos visitats.<br \/>\nEl curs passat 2018-19 el viatge d&#8217;estudis va ser a Mil\u00e0 i voltants del 18 al 25 maig de 2019.<\/p>\n<h4 class=\"art-postheader\"><span style=\"color: #003366;\">Viatge d&#8217;estudis a Gr\u00e8cia &#8211; del 17 al 23 de maig.<\/span><\/h4>\n<p>El viatge d&#8217;estudis queda ajornat 2021 pel &#8220;Covid-19&#8221;.<\/p>\n<div style=\"width: 100%;\">\n<div style=\"position: relative; padding-bottom: 56.25%; padding-top: 0; height: 0;\"><iframe loading=\"lazy\" src=\"https:\/\/view.genial.ly\/5efb22268879b60d9826c8ef\" width=\"1200px\" height=\"675px\" frameborder=\"0\"><\/iframe><\/div>\n<\/div>\n<p>&nbsp;<\/p>\n<p>&nbsp;<\/p>\n<p>&nbsp;<\/p>\n<p>&nbsp;<\/p>\n<p>&nbsp;<\/p>\n<ul>\n<li><a href=\"https:\/\/www.youtube.com\/watch?v=vPBVaTOPXwg\" target=\"_blank\" rel=\"noopener noreferrer\">2019. Mil\u00e0 i regi\u00f3 de Lombardia.<\/a><\/li>\n<li><a href=\"https:\/\/photos.app.goo.gl\/K7xBm8piKOh2Eja83\" target=\"_blank\" rel=\"noopener noreferrer\">2018. Romania<\/a><\/li>\n<li><a href=\"https:\/\/goo.gl\/photos\/BRBrLpVrPcRcPqWt9\" target=\"_blank\" rel=\"noopener noreferrer\">2017. Eslov\u00e8nia i Ven\u00e8cia<\/a><\/li>\n<li><a href=\"https:\/\/goo.gl\/photos\/qmkxrgHWtXJc3ESc6\" target=\"_blank\" rel=\"noopener noreferrer\">2016. Sic\u00edlia (part oriental)<\/a><\/li>\n<li><a href=\"https:\/\/goo.gl\/photos\/48Zr4V81sJXmyoDN7\" target=\"_blank\" rel=\"noopener noreferrer\">2015. Crac\u00f2via i Vars\u00f2via (Pol\u00f2nia)<\/a><\/li>\n<li><a href=\"https:\/\/plus.google.com\/u\/0\/photos\/110544564900216206182\/albums\/6097964944102033665\" target=\"_blank\" rel=\"noopener noreferrer\">2014. Sic\u00edlia (It\u00e0lia)<\/a><\/li>\n<li><a href=\"https:\/\/plus.google.com\/u\/0\/photos\/110544564900216206182\/albums\/6097964944102033665\" target=\"_blank\" rel=\"noopener noreferrer\">2013. Atenes (Gr\u00e8cia)<\/a><\/li>\n<li><a href=\"https:\/\/plus.google.com\/u\/0\/photos\/110544564900216206182\/albums\/6097936011635543905\" target=\"_blank\" rel=\"noopener noreferrer\">2012. Ist\u00e0nbul (Turquia)<\/a><\/li>\n<li><a href=\"https:\/\/plus.google.com\/u\/0\/photos\/110544564900216206182\/albums\/6097929555996690401\" target=\"_blank\" rel=\"noopener noreferrer\">2011. Dubrovnik, Split, Zagreb i M\u00f2star (Cro\u00e0cia i B\u00f2snia-Herzegovina)<\/a><\/li>\n<li><a href=\"https:\/\/plus.google.com\/u\/0\/photos\/110544564900216206182\/albums\/6097922917943990529\" target=\"_blank\" rel=\"noopener noreferrer\">2010. N\u00e0pols (It\u00e0lia)<\/a><\/li>\n<li><a href=\"https:\/\/plus.google.com\/u\/0\/photos\/110544564900216206182\/albums\/6097914165962287057\" target=\"_blank\" rel=\"noopener noreferrer\">2009. Sant Petersburg (R\u00fassia)<\/a><\/li>\n<li><a href=\"https:\/\/plus.google.com\/u\/0\/photos\/110544564900216206182\/albums\/6097865201088129393\" target=\"_blank\" rel=\"noopener noreferrer\">2008. Helsinki i Tallin (Finl\u00e0ndia i Est\u00f2nia)<\/a><\/li>\n<li><a href=\"https:\/\/plus.google.com\/u\/0\/photos\/110544564900216206182\/albums\/6097660142271429313\" target=\"_blank\" rel=\"noopener noreferrer\">2007. Budapest (Hongria)<\/a><\/li>\n<li><a href=\"https:\/\/plus.google.com\/u\/0\/photos\/110544564900216206182\/albums\/6097650132123628273\" target=\"_blank\" rel=\"noopener noreferrer\">2006. Berl\u00edn (Alemanya)<\/a><\/li>\n<li><a href=\"https:\/\/plus.google.com\/u\/0\/photos\/110544564900216206182\/albums\/6097639290198481041\" target=\"_blank\" rel=\"noopener noreferrer\">2005. Londres (Regne Unit)<\/a><\/li>\n<li><a href=\"https:\/\/plus.google.com\/u\/0\/photos\/110544564900216206182\/albums\/6097627309040747921\" target=\"_blank\" rel=\"noopener noreferrer\">2004. Roma (It\u00e0lia)<\/a><\/li>\n<li><a href=\"https:\/\/plus.google.com\/u\/0\/photos\/110544564900216206182\/albums\/6097610842985138225\" target=\"_blank\" rel=\"noopener noreferrer\">2003. Par\u00eds (Fran\u00e7a)<\/a><\/li>\n<\/ul>\n","protected":false},"excerpt":{"rendered":"<p>&nbsp;<br \/>\nEl CFA Edelia Hern\u00e1ndez des de l&#8217;any 1991 porta organitzant viatges culturals arreu del continent europeu amb l&#8217;objectiu de con\u00e8ixer els costums, la cultura i les tradicions de les ciutats que es visiten. Durant el curs el centre prepara el viatge, des de la recerca&hellip;  <a href=\"https:\/\/agora.xtec.cat\/cfaedeliahernandez\/el-centre\/viatges-destudis\/\" title=\"Read Viatge d&#8217;estudis\">Llegeix m\u00e9s\u00bb<\/a><\/p>\n","protected":false},"author":1,"featured_media":0,"parent":261,"menu_order":50,"comment_status":"closed","ping_status":"closed","template":"page-templates\/side-menu.php","meta":{"_bbp_topic_count":0,"_bbp_reply_count":0,"_bbp_total_topic_count":0,"_bbp_total_reply_count":0,"_bbp_voice_count":0,"_bbp_anonymous_reply_count":0,"_bbp_topic_count_hidden":0,"_bbp_reply_count_hidden":0,"_bbp_forum_subforum_count":0,"footnotes":""},"class_list":["post-753","page","type-page","status-publish","hentry"],"post_mailing_queue_ids":[],"_links":{"self":[{"href":"https:\/\/agora.xtec.cat\/cfaedeliahernandez\/wp-json\/wp\/v2\/pages\/753","targetHints":{"allow":["GET"]}}],"collection":[{"href":"https:\/\/agora.xtec.cat\/cfaedeliahernandez\/wp-json\/wp\/v2\/pages"}],"about":[{"href":"https:\/\/agora.xtec.cat\/cfaedeliahernandez\/wp-json\/wp\/v2\/types\/page"}],"author":[{"embeddable":true,"href":"https:\/\/agora.xtec.cat\/cfaedeliahernandez\/wp-json\/wp\/v2\/users\/1"}],"replies":[{"embeddable":true,"href":"https:\/\/agora.xtec.cat\/cfaedeliahernandez\/wp-json\/wp\/v2\/comments?post=753"}],"version-history":[{"count":4,"href":"https:\/\/agora.xtec.cat\/cfaedeliahernandez\/wp-json\/wp\/v2\/pages\/753\/revisions"}],"predecessor-version":[{"id":1279,"href":"https:\/\/agora.xtec.cat\/cfaedeliahernandez\/wp-json\/wp\/v2\/pages\/753\/revisions\/1279"}],"up":[{"embeddable":true,"href":"https:\/\/agora.xtec.cat\/cfaedeliahernandez\/wp-json\/wp\/v2\/pages\/261"}],"wp:attachment":[{"href":"https:\/\/agora.xtec.cat\/cfaedeliahernandez\/wp-json\/wp\/v2\/media?parent=753"}],"curies":[{"name":"wp","href":"https:\/\/api.w.org\/{rel}","templated":true}]}}