{"id":747,"date":"2020-06-12T13:41:00","date_gmt":"2020-06-12T11:41:00","guid":{"rendered":"https:\/\/agora.xtec.cat\/cfaedeliahernandez\/?page_id=747"},"modified":"2026-01-13T12:38:39","modified_gmt":"2026-01-13T11:38:39","slug":"activitats-en-el-centre","status":"publish","type":"page","link":"https:\/\/agora.xtec.cat\/cfaedeliahernandez\/el-centre\/galeria-fotografica\/activitats-en-el-centre\/","title":{"rendered":"Activitats en el centre"},"content":{"rendered":"<h4 class=\"art-postheader\"><span style=\"color: #003366;\">Galeries de fotografies. Curs 2025\/2026<\/span><\/h4>\n<ul>\n<li><a href=\"https:\/\/agora.xtec.cat\/cfaedeliahernandez\/general\/mostra-gastronomica-2025\/\">Mostra Gastron\u00f2mica 2025<\/a>. Aquest esdeveniment va gaudir de la participaci\u00f3 de les diferents cultures que inclou el nostre centre i que representa\u00a0 tant la multiculturalitat com la cohesi\u00f3 de tota la comunicat educativa<\/li>\n<li><a href=\"https:\/\/agora.xtec.cat\/cfaedeliahernandez\/general\/castoween-2025\/\">Castoween<\/a>. Celebraci\u00f3 de la castanyada i Halloween al centre amb diferents tallers com de maquillatge, papirolexia, bingo musical, etc.<\/li>\n<li><a href=\"https:\/\/agora.xtec.cat\/cfaedeliahernandez\/25n\/\">25 N<\/a>. Es celebra el Dia Internacional per a l\u2019Eliminaci\u00f3 de la Viol\u00e8ncia envers les Dones i aquest any el\u00a0nostre centre ha volgut commemorar a trav\u00e9s de diferents<br \/>\npropostes pedag\u00f2giques.<\/li>\n<li>Jornada d&#8217;eleccions al <a href=\"https:\/\/agora.xtec.cat\/cfaedeliahernandez\/el-centre\/organitzacio-interna\/consell-escolar-de-centre\/\">Consell de Centre 2025<\/a>. 21 de novembre. Durant tot el dia l&#8217;alumnat van participar en la votaci\u00f3 per escollir als representants del sector de l&#8217;alumnat.<\/li>\n<\/ul>\n<h4 class=\"art-postheader\"><span style=\"color: #003366;\">Galeries de fotografies. Curs 2024\/2025<\/span><\/h4>\n<ul>\n<li>Graduaci\u00f3 2025.<\/li>\n<li><a href=\"https:\/\/agora.xtec.cat\/cfaedeliahernandez\/general\/concurs-literari-sant-jordi-2024\/\">Sant Jordi 2025<\/a>.<\/li>\n<li>Jornades Culturals 2025 i carnaval.<\/li>\n<li><a href=\"https:\/\/agora.xtec.cat\/cfaedeliahernandez\/general\/8m-dia-internacional-de-la-dona\/\">8M<\/a>. Dia internacional de la dona.<\/li>\n<li><a href=\"https:\/\/agora.xtec.cat\/cfaedeliahernandez\/mostra-gastronomica\/\">Mostra Gastron\u00f2mica 2024<\/a>. Compartir taula \u00e9s,\u00a0 potser en la majoria de cultures, s\u00edmbol d\u2019uni\u00f3 i confraternitat.<\/li>\n<li><a href=\"https:\/\/agora.xtec.cat\/cfaedeliahernandez\/castoween-2024-2\/\">Castoween<\/a>. Celebraci\u00f3 de la castanyada i Halloween al centre amb diferents tallers com de maquillatge, papirolexia, tardor, etc.<\/li>\n<\/ul>\n<h4 class=\"art-postheader\"><span style=\"color: #003366;\">Galeries de fotografies. Curs 2023\/2024<\/span><\/h4>\n<ul>\n<li><a href=\"https:\/\/agora.xtec.cat\/cfaedeliahernandez\/?page_id=2178&amp;preview=true\">Castoween<\/a>. Celebraci\u00f3 de la castanyada i Halloween al centre amb diferents tallers com de maquillatge, papirolexia, tardor, etc.<\/li>\n<li><a href=\"https:\/\/agora.xtec.cat\/cfaedeliahernandez\/jornada-deleccions-al-consell-de-centre-2023\/\">Jornada d&#8217;eleccions Consell de Centre<\/a>. Durant tota la jornada, l&#8217;alumnat va participar en la votaci\u00f3 per elegir als representants del sector de l&#8217;alumnat<\/li>\n<\/ul>\n<h4 class=\"art-postheader\"><span style=\"color: #003366;\">Galeries de fotografies. Curs 2022\/2023<\/span><\/h4>\n<ul>\n<li><a href=\"https:\/\/photos.app.goo.gl\/XaZXGWfuYNkgUybY6\" target=\"_blank\" rel=\"noopener\">Castoween.<\/a> Celebraci\u00f3 de la castanyada i Halloween al centre amb diferents tallers com de maquillatge, masterclass de ball, ampolles de sal, tardor, etc. i entrega de premis de cartells i sorteig.<\/li>\n<li><a href=\"https:\/\/drive.google.com\/file\/d\/1JGCsY87ZnE_NPoCBI6L2m-MkITmEztHh\/view?usp=sharing\">8M<\/a>. <span style=\"font-weight: 400;\">Compartim amb vosaltres les accions educatives que vam dur a terme entorn al 8M. Teixint resist\u00e8ncies!<\/span><\/li>\n<li><a href=\"https:\/\/drive.google.com\/file\/d\/1Q9cWn2dvGq9q-sofotCusALUvvgrIR-_\/view?usp=sharing\">Mirades insubmises<\/a>. El passat dia 30 vam anar al MNAC a fer la visita guidada\u00a0&#8220;<span class=\"il\">Mirades<\/span>\u00a0<span class=\"il\">insubmises<\/span>. Pensar la diversitat sexual i el desig a trav\u00e9s de l\u2019art&#8221;<\/li>\n<\/ul>\n<h4 class=\"art-postheader\"><span style=\"color: #003366;\">Galeries de fotografies. Curs 2021\/2022<\/span><\/h4>\n<ul style=\"list-style-type: circle;\">\n<li><a href=\"https:\/\/photos.app.goo.gl\/UJh9ExoEcnFBYGih8\" target=\"_blank\" rel=\"noopener\">Sant Jordi.<\/a> Activitats al centre.<\/li>\n<\/ul>\n<h4 class=\"art-postheader\"><span style=\"color: #003366;\">Galeries de fotografies. Curs 2019\/2020<\/span><\/h4>\n<ul>\n<li style=\"list-style-type: none;\">\n<ul>\n<li><a href=\"https:\/\/photos.app.goo.gl\/N8Ztdfp24Xsfyogj7\" target=\"_blank\" rel=\"noopener noreferrer\">Carnaval 2020. 20 de febrer.<\/a> Vam fer la festa del Carnaval i el concurs de disfresses.<\/li>\n<li><a href=\"https:\/\/photos.app.goo.gl\/RyuYHZCuwiKKytyY7\" target=\"_blank\" rel=\"noopener noreferrer\">Mostra gastron\u00f2mica de Nadal 2019. 20 de desembre.<\/a> Vam fer la festa de Nadal amb una mostra gastron\u00f2mica amb varis plats de diferents pa\u00efsos.<\/li>\n<li><a href=\"https:\/\/t.co\/it1Hxw2oEM?amp=1\" target=\"_blank\" rel=\"noopener noreferrer\">Castanyada 2019. 31 d&#8217;octubre.\u00a0<\/a>Vam fer la festa de la castanyada on es van rostir les castanyes i vam fer un pica-pica.<\/li>\n<\/ul>\n<\/li>\n<\/ul>\n<h4 class=\"art-postheader\"><span style=\"color: #003366;\">Galeries de fotografies. Curs 2018\/2019<\/span><\/h4>\n<ul>\n<li style=\"list-style-type: none;\">\n<ul>\n<li><a href=\"https:\/\/photos.app.goo.gl\/U7SGZSSKYKjfd9SPA\" target=\"_blank\" rel=\"noopener noreferrer\">Concurs literari 2019. 23 d&#8217;abril.<\/a> Ahir 23 d&#8217;abril vam lliurar els premis de poesies i proses del concurs literari de Sant Jordi. Enhorabona a tots i totes els\/les participants.<\/li>\n<li><a href=\"https:\/\/photos.app.goo.gl\/xmD4kEMLdh6D9KnD8\" target=\"_blank\" rel=\"noopener noreferrer\">Carnestoltes 2019. 1 de mar\u00e7.\u00a0<\/a>Aquest mat\u00ed hem fet la festa i el concurs de Carnestoltes. Hi ha hagut dos premis; a la comparsa m\u00e9s original i a la m\u00e9s divertida. Hem gaudit una estona de m\u00fasica, ball, somriures i molt carnaval. Gr\u00e0cies a tots i totes per participar!<\/li>\n<li><a href=\"https:\/\/photos.app.goo.gl\/BuBqCvaBZ7rUD51SA\" target=\"_blank\" rel=\"noopener noreferrer\">Jornada d&#8217;eleccions al Consell de Centre 2018. 27 de novembre. <\/a>Durant tot el dia els i les alumnes van participar en la votaci\u00f3 per elegir al representant del sector de l&#8217;alumnat.<\/li>\n<li><a href=\"https:\/\/photos.app.goo.gl\/U0iRwUA71tv3C3JF3\" target=\"_blank\" rel=\"noopener noreferrer\">Castanyada 2018. 31 d&#8217;octubre.\u00a0<\/a>El dimecres 31 d\u2019octubre a la tarda v\u00e0rem celebrar la festa de la castanyada i el lliurament de certificats del curs passat de CFI3, CAM i GES. A l\u2019acte va venir el sis\u00e8 tinent d\u2019alcalde, Sr. Richard Calle juntament amb la directora del centre, Ana Serrano i tot el claustre dels professors\/es. Al lliurament de certificats van assistir per cursos: del CFI3 es van entregar 8 diplomes d\u2019un total de 10; del CAM no van venir ning\u00fa dels 11 certificats i del GES es van lliurar 7 diplomes d\u2019un total de 16. Tot seguit vam continuar amb la festa de la castanyada on es van rostir les castanyes i vam fer un pica-pica.<\/li>\n<\/ul>\n<\/li>\n<\/ul>\n<h4 class=\"art-postheader\"><span style=\"color: #003366;\">Galeries de fotografies. Curs 2017\/2018<\/span><\/h4>\n<ul>\n<li><a href=\"https:\/\/photos.app.goo.gl\/YoxQF1op3K3JFWx66\" target=\"_blank\" rel=\"noopener noreferrer\">Dinar fi de curs 2018 &#8211; Comunitat Educativa. 29 de juny.<\/a><\/li>\n<li><a href=\"https:\/\/photos.app.goo.gl\/3HN8pZl7kbOyYsdU2\" target=\"_blank\" rel=\"noopener noreferrer\">Concurs Literari 2018. 23 d&#8217;abril.<\/a><\/li>\n<li><a href=\"https:\/\/photos.app.goo.gl\/UjXWrWG1OnSbr9nr2\" target=\"_blank\" rel=\"noopener noreferrer\">Dinar de Nadal 2017. 22 de desembre.<\/a><\/li>\n<li><a href=\"https:\/\/photos.app.goo.gl\/U0iRwUA71tv3C3JF3\" target=\"_blank\" rel=\"noopener noreferrer\">Castanyada 2017. 31 d&#8217;octubre.<\/a><\/li>\n<\/ul>\n<h4 class=\"art-postheader\"><span style=\"color: #003366;\">Galeries de fotografies. Curs 2016\/2017<\/span><\/h4>\n<ul>\n<li><a href=\"https:\/\/goo.gl\/photos\/96k85WuXY1o9VaxD7\" target=\"_blank\" rel=\"noopener noreferrer\">Dinar fi de curs 2017 &#8211; Comunitat Educativa. 29 de juny.<\/a><\/li>\n<li><a href=\"https:\/\/goo.gl\/photos\/gMrHd5U7yL5UR7Rc9\" target=\"_blank\" rel=\"noopener noreferrer\">Festa fi de curs 2017. 16 de juny.<\/a><\/li>\n<li><a href=\"https:\/\/goo.gl\/photos\/esQitduM1Pgrcs5a8\" target=\"_blank\" rel=\"noopener noreferrer\">Jornades Culturals 2017. 23, 24 i 25 de maig.<\/a><\/li>\n<li><a href=\"https:\/\/goo.gl\/photos\/jhmkcj9ThFmEJLwY8\" target=\"_blank\" rel=\"noopener noreferrer\">Concurs Literari 2017. 21 d&#8217;abril.<\/a><\/li>\n<li><a href=\"https:\/\/goo.gl\/photos\/BJnJgeTBwnfxHw5d7\" target=\"_blank\" rel=\"noopener noreferrer\">Carnestoltes 2017. 17 de febrer.<\/a><\/li>\n<li><a href=\"https:\/\/goo.gl\/photos\/UVJsJ4Zr7dctPwd4A\" target=\"_blank\" rel=\"noopener noreferrer\">Dinar de Nadal 2016. 22 de desembre.<\/a><\/li>\n<li><a href=\"https:\/\/goo.gl\/photos\/XYdhsGTVbVWwnJcL9\" target=\"_blank\" rel=\"noopener noreferrer\">Castanyada 2016. 28 d&#8217;octubre.<\/a><\/li>\n<\/ul>\n<h4 class=\"art-postheader\"><span style=\"color: #003366;\">Galeries de fotografies. Curs 2015\/2016<\/span><\/h4>\n<ul>\n<li><a href=\"https:\/\/goo.gl\/photos\/JXJwJLtKka47F9cd9\" target=\"_blank\" rel=\"noopener noreferrer\">Dinar de fi de curs CFA 2016 &#8211; Comunitat Educativa. 30 de juny.<\/a><\/li>\n<li><a href=\"https:\/\/photos.google.com\/u\/2\/album\/AF1QipMo7r96--0qAH5gUID7Yv-kSdL1WAzUMDpxFr4G\" target=\"_blank\" rel=\"noopener noreferrer\">Concurs Literari 2016. 20 d&#8217;abril.<\/a><\/li>\n<li><a href=\"https:\/\/goo.gl\/photos\/4bod1Y7mwqYUhfa78\" target=\"_blank\" rel=\"noopener noreferrer\">Carnestoltes 2016. 5 de febrer.<\/a><\/li>\n<\/ul>\n<h4 class=\"art-postheader\"><span style=\"color: #003366;\">Galeries de fotografies. Curs 2014\/2015<\/span><\/h4>\n<ul>\n<li><a href=\"https:\/\/goo.gl\/photos\/Bjid3MVz8qk9FxxeA\" target=\"_blank\" rel=\"noopener noreferrer\">Dinar de fi de curs 2015. Comunitat Educativa. 28 de juny.<\/a><\/li>\n<li><a href=\"https:\/\/goo.gl\/photos\/reozCT8RZWvFx3656\" target=\"_blank\" rel=\"noopener noreferrer\">Festa de fi de curs 2015. 28 de juny.<\/a><\/li>\n<li><a href=\"https:\/\/plus.google.com\/photos\/110307407750940837170\/albums\/6153147606386447825\" target=\"_blank\" rel=\"noopener noreferrer\">Jornades Culturals 2015. Maig.<\/a><\/li>\n<\/ul>\n","protected":false},"excerpt":{"rendered":"<p>Galeries de fotografies. Curs 2025\/2026<\/p>\n<ul>\n<li><a href=\"https:\/\/agora.xtec.cat\/cfaedeliahernandez\/general\/mostra-gastronomica-2025\/\">Mostra Gastron\u00f2mica 2025<\/a>. Aquest esdeveniment va gaudir de la participaci\u00f3 de les diferents cultures que inclou el nostre centre i que representa\u00a0 tant la multiculturalitat com la cohesi\u00f3 de tota la comunicat educativa<\/li>\n<li><a href=\"https:\/\/agora.xtec.cat\/cfaedeliahernandez\/general\/castoween-2025\/\">Castoween<\/a>. Celebraci\u00f3 de la castanyada i Halloween&hellip;  <a href=\"https:\/\/agora.xtec.cat\/cfaedeliahernandez\/el-centre\/galeria-fotografica\/activitats-en-el-centre\/\" title=\"Read Activitats en el centre\">Llegeix m\u00e9s\u00bb<\/a><br \/>\n","protected":false},"author":1,"featured_media":0,"parent":672,"menu_order":0,"comment_status":"closed","ping_status":"closed","template":"page-templates\/side-menu.php","meta":{"_bbp_topic_count":0,"_bbp_reply_count":0,"_bbp_total_topic_count":0,"_bbp_total_reply_count":0,"_bbp_voice_count":0,"_bbp_anonymous_reply_count":0,"_bbp_topic_count_hidden":0,"_bbp_reply_count_hidden":0,"_bbp_forum_subforum_count":0,"footnotes":""},"class_list":["post-747","page","type-page","status-publish","hentry"],"post_mailing_queue_ids":[],"_links":{"self":[{"href":"https:\/\/agora.xtec.cat\/cfaedeliahernandez\/wp-json\/wp\/v2\/pages\/747","targetHints":{"allow":["GET"]}}],"collection":[{"href":"https:\/\/agora.xtec.cat\/cfaedeliahernandez\/wp-json\/wp\/v2\/pages"}],"about":[{"href":"https:\/\/agora.xtec.cat\/cfaedeliahernandez\/wp-json\/wp\/v2\/types\/page"}],"author":[{"embeddable":true,"href":"https:\/\/agora.xtec.cat\/cfaedeliahernandez\/wp-json\/wp\/v2\/users\/1"}],"replies":[{"embeddable":true,"href":"https:\/\/agora.xtec.cat\/cfaedeliahernandez\/wp-json\/wp\/v2\/comments?post=747"}],"version-history":[{"count":6,"href":"https:\/\/agora.xtec.cat\/cfaedeliahernandez\/wp-json\/wp\/v2\/pages\/747\/revisions"}],"predecessor-version":[{"id":2588,"href":"https:\/\/agora.xtec.cat\/cfaedeliahernandez\/wp-json\/wp\/v2\/pages\/747\/revisions\/2588"}],"up":[{"embeddable":true,"href":"https:\/\/agora.xtec.cat\/cfaedeliahernandez\/wp-json\/wp\/v2\/pages\/672"}],"wp:attachment":[{"href":"https:\/\/agora.xtec.cat\/cfaedeliahernandez\/wp-json\/wp\/v2\/media?parent=747"}],"curies":[{"name":"wp","href":"https:\/\/api.w.org\/{rel}","templated":true}]}}