{"id":672,"date":"2020-06-09T16:53:10","date_gmt":"2020-06-09T14:53:10","guid":{"rendered":"https:\/\/agora.xtec.cat\/cfaedeliahernandez\/?page_id=672"},"modified":"2020-07-02T12:43:41","modified_gmt":"2020-07-02T10:43:41","slug":"galeria-fotografica","status":"publish","type":"page","link":"https:\/\/agora.xtec.cat\/cfaedeliahernandez\/el-centre\/galeria-fotografica\/","title":{"rendered":"Galeria fotogr\u00e0fica"},"content":{"rendered":"<p><meta name=\"keywords\" content=\"CFA EDELIA HERN\u00c1NDEZ de Viladecans, centre d'adults Edelia Hern&aacute;ndez, Viladecans, https:\/\/agora.xtec.cat\/cfaedeliahernandez\/, agora, agora.xtec, centre d'adults, cfa Edelia Hern&aacute;ndez, a8060137@xtec.cat, el centre, on som, hist&ograve;ria, instal\u00b7lacions, calendari del curs i horaris generals, organitzaci\u00f3 interna, documents de centre, consell de centre, comissi\u00f3 de g\u00e8nere, galeria fotogr\u00e0fica, viatges d'estudis, activitats de centre, sortides culturals\"\/><\/p>\n<h4><span style=\"color: #003366;\"><a style=\"color: #003366;\" href=\"https:\/\/agora.xtec.cat\/cfaedeliahernandez\/galeria-fotografica\/sortides-culturals\/\">Sortides culturals<\/a><\/span><\/h4>\n<h4><span style=\"color: #003366;\"><a style=\"color: #003366;\" href=\"https:\/\/agora.xtec.cat\/cfaedeliahernandez\/galeria-fotografica\/activitats-en-el-centre\/\">Activitats de centre<\/a><\/span><\/h4>\n<p><img loading=\"lazy\" decoding=\"async\" class=\"aligncenter\" src=\"https:\/\/encrypted-tbn0.gstatic.com\/images?q=tbn%3AANd9GcSV6b0C_qoK3vOXsHY_3liti2P87TQuFjgaZxiKS5L_jnCgUnzC&amp;usqp=CAU\" alt=\"\" width=\"247\" height=\"186\" data-src=\"https:\/\/encrypted-tbn0.gstatic.com\/images?q=tbn%3AANd9GcSV6b0C_qoK3vOXsHY_3liti2P87TQuFjgaZxiKS5L_jnCgUnzC&amp;usqp=CAU\" data-lt=\"\" \/><\/p>\n","protected":false},"excerpt":{"rendered":"<p><a style=\"color: #003366;\" href=\"https:\/\/agora.xtec.cat\/cfaedeliahernandez\/galeria-fotografica\/sortides-culturals\/\">Sortides culturals<\/a><br \/>\n<a style=\"color: #003366;\" href=\"https:\/\/agora.xtec.cat\/cfaedeliahernandez\/galeria-fotografica\/activitats-en-el-centre\/\">Activitats de centre<\/a><\/p>\n","protected":false},"author":1,"featured_media":0,"parent":261,"menu_order":90,"comment_status":"closed","ping_status":"closed","template":"page-templates\/side-menu.php","meta":{"_bbp_topic_count":0,"_bbp_reply_count":0,"_bbp_total_topic_count":0,"_bbp_total_reply_count":0,"_bbp_voice_count":0,"_bbp_anonymous_reply_count":0,"_bbp_topic_count_hidden":0,"_bbp_reply_count_hidden":0,"_bbp_forum_subforum_count":0,"footnotes":""},"class_list":["post-672","page","type-page","status-publish","hentry"],"post_mailing_queue_ids":[],"_links":{"self":[{"href":"https:\/\/agora.xtec.cat\/cfaedeliahernandez\/wp-json\/wp\/v2\/pages\/672","targetHints":{"allow":["GET"]}}],"collection":[{"href":"https:\/\/agora.xtec.cat\/cfaedeliahernandez\/wp-json\/wp\/v2\/pages"}],"about":[{"href":"https:\/\/agora.xtec.cat\/cfaedeliahernandez\/wp-json\/wp\/v2\/types\/page"}],"author":[{"embeddable":true,"href":"https:\/\/agora.xtec.cat\/cfaedeliahernandez\/wp-json\/wp\/v2\/users\/1"}],"replies":[{"embeddable":true,"href":"https:\/\/agora.xtec.cat\/cfaedeliahernandez\/wp-json\/wp\/v2\/comments?post=672"}],"version-history":[{"count":3,"href":"https:\/\/agora.xtec.cat\/cfaedeliahernandez\/wp-json\/wp\/v2\/pages\/672\/revisions"}],"predecessor-version":[{"id":1138,"href":"https:\/\/agora.xtec.cat\/cfaedeliahernandez\/wp-json\/wp\/v2\/pages\/672\/revisions\/1138"}],"up":[{"embeddable":true,"href":"https:\/\/agora.xtec.cat\/cfaedeliahernandez\/wp-json\/wp\/v2\/pages\/261"}],"wp:attachment":[{"href":"https:\/\/agora.xtec.cat\/cfaedeliahernandez\/wp-json\/wp\/v2\/media?parent=672"}],"curies":[{"name":"wp","href":"https:\/\/api.w.org\/{rel}","templated":true}]}}