{"id":67,"date":"2020-06-12T17:40:18","date_gmt":"2020-06-12T15:40:18","guid":{"rendered":"http:\/\/agora.xtec.cat\/cfaedeliahernandez\/?page_id=67"},"modified":"2020-07-02T13:09:48","modified_gmt":"2020-07-02T11:09:48","slug":"sortida","status":"publish","type":"page","link":"https:\/\/agora.xtec.cat\/cfaedeliahernandez\/associacio-alumnes\/sortida\/","title":{"rendered":"Sortides"},"content":{"rendered":"<p><meta name=\"keywords\" content=\"CFA EDELIA HERN\u00c1NDEZ de Viladecans, centre d'adults Edelia Hern&aacute;ndez, Viladecans, https:\/\/agora.xtec.cat\/cfaedeliahernandez\/, agora, agora.xtec, centre d'adults, cfa Edelia Hern&aacute;ndez, a8060137@xtec.cat, l'associaci&oacute; d'alumnes, sortides, activitats, galeria fotogr\u00e0fica,\"\/><\/p>\n<h4 class=\"art-postcontent\"><strong><span style=\"color: #003366;\">Sortides 2018-2019<\/span><\/strong><\/h4>\n<p><a href=\"https:\/\/photos.app.goo.gl\/jspwrgS8WtvTnJFh8\" target=\"_blank\" rel=\"noopener noreferrer\">SORTIDA A TUDELA &#8211; 8 i 9 de juny.<\/a><\/p>\n<h4 class=\"art-postcontent\"><strong><span style=\"color: #003366;\">Sortides 2010-2011<\/span><\/strong><\/h4>\n<p class=\"art-postheadericon\"><b>Sortida al balneari AGuum Spa de Salou:<\/b><\/p>\n<p>26 de mar\u00e7. Sortida anual al gran spa termal de a Salou, Tarragona. Un m\u00f3n de sensacions, bombolles d&#8217;aig\u00fces prodigioses i relax en qu\u00e8 gaudir\u00e0s d&#8217;all\u00f2 m\u00e9s.<\/p>\n<p class=\"art-postheadericon\"><b>Cap de setmana a Navarra:<\/b><\/p>\n<p>del 11 al 13 de Juny. Viatge de fi de curs de l&#8217;associaci\u00f3 d&#8217;alumnes, aquest any a Navarra. Es far\u00e0 una visita al Castillo de Javier, Monasterio de Leyre i la Colegiata de Roncesvalles. Naturalesa i paisatges en estat pur.<\/p>\n","protected":false},"excerpt":{"rendered":"<p>Sortides 2018-2019<br \/>\n<a href=\"https:\/\/photos.app.goo.gl\/jspwrgS8WtvTnJFh8\" target=\"_blank\" rel=\"noopener noreferrer\">SORTIDA A TUDELA &#8211; 8 i 9 de juny.<\/a><br \/>\nSortides 2010-2011<br \/>\nSortida al balneari AGuum Spa de Salou:<br \/>\n26 de mar\u00e7. Sortida anual al gran spa termal de a Salou, Tarragona. Un m\u00f3n de sensacions, bombolles d&#8217;aig\u00fces prodigioses i relax en qu\u00e8 gaudir\u00e0s&hellip;  <a href=\"https:\/\/agora.xtec.cat\/cfaedeliahernandez\/associacio-alumnes\/sortida\/\" title=\"Read Sortides\">Llegeix m\u00e9s\u00bb<\/a><\/p>\n","protected":false},"author":1,"featured_media":0,"parent":63,"menu_order":20,"comment_status":"closed","ping_status":"closed","template":"page-templates\/side-menu.php","meta":{"_bbp_topic_count":0,"_bbp_reply_count":0,"_bbp_total_topic_count":0,"_bbp_total_reply_count":0,"_bbp_voice_count":0,"_bbp_anonymous_reply_count":0,"_bbp_topic_count_hidden":0,"_bbp_reply_count_hidden":0,"_bbp_forum_subforum_count":0,"footnotes":""},"class_list":["post-67","page","type-page","status-publish","hentry"],"post_mailing_queue_ids":[],"_links":{"self":[{"href":"https:\/\/agora.xtec.cat\/cfaedeliahernandez\/wp-json\/wp\/v2\/pages\/67","targetHints":{"allow":["GET"]}}],"collection":[{"href":"https:\/\/agora.xtec.cat\/cfaedeliahernandez\/wp-json\/wp\/v2\/pages"}],"about":[{"href":"https:\/\/agora.xtec.cat\/cfaedeliahernandez\/wp-json\/wp\/v2\/types\/page"}],"author":[{"embeddable":true,"href":"https:\/\/agora.xtec.cat\/cfaedeliahernandez\/wp-json\/wp\/v2\/users\/1"}],"replies":[{"embeddable":true,"href":"https:\/\/agora.xtec.cat\/cfaedeliahernandez\/wp-json\/wp\/v2\/comments?post=67"}],"version-history":[{"count":4,"href":"https:\/\/agora.xtec.cat\/cfaedeliahernandez\/wp-json\/wp\/v2\/pages\/67\/revisions"}],"predecessor-version":[{"id":1160,"href":"https:\/\/agora.xtec.cat\/cfaedeliahernandez\/wp-json\/wp\/v2\/pages\/67\/revisions\/1160"}],"up":[{"embeddable":true,"href":"https:\/\/agora.xtec.cat\/cfaedeliahernandez\/wp-json\/wp\/v2\/pages\/63"}],"wp:attachment":[{"href":"https:\/\/agora.xtec.cat\/cfaedeliahernandez\/wp-json\/wp\/v2\/media?parent=67"}],"curies":[{"name":"wp","href":"https:\/\/api.w.org\/{rel}","templated":true}]}}