{"id":63,"date":"2020-06-12T17:30:31","date_gmt":"2020-06-12T15:30:31","guid":{"rendered":"http:\/\/agora.xtec.cat\/cfaedeliahernandez\/?page_id=63"},"modified":"2022-09-17T21:20:37","modified_gmt":"2022-09-17T19:20:37","slug":"associacio-alumnes","status":"publish","type":"page","link":"https:\/\/agora.xtec.cat\/cfaedeliahernandez\/associacio-alumnes\/","title":{"rendered":"L&#8217;Associaci\u00f3 d&#8217;Alumnes"},"content":{"rendered":"<p>&nbsp;<\/p>\n<ul>\n<li><strong>Hist\u00f2ria de l&#8217;entitat:\u00a0<\/strong>L&#8217;associaci\u00f3 del CFA Edelia Hern\u00e1ndez \u00e9s una entitat legalment constitu\u00efda, sense \u00e0nim de lucre i que est\u00e0 formada per alumnes i ex-alumnes i simpatizants.<\/li>\n<li><strong>Finalitats:\u00a0<\/strong>Dinamitzar la vida del centre i donar suport a les iniciatives i activitats del centre.<\/li>\n<li><strong>Activitats representatives:<\/strong>\u00a0Es realitzen diverses activitats, tant d&#8217;oci com culturals.<\/li>\n<li><strong>Octubre:\u00a0<\/strong>Lliurament de graduats i Castanyada.<\/li>\n<li><strong>Novembre:<\/strong>\u00a0Excursi\u00f3 a algun lloc de Catalunya.<\/li>\n<li><strong>Desembre:<\/strong>\u00a0Festa de Nadal, amb una mostra gastron\u00f2mica intercultural.<\/li>\n<li><strong>Gener:\u00a0<\/strong>Sortida a un balneari.<\/li>\n<li><strong>Febrer:\u00a0<\/strong>Carnaval i Concurs de disfresses.<\/li>\n<li><strong>Abril:\u00a0<\/strong>Sortida a algun lloc de Catalunya i concurs literari de Sant Jordi.<\/li>\n<li><strong>Juny:<\/strong>\u00a0Sortida de conviv\u00e8ncies, durant tres dies, on es visita alguna ciutat d&#8217;Espanya. Tamb\u00e9 es celebra la festa fi de curs, la finalitat \u00e9s que alumnes i ex-alumnes es trobin i comparteixin experi\u00e8ncies i viv\u00e8ncies.<\/li>\n<\/ul>\n<p>L&#8217;associaci\u00f3 tamb\u00e9 gestiona altres activitats que s\u00f3n importants per a la formaci\u00f3 de les persones adultes i que es realitzen al centre com l&#8217;angl\u00e8s i el ioga.<\/p>\n<h4 class=\"art-postcontent\"><span style=\"color: #003366;\">Horari d&#8217;atenci\u00f3:<\/span><\/h4>\n<p>L&#8217;associaci\u00f3 estar\u00e0 a la vostra disposici\u00f3 els seg\u00fcents dies:<\/p>\n<ul>\n<li><strong>Dilluns:<\/strong> de 15:30h a 17:30h.<\/li>\n<li><strong>Divendres:<\/strong> de 10:00h a 12:00h.<\/li>\n<\/ul>\n<p>Si voleu posar-vos en contacte amb nosaltres, podeu enviar-nos un correu electr\u00f2nic a l&#8217;adre\u00e7a <a href=\"mailto:ASSCFA@hotmail.com\">ASSCFA@hotmail.com<\/a>\u00a0o trucar al tel\u00e8fon del centre (93.658 64 51).<\/p>\n","protected":false},"excerpt":{"rendered":"<p>&nbsp;<\/p>\n<ul>\n<li>Hist\u00f2ria de l&#8217;entitat:\u00a0L&#8217;associaci\u00f3 del CFA Edelia Hern\u00e1ndez \u00e9s una entitat legalment constitu\u00efda, sense \u00e0nim de lucre i que est\u00e0 formada per alumnes i ex-alumnes i simpatizants.<\/li>\n<li>Finalitats:\u00a0Dinamitzar la vida del centre i donar suport a les iniciatives i activitats del centre.<\/li>\n<li>Activitats representatives:\u00a0Es realitzen diverses activitats, tant&hellip;  <a href=\"https:\/\/agora.xtec.cat\/cfaedeliahernandez\/associacio-alumnes\/\" title=\"Read L&#8217;Associaci\u00f3 d&#8217;Alumnes\">Llegeix m\u00e9s\u00bb<\/a><br \/>\n","protected":false},"author":1,"featured_media":0,"parent":0,"menu_order":0,"comment_status":"closed","ping_status":"closed","template":"page-templates\/side-menu.php","meta":{"_bbp_topic_count":0,"_bbp_reply_count":0,"_bbp_total_topic_count":0,"_bbp_total_reply_count":0,"_bbp_voice_count":0,"_bbp_anonymous_reply_count":0,"_bbp_topic_count_hidden":0,"_bbp_reply_count_hidden":0,"_bbp_forum_subforum_count":0,"footnotes":""},"class_list":["post-63","page","type-page","status-publish","hentry"],"post_mailing_queue_ids":[],"_links":{"self":[{"href":"https:\/\/agora.xtec.cat\/cfaedeliahernandez\/wp-json\/wp\/v2\/pages\/63","targetHints":{"allow":["GET"]}}],"collection":[{"href":"https:\/\/agora.xtec.cat\/cfaedeliahernandez\/wp-json\/wp\/v2\/pages"}],"about":[{"href":"https:\/\/agora.xtec.cat\/cfaedeliahernandez\/wp-json\/wp\/v2\/types\/page"}],"author":[{"embeddable":true,"href":"https:\/\/agora.xtec.cat\/cfaedeliahernandez\/wp-json\/wp\/v2\/users\/1"}],"replies":[{"embeddable":true,"href":"https:\/\/agora.xtec.cat\/cfaedeliahernandez\/wp-json\/wp\/v2\/comments?post=63"}],"version-history":[{"count":4,"href":"https:\/\/agora.xtec.cat\/cfaedeliahernandez\/wp-json\/wp\/v2\/pages\/63\/revisions"}],"predecessor-version":[{"id":1857,"href":"https:\/\/agora.xtec.cat\/cfaedeliahernandez\/wp-json\/wp\/v2\/pages\/63\/revisions\/1857"}],"wp:attachment":[{"href":"https:\/\/agora.xtec.cat\/cfaedeliahernandez\/wp-json\/wp\/v2\/media?parent=63"}],"curies":[{"name":"wp","href":"https:\/\/api.w.org\/{rel}","templated":true}]}}