{"id":320,"date":"2020-06-08T15:35:13","date_gmt":"2020-06-08T13:35:13","guid":{"rendered":"http:\/\/agora.xtec.cat\/cfaedeliahernandez\/?page_id=320"},"modified":"2021-01-13T14:51:59","modified_gmt":"2021-01-13T13:51:59","slug":"a-cicles-formatius-de-grau-superior","status":"publish","type":"page","link":"https:\/\/agora.xtec.cat\/cfaedeliahernandez\/ensenyaments-oferta-formativa\/ensenyaments-preparacio-de-proves-dacces\/a-cicles-formatius-de-grau-superior\/","title":{"rendered":"A cicles formatius de grau superior"},"content":{"rendered":"<p>Aquests estudis preparen per presentar-se a les proves d&#8217;acc\u00e9s als cicles de grau superior de formaci\u00f3 professional, d&#8217;arts pl\u00e0stiques i disseny i d&#8217;ensenyaments esportius. <span class=\"hps\">La prova<\/span>\u00a0<span class=\"hps\">d\u2019acc\u00e9s a tots<\/span>\u00a0<span class=\"hps\">els<\/span> c<span class=\"hps\">icles<\/span> f<span class=\"hps\">ormatius<\/span>\u00a0<span class=\"hps\">de grau<\/span>\u00a0<span class=\"hps\">superior est\u00e0<\/span>\u00a0<span class=\"hps\">estructurada en dues<\/span>\u00a0<span class=\"hps\">parts<\/span>\u00a0<span class=\"hps\">i<\/span>\u00a0<span class=\"hps\">tindr\u00e0 per objecte<\/span>\u00a0<span class=\"hps\">acreditar que l\u2019alumne<\/span>\u00a0<span class=\"hps\">posseeix la<\/span>\u00a0<span class=\"hps\">maduresa<\/span>\u00a0<span class=\"hps\">necess\u00e0ria en<\/span>\u00a0<span class=\"hps\">relaci\u00f3<\/span>\u00a0<span class=\"hps\">amb<\/span>\u00a0<span class=\"hps\">els<\/span>\u00a0<span class=\"hps\">objectius del<\/span>\u00a0<span class=\"hps\">batxillerat, aix\u00ed<\/span>\u00a0<span class=\"hps\">com<\/span>\u00a0<span class=\"hps\">els<\/span>\u00a0<span class=\"hps\">coneixements<\/span>\u00a0<span class=\"hps\">espec\u00edfics que\u00a0<\/span><span class=\"hps\">es requereixin per al<\/span>\u00a0<span class=\"hps\">cicle a qu\u00e8<\/span>\u00a0<span class=\"hps\">vol accedir. \u00c9s un curs presencial.<\/span><\/p>\n<h4><span style=\"color: #003366;\"><strong>Temari<\/strong><\/span><\/h4>\n<p>Organitzaci\u00f3: El curs de preparaci\u00f3 compr\u00e8n les seg\u00fcents mat\u00e8ries:<\/p>\n<ul>\n<li><strong>Mat\u00e8ries de la part comuna:<\/strong>\n<ul>\n<li>Llengua catalana i castellana.<\/li>\n<li>Llengua anglesa.<\/li>\n<li>Matem\u00e0tiques.<\/li>\n<\/ul>\n<\/li>\n<\/ul>\n<h4><span style=\"color: #003366;\"><strong>Durada<\/strong><\/span><\/h4>\n<p>Curs de setembre fins a la realitzaci\u00f3 de les proves, usualment al maig.<\/p>\n<p>L&#8217;horari del curs \u00e9s al vespre i l&#8217;avauaci\u00f3 \u00e9s trimestral.<\/p>\n<h4><strong><span style=\"color: #003366;\">Acc\u00e9s<\/span><\/strong><\/h4>\n<p>Poden accedir a aquests estudis les persones que tinguin m\u00e9s de 18 anys o els compleixen durant l&#8217;any natural en qu\u00e8 s&#8217;inicia la formaci\u00f3. Cal tenir en compte que per realitzar les proves d&#8217;acc\u00e9s als cicles formatius de grau superior s&#8217;han de tenir m\u00e9s de 19 anys o complir-los l&#8217;any natural en qu\u00e8 es realitza la prova.<\/p>\n<h4><span style=\"color: #003366;\"><strong>Obtenci\u00f3 de certificaci\u00f3<\/strong><\/span><\/h4>\n<p>Caldr\u00e0 haver assistit a un m\u00ednim del 80% de les hores del curs per tenir dret al certificat. Tindr\u00e0 certificat qui superi el curs de formaci\u00f3. El certificat d\u00f3na dret a punts extra del resultat final positiu. En el cas de tenir un CFGM no es pot fer la prova i el certificat\u00a0 del curs dona prioritat a l\u2019hora de matricular-se a CFGS.<\/p>\n<p>Quadre de mat\u00e8ries espec\u00edfiques a: <a title=\"Espec\u00edfiques IOC\" href=\"http:\/\/ioc.xtec.cat\/materials\/matbatx\/sobre_guies\/documents_pdf\/pacf-mater-especif2009-per-cicles.pdf\" target=\"_blank\" rel=\"noopener noreferrer\">IOC<\/a> i <a href=\"https:\/\/agora.xtec.cat\/cfacastelldefels\/wp-content\/uploads\/usu251\/2020\/05\/opcions-materies-GS-FP-1.pdf\">Gencat.<\/a><\/p>\n<p>Informaci\u00f3 general de les proves d\u2019Acc\u00e9s a Grau Superior (<a href=\"http:\/\/ensenyament.gencat.cat\/ca\/serveis-tramits\/proves\/proves-acces\/gs-fp\/\">Departament d\u2019Educaci\u00f3<\/a>)<\/p>\n<p>La prova d\u2019acc\u00e9s a CFGS, si es t\u00e9 l\u2019ESO superada, equival al batxillerat a efectes laborals i oposicions.<\/p>\n<p style=\"text-align: center;\"><a href=\"https:\/\/agora.xtec.cat\/cfaedeliahernandez\/wp-content\/uploads\/usu2195\/2020\/06\/nubegradosuperior.jpg\"><img loading=\"lazy\" decoding=\"async\" class=\"aligncenter wp-image-909\" src=\"https:\/\/agora.xtec.cat\/cfaedeliahernandez\/wp-content\/uploads\/usu2195\/2020\/06\/nubegradosuperior.jpg\" alt=\"\" width=\"563\" height=\"562\" srcset=\"https:\/\/agora.xtec.cat\/cfaedeliahernandez\/wp-content\/uploads\/usu2195\/2020\/06\/nubegradosuperior.jpg 595w, https:\/\/agora.xtec.cat\/cfaedeliahernandez\/wp-content\/uploads\/usu2195\/2020\/06\/nubegradosuperior-150x150.jpg 150w, https:\/\/agora.xtec.cat\/cfaedeliahernandez\/wp-content\/uploads\/usu2195\/2020\/06\/nubegradosuperior-300x300.jpg 300w\" sizes=\"auto, (max-width: 563px) 100vw, 563px\" \/><\/a><\/p>\n","protected":false},"excerpt":{"rendered":"<p>Aquests estudis preparen per presentar-se a les proves d&#8217;acc\u00e9s als cicles de grau superior de formaci\u00f3 professional, d&#8217;arts pl\u00e0stiques i disseny i d&#8217;ensenyaments esportius. La prova\u00a0d\u2019acc\u00e9s a tots\u00a0els cicles formatius\u00a0de grau\u00a0superior est\u00e0\u00a0estructurada en dues\u00a0parts\u00a0i\u00a0tindr\u00e0 per objecte\u00a0acreditar que l\u2019alumne\u00a0posseeix la\u00a0maduresa\u00a0necess\u00e0ria en\u00a0relaci\u00f3\u00a0amb\u00a0els\u00a0objectius del\u00a0batxillerat, aix\u00ed\u00a0com\u00a0els\u00a0coneixements\u00a0espec\u00edfics que\u00a0es requereixin per&hellip;  <a href=\"https:\/\/agora.xtec.cat\/cfaedeliahernandez\/ensenyaments-oferta-formativa\/ensenyaments-preparacio-de-proves-dacces\/a-cicles-formatius-de-grau-superior\/\" title=\"Read A cicles formatius de grau superior\">Llegeix m\u00e9s\u00bb<\/a><\/p>\n","protected":false},"author":1,"featured_media":0,"parent":288,"menu_order":0,"comment_status":"closed","ping_status":"closed","template":"page-templates\/side-menu.php","meta":{"_bbp_topic_count":0,"_bbp_reply_count":0,"_bbp_total_topic_count":0,"_bbp_total_reply_count":0,"_bbp_voice_count":0,"_bbp_anonymous_reply_count":0,"_bbp_topic_count_hidden":0,"_bbp_reply_count_hidden":0,"_bbp_forum_subforum_count":0,"footnotes":""},"class_list":["post-320","page","type-page","status-publish","hentry"],"post_mailing_queue_ids":[],"_links":{"self":[{"href":"https:\/\/agora.xtec.cat\/cfaedeliahernandez\/wp-json\/wp\/v2\/pages\/320","targetHints":{"allow":["GET"]}}],"collection":[{"href":"https:\/\/agora.xtec.cat\/cfaedeliahernandez\/wp-json\/wp\/v2\/pages"}],"about":[{"href":"https:\/\/agora.xtec.cat\/cfaedeliahernandez\/wp-json\/wp\/v2\/types\/page"}],"author":[{"embeddable":true,"href":"https:\/\/agora.xtec.cat\/cfaedeliahernandez\/wp-json\/wp\/v2\/users\/1"}],"replies":[{"embeddable":true,"href":"https:\/\/agora.xtec.cat\/cfaedeliahernandez\/wp-json\/wp\/v2\/comments?post=320"}],"version-history":[{"count":4,"href":"https:\/\/agora.xtec.cat\/cfaedeliahernandez\/wp-json\/wp\/v2\/pages\/320\/revisions"}],"predecessor-version":[{"id":1439,"href":"https:\/\/agora.xtec.cat\/cfaedeliahernandez\/wp-json\/wp\/v2\/pages\/320\/revisions\/1439"}],"up":[{"embeddable":true,"href":"https:\/\/agora.xtec.cat\/cfaedeliahernandez\/wp-json\/wp\/v2\/pages\/288"}],"wp:attachment":[{"href":"https:\/\/agora.xtec.cat\/cfaedeliahernandez\/wp-json\/wp\/v2\/media?parent=320"}],"curies":[{"name":"wp","href":"https:\/\/api.w.org\/{rel}","templated":true}]}}