{"id":312,"date":"2020-06-08T12:44:38","date_gmt":"2020-06-08T10:44:38","guid":{"rendered":"http:\/\/agora.xtec.cat\/cfaedeliahernandez\/?page_id=312"},"modified":"2020-07-02T13:00:25","modified_gmt":"2020-07-02T11:00:25","slug":"llengua-anglesa","status":"publish","type":"page","link":"https:\/\/agora.xtec.cat\/cfaedeliahernandez\/ensenyaments-oferta-formativa\/ensenyaments-transprofessionals\/llengua-anglesa\/","title":{"rendered":"Llengua anglesa"},"content":{"rendered":"<p><meta name=\"keywords\" content=\"CFA EDELIA HERN\u00c1NDEZ de Viladecans, centre d'adults Edelia Hern&aacute;ndez, Viladecans, https:\/\/agora.xtec.cat\/cfaedeliahernandez\/, agora, agora.xtec, centre d'adults, cfa Edelia Hern&aacute;ndez, a8060137@xtec.cat, ensenyaments inicials, oferta formativa, formaci\u00f3 b\u00e0sica, llengua catalana, llengua castellana, certificat de formaci\u00f3 instrumental, graduat en educaci\u00f3 secund\u00e0ria per a persones adultes (GESO), curs espec\u00edfic d'acc\u00e9s als cicles de grau mitj\u00e0 (CAM), ensenyaments transprofessonals, llengua anglesa, compet\u00e8ncia digital COMPETIC, ensenyament per a la preparaci\u00f3 de proves d\u2019acc\u00e9s, preparaci\u00f3 a proves d'acc\u00e9s a grau superior, A la universitat, preinscripci&oacute;\"\/><\/p>\n<div class=\"entry-content\">\n<p>Aquests estudis tenen com a objectiu que les persones adultes assoleixin un grau de compet\u00e8ncia b\u00e0sica per acomunicar-se en llengua anglesa i s&#8217;imparteixen en tres nivells: llengua anglesa nivell 1, 2 i 3, que corresponen alsnivells A1, A2.1 i A2.2 del MECR (Marc europeu com\u00fa derefer\u00e8ncia per a les lleng\u00fces).<\/p>\n<h4><span style=\"color: #003366;\"><strong>Temari<\/strong><\/span><\/h4>\n<p>En els tres nivells es treballen les habilitats de comprensi\u00f3 iexpressi\u00f3 orals i escrites que permeten fer front a la major part de situacions ling\u00fc\u00edstiques de la vida quotidiana icomunicar-se de forma b\u00e0sica en un entorn pluriling\u00fce imulticultural.<\/p>\n<h4><strong><span style=\"color: #003366;\">Acc\u00e9s<\/span><\/strong><\/h4>\n<p>Poden accedir a aquests estudis totes les persones que tenen m\u00e9s de 18 anys o b\u00e9 els compleixen durant l&#8217;any natural en qu\u00e8 inicien la formaci\u00f3.<\/p>\n<p>L\u2019alumnat que accedeix de nou a un d\u2019aquests cursos far\u00e0 una prova de nivell.<\/p>\n<h4><span style=\"color: #003366;\"><strong>Continu\u00eftat<\/strong><\/span><\/h4>\n<p>Un cop finalitzats aquests estudis, es pot continuar la formaci\u00f3 en una escola oficial d&#8217;idiomes, accedint al nivell de 3r sense haver de superar una prova de nivell.<\/p>\n<p style=\"text-align: center;\"><img loading=\"lazy\" decoding=\"async\" class=\"\" src=\"https:\/\/agora.xtec.cat\/cfajujol\/wp-content\/uploads\/usu253\/2015\/01\/SEO_ingles.jpg\" alt=\"https:\/\/agora.xtec.cat\/cfajujol\/wp-content\/uploads\/usu253\/2015\/01\/SEO_ingles.jpg\" width=\"333\" height=\"175\" \/><\/p>\n<\/div>\n","protected":false},"excerpt":{"rendered":"<p>Aquests estudis tenen com a objectiu que les persones adultes assoleixin un grau de compet\u00e8ncia b\u00e0sica per acomunicar-se en llengua anglesa i s&#8217;imparteixen en tres nivells: llengua anglesa nivell 1, 2 i 3, que corresponen alsnivells A1, A2.1 i A2.2 del MECR (Marc europeu com\u00fa&hellip;  <a href=\"https:\/\/agora.xtec.cat\/cfaedeliahernandez\/ensenyaments-oferta-formativa\/ensenyaments-transprofessionals\/llengua-anglesa\/\" title=\"Read Llengua anglesa\">Llegeix m\u00e9s\u00bb<\/a><\/p>\n","protected":false},"author":1,"featured_media":0,"parent":286,"menu_order":0,"comment_status":"closed","ping_status":"closed","template":"page-templates\/side-menu.php","meta":{"_bbp_topic_count":0,"_bbp_reply_count":0,"_bbp_total_topic_count":0,"_bbp_total_reply_count":0,"_bbp_voice_count":0,"_bbp_anonymous_reply_count":0,"_bbp_topic_count_hidden":0,"_bbp_reply_count_hidden":0,"_bbp_forum_subforum_count":0,"footnotes":""},"class_list":["post-312","page","type-page","status-publish","hentry"],"post_mailing_queue_ids":[],"_links":{"self":[{"href":"https:\/\/agora.xtec.cat\/cfaedeliahernandez\/wp-json\/wp\/v2\/pages\/312","targetHints":{"allow":["GET"]}}],"collection":[{"href":"https:\/\/agora.xtec.cat\/cfaedeliahernandez\/wp-json\/wp\/v2\/pages"}],"about":[{"href":"https:\/\/agora.xtec.cat\/cfaedeliahernandez\/wp-json\/wp\/v2\/types\/page"}],"author":[{"embeddable":true,"href":"https:\/\/agora.xtec.cat\/cfaedeliahernandez\/wp-json\/wp\/v2\/users\/1"}],"replies":[{"embeddable":true,"href":"https:\/\/agora.xtec.cat\/cfaedeliahernandez\/wp-json\/wp\/v2\/comments?post=312"}],"version-history":[{"count":3,"href":"https:\/\/agora.xtec.cat\/cfaedeliahernandez\/wp-json\/wp\/v2\/pages\/312\/revisions"}],"predecessor-version":[{"id":1152,"href":"https:\/\/agora.xtec.cat\/cfaedeliahernandez\/wp-json\/wp\/v2\/pages\/312\/revisions\/1152"}],"up":[{"embeddable":true,"href":"https:\/\/agora.xtec.cat\/cfaedeliahernandez\/wp-json\/wp\/v2\/pages\/286"}],"wp:attachment":[{"href":"https:\/\/agora.xtec.cat\/cfaedeliahernandez\/wp-json\/wp\/v2\/media?parent=312"}],"curies":[{"name":"wp","href":"https:\/\/api.w.org\/{rel}","templated":true}]}}