{"id":305,"date":"2020-06-07T22:35:04","date_gmt":"2020-06-07T20:35:04","guid":{"rendered":"http:\/\/agora.xtec.cat\/cfaedeliahernandez\/?page_id=305"},"modified":"2021-01-13T13:38:48","modified_gmt":"2021-01-13T12:38:48","slug":"curs-dacces-als-cicles-de-grau-mitja","status":"publish","type":"page","link":"https:\/\/agora.xtec.cat\/cfaedeliahernandez\/ensenyaments-oferta-formativa\/ensenyaments-inicials-i-formacio-basica\/curs-dacces-als-cicles-de-grau-mitja\/","title":{"rendered":"Curs espec\u00edfic per l&#8217;Acc\u00e9s als Cicles de Grau Mitj\u00e0 (CAM)"},"content":{"rendered":"<p>Aquests estudis permeten a les persones que el superen l&#8217;acc\u00e9s directe als cicles de grau mitj\u00e0 de formaci\u00f3 professional inicial; en el cas dels ensenyaments professionals d&#8217;arts pl\u00e0stiques i disseny permet l&#8217;exempci\u00f3 de la part comuna de la prova d&#8217;acc\u00e9s i en el cas dels ensenyaments esportius, l&#8217;exempci\u00f3 de la prova d&#8217;acc\u00e9s de car\u00e0cter general.<\/p>\n<p>Les mat\u00e8ries del curs s&#8217;estructuren en tres \u00e0mbits: \u00e0mbit de la comunicaci\u00f3 (COM), \u00e0mbit social (SOC) i \u00e0mbit cientificotecnol\u00f2gic (CTE).<\/p>\n<p>La durada m\u00ednima d&#8217;aquest curs \u00e9s de 600 hores.<\/p>\n<h4><span style=\"color: #003366;\"><strong>Temari<\/strong><\/span><\/h4>\n<ul>\n<li>Compet\u00e8ncia en llengua catalana i castellana.<\/li>\n<li>Compet\u00e8ncia en llengua estrangera.<\/li>\n<li>Compet\u00e8ncia social i ciutadania.<\/li>\n<li>Compet\u00e8ncia matem\u00e0tica.<\/li>\n<li>Compet\u00e8ncia d&#8217;interacci\u00f3 amb el m\u00f3n f\u00edsic.<\/li>\n<li>Compet\u00e8ncia en tecnologies.<\/li>\n<\/ul>\n<h4><strong><span style=\"color: #003366;\">Continguts<\/span><\/strong><\/h4>\n<p>La distribuci\u00f3 de les mat\u00e8ries per \u00e0mbits i hores setmanals \u00e9s la seg\u00fcent:<\/p>\n<div><strong>Mat\u00e8ries obligat\u00f2ries:<\/strong><\/div>\n<div><\/div>\n<ul>\n<li>Comunicaci\u00f3 en llengua catalana i llengua castellana: 5 hores\u00a0\u00a0(COM)\n<ul>\n<li>Llengua catalana: 2 hores<\/li>\n<li>Llengua castellana: 2 hores<\/li>\n<li>Estructures ling\u00fc\u00edstiques comunes a les dues lleng\u00fces: 1 hora (s&#8217;avalua conjuntament amb llengua catalana)<\/li>\n<\/ul>\n<\/li>\n<li>Llengua anglesa: 3 hores\u00a0(COM)<\/li>\n<li>Ci\u00e8ncies socials i ciutadania: 3 hores\u00a0(SOC)<\/li>\n<li>Tutoria i orientaci\u00f3: 1 hora\u00a0(SOC)<\/li>\n<li>Matem\u00e0tiques: 3 hores\u00a0(CTE)<\/li>\n<\/ul>\n<p>Total d&#8217;hores obligat\u00f2ries: 15<\/p>\n<p><strong>Mat\u00e8ries opcionals:* <\/strong><\/p>\n<ul>\n<li>Ci\u00e8ncies de la naturalesa: 3\u00a0hores (CTE)<\/li>\n<\/ul>\n<div><\/div>\n<div>\n<p>*El centre tria quina mat\u00e8ria opcional ofereix.<\/p>\n<div>Total d&#8217;hores optatives: 3<\/div>\n<div><\/div>\n<div>Total d&#8217;hores de curs: 18<\/div>\n<p>La qualificaci\u00f3 de cada mat\u00e8ria ser\u00e0 num\u00e8rica, entre 1 i 10.<\/p>\n<p>La qualificaci\u00f3 de cada \u00e0mbit ser\u00e0 la mitjana de les qualificacions de les mat\u00e8ries que el componen ponderades per les respectives hores lectives setmanals i ser\u00e0 num\u00e8rica, entre 1 i 10.<\/p>\n<p>La <strong>nota final <\/strong>del curs ser\u00e0 la mitjana aritm\u00e8tica de les qualificacions dels \u00e0mbits expressada amb 2 decimals, i ser\u00e0 positiva si la qualificaci\u00f3 \u00e9s de 5 punts o superior. Cal obtenir un m\u00ednim de 4 punts en cadascun dels \u00e0mbits perqu\u00e8 se&#8217;n faci la mitjana.<\/p>\n<\/div>\n<h4><span style=\"color: #003366;\"><strong>Acc\u00e9s<\/strong><\/span><\/h4>\n<p>Poden accedir les persones que no tenen el t\u00edtol de graduat en educaci\u00f3 secund\u00e0ria obligat\u00f2ria o equivalent acad\u00e8mic i que l&#8217;any en qu\u00e8 es matriculen del curs compleixen, com a m\u00ednim, 17 anys.<\/p>\n<h4><strong><span style=\"color: #003366;\">Tr\u00e0mits<\/span><\/strong><\/h4>\n<p>Per cursar aquest curs cal formalitzar-ne la matr\u00edcula d&#8217;acord amb els criteris fixats pel Departament d&#8217;Educaci\u00f3.<\/p>\n<p>L&#8217;<strong>import de la matr\u00edcula<\/strong>\u00a0per als centres dependents del Departament d&#8217;Educaci\u00f3 \u00e9s de 190 euros.<\/p>\n<p>Consulteu els sup\u00f2sits d&#8217;exempcions i bonificacions generals i espec\u00edfiques a l&#8217;apartat de\u00a0<strong><a href=\"http:\/\/ensenyament.gencat.cat\/ca\/departament\/normativa\/taxes-preus-publics\/preu-public\/#FW_bloc_1dd3fc94-656d-11e4-b4dc-000c29cdf219_3\">preus p\u00fablics<\/a><\/strong>.<\/p>\n<p>Per a la resta de centres, consulteu l&#8217;import en el centre corresponent.<\/p>\n<h4><span style=\"color: #003366;\"><strong>Continu\u00eftat<\/strong><\/span><\/h4>\n<div class=\"CS_fFons_DestaquemB CS_fFons_DestaquemB2\">\n<div id=\"div_05\" class=\"CS_paddingTop10 nomargeleft display\">\n<div class=\"FW_bColCos dotted\">\n<p>La superaci\u00f3 d&#8217;aquest curs t\u00e9 els efectes seg\u00fcents:<\/p>\n<ul>\n<li><strong>Acc\u00e9s directe<\/strong> a qualsevol cicle de grau mitj\u00e0\u00a0de formaci\u00f3 professional inicial.<\/li>\n<li><strong>Exempci\u00f3<\/strong> de la part\u00a0comuna de la prova d&#8217;acc\u00e9s als cicles formatius de grau mitj\u00e0 d&#8217;arts pl\u00e0stiques i disseny (per\u00f2 no de la part espec\u00edfica, que l&#8217;alumnat haur\u00e0 de superar).<\/li>\n<li><strong>Exempci\u00f3<\/strong> de la prova d&#8217;acc\u00e9s de car\u00e0cter general als ensenyaments esportius de r\u00e8gim especial.<\/li>\n<\/ul>\n<\/div>\n<\/div>\n<\/div>\n<h4><\/h4>\n<p><a href=\"https:\/\/agora.xtec.cat\/cfaedeliahernandez\/wp-content\/uploads\/usu2195\/2020\/06\/nubecam.jpg\"><img loading=\"lazy\" decoding=\"async\" class=\"wp-image-869 aligncenter\" src=\"https:\/\/agora.xtec.cat\/cfaedeliahernandez\/wp-content\/uploads\/usu2195\/2020\/06\/nubecam.jpg\" alt=\"\" width=\"570\" height=\"481\" srcset=\"https:\/\/agora.xtec.cat\/cfaedeliahernandez\/wp-content\/uploads\/usu2195\/2020\/06\/nubecam.jpg 651w, https:\/\/agora.xtec.cat\/cfaedeliahernandez\/wp-content\/uploads\/usu2195\/2020\/06\/nubecam-300x253.jpg 300w\" sizes=\"auto, (max-width: 570px) 100vw, 570px\" \/><\/a><\/p>\n","protected":false},"excerpt":{"rendered":"<p>Aquests estudis permeten a les persones que el superen l&#8217;acc\u00e9s directe als cicles de grau mitj\u00e0 de formaci\u00f3 professional inicial; en el cas dels ensenyaments professionals d&#8217;arts pl\u00e0stiques i disseny permet l&#8217;exempci\u00f3 de la part comuna de la prova d&#8217;acc\u00e9s i en el cas dels&hellip;  <a href=\"https:\/\/agora.xtec.cat\/cfaedeliahernandez\/ensenyaments-oferta-formativa\/ensenyaments-inicials-i-formacio-basica\/curs-dacces-als-cicles-de-grau-mitja\/\" title=\"Read Curs espec\u00edfic per l&#8217;Acc\u00e9s als Cicles de Grau Mitj\u00e0 (CAM)\">Llegeix m\u00e9s\u00bb<\/a><\/p>\n","protected":false},"author":1,"featured_media":0,"parent":283,"menu_order":0,"comment_status":"closed","ping_status":"closed","template":"page-templates\/side-menu.php","meta":{"_bbp_topic_count":0,"_bbp_reply_count":0,"_bbp_total_topic_count":0,"_bbp_total_reply_count":0,"_bbp_voice_count":0,"_bbp_anonymous_reply_count":0,"_bbp_topic_count_hidden":0,"_bbp_reply_count_hidden":0,"_bbp_forum_subforum_count":0,"footnotes":""},"class_list":["post-305","page","type-page","status-publish","hentry"],"post_mailing_queue_ids":[],"_links":{"self":[{"href":"https:\/\/agora.xtec.cat\/cfaedeliahernandez\/wp-json\/wp\/v2\/pages\/305","targetHints":{"allow":["GET"]}}],"collection":[{"href":"https:\/\/agora.xtec.cat\/cfaedeliahernandez\/wp-json\/wp\/v2\/pages"}],"about":[{"href":"https:\/\/agora.xtec.cat\/cfaedeliahernandez\/wp-json\/wp\/v2\/types\/page"}],"author":[{"embeddable":true,"href":"https:\/\/agora.xtec.cat\/cfaedeliahernandez\/wp-json\/wp\/v2\/users\/1"}],"replies":[{"embeddable":true,"href":"https:\/\/agora.xtec.cat\/cfaedeliahernandez\/wp-json\/wp\/v2\/comments?post=305"}],"version-history":[{"count":3,"href":"https:\/\/agora.xtec.cat\/cfaedeliahernandez\/wp-json\/wp\/v2\/pages\/305\/revisions"}],"predecessor-version":[{"id":592,"href":"https:\/\/agora.xtec.cat\/cfaedeliahernandez\/wp-json\/wp\/v2\/pages\/305\/revisions\/592"}],"up":[{"embeddable":true,"href":"https:\/\/agora.xtec.cat\/cfaedeliahernandez\/wp-json\/wp\/v2\/pages\/283"}],"wp:attachment":[{"href":"https:\/\/agora.xtec.cat\/cfaedeliahernandez\/wp-json\/wp\/v2\/media?parent=305"}],"curies":[{"name":"wp","href":"https:\/\/api.w.org\/{rel}","templated":true}]}}