{"id":299,"date":"2020-06-07T20:21:22","date_gmt":"2020-06-07T18:21:22","guid":{"rendered":"http:\/\/agora.xtec.cat\/cfaedeliahernandez\/?page_id=299"},"modified":"2020-07-02T12:56:08","modified_gmt":"2020-07-02T10:56:08","slug":"llengua-castellana","status":"publish","type":"page","link":"https:\/\/agora.xtec.cat\/cfaedeliahernandez\/ensenyaments-oferta-formativa\/ensenyaments-inicials-i-formacio-basica\/llengua-castellana\/","title":{"rendered":"Llengua castellana"},"content":{"rendered":"<p><meta name=\"keywords\" content=\"CFA EDELIA HERN\u00c1NDEZ de Viladecans, centre d'adults Edelia Hern&aacute;ndez, Viladecans, https:\/\/agora.xtec.cat\/cfaedeliahernandez\/, agora, agora.xtec, centre d'adults, cfa Edelia Hern&aacute;ndez, a8060137@xtec.cat, ensenyaments inicials, oferta formativa, formaci\u00f3 b\u00e0sica, llengua catalana, llengua castellana, certificat de formaci\u00f3 instrumental, graduat en educaci\u00f3 secund\u00e0ria per a persones adultes (GESO), curs espec\u00edfic d'acc\u00e9s als cicles de grau mitj\u00e0 (CAM), ensenyaments transprofessonals, llengua anglesa, compet\u00e8ncia digital COMPETIC, ensenyament per a la preparaci\u00f3 de proves d\u2019acc\u00e9s, preparaci\u00f3 a proves d'acc\u00e9s a grau superior, A la universitat, preinscripci&oacute;\"\/><\/p>\n<p>Aquests estudis tenen com a objectiu que les persones adultes assoleixin un grau de compet\u00e8ncia b\u00e0sica per acomunicar-se en llengua castellana i s&#8217;imparteixen en dos nivells: llengua castellana nivell 1 i 2 que corresponenals nivells A1 i A2 del MECR (Marc europeu com\u00fa derefer\u00e8ncia per a les lleng\u00fces).<\/p>\n<p>Nivells:<\/p>\n<ul>\n<li>Nivell d\u2019usuari b\u00e0sic <strong>A1<\/strong>.\n<ul>\n<li>S\u2019adre\u00e7a a persones que desconeixen la llengua castellana i t\u00e9 com a finalitat l\u2019adquisici\u00f3 de compet\u00e8ncies i habilitats b\u00e0siques en aquesta llengua.<\/li>\n<\/ul>\n<\/li>\n<li>Nivell d\u2019usuari b\u00e0sic<strong> A2<\/strong>.\n<ul>\n<li>S\u2019adre\u00e7a a persones que han superat el nivell de castellana 1 i necessiten ampliar les habilitats de comprensi\u00f3 i expressi\u00f3 oral i escrita de la llengua castellana.<\/li>\n<\/ul>\n<\/li>\n<\/ul>\n<p><img loading=\"lazy\" decoding=\"async\" class=\"attachment-attesa-the-post  wp-post-image lazyautosizes ls-is-cached lazyloaded aligncenter\" src=\"https:\/\/espanishing.com\/wp-content\/uploads\/2019\/04\/Vocabulario-para-el-primer-di\u0301a-de-clases.jpg\" sizes=\"auto, 799px\" srcset=\"https:\/\/espanishing.com\/wp-content\/uploads\/2019\/04\/Vocabulario-para-el-primer-di\u0301a-de-clases.jpg 4608w, https:\/\/espanishing.com\/wp-content\/uploads\/2019\/04\/Vocabulario-para-el-primer-di\u0301a-de-clases-300x225.jpg 300w, https:\/\/espanishing.com\/wp-content\/uploads\/2019\/04\/Vocabulario-para-el-primer-di\u0301a-de-clases-768x576.jpg 768w, https:\/\/espanishing.com\/wp-content\/uploads\/2019\/04\/Vocabulario-para-el-primer-di\u0301a-de-clases-1024x768.jpg 1024w\" alt=\"Vocabulario b\u00e1sico para los primeros d\u00edas de clase\" width=\"293\" height=\"220\" data-src=\"https:\/\/espanishing.com\/wp-content\/uploads\/2019\/04\/Vocabulario-para-el-primer-di\u0301a-de-clases.jpg\" data-srcset=\"https:\/\/espanishing.com\/wp-content\/uploads\/2019\/04\/Vocabulario-para-el-primer-di\u0301a-de-clases.jpg 4608w, https:\/\/espanishing.com\/wp-content\/uploads\/2019\/04\/Vocabulario-para-el-primer-di\u0301a-de-clases-300x225.jpg 300w, https:\/\/espanishing.com\/wp-content\/uploads\/2019\/04\/Vocabulario-para-el-primer-di\u0301a-de-clases-768x576.jpg 768w, https:\/\/espanishing.com\/wp-content\/uploads\/2019\/04\/Vocabulario-para-el-primer-di\u0301a-de-clases-1024x768.jpg 1024w\" data-sizes=\"auto\" \/><\/p>\n","protected":false},"excerpt":{"rendered":"<p>Aquests estudis tenen com a objectiu que les persones adultes assoleixin un grau de compet\u00e8ncia b\u00e0sica per acomunicar-se en llengua castellana i s&#8217;imparteixen en dos nivells: llengua castellana nivell 1 i 2 que corresponenals nivells A1 i A2 del MECR (Marc europeu com\u00fa derefer\u00e8ncia per&hellip;  <a href=\"https:\/\/agora.xtec.cat\/cfaedeliahernandez\/ensenyaments-oferta-formativa\/ensenyaments-inicials-i-formacio-basica\/llengua-castellana\/\" title=\"Read Llengua castellana\">Llegeix m\u00e9s\u00bb<\/a><\/p>\n","protected":false},"author":1,"featured_media":0,"parent":283,"menu_order":0,"comment_status":"closed","ping_status":"closed","template":"page-templates\/side-menu.php","meta":{"_bbp_topic_count":0,"_bbp_reply_count":0,"_bbp_total_topic_count":0,"_bbp_total_reply_count":0,"_bbp_voice_count":0,"_bbp_anonymous_reply_count":0,"_bbp_topic_count_hidden":0,"_bbp_reply_count_hidden":0,"_bbp_forum_subforum_count":0,"footnotes":""},"class_list":["post-299","page","type-page","status-publish","hentry"],"post_mailing_queue_ids":[],"_links":{"self":[{"href":"https:\/\/agora.xtec.cat\/cfaedeliahernandez\/wp-json\/wp\/v2\/pages\/299","targetHints":{"allow":["GET"]}}],"collection":[{"href":"https:\/\/agora.xtec.cat\/cfaedeliahernandez\/wp-json\/wp\/v2\/pages"}],"about":[{"href":"https:\/\/agora.xtec.cat\/cfaedeliahernandez\/wp-json\/wp\/v2\/types\/page"}],"author":[{"embeddable":true,"href":"https:\/\/agora.xtec.cat\/cfaedeliahernandez\/wp-json\/wp\/v2\/users\/1"}],"replies":[{"embeddable":true,"href":"https:\/\/agora.xtec.cat\/cfaedeliahernandez\/wp-json\/wp\/v2\/comments?post=299"}],"version-history":[{"count":4,"href":"https:\/\/agora.xtec.cat\/cfaedeliahernandez\/wp-json\/wp\/v2\/pages\/299\/revisions"}],"predecessor-version":[{"id":1148,"href":"https:\/\/agora.xtec.cat\/cfaedeliahernandez\/wp-json\/wp\/v2\/pages\/299\/revisions\/1148"}],"up":[{"embeddable":true,"href":"https:\/\/agora.xtec.cat\/cfaedeliahernandez\/wp-json\/wp\/v2\/pages\/283"}],"wp:attachment":[{"href":"https:\/\/agora.xtec.cat\/cfaedeliahernandez\/wp-json\/wp\/v2\/media?parent=299"}],"curies":[{"name":"wp","href":"https:\/\/api.w.org\/{rel}","templated":true}]}}