{"id":296,"date":"2020-06-07T20:00:08","date_gmt":"2020-06-07T18:00:08","guid":{"rendered":"http:\/\/agora.xtec.cat\/cfaedeliahernandez\/?page_id=296"},"modified":"2020-07-02T12:57:26","modified_gmt":"2020-07-02T10:57:26","slug":"llengua-catalana","status":"publish","type":"page","link":"https:\/\/agora.xtec.cat\/cfaedeliahernandez\/ensenyaments-oferta-formativa\/ensenyaments-inicials-i-formacio-basica\/llengua-catalana\/","title":{"rendered":"Llengua catalana"},"content":{"rendered":"<p><meta name=\"keywords\" content=\"CFA EDELIA HERN\u00c1NDEZ de Viladecans, centre d'adults Edelia Hern&aacute;ndez, Viladecans, https:\/\/agora.xtec.cat\/cfaedeliahernandez\/, agora, agora.xtec, centre d'adults, cfa Edelia Hern&aacute;ndez, a8060137@xtec.cat, ensenyaments inicials, oferta formativa, formaci\u00f3 b\u00e0sica, llengua catalana, llengua castellana, certificat de formaci\u00f3 instrumental, graduat en educaci\u00f3 secund\u00e0ria per a persones adultes (GESO), curs espec\u00edfic d'acc\u00e9s als cicles de grau mitj\u00e0 (CAM), ensenyaments transprofessonals, llengua anglesa, compet\u00e8ncia digital COMPETIC, ensenyament per a la preparaci\u00f3 de proves d\u2019acc\u00e9s, preparaci\u00f3 a proves d'acc\u00e9s a grau superior, A la universitat, preinscripci&oacute;\"\/><\/p>\n<p>Aquests estudis tenen com a objectiu que les persones adultes assoleixin un grau de compet\u00e8ncia b\u00e0sica per acomunicar-se en llengua catalana i s&#8217;imparteixen en dos nivells: llengua catalana nivell 1 i 2 que corresponenals nivells A1 i A2 del MECR (Marc europeu com\u00fa derefer\u00e8ncia per a les lleng\u00fces).<\/p>\n<ul>\n<li>\u00a0Nivells:\n<ul>\n<li>Nivell d\u2019usuari b\u00e0sic <strong>A1<\/strong>.\n<ul>\n<li>S\u2019adre\u00e7a a persones que desconeixen la llengua catalana i t\u00e9 com a finalitat l\u2019adquisici\u00f3 de compet\u00e8ncies i habilitats b\u00e0siques en aquesta llengua.<\/li>\n<\/ul>\n<\/li>\n<li>Nivell d\u2019usuari b\u00e0sic<strong> A2<\/strong>.\n<ul>\n<li>S\u2019adre\u00e7a a persones que han superat el nivell de catal\u00e0 1 i necessiten ampliar les habilitats de comprensi\u00f3 i expressi\u00f3 oral i escrita de la llengua catalana.<\/li>\n<\/ul>\n<\/li>\n<\/ul>\n<\/li>\n<\/ul>\n<p><a href=\"http:\/\/agora.xtec.cat\/cfajujol\/wp-content\/uploads\/usu253\/2015\/01\/catal\u00e0.png\"><img loading=\"lazy\" decoding=\"async\" class=\"size-medium wp-image-378 aligncenter\" src=\"http:\/\/agora.xtec.cat\/cfajujol\/wp-content\/uploads\/usu253\/2015\/01\/catal\u00e0-300x223.png\" sizes=\"auto, (max-width: 300px) 100vw, 300px\" srcset=\"https:\/\/agora.xtec.cat\/cfajujol\/wp-content\/uploads\/usu253\/2015\/01\/catal\u00e0-300x223.png 300w, https:\/\/agora.xtec.cat\/cfajujol\/wp-content\/uploads\/usu253\/2015\/01\/catal\u00e0-200x150.png 200w, https:\/\/agora.xtec.cat\/cfajujol\/wp-content\/uploads\/usu253\/2015\/01\/catal\u00e0.png 460w\" alt=\"catal\u00e0\" width=\"300\" height=\"223\" \/><\/a><\/p>\n","protected":false},"excerpt":{"rendered":"<p>Aquests estudis tenen com a objectiu que les persones adultes assoleixin un grau de compet\u00e8ncia b\u00e0sica per acomunicar-se en llengua catalana i s&#8217;imparteixen en dos nivells: llengua catalana nivell 1 i 2 que corresponenals nivells A1 i A2 del MECR (Marc europeu com\u00fa derefer\u00e8ncia per&hellip;  <a href=\"https:\/\/agora.xtec.cat\/cfaedeliahernandez\/ensenyaments-oferta-formativa\/ensenyaments-inicials-i-formacio-basica\/llengua-catalana\/\" title=\"Read Llengua catalana\">Llegeix m\u00e9s\u00bb<\/a><\/p>\n","protected":false},"author":1,"featured_media":0,"parent":283,"menu_order":0,"comment_status":"closed","ping_status":"closed","template":"page-templates\/side-menu.php","meta":{"_bbp_topic_count":0,"_bbp_reply_count":0,"_bbp_total_topic_count":0,"_bbp_total_reply_count":0,"_bbp_voice_count":0,"_bbp_anonymous_reply_count":0,"_bbp_topic_count_hidden":0,"_bbp_reply_count_hidden":0,"_bbp_forum_subforum_count":0,"footnotes":""},"class_list":["post-296","page","type-page","status-publish","hentry"],"post_mailing_queue_ids":[],"_links":{"self":[{"href":"https:\/\/agora.xtec.cat\/cfaedeliahernandez\/wp-json\/wp\/v2\/pages\/296","targetHints":{"allow":["GET"]}}],"collection":[{"href":"https:\/\/agora.xtec.cat\/cfaedeliahernandez\/wp-json\/wp\/v2\/pages"}],"about":[{"href":"https:\/\/agora.xtec.cat\/cfaedeliahernandez\/wp-json\/wp\/v2\/types\/page"}],"author":[{"embeddable":true,"href":"https:\/\/agora.xtec.cat\/cfaedeliahernandez\/wp-json\/wp\/v2\/users\/1"}],"replies":[{"embeddable":true,"href":"https:\/\/agora.xtec.cat\/cfaedeliahernandez\/wp-json\/wp\/v2\/comments?post=296"}],"version-history":[{"count":3,"href":"https:\/\/agora.xtec.cat\/cfaedeliahernandez\/wp-json\/wp\/v2\/pages\/296\/revisions"}],"predecessor-version":[{"id":1149,"href":"https:\/\/agora.xtec.cat\/cfaedeliahernandez\/wp-json\/wp\/v2\/pages\/296\/revisions\/1149"}],"up":[{"embeddable":true,"href":"https:\/\/agora.xtec.cat\/cfaedeliahernandez\/wp-json\/wp\/v2\/pages\/283"}],"wp:attachment":[{"href":"https:\/\/agora.xtec.cat\/cfaedeliahernandez\/wp-json\/wp\/v2\/media?parent=296"}],"curies":[{"name":"wp","href":"https:\/\/api.w.org\/{rel}","templated":true}]}}