{"id":288,"date":"2020-06-08T16:00:02","date_gmt":"2020-06-08T14:00:02","guid":{"rendered":"http:\/\/agora.xtec.cat\/cfaedeliahernandez\/?page_id=288"},"modified":"2022-11-15T20:48:46","modified_gmt":"2022-11-15T19:48:46","slug":"ensenyaments-preparacio-de-proves-dacces","status":"publish","type":"page","link":"https:\/\/agora.xtec.cat\/cfaedeliahernandez\/ensenyaments-oferta-formativa\/ensenyaments-preparacio-de-proves-dacces\/","title":{"rendered":"L&#8217;educaci\u00f3 per a la cohesi\u00f3 i la participaci\u00f3 social (ensenyaments inicials i b\u00e0sics)"},"content":{"rendered":"<ul>\n<li><a href=\"https:\/\/agora.xtec.cat\/cfaedeliahernandez\/ensenyaments\/ensenyaments-inicials-i-formacio-basica\/llengua-catalana\/\">Llengua catalana (Nivell 1 i 2)<\/a><\/li>\n<li><a href=\"https:\/\/agora.xtec.cat\/cfaedeliahernandez\/ensenyaments\/ensenyaments-inicials-i-formacio-basica\/llengua-castellana\/\">Llengua castellana (Nivell 1 i 2)<\/a><\/li>\n<li><a href=\"https:\/\/agora.xtec.cat\/cfaedeliahernandez\/ensenyaments\/ensenyaments-inicials-i-formacio-basica\/cicle-formacio-instrumental\/\">Formaci\u00f3 Instrumental (FI 1, FI 2, FI 3 i FI 4)<\/a><\/li>\n<\/ul>\n","protected":false},"excerpt":{"rendered":"<ul>\n<li><a href=\"https:\/\/agora.xtec.cat\/cfaedeliahernandez\/ensenyaments\/ensenyaments-inicials-i-formacio-basica\/llengua-catalana\/\">Llengua catalana (Nivell 1 i 2)<\/a><\/li>\n<li><a href=\"https:\/\/agora.xtec.cat\/cfaedeliahernandez\/ensenyaments\/ensenyaments-inicials-i-formacio-basica\/llengua-castellana\/\">Llengua castellana (Nivell 1 i 2)<\/a><\/li>\n<li><a href=\"https:\/\/agora.xtec.cat\/cfaedeliahernandez\/ensenyaments\/ensenyaments-inicials-i-formacio-basica\/cicle-formacio-instrumental\/\">Formaci\u00f3 Instrumental (FI 1, FI 2, FI 3 i FI 4)<\/a><\/li>\n<\/ul>\n","protected":false},"author":1,"featured_media":0,"parent":274,"menu_order":0,"comment_status":"closed","ping_status":"closed","template":"page-templates\/side-menu.php","meta":{"_bbp_topic_count":0,"_bbp_reply_count":0,"_bbp_total_topic_count":0,"_bbp_total_reply_count":0,"_bbp_voice_count":0,"_bbp_anonymous_reply_count":0,"_bbp_topic_count_hidden":0,"_bbp_reply_count_hidden":0,"_bbp_forum_subforum_count":0,"footnotes":""},"class_list":["post-288","page","type-page","status-publish","hentry"],"post_mailing_queue_ids":[],"_links":{"self":[{"href":"https:\/\/agora.xtec.cat\/cfaedeliahernandez\/wp-json\/wp\/v2\/pages\/288","targetHints":{"allow":["GET"]}}],"collection":[{"href":"https:\/\/agora.xtec.cat\/cfaedeliahernandez\/wp-json\/wp\/v2\/pages"}],"about":[{"href":"https:\/\/agora.xtec.cat\/cfaedeliahernandez\/wp-json\/wp\/v2\/types\/page"}],"author":[{"embeddable":true,"href":"https:\/\/agora.xtec.cat\/cfaedeliahernandez\/wp-json\/wp\/v2\/users\/1"}],"replies":[{"embeddable":true,"href":"https:\/\/agora.xtec.cat\/cfaedeliahernandez\/wp-json\/wp\/v2\/comments?post=288"}],"version-history":[{"count":3,"href":"https:\/\/agora.xtec.cat\/cfaedeliahernandez\/wp-json\/wp\/v2\/pages\/288\/revisions"}],"predecessor-version":[{"id":1895,"href":"https:\/\/agora.xtec.cat\/cfaedeliahernandez\/wp-json\/wp\/v2\/pages\/288\/revisions\/1895"}],"up":[{"embeddable":true,"href":"https:\/\/agora.xtec.cat\/cfaedeliahernandez\/wp-json\/wp\/v2\/pages\/274"}],"wp:attachment":[{"href":"https:\/\/agora.xtec.cat\/cfaedeliahernandez\/wp-json\/wp\/v2\/media?parent=288"}],"curies":[{"name":"wp","href":"https:\/\/api.w.org\/{rel}","templated":true}]}}