{"id":286,"date":"2020-06-08T13:30:30","date_gmt":"2020-06-08T11:30:30","guid":{"rendered":"http:\/\/agora.xtec.cat\/cfaedeliahernandez\/?page_id=286"},"modified":"2022-11-15T14:16:49","modified_gmt":"2022-11-15T13:16:49","slug":"ensenyaments-transprofessionals","status":"publish","type":"page","link":"https:\/\/agora.xtec.cat\/cfaedeliahernandez\/ensenyaments-oferta-formativa\/ensenyaments-transprofessionals\/","title":{"rendered":"L&#8217;educaci\u00f3 per adquirir compet\u00e8ncies transprofessionals"},"content":{"rendered":"<h4><a href=\"https:\/\/agora.xtec.cat\/cfaedeliahernandez\/ensenyaments\/ensenyaments-transprofessionals\/llengua-anglesa\/\"><span style=\"color: #003366;\"><strong>Llengua anglesa A1, A2.1, A2.2 (A2+)<\/strong><\/span><\/a>.<\/h4>\n<ul>\n<li>El tercer nivell superat dels centres de formaci\u00f3 adults d\u00f3na acc\u00e8s al tercer d\u2019EOI sense prova de nivell en els dos cursos seg\u00fcents al certificat.<\/li>\n<li>Els alumnes que fa dos cursos <strong>que<\/strong> van superar el nivells poden tornar a matricular-se.<\/li>\n<\/ul>\n<h4><strong><a href=\"https:\/\/agora.xtec.cat\/cfaedeliahernandez\/ensenyaments\/ensenyaments-transprofessionals\/competencia-digital-competic\/\"><span style=\"color: #003366;\">Compet\u00e8ncia digital COMPETIC<\/span><\/a>.<\/strong><\/h4>\n<ul>\n<li>Competic 0 inicialitzaci\u00f3 a la inform\u00e0tica.<\/li>\n<li>Competic 1 equival a Actic b\u00e0sic.<\/li>\n<li>Competic 2 equival a Actic mitj\u00e0.<\/li>\n<li>Competic 3 equival a Actic avan\u00e7at.<\/li>\n<\/ul>\n","protected":false},"excerpt":{"rendered":"<p><a href=\"https:\/\/agora.xtec.cat\/cfaedeliahernandez\/ensenyaments\/ensenyaments-transprofessionals\/llengua-anglesa\/\">Llengua anglesa A1, A2.1, A2.2 (A2+)<\/a>.<\/p>\n<ul>\n<li>El tercer nivell superat dels centres de formaci\u00f3 adults d\u00f3na acc\u00e8s al tercer d\u2019EOI sense prova de nivell en els dos cursos seg\u00fcents al certificat.<\/li>\n<li>Els alumnes que fa dos cursos que van superar el nivells poden tornar a matricular-se.<\/li>\n<\/ul>\n<p><a&hellip;  <a href=\"https:\/\/agora.xtec.cat\/cfaedeliahernandez\/ensenyaments-oferta-formativa\/ensenyaments-transprofessionals\/\" title=\"Read L&#8217;educaci\u00f3 per adquirir compet\u00e8ncies transprofessionals\">Llegeix m\u00e9s\u00bb<\/a><\/p>\n","protected":false},"author":1,"featured_media":0,"parent":274,"menu_order":0,"comment_status":"closed","ping_status":"closed","template":"page-templates\/side-menu.php","meta":{"_bbp_topic_count":0,"_bbp_reply_count":0,"_bbp_total_topic_count":0,"_bbp_total_reply_count":0,"_bbp_voice_count":0,"_bbp_anonymous_reply_count":0,"_bbp_topic_count_hidden":0,"_bbp_reply_count_hidden":0,"_bbp_forum_subforum_count":0,"footnotes":""},"class_list":["post-286","page","type-page","status-publish","hentry"],"post_mailing_queue_ids":[],"_links":{"self":[{"href":"https:\/\/agora.xtec.cat\/cfaedeliahernandez\/wp-json\/wp\/v2\/pages\/286","targetHints":{"allow":["GET"]}}],"collection":[{"href":"https:\/\/agora.xtec.cat\/cfaedeliahernandez\/wp-json\/wp\/v2\/pages"}],"about":[{"href":"https:\/\/agora.xtec.cat\/cfaedeliahernandez\/wp-json\/wp\/v2\/types\/page"}],"author":[{"embeddable":true,"href":"https:\/\/agora.xtec.cat\/cfaedeliahernandez\/wp-json\/wp\/v2\/users\/1"}],"replies":[{"embeddable":true,"href":"https:\/\/agora.xtec.cat\/cfaedeliahernandez\/wp-json\/wp\/v2\/comments?post=286"}],"version-history":[{"count":3,"href":"https:\/\/agora.xtec.cat\/cfaedeliahernandez\/wp-json\/wp\/v2\/pages\/286\/revisions"}],"predecessor-version":[{"id":1890,"href":"https:\/\/agora.xtec.cat\/cfaedeliahernandez\/wp-json\/wp\/v2\/pages\/286\/revisions\/1890"}],"up":[{"embeddable":true,"href":"https:\/\/agora.xtec.cat\/cfaedeliahernandez\/wp-json\/wp\/v2\/pages\/274"}],"wp:attachment":[{"href":"https:\/\/agora.xtec.cat\/cfaedeliahernandez\/wp-json\/wp\/v2\/media?parent=286"}],"curies":[{"name":"wp","href":"https:\/\/api.w.org\/{rel}","templated":true}]}}