{"id":274,"date":"2020-06-07T20:00:20","date_gmt":"2020-06-07T18:00:20","guid":{"rendered":"http:\/\/agora.xtec.cat\/cfaedeliahernandez\/?page_id=274"},"modified":"2025-07-24T09:29:18","modified_gmt":"2025-07-24T07:29:18","slug":"ensenyaments-oferta-formativa","status":"publish","type":"page","link":"https:\/\/agora.xtec.cat\/cfaedeliahernandez\/ensenyaments-oferta-formativa\/","title":{"rendered":"Ensenyaments \/ Oferta formativa 2025-2026"},"content":{"rendered":"<h4>L&#8217;educaci\u00f3 general i l&#8217;acc\u00e9s al sistema educatiu<\/h4>\n<ul>\n<li><a href=\"https:\/\/agora.xtec.cat\/cfaedeliahernandez\/ensenyaments\/ensenyaments-inicials-i-formacio-basica\/graduat-en-educacio-secundaria-per-adults\/\">Graduat en educaci\u00f3 secund\u00e0ria per a persones adultes (GESO)<\/a><\/li>\n<li>Punt de suport GES \/<a href=\"https:\/\/ioc.xtec.cat\/educacio\/\"> IOC<\/a><\/li>\n<li><a href=\"https:\/\/agora.xtec.cat\/cfaedeliahernandez\/ensenyaments\/ensenyaments-per-a-la-preparacio-de-proves-dacces\/a-cicles-formatius-de-grau-superior\/\">Curs de preparaci\u00f3 per a les proves d&#8217;acc\u00e9s a cicles formatius de grau superior<\/a><\/li>\n<li><a href=\"https:\/\/agora.xtec.cat\/cfaedeliahernandez\/ensenyaments\/ensenyaments-per-a-la-preparacio-de-proves-dacces\/a-la-universitat-per-a-majors-de-25-45-anys\/\">Curs de preparaci\u00f3 per a les proves d&#8217;acc\u00e9s a la universitat per a majors de 25 i 45 anys<\/a><\/li>\n<\/ul>\n<h4><span style=\"color: #003366;\">L&#8217;educaci\u00f3 per adquirir compet\u00e8ncies transprofessionals<\/span><\/h4>\n<ul>\n<li><a href=\"https:\/\/agora.xtec.cat\/cfaedeliahernandez\/ensenyaments\/ensenyaments-transprofessionals\/llengua-anglesa\/\">Llengua anglesa (Nivell 1, 2 i 3)<\/a><\/li>\n<li><a href=\"https:\/\/agora.xtec.cat\/cfaedeliahernandez\/ensenyaments\/ensenyaments-transprofessionals\/competencia-digital-competic\/\">Compet\u00e8ncia digital COMPETIC (inicial, 1, 2 i 3)<\/a><\/li>\n<\/ul>\n<h4><span style=\"color: #003366;\">L&#8217;educaci\u00f3 per a la cohesi\u00f3 i la participaci\u00f3 social (Ensenyaments inicials i b\u00e0sics)<\/span><\/h4>\n<ul>\n<li><a href=\"https:\/\/agora.xtec.cat\/cfaedeliahernandez\/ensenyaments\/ensenyaments-inicials-i-formacio-basica\/llengua-catalana\/\">Llengua catalana (Nivell 1 i 2)<\/a><\/li>\n<li><a href=\"https:\/\/agora.xtec.cat\/cfaedeliahernandez\/ensenyaments\/ensenyaments-inicials-i-formacio-basica\/llengua-castellana\/\">Llengua castellana (Nivell 1 i 2)<\/a><\/li>\n<li><a href=\"https:\/\/agora.xtec.cat\/cfaedeliahernandez\/ensenyaments\/ensenyaments-inicials-i-formacio-basica\/cicle-formacio-instrumental\/\">Formaci\u00f3 Instrumental (FI 1, FI 2, FI 3 i FI 4)<\/a><\/li>\n<\/ul>\n<h4><span style=\"color: #003366;\">Oferta formativa<\/span><\/h4>\n<ul>\n<li><a href=\"https:\/\/agora.xtec.cat\/cfaedeliahernandez\/ensenyaments\/oferta-formativa\/\">Oferta formativa del curs<\/a><\/li>\n<\/ul>\n<h4><a href=\"https:\/\/agora.xtec.cat\/cfaedeliahernandez\/ensenyaments-oferta-formativa\/preinscripcio\/\"><span style=\"color: #003366;\">Preinscripci\u00f3<\/span><\/a><\/h4>\n<ul>\n<li><a href=\"https:\/\/drive.google.com\/file\/d\/1jclKejmNYp5cqDL6U_2MuT8yypZXpAW1\/view?usp=sharing\">Vacants<\/a><\/li>\n<\/ul>\n<h4><span style=\"color: #003366;\">Enlla\u00e7os d&#8217;inter\u00e8s<\/span><\/h4>\n<ul>\n<li><a href=\"http:\/\/www.gencat.cat\/ensenyament\/eac\/pdf\/APA_CA.pdf\" target=\"_blank\" rel=\"noopener noreferrer\">Gencat en adults.<\/a><\/li>\n<li><a href=\"http:\/\/xtec.gencat.cat\/ca\/curriculum\/educacio-llarg-vida\/normativa\/\" target=\"_blank\" rel=\"noopener noreferrer\">Xtec en adults.<\/a><\/li>\n<li><a href=\"http:\/\/queestudiar.gencat.cat\/ca\/estudis\/adults\/\" target=\"_blank\" rel=\"noopener noreferrer\">Qu\u00e8 estudiar en adults?<\/a><\/li>\n<li><a href=\"https:\/\/www.educaweb.cat\/continguts\/educatius\/formacio-persones-adultes\/descripcio-tipus-formacio-adults\/\" target=\"_blank\" rel=\"noopener noreferrer\">Educaweb.<\/a><\/li>\n<li><a href=\"https:\/\/ioc.xtec.cat\/educacio\/\" target=\"_blank\" rel=\"noopener noreferrer\">IOC.<\/a><\/li>\n<\/ul>\n<p>&nbsp;<\/p>\n","protected":false},"excerpt":{"rendered":"<p>L&#8217;educaci\u00f3 general i l&#8217;acc\u00e9s al sistema educatiu<\/p>\n<ul>\n<li><a href=\"https:\/\/agora.xtec.cat\/cfaedeliahernandez\/ensenyaments\/ensenyaments-inicials-i-formacio-basica\/graduat-en-educacio-secundaria-per-adults\/\">Graduat en educaci\u00f3 secund\u00e0ria per a persones adultes (GESO)<\/a><\/li>\n<li>Punt de suport GES \/<a href=\"https:\/\/ioc.xtec.cat\/educacio\/\"> IOC<\/a><\/li>\n<li><a href=\"https:\/\/agora.xtec.cat\/cfaedeliahernandez\/ensenyaments\/ensenyaments-per-a-la-preparacio-de-proves-dacces\/a-cicles-formatius-de-grau-superior\/\">Curs de preparaci\u00f3 per a les proves d&#8217;acc\u00e9s a cicles formatius de grau superior<\/a><\/li>\n<li><a href=\"https:\/\/agora.xtec.cat\/cfaedeliahernandez\/ensenyaments\/ensenyaments-per-a-la-preparacio-de-proves-dacces\/a-la-universitat-per-a-majors-de-25-45-anys\/\">Curs de preparaci\u00f3 per a les proves d&#8217;acc\u00e9s a&hellip;  <a href=\"https:\/\/agora.xtec.cat\/cfaedeliahernandez\/ensenyaments-oferta-formativa\/\" title=\"Read Ensenyaments \/ Oferta formativa 2025-2026\">Llegeix m\u00e9s\u00bb<\/a><br \/>\n","protected":false},"author":1,"featured_media":0,"parent":0,"menu_order":0,"comment_status":"closed","ping_status":"closed","template":"page-templates\/side-menu.php","meta":{"_bbp_topic_count":0,"_bbp_reply_count":0,"_bbp_total_topic_count":0,"_bbp_total_reply_count":0,"_bbp_voice_count":0,"_bbp_anonymous_reply_count":0,"_bbp_topic_count_hidden":0,"_bbp_reply_count_hidden":0,"_bbp_forum_subforum_count":0,"footnotes":""},"class_list":["post-274","page","type-page","status-publish","hentry"],"post_mailing_queue_ids":[],"_links":{"self":[{"href":"https:\/\/agora.xtec.cat\/cfaedeliahernandez\/wp-json\/wp\/v2\/pages\/274","targetHints":{"allow":["GET"]}}],"collection":[{"href":"https:\/\/agora.xtec.cat\/cfaedeliahernandez\/wp-json\/wp\/v2\/pages"}],"about":[{"href":"https:\/\/agora.xtec.cat\/cfaedeliahernandez\/wp-json\/wp\/v2\/types\/page"}],"author":[{"embeddable":true,"href":"https:\/\/agora.xtec.cat\/cfaedeliahernandez\/wp-json\/wp\/v2\/users\/1"}],"replies":[{"embeddable":true,"href":"https:\/\/agora.xtec.cat\/cfaedeliahernandez\/wp-json\/wp\/v2\/comments?post=274"}],"version-history":[{"count":6,"href":"https:\/\/agora.xtec.cat\/cfaedeliahernandez\/wp-json\/wp\/v2\/pages\/274\/revisions"}],"predecessor-version":[{"id":2466,"href":"https:\/\/agora.xtec.cat\/cfaedeliahernandez\/wp-json\/wp\/v2\/pages\/274\/revisions\/2466"}],"wp:attachment":[{"href":"https:\/\/agora.xtec.cat\/cfaedeliahernandez\/wp-json\/wp\/v2\/media?parent=274"}],"curies":[{"name":"wp","href":"https:\/\/api.w.org\/{rel}","templated":true}]}}