{"id":27,"date":"2020-06-07T16:24:03","date_gmt":"2020-06-07T14:24:03","guid":{"rendered":"http:\/\/agora.xtec.cat\/cfaedeliahernandez\/?page_id=27"},"modified":"2022-02-23T13:03:30","modified_gmt":"2022-02-23T12:03:30","slug":"historia","status":"publish","type":"page","link":"https:\/\/agora.xtec.cat\/cfaedeliahernandez\/el-centre\/historia\/","title":{"rendered":"Hist\u00f2ria"},"content":{"rendered":"<h4><span style=\"color: #003366;\"><strong>Trets hist\u00f2rics del Centre de Formaci\u00f3 d&#8217;Adults<\/strong><\/span><\/h4>\n<p><span style=\"font-size: 12pt; line-height: 200%; font-family: helvetica, arial, sans-serif; color: black;\">El nostre centre va iniciar la seva activitat al voltant dels anys setanta i va n\u00e9ixer com a instituci\u00f3 el curs 1976\/77, ubicat a les aules del CEIP \u00c0ngela Roca, on un grup de mestres feia classes a persones adultes a les tardes despr\u00e9s de la seva jornada laboral. A partir d\u2019aquest reconeixement oficial, el centre ha passat per diferents situacions i circumst\u00e0ncies. Aix\u00ed, al curs 1991\/92, va canviar a uns locals de l\u2019avinguda Roureda fins l\u2019abril del 1999, en qu\u00e8 es va traslladar al barri de Sales.<\/span><\/p>\n<p><span style=\"font-size: 12pt; line-height: 200%; font-family: helvetica, arial, sans-serif; color: black;\">Al llarg dels anys el centre ha anat creixent i ampliant l\u2019oferta formativa per tal d\u2019adaptar-la a les necessitats de la poblaci\u00f3 de Viladecans. En el curs 2000\/01 es va comen\u00e7ar a impartir el Graduat en Educaci\u00f3 Secund\u00e0ria per a Adults (GES).\u00a0<\/span><\/p>\n<p><span style=\"font-size: 12pt; line-height: 200%; font-family: helvetica, arial, sans-serif; color: black;\">Pel Decret 312\/2001 de 20 de novembre, publicat en el DOGC de 5.12.2001, es va crear el Centre de Formaci\u00f3 de Adults Edelia Hern\u00e1ndez, que anteriorment s&#8217;havia anomenat Escola d&#8217;Adults de Viladecans i posteriorment Aula de Formaci\u00f3 d&#8217;Adults. L&#8217;acte inaugural es va fer el 14 de febrer de 2003 a l&#8217;antic edifici del barri de Sales.<\/span><\/p>\n<p><span style=\"font-size: 12pt; line-height: 200%; font-family: helvetica, arial, sans-serif; color: black;\">El 15 de juny de 2007 ens v\u00e0rem traslladar al nou centre, inaugurat el 13 de desembre de 2007, ubicat al carrer Santiago Rusi\u00f1ol n\u00fam. 2 i que forma part d\u2019un centre municipal amb unes excel\u00b7lents instal\u00b7lacions constru\u00efdes per l&#8217;Ajuntament de Viladecans.<\/span><\/p>\n<p><span style=\"font-size: 12pt; line-height: 200%; font-family: helvetica, arial, sans-serif; color: black;\">El CFA Edelia Hern\u00e1ndez \u00e9s, per tant, un centre p\u00fablic d&#8217;ensenyament integrat a la xarxa de centres de formaci\u00f3 d&#8217;adults de la Generalitat de Catalunya que tamb\u00e9 rep suport en recursos humans i materials de l&#8217;Ajuntament de Viladecans. <\/span><\/p>\n<p><span style=\"font-size: 12pt; line-height: 200%; font-family: helvetica, arial, sans-serif; color: black;\">Des del 15 de juny de 2007 som a l&#8217;actual ubicaci\u00f3 del c\/Santiago Rusi\u00f1ol 2, on disposem d&#8217;unes magn\u00edfiques instal\u00b7lacions en un edifici nou que ha posat a la nostra disposici\u00f3 l&#8217;Ajuntament de Viladecans.<\/span><\/p>\n<p><a href=\"https:\/\/drive.google.com\/drive\/folders\/1Mh-_8LjdpTRod0dv-qQguE9lk9u4iesF?usp=sharing\" target=\"_blank\" rel=\"noopener\">Biografia de la Sra. Edelia Hern\u00e1ndez.<\/a><\/p>\n<table>\n<tbody>\n<tr>\n<td style=\"text-align: center;\"><span style=\"font-family: helvetica, arial, sans-serif;\"><a href=\"https:\/\/agora.xtec.cat\/cfaedeliahernandez\/wp-content\/uploads\/usu2195\/2020\/06\/actividades-escuela.023-1.jpg\"><img loading=\"lazy\" decoding=\"async\" class=\"aligncenter wp-image-469\" src=\"https:\/\/agora.xtec.cat\/cfaedeliahernandez\/wp-content\/uploads\/usu2195\/2020\/06\/actividades-escuela.023-1.jpg\" alt=\"\" width=\"500\" height=\"375\" srcset=\"https:\/\/agora.xtec.cat\/cfaedeliahernandez\/wp-content\/uploads\/usu2195\/2020\/06\/actividades-escuela.023-1.jpg 640w, https:\/\/agora.xtec.cat\/cfaedeliahernandez\/wp-content\/uploads\/usu2195\/2020\/06\/actividades-escuela.023-1-300x225.jpg 300w, https:\/\/agora.xtec.cat\/cfaedeliahernandez\/wp-content\/uploads\/usu2195\/2020\/06\/actividades-escuela.023-1-200x150.jpg 200w\" sizes=\"auto, (max-width: 500px) 100vw, 500px\" \/><\/a><\/span><\/td>\n<td><span style=\"font-family: helvetica, arial, sans-serif;\"><a href=\"https:\/\/agora.xtec.cat\/cfaedeliahernandez\/wp-content\/uploads\/usu2195\/2020\/06\/actividades-escuela.022.jpg\"><img loading=\"lazy\" decoding=\"async\" class=\"aligncenter wp-image-470\" src=\"https:\/\/agora.xtec.cat\/cfaedeliahernandez\/wp-content\/uploads\/usu2195\/2020\/06\/actividades-escuela.022.jpg\" alt=\"\" width=\"500\" height=\"375\" srcset=\"https:\/\/agora.xtec.cat\/cfaedeliahernandez\/wp-content\/uploads\/usu2195\/2020\/06\/actividades-escuela.022.jpg 640w, https:\/\/agora.xtec.cat\/cfaedeliahernandez\/wp-content\/uploads\/usu2195\/2020\/06\/actividades-escuela.022-300x225.jpg 300w, https:\/\/agora.xtec.cat\/cfaedeliahernandez\/wp-content\/uploads\/usu2195\/2020\/06\/actividades-escuela.022-200x150.jpg 200w\" sizes=\"auto, (max-width: 500px) 100vw, 500px\" \/><\/a><\/span><\/td>\n<\/tr>\n<\/tbody>\n<\/table>\n","protected":false},"excerpt":{"rendered":"<p>Trets hist\u00f2rics del Centre de Formaci\u00f3 d&#8217;Adults<br \/>\nEl nostre centre va iniciar la seva activitat al voltant dels anys setanta i va n\u00e9ixer com a instituci\u00f3 el curs 1976\/77, ubicat a les aules del CEIP \u00c0ngela Roca, on un grup de mestres feia classes a persones&hellip;  <a href=\"https:\/\/agora.xtec.cat\/cfaedeliahernandez\/el-centre\/historia\/\" title=\"Read Hist\u00f2ria\">Llegeix m\u00e9s\u00bb<\/a><\/p>\n","protected":false},"author":1,"featured_media":0,"parent":261,"menu_order":20,"comment_status":"closed","ping_status":"closed","template":"page-templates\/side-menu.php","meta":{"_bbp_topic_count":0,"_bbp_reply_count":0,"_bbp_total_topic_count":0,"_bbp_total_reply_count":0,"_bbp_voice_count":0,"_bbp_anonymous_reply_count":0,"_bbp_topic_count_hidden":0,"_bbp_reply_count_hidden":0,"_bbp_forum_subforum_count":0,"footnotes":""},"class_list":["post-27","page","type-page","status-publish","hentry"],"post_mailing_queue_ids":[],"_links":{"self":[{"href":"https:\/\/agora.xtec.cat\/cfaedeliahernandez\/wp-json\/wp\/v2\/pages\/27","targetHints":{"allow":["GET"]}}],"collection":[{"href":"https:\/\/agora.xtec.cat\/cfaedeliahernandez\/wp-json\/wp\/v2\/pages"}],"about":[{"href":"https:\/\/agora.xtec.cat\/cfaedeliahernandez\/wp-json\/wp\/v2\/types\/page"}],"author":[{"embeddable":true,"href":"https:\/\/agora.xtec.cat\/cfaedeliahernandez\/wp-json\/wp\/v2\/users\/1"}],"replies":[{"embeddable":true,"href":"https:\/\/agora.xtec.cat\/cfaedeliahernandez\/wp-json\/wp\/v2\/comments?post=27"}],"version-history":[{"count":4,"href":"https:\/\/agora.xtec.cat\/cfaedeliahernandez\/wp-json\/wp\/v2\/pages\/27\/revisions"}],"predecessor-version":[{"id":468,"href":"https:\/\/agora.xtec.cat\/cfaedeliahernandez\/wp-json\/wp\/v2\/pages\/27\/revisions\/468"}],"up":[{"embeddable":true,"href":"https:\/\/agora.xtec.cat\/cfaedeliahernandez\/wp-json\/wp\/v2\/pages\/261"}],"wp:attachment":[{"href":"https:\/\/agora.xtec.cat\/cfaedeliahernandez\/wp-json\/wp\/v2\/media?parent=27"}],"curies":[{"name":"wp","href":"https:\/\/api.w.org\/{rel}","templated":true}]}}