{"id":265,"date":"2020-06-07T17:28:56","date_gmt":"2020-06-07T15:28:56","guid":{"rendered":"http:\/\/agora.xtec.cat\/cfaedeliahernandez\/?page_id=265"},"modified":"2025-12-30T19:07:03","modified_gmt":"2025-12-30T18:07:03","slug":"organitzacio-interna","status":"publish","type":"page","link":"https:\/\/agora.xtec.cat\/cfaedeliahernandez\/el-centre\/organitzacio-interna\/","title":{"rendered":"Organitzaci\u00f3 interna"},"content":{"rendered":"<ul>\n<li>\n<h4><strong><span style=\"color: #003366;\">Equip directiu:<\/span><\/strong><\/h4>\n<ul>\n<li><strong>Directora:<\/strong> Maria Montero Samos.<\/li>\n<li><strong>Cap d\u2019Estudis: <\/strong>\u00d2nia Mulero Caparr\u00f3s.<\/li>\n<li><strong>Secretari: <\/strong>Eduard Molina Benav\u00eddez.<\/li>\n<\/ul>\n<\/li>\n<\/ul>\n<p>Els \u00f2rgans de govern unipersonals del centre s\u00f3n: el\/la director\/a, el\/la cap d&#8217;estudis i el\/la secretari\/a. El conjunt d&#8217;\u00f2rgans unipersonals de govern constitueix l&#8217;equip directiu del centre.<\/p>\n<p>L&#8217;equip directiu assessora el director\/a en mat\u00e8ries de la seva compet\u00e8ncia, elabora la Programaci\u00f3 General Anual del Centre (PAGC), el PEC, les NOFC i la Mem\u00f2ria Anual del Centre (MAC).<\/p>\n<p>L&#8217;equip directiu afavoreix la participaci\u00f3 de la comunitat educativa, estableix els criteris per a l&#8217;avaluaci\u00f3 interna del centre i coordina les actuacions dels \u00f2rgans unipersonals de coordinaci\u00f3.<\/p>\n<p>L&#8217;equip directiu es reuneix setmanalment i sempre que les circumst\u00e0ncies ho exigeixin i actua de manera cooperativa en les funcions de direcci\u00f3 del centre.<\/p>\n<ul>\n<li>\n<h4><span style=\"color: #003366;\"><strong>Estil de direcci\u00f3:<\/strong><\/span><\/h4>\n<\/li>\n<\/ul>\n<p>Creiem en el lideratge distribu\u00eft, a partir de la confian\u00e7a i de la visi\u00f3 compartida del Projecte Educatiu de Centre \u00e9s m\u00e9s f\u00e0cil gestionar i tenir \u00e8xit. Una visi\u00f3 com eina de canvi i transformaci\u00f3 social. Per aix\u00f2 amb la implicaci\u00f3 de l\u2019equip directiu, del professorat, del personal no docent i del conjunt de la comunitat educativa (Associaci\u00f3 d\u2019Alumnes, conserges, PAS &#8230;) en els processos claus de l\u2019activitat del centre com ara l\u2019avaluaci\u00f3 compartida, el proc\u00e9s de preinscripci\u00f3 i matr\u00edcula al centre i a l&#8217;IOC, el viatge d\u2019estudis, les jornades culturals i les festes participatives per afavorir la cohesi\u00f3 social (castanyada, mostra gastron\u00f2mica, certamen literari de sant Jordi, carnaval, festa fi de curs) podem aconseguir institucionalitzar la cultura del canvi i dels processos de millora i innovaci\u00f3.<\/p>\n<ul>\n<li>\n<h4><span style=\"color: #003366;\"><strong>Coordinadors\/es:<\/strong><\/span><\/h4>\n<\/li>\n<\/ul>\n<p>Per portar a terme amb \u00e8xit el Projecte Educatiu de Centre (PEC) \u00e9s imprescindible el treball de tot l\u2019equip docent, especialment de l\u2019equip de coordinaci\u00f3 format per 6 coordinadors: d\u2019Ensenyaments Inicials, d\u2019Ensenyaments B\u00e0sics, de Proves Acc\u00e9s, Prevenci\u00f3 Riscos Laborals, de Societat de la Informaci\u00f3 i de Llengua, Interculturalidad i Cohesi\u00f3 Social \u00c9s un \u00f2rgan vital en la gesti\u00f3 del centre, en processos clau com la preinscripci\u00f3; l\u2019acollida, l\u2019orientaci\u00f3 i l\u2019avaluaci\u00f3 compartida de l\u2019alumnat; les sessions d\u2019avaluaci\u00f3&#8230; Tamb\u00e9 els tutors s\u00f3n clau en la formaci\u00f3 d\u2019Adults, especialment al GES i els cursos de PPACFGS, en tasques d\u2019orientaci\u00f3 i assessorament a l\u2019alumnat i de gesti\u00f3 acad\u00e8mica. A m\u00e9s, el treball en comissions ha de permetre l\u2019elaboraci\u00f3 de documents, aprofundint en el lideratge distribu\u00eft.<\/p>\n<p>Pel que fa a la formaci\u00f3 de l\u2019equip docent, tot el professorat d\u2019aquest curs ha fet o est\u00e0 fent cursos de formaci\u00f3 relacionats amb el seu perfil professional i que reverteix al centre de forma directa.<\/p>\n<p>Les funcions generals i espec\u00edfiques d\u2019aquestes coordinacions s\u00f3n les establertes a la normativa vigent i les recollides a les NOFC, i poden variar en funci\u00f3 de les necessitats del centre.<\/p>\n<ul>\n<li style=\"list-style-type: none;\">\n<ul>\n<li><strong>Formaci\u00f3 Inicial: <\/strong>Isabel Vizcarro Cerd\u00e0<\/li>\n<li><strong>Formaci\u00f3 B\u00e0sica: <\/strong>Laia Castillo Cerezuela<\/li>\n<li><strong>Proves d\u2019Acc\u00e9s a Cicles:<\/strong> Alba Martin Valero<\/li>\n<li><strong>Societat de la Informaci\u00f3:<\/strong> Lis Camero Cavero<\/li>\n<li><strong>Llengua i cohesi\u00f3 social: <\/strong>M\u00aa Teresa Flores Fern\u00e1ndez<\/li>\n<li><strong>Salut i riscos laborals: <\/strong>\u00d2nia Mulero Caparr\u00f3s<\/li>\n<li><strong>Coordinador\/a TAC:<\/strong> Esther Almagro Garc\u00eda<\/li>\n<li><strong>IOC:<\/strong> Laia Castillo Cerezuela i \u00d2nia Mulero Caparr\u00f3s<\/li>\n<li><strong>ACTIC:<\/strong> \u00d2nia Mulero Caparr\u00f3s<\/li>\n<li><strong>Moodle i manteniment web: <\/strong>Esther Almagro Garc\u00eda, Eduard Molina Benav\u00eddez i Maria Montero Samos<\/li>\n<li><strong>Seguiment Projecte ARC:<\/strong> Eduard Molina Benav\u00eddez, \u00d2nia Mulero Caparr\u00f3s i Laia Castillo Cerezuela<\/li>\n<\/ul>\n<\/li>\n<\/ul>\n<ul style=\"list-style-type: disc;\">\n<li>\n<h4><span style=\"color: #003366;\"><strong>Personal d&#8217;Administraci\u00f3 i Serveis<\/strong><\/span>:<\/h4>\n<ul>\n<li>1 Administrativa<\/li>\n<li>2 Conserges<\/li>\n<\/ul>\n<\/li>\n<\/ul>\n","protected":false},"excerpt":{"rendered":"<ul>\n<li>\nEquip directiu:<\/p>\n<ul>\n<li>Directora: Maria Montero Samos.<\/li>\n<li>Cap d\u2019Estudis: \u00d2nia Mulero Caparr\u00f3s.<\/li>\n<li>Secretari: Eduard Molina Benav\u00eddez.<\/li>\n<\/ul>\n<\/li>\n<\/ul>\n<p>Els \u00f2rgans de govern unipersonals del centre s\u00f3n: el\/la director\/a, el\/la cap d&#8217;estudis i el\/la secretari\/a. El conjunt d&#8217;\u00f2rgans unipersonals de govern constitueix l&#8217;equip directiu del centre.<br \/>\nL&#8217;equip directiu assessora el director\/a en mat\u00e8ries de&hellip;  <a href=\"https:\/\/agora.xtec.cat\/cfaedeliahernandez\/el-centre\/organitzacio-interna\/\" title=\"Read Organitzaci\u00f3 interna\">Llegeix m\u00e9s\u00bb<\/a><\/p>\n","protected":false},"author":1,"featured_media":0,"parent":261,"menu_order":40,"comment_status":"closed","ping_status":"closed","template":"page-templates\/side-menu.php","meta":{"_bbp_topic_count":0,"_bbp_reply_count":0,"_bbp_total_topic_count":0,"_bbp_total_reply_count":0,"_bbp_voice_count":0,"_bbp_anonymous_reply_count":0,"_bbp_topic_count_hidden":0,"_bbp_reply_count_hidden":0,"_bbp_forum_subforum_count":0,"footnotes":""},"class_list":["post-265","page","type-page","status-publish","hentry"],"post_mailing_queue_ids":[],"_links":{"self":[{"href":"https:\/\/agora.xtec.cat\/cfaedeliahernandez\/wp-json\/wp\/v2\/pages\/265","targetHints":{"allow":["GET"]}}],"collection":[{"href":"https:\/\/agora.xtec.cat\/cfaedeliahernandez\/wp-json\/wp\/v2\/pages"}],"about":[{"href":"https:\/\/agora.xtec.cat\/cfaedeliahernandez\/wp-json\/wp\/v2\/types\/page"}],"author":[{"embeddable":true,"href":"https:\/\/agora.xtec.cat\/cfaedeliahernandez\/wp-json\/wp\/v2\/users\/1"}],"replies":[{"embeddable":true,"href":"https:\/\/agora.xtec.cat\/cfaedeliahernandez\/wp-json\/wp\/v2\/comments?post=265"}],"version-history":[{"count":3,"href":"https:\/\/agora.xtec.cat\/cfaedeliahernandez\/wp-json\/wp\/v2\/pages\/265\/revisions"}],"predecessor-version":[{"id":2541,"href":"https:\/\/agora.xtec.cat\/cfaedeliahernandez\/wp-json\/wp\/v2\/pages\/265\/revisions\/2541"}],"up":[{"embeddable":true,"href":"https:\/\/agora.xtec.cat\/cfaedeliahernandez\/wp-json\/wp\/v2\/pages\/261"}],"wp:attachment":[{"href":"https:\/\/agora.xtec.cat\/cfaedeliahernandez\/wp-json\/wp\/v2\/media?parent=265"}],"curies":[{"name":"wp","href":"https:\/\/api.w.org\/{rel}","templated":true}]}}