{"id":261,"date":"2020-06-04T17:25:01","date_gmt":"2020-06-04T15:25:01","guid":{"rendered":"http:\/\/agora.xtec.cat\/cfaedeliahernandez\/?page_id=261"},"modified":"2020-07-02T12:34:10","modified_gmt":"2020-07-02T10:34:10","slug":"el-centre","status":"publish","type":"page","link":"https:\/\/agora.xtec.cat\/cfaedeliahernandez\/el-centre\/","title":{"rendered":"El Centre"},"content":{"rendered":"<p><meta name=\"keywords\" content=\"CFA EDELIA HERN\u00c1NDEZ de Viladecans, centre d'adults Edelia Hern&aacute;ndez, Viladecans, https:\/\/agora.xtec.cat\/cfaedeliahernandez\/, agora, agora.xtec, centre d'adults, cfa Edelia Hern&aacute;ndez, a8060137@xtec.cat, el centre, on som, hist&ograve;ria, instal\u00b7lacions, calendari del curs i horaris generals, organitzaci\u00f3 interna, documents de centre, consell de centre, comissi\u00f3 de g\u00e8nere, galeria fotogr\u00e0fica, viatges d'estudis, activitats de centre, sortides culturals\"\/><\/p>\n<p>El CFA Edelia Hern\u00e1ndez est\u00e0 situat a Viladecans que es troba a la comarca del Baix Llobregat, a la zona del Delta del Llobregat, i se situa a tant sols 12 quil\u00f2metres al sud del centre de Barcelona i a 2 quil\u00f2metres de l&#8217;aeroport del Prat.<\/p>\n<p>El nostre centre est\u00e0 ubicat al Poblat Roca de Viladecans, un barri que va n\u00e9ixer als anys 50 vinculat a la f\u00e0brica Roca, actualment integrat al sector de Ponent del municipi format, a m\u00e9s del Poblat Roca, pels barris de Can Sellar\u00e9s i de Can Palmer &#8211; Can Batllori, amb una poblaci\u00f3 total de 3.618 habitants a 1 de gener de 2017 (el 5\u201948 % de la poblaci\u00f3 total de Viladecans), tot i que la majoria de l\u2019alumnat del centre procedeix del conjunt del territori municipal, amb una petita part procedent d\u2019altres municipis del voltant sense centre d\u2019Adults (Begues, Sant Climent de Llobregat) i tamb\u00e9 de Gav\u00e0, Castelldefels i Sant Boi de Llobregat.<\/p>\n<p>La ciutat t\u00e9 un patrimoni natural, hist\u00f2ric i festiu que convida a visitar-la i a gaudir-ne.<\/p>\n<p>Estem al carrer Santiago Rusi\u00f1ol, 2, molt aprop de l&#8217;Hospital de Viladecans.<\/p>\n<p><b>El CFA Edelia Hern\u00e1ndez<\/b>\u00a0\u00e9s un centre p\u00fablic d&#8217;ensenyament integrat a la xarxa de centres de formaci\u00f3 d&#8217;adults de la Generalitat de Catalunya que tamb\u00e9 rep suport en recursos humans i materials de l&#8217;Ajuntament de Viladecans.<\/p>\n<p>El nostre centre \u00e9s l&#8217;\u00fanic de Formaci\u00f3 d&#8217;Adults a Viladecans. D\u00f3na resposta a les demandes de formaci\u00f3 de persones adultes de les poblacions de\u00a0<b>Viladecans, Sant Climent de Llobregat<\/b>, i tamb\u00e9 de zones properes com\u00a0<b>Gav\u00e0 i Sant Boi.<\/b><\/p>\n<p>&nbsp;<\/p>\n<p style=\"text-align: center;\"><a href=\"https:\/\/agora.xtec.cat\/cfaedeliahernandez\/wp-content\/uploads\/usu2195\/2020\/06\/edifici.jpg\"><img loading=\"lazy\" decoding=\"async\" class=\"aligncenter wp-image-454\" src=\"https:\/\/agora.xtec.cat\/cfaedeliahernandez\/wp-content\/uploads\/usu2195\/2020\/06\/edifici-300x225.jpg\" alt=\"\" width=\"500\" height=\"375\" \/><\/a><\/p>\n<h4><span style=\"color: #003366;\"><b>Singularitats del nostre centre<\/b><\/span><\/h4>\n<p>En el marc de la Formaci\u00f3 de Persones Adultes el nostre centre es caracteritza per:<\/p>\n<ul>\n<li>La pr\u00e0ctica del lideratge compartit, amb la implicaci\u00f3 de l\u2019equip directiu, del professorat, del personal no docent i del conjunt de la comunitat educativa (Associaci\u00f3 d\u2019Alumnes&#8230;) en els processos claus de l\u2019activitat del centre com ara l\u2019avaluaci\u00f3 compartida, el proc\u00e9s de preinscripci\u00f3 i matr\u00edcula al centre i a l\u2019IOC, projectes com el de parelles ling\u00fc\u00edstiques, alumnes en pr\u00e0ctiques, el viatge d\u2019estudis, les jornades culturals i les festes participatives per afavorir la cohesi\u00f3 social (castanyada, mostra gastron\u00f2mica, certamen literari de Sant Jordi, carnaval, festa fi de curs).<\/li>\n<li>La flu\u00efdesa i regularitat dels canals de comunicaci\u00f3 amb l\u2019equip docent a trav\u00e9s de sessions de claustre quinzenal, reunions de coordinaci\u00f3 setmanals i intercanvis no programats d\u2019informaci\u00f3 quan les necessitats ho requereixen (sala de professors&#8230;).<\/li>\n<li>La participaci\u00f3 regular dels diversos sectors de la comunitat educativa en la vida del centre a trav\u00e9s de les reunions trimestrals del Consell de Centre, aix\u00ed com de les assemblees trimestrals de delegats i delegades de classe, i una reuni\u00f3 setmanal de l\u2019Associaci\u00f3 d\u2019Alumnes amb la directora.<\/li>\n<li>El comprom\u00eds compartit per l\u2019alumnat amb els principis i valors que identifiquen el nostre centre, recollit en la carta de comprom\u00eds educatiu signada en el moment de la matriculaci\u00f3.<\/li>\n<li>El suport a la integraci\u00f3 del nou professorat i del professorat substitut amb la implementaci\u00f3 d\u2019un pla d\u2019acollida que els facilita l\u2019adaptaci\u00f3 al centre.<\/li>\n<li>La implementaci\u00f3 peri\u00f2dica de plans de formaci\u00f3 del professorat organitzats pel Departament i altres sessions de formaci\u00f3 internes relacionades amb les TIC (Moodle, QNAP&#8230;)<\/li>\n<li>El foment dels recursos tecnol\u00f2gics que impulsen la innovaci\u00f3 i afavoreixen l\u2019aprenentatge. El centre disposa de dues aules d\u2019inform\u00e0tica equipades amb ordinadors, pissarra digital i can\u00f3 de llum a totes les aules.<\/li>\n<li>La implicaci\u00f3 de l\u2019Ajuntament en el manteniment i la neteja de l\u2019edifici, de les instal\u00b7lacions del centre i dos conserges (un de mat\u00ed i un altre de tarda).<\/li>\n<li>L\u2019\u00fas p\u00fablic de les instal\u00b7lacions del Centre per a altres activitats diverses d\u2019inter\u00e8s educatiu, municipal o d\u2019altre tipus: cursos de Normalitzaci\u00f3 Ling\u00fc\u00edstica, CAVIGA, cursos de l\u2019EOI, exposicions, Centre dia Viladecans, Fundaci\u00f3 Ciutat de Viladecans, Plataforma de Hipoteca, Viurbana, reunions del Delta (Centre de desenvolupament Infantil i Atenci\u00f3 Preco\u00e7, Confederaci\u00f3 d\u2019Associacions, Xerrades, curs de formaci\u00f3 del personal de l\u2019Ajuntament, aules d\u2019estudi, proves lliures per a l\u2019obtenci\u00f3 del GES i el CFI, reunions del Departament d\u2019Educaci\u00f3&#8230; El centre est\u00e0 obert entre les 9 i les 21 hores.<\/li>\n<li>La promoci\u00f3 de la conviv\u00e8ncia, de la cohesi\u00f3 social i de l\u2019inter\u00e8s per la cultura a trav\u00e9s d\u2019activitats diverses: celebraci\u00f3 de les festes tradicionals, jornades culturals i visites culturals&#8230;<\/li>\n<\/ul>\n<p>L&#8217;objectiu \u00e9s oferir formaci\u00f3 permanent, a partir dels 17 anys, destinada a desenvolupar les capacitats personals i de relaci\u00f3 social i a millorar les compet\u00e8ncies professionals.<br \/>\nLes titulacions oficials que s&#8217;ofereixen van des del certificat de Formaci\u00f3 Instrumental, el Graduat d&#8217;Educaci\u00f3 Secund\u00e0ria (GES) o l&#8217;obtenci\u00f3 del nivell C de catal\u00e0, fins a la preparaci\u00f3 d&#8217;acc\u00e9s a la universitat per a majors de 25 anys.<\/p>\n<h4><span style=\"color: #003366;\"><b>Un edifici modern i funcional<\/b><\/span><\/h4>\n<p>L&#8217;espai de connexi\u00f3 entre plantes de l&#8217;edifici \u00e9s obert i facilita una lluminositat excepcional, amb la qual tamb\u00e9 disposen totes les aules.<br \/>\nLa instal\u00b7laci\u00f3 amplia i dota de m\u00e9s recursos el servei de l&#8217;antic Centre de Formaci\u00f3 d&#8217;Adults, que va iniciar la seva tasca fa gaireb\u00e9 tres d\u00e8cades. La incorporaci\u00f3 de les noves tecnologies, amb sala d&#8217;inform\u00e0tica i d&#8217;autoformaci\u00f3, obre noves oportunitats formatives.<\/p>\n<p style=\"text-align: center;\"><a href=\"https:\/\/agora.xtec.cat\/cfaedeliahernandez\/wp-content\/uploads\/usu2195\/2020\/06\/entrada.jpg\"><img loading=\"lazy\" decoding=\"async\" class=\"aligncenter wp-image-455\" src=\"https:\/\/agora.xtec.cat\/cfaedeliahernandez\/wp-content\/uploads\/usu2195\/2020\/06\/entrada-300x198.jpg\" alt=\"\" width=\"500\" height=\"331\" srcset=\"https:\/\/agora.xtec.cat\/cfaedeliahernandez\/wp-content\/uploads\/usu2195\/2020\/06\/entrada-300x198.jpg 300w, https:\/\/agora.xtec.cat\/cfaedeliahernandez\/wp-content\/uploads\/usu2195\/2020\/06\/entrada-768x508.jpg 768w, https:\/\/agora.xtec.cat\/cfaedeliahernandez\/wp-content\/uploads\/usu2195\/2020\/06\/entrada-1024x677.jpg 1024w, https:\/\/agora.xtec.cat\/cfaedeliahernandez\/wp-content\/uploads\/usu2195\/2020\/06\/entrada.jpg 1470w\" sizes=\"auto, (max-width: 500px) 100vw, 500px\" \/><\/a><\/p>\n","protected":false},"excerpt":{"rendered":"<p>El CFA Edelia Hern\u00e1ndez est\u00e0 situat a Viladecans que es troba a la comarca del Baix Llobregat, a la zona del Delta del Llobregat, i se situa a tant sols 12 quil\u00f2metres al sud del centre de Barcelona i a 2 quil\u00f2metres de l&#8217;aeroport del&hellip;  <a href=\"https:\/\/agora.xtec.cat\/cfaedeliahernandez\/el-centre\/\" title=\"Read El Centre\">Llegeix m\u00e9s\u00bb<\/a><\/p>\n","protected":false},"author":1,"featured_media":0,"parent":0,"menu_order":0,"comment_status":"closed","ping_status":"closed","template":"page-templates\/side-menu.php","meta":{"_bbp_topic_count":0,"_bbp_reply_count":0,"_bbp_total_topic_count":0,"_bbp_total_reply_count":0,"_bbp_voice_count":0,"_bbp_anonymous_reply_count":0,"_bbp_topic_count_hidden":0,"_bbp_reply_count_hidden":0,"_bbp_forum_subforum_count":0,"footnotes":""},"class_list":["post-261","page","type-page","status-publish","hentry"],"post_mailing_queue_ids":[],"_links":{"self":[{"href":"https:\/\/agora.xtec.cat\/cfaedeliahernandez\/wp-json\/wp\/v2\/pages\/261","targetHints":{"allow":["GET"]}}],"collection":[{"href":"https:\/\/agora.xtec.cat\/cfaedeliahernandez\/wp-json\/wp\/v2\/pages"}],"about":[{"href":"https:\/\/agora.xtec.cat\/cfaedeliahernandez\/wp-json\/wp\/v2\/types\/page"}],"author":[{"embeddable":true,"href":"https:\/\/agora.xtec.cat\/cfaedeliahernandez\/wp-json\/wp\/v2\/users\/1"}],"replies":[{"embeddable":true,"href":"https:\/\/agora.xtec.cat\/cfaedeliahernandez\/wp-json\/wp\/v2\/comments?post=261"}],"version-history":[{"count":3,"href":"https:\/\/agora.xtec.cat\/cfaedeliahernandez\/wp-json\/wp\/v2\/pages\/261\/revisions"}],"predecessor-version":[{"id":1128,"href":"https:\/\/agora.xtec.cat\/cfaedeliahernandez\/wp-json\/wp\/v2\/pages\/261\/revisions\/1128"}],"wp:attachment":[{"href":"https:\/\/agora.xtec.cat\/cfaedeliahernandez\/wp-json\/wp\/v2\/media?parent=261"}],"curies":[{"name":"wp","href":"https:\/\/api.w.org\/{rel}","templated":true}]}}