{"id":2584,"date":"2026-01-13T12:28:37","date_gmt":"2026-01-13T11:28:37","guid":{"rendered":"https:\/\/agora.xtec.cat\/cfaedeliahernandez\/?page_id=2584"},"modified":"2026-01-13T12:28:37","modified_gmt":"2026-01-13T11:28:37","slug":"25n","status":"publish","type":"page","link":"https:\/\/agora.xtec.cat\/cfaedeliahernandez\/25n\/","title":{"rendered":"25N"},"content":{"rendered":"\n<p>El 25 de novembre es celebra el Dia Internacional per a<br>l\u2019Eliminaci\u00f3 de la Viol\u00e8ncia envers les Dones i aquest any el<br>nostre centre ha volgut commemorar a trav\u00e9s de diferents<br>propostes pedag\u00f2giques. Una d\u2019elles \u00e9s el treball a partir del<br>dossier \u201cNo solo duelen los golpes\u201d, elaborat per l\u2019ajuntament de<br>Viladecans, que se centra en quatre \u00e0mbits principals: els<br>estereotips de g\u00e8nere, el concepte d\u2019amor rom\u00e0ntic, la<br>transmissi\u00f3 dels estereotips de g\u00e8nere i la viol\u00e8ncia vers les<br>dones.<br>D\u2019altra banda, tamb\u00e9 s\u2019ha fet un cartell des de l\u2019\u00e0rea d\u2019angl\u00e8s, a<br>m\u00e9s d\u2019un an\u00e0lisis de dades de la bretxa de g\u00e8nere en l\u2019\u00fas de les<br>TIC des de les classes de COMPETIC.<br>Per finalitzar, s\u2019ha elaborat un text expositiu a trav\u00e9s de les<br>dades estad\u00edstiques extretes del ministeri d\u2019igualtat respecte la<br>bretxa salarial, la demanda d\u2019exced\u00e8ncies per cura de fills, entre<br>altres q\u00fcestions.<br>Esperem que tot aquest treball serveixi per anar prenent<br>consci\u00e8ncia i disminuir en la mesura del possible la viol\u00e8ncia que<br>encara existeix, cap a moltes dones.<\/p>\n","protected":false},"excerpt":{"rendered":"<p>El 25 de novembre es celebra el Dia Internacional per al\u2019Eliminaci\u00f3 de la Viol\u00e8ncia envers les Dones i aquest any elnostre centre ha volgut commemorar a trav\u00e9s de diferentspropostes pedag\u00f2giques. Una d\u2019elles \u00e9s el treball a partir deldossier \u201cNo solo duelen los golpes\u201d, elaborat per&hellip;  <a href=\"https:\/\/agora.xtec.cat\/cfaedeliahernandez\/25n\/\" title=\"Read 25N\">Llegeix m\u00e9s\u00bb<\/a><\/p>\n","protected":false},"author":1,"featured_media":0,"parent":0,"menu_order":0,"comment_status":"closed","ping_status":"close","template":"","meta":{"_bbp_topic_count":0,"_bbp_reply_count":0,"_bbp_total_topic_count":0,"_bbp_total_reply_count":0,"_bbp_voice_count":0,"_bbp_anonymous_reply_count":0,"_bbp_topic_count_hidden":0,"_bbp_reply_count_hidden":0,"_bbp_forum_subforum_count":0,"footnotes":""},"class_list":["post-2584","page","type-page","status-publish","hentry"],"post_mailing_queue_ids":[],"_links":{"self":[{"href":"https:\/\/agora.xtec.cat\/cfaedeliahernandez\/wp-json\/wp\/v2\/pages\/2584","targetHints":{"allow":["GET"]}}],"collection":[{"href":"https:\/\/agora.xtec.cat\/cfaedeliahernandez\/wp-json\/wp\/v2\/pages"}],"about":[{"href":"https:\/\/agora.xtec.cat\/cfaedeliahernandez\/wp-json\/wp\/v2\/types\/page"}],"author":[{"embeddable":true,"href":"https:\/\/agora.xtec.cat\/cfaedeliahernandez\/wp-json\/wp\/v2\/users\/1"}],"replies":[{"embeddable":true,"href":"https:\/\/agora.xtec.cat\/cfaedeliahernandez\/wp-json\/wp\/v2\/comments?post=2584"}],"version-history":[{"count":1,"href":"https:\/\/agora.xtec.cat\/cfaedeliahernandez\/wp-json\/wp\/v2\/pages\/2584\/revisions"}],"predecessor-version":[{"id":2585,"href":"https:\/\/agora.xtec.cat\/cfaedeliahernandez\/wp-json\/wp\/v2\/pages\/2584\/revisions\/2585"}],"wp:attachment":[{"href":"https:\/\/agora.xtec.cat\/cfaedeliahernandez\/wp-json\/wp\/v2\/media?parent=2584"}],"curies":[{"name":"wp","href":"https:\/\/api.w.org\/{rel}","templated":true}]}}