{"id":2310,"date":"2025-01-26T17:18:41","date_gmt":"2025-01-26T16:18:41","guid":{"rendered":"https:\/\/agora.xtec.cat\/cfaedeliahernandez\/?page_id=2310"},"modified":"2026-01-14T23:49:36","modified_gmt":"2026-01-14T22:49:36","slug":"mostra-gastronomica","status":"publish","type":"page","link":"https:\/\/agora.xtec.cat\/cfaedeliahernandez\/mostra-gastronomica\/","title":{"rendered":"Mostra Gastron\u00f2mica"},"content":{"rendered":"<p style=\"text-align: center;\"><a href=\"https:\/\/agora.xtec.cat\/cfaedeliahernandez\/mostra-gastronomica-2024\/attachment\/captura-logo-3\/\" rel=\"attachment wp-att-2305\"><img loading=\"lazy\" decoding=\"async\" class=\"wp-image-2305 alignnone\" src=\"https:\/\/agora.xtec.cat\/cfaedeliahernandez\/wp-content\/uploads\/usu2195\/2025\/01\/Captura-logo-300x158.png\" alt=\"\" width=\"57\" height=\"30\" srcset=\"https:\/\/agora.xtec.cat\/cfaedeliahernandez\/wp-content\/uploads\/usu2195\/2025\/01\/Captura-logo-300x158.png 300w, https:\/\/agora.xtec.cat\/cfaedeliahernandez\/wp-content\/uploads\/usu2195\/2025\/01\/Captura-logo-768x405.png 768w, https:\/\/agora.xtec.cat\/cfaedeliahernandez\/wp-content\/uploads\/usu2195\/2025\/01\/Captura-logo.png 1005w\" sizes=\"auto, (max-width: 57px) 100vw, 57px\" \/>\u00a0 Mostra Gastron\u00f2mica 2024<\/a><\/p>\n<p>El passat 20 de desembre al nostre centre es va portar a terme, un any m\u00e9s, la tradicional mostra gastron\u00f2mica a manera de tancament del trimestre. Aquest esdeveniment va gaudir de la participaci\u00f3 de les diferents cultures que inclou el nostre centre i que representa tant la multiculturalitat com la cohesi\u00f3 de tota la comunitat educativa.<\/p>\n<p>S\u00edria, Marroc, \u00cdndia, Pakistan, Ge\u00f2rgia, Col\u00f2mbia, Per\u00fa, Equador, It\u00e0lia, Espanya&#8230; van ser alguns dels pa\u00efsos representats a la mostra, evidenciant la diversitat i la varietat de plats t\u00edpics que fan pal\u00e8s el talent, la qualitat i la diversitat de les diferents propostes culin\u00e0ries.<\/p>\n<p>Compartir el menjar \u00e9s molt m\u00e9s que nom\u00e9s menjar. Compartir taula \u00e9s, potser en la majoria de les cultures, s\u00edmbol d\u2019uni\u00f3 i confraternitat. Gr\u00e0cies a tothom que ha participat i que ha dedicat part del seu temps a fer-ho possible.<\/p>\n<p><a href=\"https:\/\/agora.xtec.cat\/cfaedeliahernandez\/mostra-gastronomica-2024\/attachment\/img20241220123338-min-3\/\" rel=\"attachment wp-att-2298\"><img loading=\"lazy\" decoding=\"async\" class=\"wp-image-2298 alignright\" src=\"https:\/\/agora.xtec.cat\/cfaedeliahernandez\/wp-content\/uploads\/usu2195\/2025\/01\/IMG20241220123338-min-2-169x300.jpg\" alt=\"\" width=\"319\" height=\"566\" srcset=\"https:\/\/agora.xtec.cat\/cfaedeliahernandez\/wp-content\/uploads\/usu2195\/2025\/01\/IMG20241220123338-min-2-169x300.jpg 169w, https:\/\/agora.xtec.cat\/cfaedeliahernandez\/wp-content\/uploads\/usu2195\/2025\/01\/IMG20241220123338-min-2-578x1024.jpg 578w, https:\/\/agora.xtec.cat\/cfaedeliahernandez\/wp-content\/uploads\/usu2195\/2025\/01\/IMG20241220123338-min-2-768x1362.jpg 768w, https:\/\/agora.xtec.cat\/cfaedeliahernandez\/wp-content\/uploads\/usu2195\/2025\/01\/IMG20241220123338-min-2-866x1536.jpg 866w, https:\/\/agora.xtec.cat\/cfaedeliahernandez\/wp-content\/uploads\/usu2195\/2025\/01\/IMG20241220123338-min-2-1155x2048.jpg 1155w, https:\/\/agora.xtec.cat\/cfaedeliahernandez\/wp-content\/uploads\/usu2195\/2025\/01\/IMG20241220123338-min-2-scaled.jpg 1444w\" sizes=\"auto, (max-width: 319px) 100vw, 319px\" \/><\/a> <a href=\"https:\/\/agora.xtec.cat\/cfaedeliahernandez\/mostra-gastronomica-2024\/attachment\/img20241220124024-min-2\/\" rel=\"attachment wp-att-2302\"><img loading=\"lazy\" decoding=\"async\" class=\" wp-image-2302 alignleft\" src=\"https:\/\/agora.xtec.cat\/cfaedeliahernandez\/wp-content\/uploads\/usu2195\/2025\/01\/IMG20241220124024-min-1-169x300.jpg\" alt=\"\" width=\"320\" height=\"568\" srcset=\"https:\/\/agora.xtec.cat\/cfaedeliahernandez\/wp-content\/uploads\/usu2195\/2025\/01\/IMG20241220124024-min-1-169x300.jpg 169w, https:\/\/agora.xtec.cat\/cfaedeliahernandez\/wp-content\/uploads\/usu2195\/2025\/01\/IMG20241220124024-min-1-578x1024.jpg 578w, https:\/\/agora.xtec.cat\/cfaedeliahernandez\/wp-content\/uploads\/usu2195\/2025\/01\/IMG20241220124024-min-1-768x1362.jpg 768w, https:\/\/agora.xtec.cat\/cfaedeliahernandez\/wp-content\/uploads\/usu2195\/2025\/01\/IMG20241220124024-min-1-866x1536.jpg 866w, https:\/\/agora.xtec.cat\/cfaedeliahernandez\/wp-content\/uploads\/usu2195\/2025\/01\/IMG20241220124024-min-1-1155x2048.jpg 1155w, https:\/\/agora.xtec.cat\/cfaedeliahernandez\/wp-content\/uploads\/usu2195\/2025\/01\/IMG20241220124024-min-1-scaled.jpg 1444w\" sizes=\"auto, (max-width: 320px) 100vw, 320px\" \/><\/a><\/p>\n","protected":false},"excerpt":{"rendered":"<p><a href=\"https:\/\/agora.xtec.cat\/cfaedeliahernandez\/mostra-gastronomica-2024\/attachment\/captura-logo-3\/\" rel=\"attachment wp-att-2305\">\u00a0 Mostra Gastron\u00f2mica 2024<\/a><br \/>\nEl passat 20 de desembre al nostre centre es va portar a terme, un any m\u00e9s, la tradicional mostra gastron\u00f2mica a manera de tancament del trimestre. Aquest esdeveniment va gaudir de la participaci\u00f3 de les diferents cultures que inclou&hellip;  <a href=\"https:\/\/agora.xtec.cat\/cfaedeliahernandez\/mostra-gastronomica\/\" title=\"Read Mostra Gastron\u00f2mica\">Llegeix m\u00e9s\u00bb<\/a><\/p>\n","protected":false},"author":1,"featured_media":0,"parent":0,"menu_order":0,"comment_status":"closed","ping_status":"closed","template":"","meta":{"_bbp_topic_count":0,"_bbp_reply_count":0,"_bbp_total_topic_count":0,"_bbp_total_reply_count":0,"_bbp_voice_count":0,"_bbp_anonymous_reply_count":0,"_bbp_topic_count_hidden":0,"_bbp_reply_count_hidden":0,"_bbp_forum_subforum_count":0,"footnotes":""},"class_list":["post-2310","page","type-page","status-publish","hentry"],"post_mailing_queue_ids":[],"_links":{"self":[{"href":"https:\/\/agora.xtec.cat\/cfaedeliahernandez\/wp-json\/wp\/v2\/pages\/2310","targetHints":{"allow":["GET"]}}],"collection":[{"href":"https:\/\/agora.xtec.cat\/cfaedeliahernandez\/wp-json\/wp\/v2\/pages"}],"about":[{"href":"https:\/\/agora.xtec.cat\/cfaedeliahernandez\/wp-json\/wp\/v2\/types\/page"}],"author":[{"embeddable":true,"href":"https:\/\/agora.xtec.cat\/cfaedeliahernandez\/wp-json\/wp\/v2\/users\/1"}],"replies":[{"embeddable":true,"href":"https:\/\/agora.xtec.cat\/cfaedeliahernandez\/wp-json\/wp\/v2\/comments?post=2310"}],"version-history":[{"count":3,"href":"https:\/\/agora.xtec.cat\/cfaedeliahernandez\/wp-json\/wp\/v2\/pages\/2310\/revisions"}],"predecessor-version":[{"id":2595,"href":"https:\/\/agora.xtec.cat\/cfaedeliahernandez\/wp-json\/wp\/v2\/pages\/2310\/revisions\/2595"}],"wp:attachment":[{"href":"https:\/\/agora.xtec.cat\/cfaedeliahernandez\/wp-json\/wp\/v2\/media?parent=2310"}],"curies":[{"name":"wp","href":"https:\/\/api.w.org\/{rel}","templated":true}]}}