{"id":989,"date":"2023-11-21T09:52:37","date_gmt":"2023-11-21T08:52:37","guid":{"rendered":"https:\/\/agora.xtec.cat\/cfacornella\/?page_id=989"},"modified":"2026-05-14T12:11:08","modified_gmt":"2026-05-14T10:11:08","slug":"preinscripcio-i-matricula-curs-2025-26","status":"publish","type":"page","link":"https:\/\/agora.xtec.cat\/cfacornella\/preinscripcio-i-matricula-curs-2025-26\/","title":{"rendered":"PREINSCRIPCI\u00d3 I MATR\u00cdCULA CURS 2025-26"},"content":{"rendered":"\n<h1 class=\"header2 pd-15 pd-30\">&nbsp;<\/h1>\n<table style=\"width: 100%; border-collapse: collapse; background-color: #b0f5dc;\">\n<tbody>\n<tr style=\"height: 30px;\">\n<td style=\"width: 100%;\">\n<h1 class=\"header2 pd-15 pd-30\"><span style=\"text-decoration: underline; color: #800000;\">Abans de la preinscripci\u00f3<\/span><\/h1>\n<\/td>\n<\/tr>\n<\/tbody>\n<\/table>\n<div class=\"list-item-wrapper\">\n<div class=\"col icon-col\">\n<h3 class=\"icon\"><img loading=\"lazy\" decoding=\"async\" class=\"\" src=\"https:\/\/preinscripcio.gencat.cat\/web\/.content\/icones\/persona-on.png_2044584825.png\" width=\"24\" height=\"24\">&nbsp;23 de maig de 2025: publicaci\u00f3 de l&#8217;oferta d&#8217;ensenyaments<\/h3>\n<div class=\"bloc-mobil\">\n<div class=\"descripcio link-dotted\">\n<p>Data en qu\u00e8 es publica l&#8217;oferta d&#8217;ensenyaments.<\/p>\n<\/div>\n<\/div>\n<h3 class=\"icon\"><span style=\"color: revert; font-size: revert; font-weight: revert;\"><img loading=\"lazy\" decoding=\"async\" class=\"\" src=\"https:\/\/preinscripcio.gencat.cat\/web\/.content\/icones\/info-on.png_2044584825.png\" width=\"25\" height=\"25\"> Del 2 al 28 de j<\/span>uny de 2025: per\u00edode d&#8217;informaci\u00f3 i orientaci\u00f3<\/h3>\n<div class=\"bloc-mobil\">\n<div class=\"descripcio link-dotted\">\n<p>El mes de juny ser\u00e0 el per\u00edode preferent d&#8217;informaci\u00f3 i orientaci\u00f3 als alumnes nous.<\/p>\n<h3><img loading=\"lazy\" decoding=\"async\" class=\"\" src=\"https:\/\/preinscripcio.gencat.cat\/web\/.content\/icones\/cerca-on.png_2044584825.png\" width=\"26\" height=\"26\"> 18 de juny de 2025: oferta inicial de places<\/h3>\n<div class=\"bloc-mobil\">\n<div class=\"descripcio link-dotted\">\n<p>Publicaci\u00f3 al web o al tauler d&#8217;anuncis del centre del nombre de places per ensenyament i curs.<\/p>\n<\/div>\n<\/div>\n<\/div>\n<\/div>\n<\/div>\n<\/div>\n<div class=\"list-item-wrapper\">\n<div class=\"col content-col\">\n<div class=\"bloc-mobil\">\n<div class=\"descripcio link-dotted\">\n<h5 style=\"text-align: justify;\">&nbsp;<\/h5>\n<\/div>\n<p>&nbsp;<\/p>\n<\/div>\n<\/div>\n<\/div>\n\n\n\n<figure class=\"wp-block-image size-large\"><a href=\"https:\/\/preinscripcio.gencat.cat\/ca\/estudis\/educacio-adults\/informat\/calendari\/\"><img decoding=\"async\" src=\"https:\/\/preinscripcio.gencat.cat\/web\/.content\/estudis\/educacio-adults\/inici\/carrusel\/educacio-adults-bola7.png_223078711.png\" alt=\"\"\/><\/a><\/figure>\n\n\n\n\n\n<p><\/p>\n\n\n\n<div style=\"width: 100%;\"><div style=\"position: relative; padding-bottom: 56.25%; padding-top: 0; height: 0;\"><iframe loading=\"lazy\" frameborder=\"0\" width=\"1200\" height=\"675\" style=\"position: absolute; top: 0; left: 0; width: 100%; height: 100%;\" src=\"https:\/\/view.genial.ly\/609bef53d22b940dcff66a2a\" type=\"text\/html\" allowscriptaccess=\"always\" allowfullscreen=\"true\" scrolling=\"yes\" allownetworking=\"all\"><\/iframe> <\/div> <\/div><!--HTTPS only...-->\n\n\n\n<h2>\u00a0<\/h2>\n<table class=\" alignleft\" style=\"border-collapse: collapse; width: 100%; height: 79px;\">\n<tbody>\n<tr style=\"height: 30px; background-color: #b0f5dc;\">\n<td style=\"width: 100%; height: 70px;\">\n<h1 class=\"header2 pd-15 pd-30\"><span style=\"text-decoration: underline; color: #800000; background-color: #b0f5dc;\">Formalitza la matriculaci\u00f3<\/span><\/h1>\n<\/td>\n<\/tr>\n<\/tbody>\n<\/table>\n<h3><img loading=\"lazy\" decoding=\"async\" class=\"\" style=\"color: revert; font-size: revert; font-weight: revert;\" src=\"https:\/\/preinscripcio.gencat.cat\/web\/.content\/icones\/matricula-on.png_2044584825.png\" alt=\"\" width=\"26\" height=\"26\" \/> Del 2 al 10 de setembre de 2026: matriculaci\u00f3<\/h3>\n<div class=\"list-item-wrapper\">\n<div class=\"col content-col\">\n<div class=\"bloc-mobil\">\n<div class=\"descripcio link-dotted\">\n<h5 style=\"text-align: justify;\">Un cop s&#8217;ha publicat la llista final d&#8217;alumnes admesos en cada centre, comen\u00e7a el per\u00edode de matriculaci\u00f3 dels alumnes preinscrits amb pla\u00e7a assignada.<\/h5>\n<h5 style=\"text-align: justify;\">Els centres poden establir diferents\u00a0<strong>dates de matr\u00edcula<\/strong> per als ensenyaments que ofereixen, sempre que siguin dins el per\u00edode general de matr\u00edcula establert; aquestes dates s&#8217;han de fer p\u00fabliques en el centre abans de l&#8217;inici del per\u00edode de presentaci\u00f3 de sol\u00b7licituds. En aquells ensenyaments que hi hagi places vacants tamb\u00e9 es podr\u00e0 matricular l&#8217;alumnat sense sol\u00b7licitud de preinscripci\u00f3 a partir del 2 de setembre de 2025.<\/h5>\n<\/div>\n<\/div>\n<\/div>\n<\/div>\n<div class=\"list-item-wrapper\">\n<div class=\"col icon-col\">\n<h3 class=\"icon\"><img loading=\"lazy\" decoding=\"async\" class=\"\" src=\"https:\/\/preinscripcio.gencat.cat\/web\/.content\/icones\/matricula-on.png_2044584825.png\" alt=\"\" width=\"26\" height=\"26\" \/> A partir del 14 de setembre de 2026: matr\u00edcula dels alumnes de la llista d&#8217;espera<\/h3>\n<\/div>\n<div class=\"col content-col\">\n<div class=\"bloc-mobil\">\n<div class=\"descripcio link-dotted\">\n<h5 style=\"text-align: justify;\">Per\u00edode de matriculaci\u00f3 dels alumnes en llista d&#8217;espera.<\/h5>\n<h5 style=\"text-align: justify;\">Els centres poden establir diferents\u00a0<strong>dates de matr\u00edcula<\/strong> per als ensenyaments que ofereixen, sempre que siguin dins el per\u00edode general de matr\u00edcula establert; aquestes dates s&#8217;han de fer p\u00fabliques en el centre abans de l&#8217;inici del per\u00edode de presentaci\u00f3 de sol\u00b7licituds. En aquells ensenyaments que hi hagi places vacants tamb\u00e9 es podr\u00e0 matricular l&#8217;alumnat sense sol\u00b7licitud de preinscripci\u00f3 a partir del 2 de setembre de 2025.<\/h5>\n<\/div>\n<\/div>\n<\/div>\n<\/div>\n\n\n\n<p><\/p>\n\n\n\n<p><\/p>\n","protected":false},"excerpt":{"rendered":"<p>&nbsp;<\/p>\n<p>Abans de la preinscripci\u00f3<\/p>\n<p>&nbsp;23 de maig de 2025: publicaci\u00f3 de l&#8217;oferta d&#8217;ensenyaments<\/p>\n<p>Data en qu\u00e8 es publica l&#8217;oferta d&#8217;ensenyaments.<\/p>\n<p> Del 2 al 28 de juny de 2025: per\u00edode d&#8217;informaci\u00f3 i orientaci\u00f3<\/p>\n<p>El mes de juny ser\u00e0 el per\u00edode preferent d&#8217;informaci\u00f3 i orientaci\u00f3 als alumnes nous.<br \/>\n 18 de&hellip;  <a href=\"https:\/\/agora.xtec.cat\/cfacornella\/preinscripcio-i-matricula-curs-2025-26\/\" title=\"Read PREINSCRIPCI\u00d3 I MATR\u00cdCULA CURS 2025-26\">Llegeix m\u00e9s\u00bb<\/a><\/p>\n","protected":false},"author":1,"featured_media":0,"parent":0,"menu_order":0,"comment_status":"closed","ping_status":"closed","template":"page-templates\/side-menu.php","meta":{"_bbp_topic_count":0,"_bbp_reply_count":0,"_bbp_total_topic_count":0,"_bbp_total_reply_count":0,"_bbp_voice_count":0,"_bbp_anonymous_reply_count":0,"_bbp_topic_count_hidden":0,"_bbp_reply_count_hidden":0,"_bbp_forum_subforum_count":0,"footnotes":""},"class_list":["post-989","page","type-page","status-publish","hentry"],"post_mailing_queue_ids":[],"_links":{"self":[{"href":"https:\/\/agora.xtec.cat\/cfacornella\/wp-json\/wp\/v2\/pages\/989","targetHints":{"allow":["GET"]}}],"collection":[{"href":"https:\/\/agora.xtec.cat\/cfacornella\/wp-json\/wp\/v2\/pages"}],"about":[{"href":"https:\/\/agora.xtec.cat\/cfacornella\/wp-json\/wp\/v2\/types\/page"}],"author":[{"embeddable":true,"href":"https:\/\/agora.xtec.cat\/cfacornella\/wp-json\/wp\/v2\/users\/1"}],"replies":[{"embeddable":true,"href":"https:\/\/agora.xtec.cat\/cfacornella\/wp-json\/wp\/v2\/comments?post=989"}],"version-history":[{"count":5,"href":"https:\/\/agora.xtec.cat\/cfacornella\/wp-json\/wp\/v2\/pages\/989\/revisions"}],"predecessor-version":[{"id":2536,"href":"https:\/\/agora.xtec.cat\/cfacornella\/wp-json\/wp\/v2\/pages\/989\/revisions\/2536"}],"wp:attachment":[{"href":"https:\/\/agora.xtec.cat\/cfacornella\/wp-json\/wp\/v2\/media?parent=989"}],"curies":[{"name":"wp","href":"https:\/\/api.w.org\/{rel}","templated":true}]}}