{"id":9,"date":"2014-09-12T10:15:01","date_gmt":"2014-09-12T10:15:01","guid":{"rendered":"http:\/\/agora.xtec.cat\/cfacornella\/?page_id=9"},"modified":"2026-05-14T12:19:56","modified_gmt":"2026-05-14T10:19:56","slug":"pagina-dinici-buida","status":"publish","type":"page","link":"https:\/\/agora.xtec.cat\/cfacornella\/","title":{"rendered":"Inici"},"content":{"rendered":"\n<h3>BENVINGUTS I BENVINGUDES<br>AL NOSTRE CENTRE<\/h3>\n<h4 style=\"text-align: justify;\">El Centre de Formaci\u00f3 d&#8217;Adults de Cornell\u00e0 de Llobregat (CFA Cornell\u00e0) \u00e9s un centre p\u00fablic que dep\u00e8n del Departament d&#8217;Educaci\u00f3 de la Generalitat i compta amb la col\u00b7laboraci\u00f3 i suport de l&#8217;Ajuntament de Cornell\u00e0.<\/h4>\n<p><a style=\"color: #2795b6;\" href=\"https:\/\/agora.xtec.cat\/cfacornella\/wp-content\/uploads\/usu2362\/2023\/03\/Ajuntament-Cornella.png\">&nbsp;<\/a><a href=\"https:\/\/educacio.gencat.cat\/ca\/inici\/\" target=\"_blank\" rel=\"noopener\"><img loading=\"lazy\" decoding=\"async\" class=\"alignleft wp-image-457\" src=\"https:\/\/agora.xtec.cat\/cfacornella\/wp-content\/uploads\/usu2362\/2023\/03\/Generalitat_de_Catalunya_-_Departament_dEducacio.png\" alt=\"\" width=\"205\" height=\"76\" srcset=\"https:\/\/agora.xtec.cat\/cfacornella\/wp-content\/uploads\/usu2362\/2023\/03\/Generalitat_de_Catalunya_-_Departament_dEducacio.png 644w, https:\/\/agora.xtec.cat\/cfacornella\/wp-content\/uploads\/usu2362\/2023\/03\/Generalitat_de_Catalunya_-_Departament_dEducacio-300x111.png 300w\" sizes=\"auto, (max-width: 205px) 100vw, 205px\" \/><\/a><a href=\"https:\/\/www.cornella.cat\/ca\/index.asp?idioma=ca\"><img loading=\"lazy\" decoding=\"async\" class=\"alignnone wp-image-455\" src=\"https:\/\/agora.xtec.cat\/cfacornella\/wp-content\/uploads\/usu2362\/2023\/03\/Ajuntament-Cornella.png\" alt=\"\" width=\"79\" height=\"79\"><\/a><\/p>\n\n\n\n<hr class=\"wp-block-separator has-alpha-channel-opacity\"\/>\n\n\n\n\n\n<div style=\"width: 100%;\">\n<div style=\"position: relative; padding-bottom: 55%; padding-top: 0; height: 0;\"><iframe loading=\"lazy\" style=\"position: absolute; top: 0; left: 0; width: 100%; height: 100%;\" title=\"Oferta Formativa CFA Cornell\u00e0 2023-2024\" src=\"https:\/\/view.genially.com\/5ecba8401704d30d8f94e529\" width=\"2000\" height=\"1100\" frameborder=\"0\" scrolling=\"yes\" allowfullscreen=\"allowfullscreen\"><\/iframe><\/div>\n<\/div>\n\n\n<h1 style=\"text-align: center;\"><span style=\"color: #800080; background-color: #ffcc99;\"><em><strong>INFORMACI\u00d3 PREINSCRIPCI\u00d3 I MATR\u00cdCULA CURS 2025-2026<\/strong><\/em><\/span><\/h1>\n<h2 style=\"text-align: center;\">Clica el seg\u00fcent enlla\u00e7 i trobar\u00e0s informaci\u00f3 del proc\u00e9s de preinscripci\u00f3 i matr\u00edcula curs 2025-2026<\/h2>\n<h2 style=\"text-align: center;\"><span style=\"color: #800000; background-color: #ffcc99;\"><a style=\"color: #800000; background-color: #ffcc99;\" href=\"https:\/\/agora.xtec.cat\/cfacornella\/preinscripcio-i-matricula-curs-2025-26\/\">ENLLA\u00c7<\/a><\/span><\/h2>\n\n\n\n\n\n","protected":false},"excerpt":{"rendered":"<p>BENVINGUTS I BENVINGUDESAL NOSTRE CENTRE<br \/>\nEl Centre de Formaci\u00f3 d&#8217;Adults de Cornell\u00e0 de Llobregat (CFA Cornell\u00e0) \u00e9s un centre p\u00fablic que dep\u00e8n del Departament d&#8217;Educaci\u00f3 de la Generalitat i compta amb la col\u00b7laboraci\u00f3 i suport de l&#8217;Ajuntament de Cornell\u00e0.<br \/>\n<a style=\"color: #2795b6;\" href=\"https:\/\/agora.xtec.cat\/cfacornella\/wp-content\/uploads\/usu2362\/2023\/03\/Ajuntament-Cornella.png\">&nbsp;<\/a><a href=\"https:\/\/educacio.gencat.cat\/ca\/inici\/\" target=\"_blank\" rel=\"noopener\"><\/a><a href=\"https:\/\/www.cornella.cat\/ca\/index.asp?idioma=ca\"><\/a><\/p>\n<p>INFORMACI\u00d3&hellip;  <a href=\"https:\/\/agora.xtec.cat\/cfacornella\/\" title=\"Read Inici\">Llegeix m\u00e9s\u00bb<\/a><\/p>\n","protected":false},"author":1,"featured_media":0,"parent":7,"menu_order":0,"comment_status":"closed","ping_status":"closed","template":"page-templates\/front-page.php","meta":{"_bbp_topic_count":0,"_bbp_reply_count":0,"_bbp_total_topic_count":0,"_bbp_total_reply_count":0,"_bbp_voice_count":0,"_bbp_anonymous_reply_count":0,"_bbp_topic_count_hidden":0,"_bbp_reply_count_hidden":0,"_bbp_forum_subforum_count":0,"footnotes":""},"class_list":["post-9","page","type-page","status-publish","hentry"],"post_mailing_queue_ids":[],"_links":{"self":[{"href":"https:\/\/agora.xtec.cat\/cfacornella\/wp-json\/wp\/v2\/pages\/9","targetHints":{"allow":["GET"]}}],"collection":[{"href":"https:\/\/agora.xtec.cat\/cfacornella\/wp-json\/wp\/v2\/pages"}],"about":[{"href":"https:\/\/agora.xtec.cat\/cfacornella\/wp-json\/wp\/v2\/types\/page"}],"author":[{"embeddable":true,"href":"https:\/\/agora.xtec.cat\/cfacornella\/wp-json\/wp\/v2\/users\/1"}],"replies":[{"embeddable":true,"href":"https:\/\/agora.xtec.cat\/cfacornella\/wp-json\/wp\/v2\/comments?post=9"}],"version-history":[{"count":5,"href":"https:\/\/agora.xtec.cat\/cfacornella\/wp-json\/wp\/v2\/pages\/9\/revisions"}],"predecessor-version":[{"id":2547,"href":"https:\/\/agora.xtec.cat\/cfacornella\/wp-json\/wp\/v2\/pages\/9\/revisions\/2547"}],"up":[{"embeddable":true,"href":"https:\/\/agora.xtec.cat\/cfacornella\/wp-json\/wp\/v2\/pages\/7"}],"wp:attachment":[{"href":"https:\/\/agora.xtec.cat\/cfacornella\/wp-json\/wp\/v2\/media?parent=9"}],"curies":[{"name":"wp","href":"https:\/\/api.w.org\/{rel}","templated":true}]}}