{"id":892,"date":"2023-11-15T18:07:00","date_gmt":"2023-11-15T17:07:00","guid":{"rendered":"https:\/\/agora.xtec.cat\/cfacornella\/?page_id=892"},"modified":"2025-02-03T14:29:00","modified_gmt":"2025-02-03T13:29:00","slug":"inscripcio-i-matricula","status":"publish","type":"page","link":"https:\/\/agora.xtec.cat\/cfacornella\/inscripcio-i-matricula\/","title":{"rendered":"INSCRIPCI\u00d3 I MATR\u00cdCULA:"},"content":{"rendered":"\n<h3 class=\"font_8 wixui-rich-text__text\" style=\"text-align: justify;\"><span class=\"wixui-rich-text__text\">Amb car\u00e0cter general l\u2019edat per accedir als centres de persones adultes \u00e9s de 18 anys. Les persones majors de 16 anys i menors de 18 podran accedir-hi quan &#8220;per&nbsp;<\/span><span class=\"wixui-rich-text__text\">raons laborals o altres circumst\u00e0ncies especials&#8221; no puguin assistir als centres educatius en r\u00e8gim ordinari.<\/span><\/h3>\n<h3 class=\"font_8 wixui-rich-text__text\" style=\"text-align: justify;\"><span class=\"wixui-rich-text__text\">Les dates de preinscripci\u00f3 i matriculaci\u00f3 per a tots els ensenyaments s\u00f3n les indicades pel Departament d&#8217;Ensenyament. La matr\u00edcula \u00e9s gratu\u00efta; els diferents ensenyaments tenen un cost de material, que s\u2019indicar\u00e0 en el moment de la matriculaci\u00f3.<\/span><\/h3>\n<p>&nbsp;<\/p>\n\n\n\n<div class=\"wp-block-columns is-layout-flex wp-container-core-columns-is-layout-1 wp-block-columns-is-layout-flex\">\n<div class=\"wp-block-column is-layout-flow wp-block-column-is-layout-flow\" style=\"flex-basis:25%\"><div class=\"wp-block-image\">\n<figure class=\"alignright size-large\"><a href=\"https:\/\/996fe265-35c3-4802-8b5f-ee41033d9c1f.filesusr.com\/ugd\/08c871_ca2005911eaf4545b81b8a8df9a2dba4.pdf\"><img loading=\"lazy\" decoding=\"async\" width=\"104\" height=\"146\" src=\"https:\/\/agora.xtec.cat\/cfacornella\/wp-content\/uploads\/usu2362\/2023\/11\/LOGO-PDF-17.png\" alt=\"\" class=\"wp-image-894\"\/><\/a><\/figure><\/div><\/div>\n\n\n\n<div class=\"wp-block-column is-layout-flow wp-block-column-is-layout-flow\" style=\"flex-basis:50%\">\n<h2 class=\"font_0 wixui-rich-text__text\"><span class=\"wixui-rich-text__text\">Preinscripci\u00f3 centre d&#8217;adults<\/span><\/h2>\n<\/div>\n<\/div>\n\n\n\n<div class=\"wp-block-columns is-layout-flex wp-container-core-columns-is-layout-2 wp-block-columns-is-layout-flex\">\n<div class=\"wp-block-column is-layout-flow wp-block-column-is-layout-flow\" style=\"flex-basis:25%\"><div class=\"wp-block-image\">\n<figure class=\"alignright size-large\"><a href=\"https:\/\/drive.google.com\/file\/d\/1EWZ9j6zN2XANAIhofTXEnrPaWMrVgFzd\/view?usp=sharing\" target=\"_blank\" rel=\"noopener\"><img loading=\"lazy\" decoding=\"async\" width=\"104\" height=\"146\" src=\"https:\/\/agora.xtec.cat\/cfacornella\/wp-content\/uploads\/usu2362\/2023\/11\/LOGO-PDF-18.png\" alt=\"\" class=\"wp-image-895\"\/><\/a><\/figure><\/div><\/div>\n\n\n\n<div class=\"wp-block-column is-layout-flow wp-block-column-is-layout-flow\" style=\"flex-basis:50%\">\n<h2 class=\"font_0 wixui-rich-text__text\"><span class=\"wixui-rich-text__text\"><b class=\"wixui-rich-text__text\">Carta de comprom\u00eds<\/b><\/span><\/h2>\n<\/div>\n<\/div>\n\n\n\n\n\n<div class=\"wp-block-columns is-layout-flex wp-container-core-columns-is-layout-3 wp-block-columns-is-layout-flex\">\n<div class=\"wp-block-column is-layout-flow wp-block-column-is-layout-flow\" style=\"flex-basis:25%\"><div class=\"wp-block-image\">\n<figure class=\"alignright size-large\"><a href=\"https:\/\/996fe265-35c3-4802-8b5f-ee41033d9c1f.filesusr.com\/ugd\/08c871_0d70cd5204634783945426cef61275cf.pdf\"><img loading=\"lazy\" decoding=\"async\" width=\"104\" height=\"146\" src=\"https:\/\/agora.xtec.cat\/cfacornella\/wp-content\/uploads\/usu2362\/2023\/11\/LOGO-PDF-19.png\" alt=\"\" class=\"wp-image-897\"\/><\/a><\/figure><\/div><\/div>\n\n\n\n<div class=\"wp-block-column is-layout-flow wp-block-column-is-layout-flow\" style=\"flex-basis:50%\">\n<h2 class=\"font_0 wixui-rich-text__text\"><span class=\"wixui-rich-text__text\"><b class=\"wixui-rich-text__text\">\u00das i autoritzaci\u00f3 d&#8217;imatge<\/b><\/span><\/h2>\n<\/div>\n<\/div>\n\n\n\n<h1 class=\"font_5\">Tamb\u00e9 s&#8217;haur\u00e0 de portar la seg\u00fcent documentaci\u00f3:<\/h1>\n<h3 class=\"font_8\">&#8211; Fotoc\u00f2pia del NIF\/NIE\/Passaport<\/h3>\n<h3 class=\"font_8\">&#8211; Fotoc\u00f2pia de la targeta sanit\u00e0ria<\/h3>\n<h3 class=\"font_8\">&#8211; Fotoc\u00f2pia del padr\u00f3<\/h3>\n<h3 class=\"font_8\">&#8211; Fotoc\u00f2pia de les notes obtingudes (en alguns casos)<\/h3>\n","protected":false},"excerpt":{"rendered":"<p>Amb car\u00e0cter general l\u2019edat per accedir als centres de persones adultes \u00e9s de 18 anys. Les persones majors de 16 anys i menors de 18 podran accedir-hi quan &#8220;per&nbsp;raons laborals o altres circumst\u00e0ncies especials&#8221; no puguin assistir als centres educatius en r\u00e8gim ordinari.<br \/>\nLes dates de&hellip;  <a href=\"https:\/\/agora.xtec.cat\/cfacornella\/inscripcio-i-matricula\/\" title=\"Read INSCRIPCI\u00d3 I MATR\u00cdCULA:\">Llegeix m\u00e9s\u00bb<\/a><\/p>\n","protected":false},"author":1,"featured_media":0,"parent":0,"menu_order":0,"comment_status":"closed","ping_status":"close","template":"","meta":{"_bbp_topic_count":0,"_bbp_reply_count":0,"_bbp_total_topic_count":0,"_bbp_total_reply_count":0,"_bbp_voice_count":0,"_bbp_anonymous_reply_count":0,"_bbp_topic_count_hidden":0,"_bbp_reply_count_hidden":0,"_bbp_forum_subforum_count":0,"footnotes":""},"class_list":["post-892","page","type-page","status-publish","hentry"],"post_mailing_queue_ids":[],"_links":{"self":[{"href":"https:\/\/agora.xtec.cat\/cfacornella\/wp-json\/wp\/v2\/pages\/892","targetHints":{"allow":["GET"]}}],"collection":[{"href":"https:\/\/agora.xtec.cat\/cfacornella\/wp-json\/wp\/v2\/pages"}],"about":[{"href":"https:\/\/agora.xtec.cat\/cfacornella\/wp-json\/wp\/v2\/types\/page"}],"author":[{"embeddable":true,"href":"https:\/\/agora.xtec.cat\/cfacornella\/wp-json\/wp\/v2\/users\/1"}],"replies":[{"embeddable":true,"href":"https:\/\/agora.xtec.cat\/cfacornella\/wp-json\/wp\/v2\/comments?post=892"}],"version-history":[{"count":6,"href":"https:\/\/agora.xtec.cat\/cfacornella\/wp-json\/wp\/v2\/pages\/892\/revisions"}],"predecessor-version":[{"id":1318,"href":"https:\/\/agora.xtec.cat\/cfacornella\/wp-json\/wp\/v2\/pages\/892\/revisions\/1318"}],"wp:attachment":[{"href":"https:\/\/agora.xtec.cat\/cfacornella\/wp-json\/wp\/v2\/media?parent=892"}],"curies":[{"name":"wp","href":"https:\/\/api.w.org\/{rel}","templated":true}]}}