{"id":825,"date":"2023-11-15T16:23:38","date_gmt":"2023-11-15T15:23:38","guid":{"rendered":"https:\/\/agora.xtec.cat\/cfacornella\/?page_id=825"},"modified":"2025-05-12T16:49:24","modified_gmt":"2025-05-12T14:49:24","slug":"documents-secretaria","status":"publish","type":"page","link":"https:\/\/agora.xtec.cat\/cfacornella\/documents-secretaria\/","title":{"rendered":"DOCUMENTS SECRETARIA"},"content":{"rendered":"\n<div class=\"wp-block-columns is-layout-flex wp-container-core-columns-is-layout-1 wp-block-columns-is-layout-flex\">\n<div class=\"wp-block-column is-layout-flow wp-block-column-is-layout-flow\" style=\"flex-basis:25%\"><div class=\"wp-block-image\">\n<figure class=\"alignright size-large\"><a href=\"https:\/\/www.gencat.cat\/ensenyament\/eac\/pdf\/APA_CA.pdf\" target=\"_blank\" rel=\"noopener\"><img loading=\"lazy\" decoding=\"async\" width=\"104\" height=\"146\" src=\"https:\/\/agora.xtec.cat\/cfacornella\/wp-content\/uploads\/usu2362\/2023\/11\/LOGO-PDF-4.png\" alt=\"\" class=\"wp-image-838\"\/><\/a><\/figure><\/div><\/div>\n\n\n\n<div class=\"wp-block-column is-layout-flow wp-block-column-is-layout-flow\">\n<h2 style=\"text-align: justify;\">Guia Informativa Centres<\/h2>\n<h2 style=\"text-align: justify;\">de Formaci\u00f3 de Persones Adultes<\/h2>\n<\/div>\n<\/div>\n\n\n\n<div class=\"wp-block-columns is-layout-flex wp-container-core-columns-is-layout-4 wp-block-columns-is-layout-flex\">\n<div class=\"wp-block-column is-layout-flow wp-block-column-is-layout-flow\">\n<div class=\"wp-block-columns is-layout-flex wp-container-core-columns-is-layout-3 wp-block-columns-is-layout-flex\">\n<div class=\"wp-block-column is-layout-flow wp-block-column-is-layout-flow\" style=\"flex-basis:100%\">\n<div class=\"wp-block-columns is-layout-flex wp-container-core-columns-is-layout-2 wp-block-columns-is-layout-flex\">\n<div class=\"wp-block-column is-layout-flow wp-block-column-is-layout-flow\" style=\"flex-basis:25%\"><div class=\"wp-block-image\">\n<figure class=\"alignright size-large is-resized\"><a href=\"https:\/\/triaeducativa.gencat.cat\/ca\/al-llarg-vida\/index.html\" target=\"_blank\" rel=\"noopener\"><img loading=\"lazy\" decoding=\"async\" width=\"225\" height=\"225\" src=\"https:\/\/agora.xtec.cat\/cfacornella\/wp-content\/uploads\/usu2362\/2023\/11\/logo-pagina-web.png\" alt=\"\" class=\"wp-image-909\" style=\"width:104px;height:104px\" srcset=\"https:\/\/agora.xtec.cat\/cfacornella\/wp-content\/uploads\/usu2362\/2023\/11\/logo-pagina-web.png 225w, https:\/\/agora.xtec.cat\/cfacornella\/wp-content\/uploads\/usu2362\/2023\/11\/logo-pagina-web-150x150.png 150w\" sizes=\"auto, (max-width: 225px) 100vw, 225px\" \/><\/a><\/figure><\/div><\/div>\n\n\n\n<div class=\"wp-block-column is-layout-flow wp-block-column-is-layout-flow\" style=\"flex-basis:50%\">\n<h2>Educaci\u00f3 al llarg de la vida. Centres de formaci\u00f3 d\u2019adults.<\/h2>\n<h2>Informaci\u00f3 general<\/h2>\n<\/div>\n<\/div>\n<\/div>\n<\/div>\n<\/div>\n<\/div>\n\n\n\n\n\n<h1>PROVES ACC\u00c9S A CICLES FORMATIUS DE GRAU SUPERIOR<\/h1>\n\n\n\n<div class=\"wp-block-columns is-layout-flex wp-container-core-columns-is-layout-5 wp-block-columns-is-layout-flex\">\n<div class=\"wp-block-column is-layout-flow wp-block-column-is-layout-flow\" style=\"flex-basis:25%\"><div class=\"wp-block-image\">\n<figure class=\"alignright size-large\"><a href=\"https:\/\/996fe265-35c3-4802-8b5f-ee41033d9c1f.filesusr.com\/ugd\/08c871_bf7439d920714ff18de49ba5bed63386.pdf\" target=\"_blank\" rel=\"noopener\"><img loading=\"lazy\" decoding=\"async\" width=\"104\" height=\"146\" src=\"https:\/\/agora.xtec.cat\/cfacornella\/wp-content\/uploads\/usu2362\/2023\/11\/LOGO-PDF-10.png\" alt=\"\" class=\"wp-image-874\"\/><\/a><\/figure><\/div><\/div>\n\n\n\n<div class=\"wp-block-column is-layout-flow wp-block-column-is-layout-flow\" style=\"flex-basis:50%\">\n<h2>Exempci\u00f3 parcial cfgs<\/h2>\n<\/div>\n<\/div>\n\n\n\n\n\n<div class=\"wp-block-columns is-layout-flex wp-container-core-columns-is-layout-6 wp-block-columns-is-layout-flex\">\n<div class=\"wp-block-column is-layout-flow wp-block-column-is-layout-flow\" style=\"flex-basis:25%\"><div class=\"wp-block-image\">\n<figure class=\"alignright size-large\"><a href=\"https:\/\/996fe265-35c3-4802-8b5f-ee41033d9c1f.filesusr.com\/ugd\/08c871_8ed7258580ca4d6c985dcfc49fad57be.pdf\" target=\"_blank\" rel=\"noopener\"><img loading=\"lazy\" decoding=\"async\" width=\"104\" height=\"146\" src=\"https:\/\/agora.xtec.cat\/cfacornella\/wp-content\/uploads\/usu2362\/2023\/11\/LOGO-PDF-11.png\" alt=\"\" class=\"wp-image-875\"\/><\/a><\/figure><\/div><\/div>\n\n\n\n<div class=\"wp-block-column is-layout-flow wp-block-column-is-layout-flow\" style=\"flex-basis:50%\">\n<h2>Exempci\u00f3 total cfgs<\/h2>\n<\/div>\n<\/div>\n\n\n\n\n\n<div class=\"wp-block-columns is-layout-flex wp-container-core-columns-is-layout-7 wp-block-columns-is-layout-flex\">\n<div class=\"wp-block-column is-layout-flow wp-block-column-is-layout-flow\" style=\"flex-basis:25%\"><div class=\"wp-block-image\">\n<figure class=\"alignright size-large\"><a href=\"https:\/\/996fe265-35c3-4802-8b5f-ee41033d9c1f.filesusr.com\/ugd\/08c871_8e2f54f5e5624575b09a27347299893f.pdf\" target=\"_blank\" rel=\"noopener\"><img loading=\"lazy\" decoding=\"async\" width=\"104\" height=\"146\" src=\"https:\/\/agora.xtec.cat\/cfacornella\/wp-content\/uploads\/usu2362\/2023\/11\/LOGO-PDF-13.png\" alt=\"\" class=\"wp-image-878\"\/><\/a><\/figure><\/div><\/div>\n\n\n\n<div class=\"wp-block-column is-layout-flow wp-block-column-is-layout-flow\" style=\"flex-basis:50%\">\n<h2>Relaci\u00f3 de documentaci\u00f3 a presentar a la comissi\u00f3 avaluadora cfgs<\/h2>\n<\/div>\n<\/div>\n\n\n\n\n","protected":false},"excerpt":{"rendered":"<p><a href=\"https:\/\/www.gencat.cat\/ensenyament\/eac\/pdf\/APA_CA.pdf\" target=\"_blank\" rel=\"noopener\"><\/a><\/p>\n<p>Guia Informativa Centres<br \/>\nde Formaci\u00f3 de Persones Adultes<\/p>\n<p><a href=\"https:\/\/triaeducativa.gencat.cat\/ca\/al-llarg-vida\/index.html\" target=\"_blank\" rel=\"noopener\"><\/a><\/p>\n<p>Educaci\u00f3 al llarg de la vida. Centres de formaci\u00f3 d\u2019adults.<br \/>\nInformaci\u00f3 general<\/p>\n<p>PROVES ACC\u00c9S A CICLES FORMATIUS DE GRAU SUPERIOR<\/p>\n<p><a href=\"https:\/\/996fe265-35c3-4802-8b5f-ee41033d9c1f.filesusr.com\/ugd\/08c871_bf7439d920714ff18de49ba5bed63386.pdf\" target=\"_blank\" rel=\"noopener\"><\/a><\/p>\n<p>Exempci\u00f3 parcial cfgs<\/p>\n<p><a href=\"https:\/\/996fe265-35c3-4802-8b5f-ee41033d9c1f.filesusr.com\/ugd\/08c871_8ed7258580ca4d6c985dcfc49fad57be.pdf\" target=\"_blank\" rel=\"noopener\"><\/a><\/p>\n<p>Exempci\u00f3 total cfgs<\/p>\n<p><a href=\"https:\/\/996fe265-35c3-4802-8b5f-ee41033d9c1f.filesusr.com\/ugd\/08c871_8e2f54f5e5624575b09a27347299893f.pdf\" target=\"_blank\" rel=\"noopener\"><\/a><\/p>\n<p>Relaci\u00f3 de documentaci\u00f3&hellip;  <a href=\"https:\/\/agora.xtec.cat\/cfacornella\/documents-secretaria\/\" title=\"Read DOCUMENTS SECRETARIA\">Llegeix m\u00e9s\u00bb<\/a><\/p>\n","protected":false},"author":1,"featured_media":0,"parent":0,"menu_order":0,"comment_status":"closed","ping_status":"closed","template":"","meta":{"_bbp_topic_count":0,"_bbp_reply_count":0,"_bbp_total_topic_count":0,"_bbp_total_reply_count":0,"_bbp_voice_count":0,"_bbp_anonymous_reply_count":0,"_bbp_topic_count_hidden":0,"_bbp_reply_count_hidden":0,"_bbp_forum_subforum_count":0,"footnotes":""},"class_list":["post-825","page","type-page","status-publish","hentry"],"post_mailing_queue_ids":[],"_links":{"self":[{"href":"https:\/\/agora.xtec.cat\/cfacornella\/wp-json\/wp\/v2\/pages\/825","targetHints":{"allow":["GET"]}}],"collection":[{"href":"https:\/\/agora.xtec.cat\/cfacornella\/wp-json\/wp\/v2\/pages"}],"about":[{"href":"https:\/\/agora.xtec.cat\/cfacornella\/wp-json\/wp\/v2\/types\/page"}],"author":[{"embeddable":true,"href":"https:\/\/agora.xtec.cat\/cfacornella\/wp-json\/wp\/v2\/users\/1"}],"replies":[{"embeddable":true,"href":"https:\/\/agora.xtec.cat\/cfacornella\/wp-json\/wp\/v2\/comments?post=825"}],"version-history":[{"count":6,"href":"https:\/\/agora.xtec.cat\/cfacornella\/wp-json\/wp\/v2\/pages\/825\/revisions"}],"predecessor-version":[{"id":1524,"href":"https:\/\/agora.xtec.cat\/cfacornella\/wp-json\/wp\/v2\/pages\/825\/revisions\/1524"}],"wp:attachment":[{"href":"https:\/\/agora.xtec.cat\/cfacornella\/wp-json\/wp\/v2\/media?parent=825"}],"curies":[{"name":"wp","href":"https:\/\/api.w.org\/{rel}","templated":true}]}}